{"id":2261,"date":"2017-11-18T20:20:58","date_gmt":"2017-11-18T20:20:58","guid":{"rendered":"http:\/\/biblian.is\/1981\/sakaria-3-kafli\/"},"modified":"2021-06-06T11:05:46","modified_gmt":"2021-06-06T11:05:46","slug":"sakaria-3-kafli","status":"publish","type":"page","link":"https:\/\/biblian.is\/1981\/sakaria-3-kafli\/","title":{"rendered":"Sakar\u00eda 3. kafli"},"content":{"rendered":"<p><a name=\"1\"><span class=\"versanumer\">1<\/span><\/a>\u00dev\u00ed n\u00e6st l\u00e9t hann mig sj\u00e1 J\u00f3s\u00faa \u00e6\u00f0sta prest, \u00fear sem hann st\u00f3\u00f0 frammi fyrir engli Drottins og Satan honum til h\u00e6gri handar til \u00feess a\u00f0 \u00e1k\u00e6ra hann.<a name=\"2\"><span class=\"versanumer\">2<\/span><\/a>En Drottinn m\u00e6lti til Satans: Drottinn \u00e1v\u00edti \u00feig, Satan! Drottinn, sem \u00fatvali\u00f0 hefir Jer\u00fasalem, \u00e1v\u00edti \u00feig! Er ekki \u00feessi eins og brandur \u00far b\u00e1li dreginn?<a name=\"3\"><span class=\"versanumer\">3<\/span><\/a>J\u00f3s\u00faa var \u00ed \u00f3hreinum kl\u00e6\u00f0um, \u00fear er hann st\u00f3\u00f0 frammi fyrir englinum.<a name=\"4\"><span class=\"versanumer\">4<\/span><\/a>\u00de\u00e1 t\u00f3k engillinn til m\u00e1ls og m\u00e6lti til \u00feeirra, er st\u00f3\u00f0u frammi fyrir honum: F\u00e6ri\u00f0 hann \u00far hinum \u00f3hreinu kl\u00e6\u00f0um! S\u00ed\u00f0an sag\u00f0i hann vi\u00f0 hann: Sj\u00e1, \u00e9g hefi burt numi\u00f0 misgj\u00f6r\u00f0 \u00fe\u00edna fr\u00e1 \u00fe\u00e9r og l\u00e6t n\u00fa f\u00e6ra \u00feig \u00ed skr\u00fa\u00f0kl\u00e6\u00f0i.<a name=\"5\"><span class=\"versanumer\">5<\/span><\/a>Enn fremur sag\u00f0i hann: L\u00e1ti\u00f0 hreinan ennid\u00fak um h\u00f6fu\u00f0 hans! \u00de\u00e1 l\u00e9tu \u00feeir hreinan ennid\u00fak um h\u00f6fu\u00f0 hans og f\u00e6r\u00f0u hann \u00ed kl\u00e6\u00f0in, en engill Drottins st\u00f3\u00f0 hj\u00e1.<a name=\"6\"><span class=\"versanumer\">6<\/span><\/a>Og engill Drottins vitna\u00f0i fyrir J\u00f3s\u00faa og sag\u00f0i:<a name=\"7\"><span class=\"versanumer\">7<\/span><\/a>Svo segir Drottinn allsherjar: Ef \u00fe\u00fa gengur \u00e1 m\u00ednum vegum og var\u00f0veitir bo\u00f0or\u00f0 m\u00edn, \u00fe\u00e1 skalt \u00fe\u00fa og stj\u00f3rna h\u00fasi m\u00ednu og g\u00e6ta forgar\u00f0a minna, og \u00e9g heimila \u00fe\u00e9r a\u00f0 ganga me\u00f0al \u00feessara \u00fej\u00f3na minna.<a name=\"8\"><span class=\"versanumer\">8<\/span><\/a>Heyr, J\u00f3s\u00faa \u00e6\u00f0sti prestur, \u00fe\u00fa og f\u00e9lagar \u00fe\u00ednir, sem sitja frammi fyrir \u00fe\u00e9r, eru fyrirbo\u00f0ar \u00feess, a\u00f0 \u00e9g l\u00e6t \u00fej\u00f3n minn Kvist koma.<a name=\"9\"><span class=\"versanumer\">9<\/span><\/a>\u00dev\u00ed sj\u00e1, steinninn, sem \u00e9g hefi lagt frammi fyrir J\u00f3s\u00faa sj\u00f6 augu \u00e1 einum steini sj\u00e1, \u00e9g gref \u00e1 hann letur hans segir Drottinn allsherjar og tek burt \u00e1 einum degi misgj\u00f6r\u00f0 \u00feessa lands.<a name=\"10\"><span class=\"versanumer\">10<\/span><\/a>\u00c1 \u00feeim degi segir Drottinn allsherjar munu\u00f0 \u00fe\u00e9r bj\u00f3\u00f0a hver \u00f6\u00f0rum inn undir v\u00edntr\u00e9 og f\u00edkjutr\u00e9.<\/p>\n<div class=\"footnote1981\"><b>3.1<\/b> Satan Job 1.6; 1Kro 21.1; Mrk 1.13+<br \/>\n<b>3.2<\/b> Satan \u00e1v\u00edta\u00f0ur J\u00fadt 9 \u2013 \u00far b\u00e1li dreginn Am 4.11<br \/>\n<b>3.4<\/b> Burt numin s\u00f6k Jer 31.34 \u2013 skr\u00fa\u00f0kl\u00e6\u00f0i 2M\u00f3s 29.5; 3M\u00f3s 8.7<br \/>\n<b>3.5<\/b> Ennissp\u00f6ng 2M\u00f3s 29.6; 3M\u00f3s 8.9<br \/>\n<b>3.7<\/b> Ef \u00fe\u00fa gengur &#8230; 1Kon 2.4; 9.4<br \/>\n<b>3.8<\/b> \u00dej\u00f3nn minn Jes 49.5-6; 52.13; Hag 2.23 &#8211; ,,Sproti\u201d Jer 23.5; 33.15; sbr Jes 11.1-2<br \/>\n<b>3.9<\/b> Sj\u00f6 augu Sak 4.10<br \/>\n<b>3.10<\/b> Undir v\u00ednvi\u00f0 og f\u00edkjutr\u00e9 M\u00edk 4.4+<\/div>\n","protected":false},"excerpt":{"rendered":"<p>1\u00dev\u00ed n\u00e6st l\u00e9t hann mig sj\u00e1 J\u00f3s\u00faa \u00e6\u00f0sta prest, \u00fear sem hann st\u00f3\u00f0 frammi fyrir engli Drottins og Satan honum til h\u00e6gri handar til \u00feess a\u00f0 \u00e1k\u00e6ra hann.2En Drottinn m\u00e6lti til Satans: Drottinn \u00e1v\u00edti \u00feig, Satan! Drottinn, sem \u00fatvali\u00f0 hefir Jer\u00fasalem, \u00e1v\u00edti \u00feig! Er ekki \u00feessi eins og brandur \u00far b\u00e1li dreginn?3J\u00f3s\u00faa var \u00ed \u00f3hreinum kl\u00e6\u00f0um, \u00fear er hann st\u00f3\u00f0 frammi fyrir englinum.4\u00de\u00e1 t\u00f3k engillinn til m\u00e1ls og m\u00e6lti til \u00feeirra, er st\u00f3\u00f0u frammi fyrir honum: F\u00e6ri\u00f0 hann \u00far hinum \u00f3hreinu kl\u00e6\u00f0um! S\u00ed\u00f0an sag\u00f0i hann vi\u00f0 hann: Sj\u00e1, \u00e9g hefi burt numi\u00f0 misgj\u00f6r\u00f0 \u00fe\u00edna fr\u00e1 \u00fe\u00e9r og l\u00e6t n\u00fa f\u00e6ra <a href=\"https:\/\/biblian.is\/1981\/sakaria-3-kafli\/\"> [&#8230;]<\/a><\/p>\n","protected":false},"author":1,"featured_media":0,"parent":0,"menu_order":0,"comment_status":"open","ping_status":"open","template":"bibliukaflar.php","meta":{"footnotes":""},"class_list":["post-2261","page","type-page","status-publish","hentry"],"_links":{"self":[{"href":"https:\/\/biblian.is\/1981\/wp-json\/wp\/v2\/pages\/2261","targetHints":{"allow":["GET"]}}],"collection":[{"href":"https:\/\/biblian.is\/1981\/wp-json\/wp\/v2\/pages"}],"about":[{"href":"https:\/\/biblian.is\/1981\/wp-json\/wp\/v2\/types\/page"}],"author":[{"embeddable":true,"href":"https:\/\/biblian.is\/1981\/wp-json\/wp\/v2\/users\/1"}],"replies":[{"embeddable":true,"href":"https:\/\/biblian.is\/1981\/wp-json\/wp\/v2\/comments?post=2261"}],"version-history":[{"count":0,"href":"https:\/\/biblian.is\/1981\/wp-json\/wp\/v2\/pages\/2261\/revisions"}],"wp:attachment":[{"href":"https:\/\/biblian.is\/1981\/wp-json\/wp\/v2\/media?parent=2261"}],"curies":[{"name":"wp","href":"https:\/\/api.w.org\/{rel}","templated":true}]}}