{"id":2260,"date":"2017-11-18T20:20:58","date_gmt":"2017-11-18T20:20:58","guid":{"rendered":"http:\/\/biblian.is\/1981\/sakaria-2-kafli\/"},"modified":"2021-06-06T11:05:45","modified_gmt":"2021-06-06T11:05:45","slug":"sakaria-2-kafli","status":"publish","type":"page","link":"https:\/\/biblian.is\/1981\/sakaria-2-kafli\/","title":{"rendered":"Sakar\u00eda 2. kafli"},"content":{"rendered":"<p><a name=\"1\"><span class=\"versanumer\">1<\/span><\/a>Og \u00e9g h\u00f3f upp augu m\u00edn og s\u00e1, hvar ma\u00f0ur var. Hann h\u00e9lt \u00e1 m\u00e6li\u00fer\u00e6\u00f0i \u00ed hendi s\u00e9r.<a name=\"2\"><span class=\"versanumer\">2<\/span><\/a>\u00de\u00e1 spur\u00f0i \u00e9g: Hvert \u00e6tlar \u00fe\u00fa? Hann svara\u00f0i m\u00e9r: A\u00f0 m\u00e6la Jer\u00fasalem til \u00feess a\u00f0 sj\u00e1, hve l\u00f6ng og hve brei\u00f0 h\u00fan er.<a name=\"3\"><span class=\"versanumer\">3<\/span><\/a>\u00de\u00e1 gekk engillinn, er vi\u00f0 mig tala\u00f0i, allt \u00ed einu fram, og annar engill gekk fram \u00e1 m\u00f3ti honum.<a name=\"4\"><span class=\"versanumer\">4<\/span><\/a>Vi\u00f0 hann sag\u00f0i hann: Hlaup \u00fe\u00fa og tala \u00fe\u00fa svo til \u00feessa unga manns: Jer\u00fasalem skal liggja opin og \u00f3girt s\u00f6kum \u00feess fj\u00f6lda manna og skepna, sem \u00ed henni ver\u00f0a,<a name=\"5\"><span class=\"versanumer\">5<\/span><\/a>og \u00e9g sj\u00e1lfur skal vera eins og eldveggur kringum hana segir Drottinn og \u00e9g skal s\u00fdna mig d\u00fdrlegan \u00ed henni.<a name=\"6\"><span class=\"versanumer\">6<\/span><\/a>Upp, upp, fl\u00fdi\u00f0 \u00far nor\u00f0urlandinu segir Drottinn \u00fev\u00ed a\u00f0 \u00e9g hefi tv\u00edstra\u00f0 y\u00f0ur \u00ed allar \u00e1ttir segir Drottinn.<a name=\"7\"><span class=\"versanumer\">7<\/span><\/a>Upp, for\u00f0i\u00f0 y\u00f0ur til S\u00edonar, \u00fe\u00e9r sem b\u00fai\u00f0 \u00ed Bab\u00fdlon!<a name=\"8\"><span class=\"versanumer\">8<\/span><\/a>Svo segir Drottinn allsherjar, hinn vegsamlegi, sem hefir sent mig til \u00fej\u00f3\u00f0anna sem r\u00e6ndu y\u00f0ur: Hver s\u00e1 er snertir y\u00f0ur, snertir augastein minn.<a name=\"9\"><span class=\"versanumer\">9<\/span><\/a>\u00dev\u00ed sj\u00e1, \u00e9g mun veifa hendi minni yfir \u00feeim, og \u00fe\u00e1 skulu \u00feeir ver\u00f0a \u00fer\u00e6lum s\u00ednum a\u00f0 herfangi, og \u00fe\u00e9r skulu\u00f0 vi\u00f0urkenna, a\u00f0 Drottinn allsherjar hefir sent mig.<a name=\"10\"><span class=\"versanumer\">10<\/span><\/a>Fagna \u00fe\u00fa og gle\u00f0 \u00feig, d\u00f3ttirin S\u00edon! \u00dev\u00ed sj\u00e1, \u00e9g kem og vil b\u00faa mitt \u00ed \u00fe\u00e9r segir Drottinn.<a name=\"11\"><span class=\"versanumer\">11<\/span><\/a>\u00c1 \u00feeim degi munu margar \u00fej\u00f3\u00f0ir ganga Drottni \u00e1 h\u00f6nd og ver\u00f0a hans l\u00fd\u00f0ur og b\u00faa mitt \u00e1 me\u00f0al \u00fe\u00edn, og \u00fe\u00fa munt vi\u00f0urkenna, a\u00f0 Drottinn allsherjar hefir sent mig til \u00fe\u00edn.<a name=\"12\"><span class=\"versanumer\">12<\/span><\/a>\u00de\u00e1 mun Drottinn taka J\u00fada til eignar sem arfleif\u00f0 s\u00edna \u00ed hinu heilaga landi og enn \u00fatvelja Jer\u00fasalem.<a name=\"13\"><span class=\"versanumer\">13<\/span><\/a>Allt hold veri hlj\u00f3tt fyrir Drottni! \u00dev\u00ed a\u00f0 hann er risinn upp fr\u00e1 s\u00ednum heilaga b\u00fasta\u00f0.<\/p>\n<div class=\"footnote1981\"><b>2.1<\/b> Horn Dan 7.7-8; Opb 13.1<br \/>\n<b>2.5<\/b> M\u00e6lisn\u00fara Sak 1.16+<br \/>\n<b>2.6<\/b> M\u00e6la Jer\u00fasalem Opb 21.15<br \/>\n<b>2.10<\/b> Fl\u00fdja \u00far landi Jes 48.20; Opb 18.4<br \/>\n<b>2.11<\/b> R\u00eds upp Jes 52.2<br \/>\n<b>2.12<\/b> Hlutverk Sakar\u00eda Sak 2.13,15; 4.9; 6.15 \u2013 sj\u00e1aldur 5M\u00f3s 32.10<br \/>\n<b>2.14<\/b> Fagna Sak 9.9; Jes 52.9; Sef 3.14<br \/>\n<b>2.17<\/b> \u00de\u00f6gn frammi fyrir Drottni Hab 2.20+ &#8211; Drottinn r\u00eds upp Slm 35.23+<\/div>\n","protected":false},"excerpt":{"rendered":"<p>1Og \u00e9g h\u00f3f upp augu m\u00edn og s\u00e1, hvar ma\u00f0ur var. Hann h\u00e9lt \u00e1 m\u00e6li\u00fer\u00e6\u00f0i \u00ed hendi s\u00e9r.2\u00de\u00e1 spur\u00f0i \u00e9g: Hvert \u00e6tlar \u00fe\u00fa? Hann svara\u00f0i m\u00e9r: A\u00f0 m\u00e6la Jer\u00fasalem til \u00feess a\u00f0 sj\u00e1, hve l\u00f6ng og hve brei\u00f0 h\u00fan er.3\u00de\u00e1 gekk engillinn, er vi\u00f0 mig tala\u00f0i, allt \u00ed einu fram, og annar engill gekk fram \u00e1 m\u00f3ti honum.4Vi\u00f0 hann sag\u00f0i hann: Hlaup \u00fe\u00fa og tala \u00fe\u00fa svo til \u00feessa unga manns: Jer\u00fasalem skal liggja opin og \u00f3girt s\u00f6kum \u00feess fj\u00f6lda manna og skepna, sem \u00ed henni ver\u00f0a,5og \u00e9g sj\u00e1lfur skal vera eins og eldveggur kringum hana segir Drottinn og \u00e9g <a href=\"https:\/\/biblian.is\/1981\/sakaria-2-kafli\/\"> [&#8230;]<\/a><\/p>\n","protected":false},"author":1,"featured_media":0,"parent":0,"menu_order":0,"comment_status":"open","ping_status":"open","template":"bibliukaflar.php","meta":{"footnotes":""},"class_list":["post-2260","page","type-page","status-publish","hentry"],"_links":{"self":[{"href":"https:\/\/biblian.is\/1981\/wp-json\/wp\/v2\/pages\/2260","targetHints":{"allow":["GET"]}}],"collection":[{"href":"https:\/\/biblian.is\/1981\/wp-json\/wp\/v2\/pages"}],"about":[{"href":"https:\/\/biblian.is\/1981\/wp-json\/wp\/v2\/types\/page"}],"author":[{"embeddable":true,"href":"https:\/\/biblian.is\/1981\/wp-json\/wp\/v2\/users\/1"}],"replies":[{"embeddable":true,"href":"https:\/\/biblian.is\/1981\/wp-json\/wp\/v2\/comments?post=2260"}],"version-history":[{"count":0,"href":"https:\/\/biblian.is\/1981\/wp-json\/wp\/v2\/pages\/2260\/revisions"}],"wp:attachment":[{"href":"https:\/\/biblian.is\/1981\/wp-json\/wp\/v2\/media?parent=2260"}],"curies":[{"name":"wp","href":"https:\/\/api.w.org\/{rel}","templated":true}]}}