{"id":2259,"date":"2017-11-18T20:20:58","date_gmt":"2017-11-18T20:20:58","guid":{"rendered":"http:\/\/biblian.is\/1981\/sakaria-1-kafli\/"},"modified":"2021-06-06T11:05:37","modified_gmt":"2021-06-06T11:05:37","slug":"sakaria-1-kafli","status":"publish","type":"page","link":"https:\/\/biblian.is\/1981\/sakaria-1-kafli\/","title":{"rendered":"Sakar\u00eda 1. kafli"},"content":{"rendered":"<p><a name=\"1\"><span class=\"versanumer\">1<\/span><\/a>\u00c1 \u00e1ttunda m\u00e1nu\u00f0i annars r\u00edkis\u00e1rs Dar\u00edusar kom or\u00f0 Drottins til Sakar\u00eda sp\u00e1manns Berek\u00edasonar, Idd\u00f3sonar, svo hlj\u00f3\u00f0andi:<a name=\"2\"><span class=\"versanumer\">2<\/span><\/a>Drottinn var st\u00f3rrei\u00f0ur fe\u00f0rum y\u00f0ar.<a name=\"3\"><span class=\"versanumer\">3<\/span><\/a>Seg \u00fev\u00ed vi\u00f0 \u00fe\u00e1: Svo segir Drottinn allsherjar: Sn\u00fai\u00f0 y\u00f0ur til m\u00edn segir Drottinn allsherjar \u00fe\u00e1 mun \u00e9g sn\u00faa m\u00e9r til y\u00f0ar segir Drottinn allsherjar.<a name=\"4\"><span class=\"versanumer\">4<\/span><\/a>Veri\u00f0 ekki eins og fe\u00f0ur y\u00f0ar, sem hinir fyrri sp\u00e1menn \u00e1minntu me\u00f0 svofelldum or\u00f0um: Svo segir Drottinn allsherjar: Sn\u00fai\u00f0 y\u00f0ur fr\u00e1 y\u00f0ar vondu breytni og fr\u00e1 y\u00f0ar vondu verkum! En \u00feeir hl\u00fdddu ekki og g\u00e1fu engan gaum a\u00f0 m\u00e9r segir Drottinn.<a name=\"5\"><span class=\"versanumer\">5<\/span><\/a>Fe\u00f0ur y\u00f0ar hvar eru \u00feeir? Og sp\u00e1mennirnir geta \u00feeir lifa\u00f0 eil\u00edflega?<a name=\"6\"><span class=\"versanumer\">6<\/span><\/a>En or\u00f0 m\u00edn og \u00e1lyktanir, \u00feau er \u00e9g bau\u00f0 \u00fej\u00f3num m\u00ednum, sp\u00e1m\u00f6nnunum, a\u00f0 kunngj\u00f6ra, hafa \u00feau ekki n\u00e1\u00f0 fe\u00f0rum y\u00f0ar, svo a\u00f0 \u00feeir sneru vi\u00f0 og s\u00f6g\u00f0u: Eins og Drottinn allsherjar haf\u00f0i \u00e1sett s\u00e9r a\u00f0 gj\u00f6ra vi\u00f0 oss eftir breytni vorri og verkum vorum, svo hefir hann vi\u00f0 oss gj\u00f6rt?<a name=\"7\"><span class=\"versanumer\">7<\/span><\/a>\u00c1 tuttugasta og fj\u00f3r\u00f0a degi hins ellefta m\u00e1na\u00f0ar, \u00fea\u00f0 er m\u00e1na\u00f0arins sebat, \u00e1 \u00f6\u00f0ru r\u00edkis\u00e1ri Dar\u00edusar, kom or\u00f0 Drottins til Sakar\u00eda sp\u00e1manns Berek\u00edasonar, Idd\u00f3sonar, svo hlj\u00f3\u00f0andi:<a name=\"8\"><span class=\"versanumer\">8<\/span><\/a>\u00c9g s\u00e1 s\u00fdn \u00e1 n\u00e1ttar\u00feeli: mann r\u00ed\u00f0andi \u00e1 rau\u00f0um hesti, og haf\u00f0i hann sta\u00f0n\u00e6mst me\u00f0al m\u00fdrtustrj\u00e1nna, sem eru \u00ed dalverpinu. A\u00f0 baki honum voru rau\u00f0ir, jarpir og hv\u00edtir hestar.<a name=\"9\"><span class=\"versanumer\">9<\/span><\/a>Og er \u00e9g spur\u00f0i: Hverjir eru \u00feessir, herra minn? svara\u00f0i engillinn m\u00e9r, s\u00e1 er vi\u00f0 mig tala\u00f0i: \u00c9g skal s\u00fdna \u00fe\u00e9r, hverjir \u00feeir eru.<a name=\"10\"><span class=\"versanumer\">10<\/span><\/a>\u00de\u00e1 t\u00f3k ma\u00f0urinn, sem sta\u00f0n\u00e6mst haf\u00f0i me\u00f0al m\u00fdrtustrj\u00e1nna, til m\u00e1ls og sag\u00f0i: \u00deessir eru \u00feeir, sem Drottinn hefir sent til \u00feess a\u00f0 fara um j\u00f6r\u00f0ina.<a name=\"11\"><span class=\"versanumer\">11<\/span><\/a>\u00de\u00e1 sv\u00f6ru\u00f0u \u00feeir engli Drottins, er sta\u00f0n\u00e6mst haf\u00f0i me\u00f0al m\u00fdrtustrj\u00e1nna, og s\u00f6g\u00f0u: V\u00e9r h\u00f6fum fari\u00f0 um j\u00f6r\u00f0ina, og sj\u00e1, \u00f6ll j\u00f6r\u00f0in er \u00ed r\u00f3 og kyrr\u00f0.<a name=\"12\"><span class=\"versanumer\">12<\/span><\/a>\u00de\u00e1 svara\u00f0i engill Drottins og sag\u00f0i: Drottinn allsherjar, hversu lengi \u00e1 \u00fev\u00ed fram a\u00f0 fara, a\u00f0 \u00fe\u00fa miskunnir \u00feig ekki yfir Jer\u00fasalem og J\u00fadaborgir, er \u00fe\u00fa hefir n\u00fa rei\u00f0ur veri\u00f0 \u00ed sj\u00f6t\u00edu \u00e1r?<a name=\"13\"><span class=\"versanumer\">13<\/span><\/a>\u00de\u00e1 svara\u00f0i Drottinn englinum, er vi\u00f0 mig tala\u00f0i, bl\u00ed\u00f0um or\u00f0um og huggunarr\u00edkum,<a name=\"14\"><span class=\"versanumer\">14<\/span><\/a>og engillinn sem vi\u00f0 mig tala\u00f0i, sag\u00f0i vi\u00f0 mig: Kunngj\u00f6r og seg: Svo segir Drottinn allsherjar: \u00c9g brenn af mikilli vandl\u00e6ting vegna Jer\u00fasalem og S\u00edonar<a name=\"15\"><span class=\"versanumer\">15<\/span><\/a>og \u00e9g er st\u00f3rrei\u00f0ur hinum andvaralausu hei\u00f0ingjum, sem juku \u00e1 b\u00f6li\u00f0, \u00fe\u00e1 er \u00e9g var l\u00edti\u00f0 eitt rei\u00f0ur.<a name=\"16\"><span class=\"versanumer\">16<\/span><\/a>Fyrir \u00fev\u00ed segir Drottinn svo: \u00c9g sn\u00fd m\u00e9r aftur a\u00f0 Jer\u00fasalem me\u00f0 miskunnsemi. H\u00fas mitt skal ver\u00f0a endurreist \u00ed henni segir Drottinn allsherjar og m\u00e6liva\u00f0ur skal \u00feaninn ver\u00f0a yfir Jer\u00fasalem.<a name=\"17\"><span class=\"versanumer\">17<\/span><\/a>Kunngj\u00f6r enn fremur og seg: Svo segir Drottinn allsherjar: Enn skulu borgir m\u00ednar flj\u00f3ta \u00ed g\u00e6\u00f0um, og enn mun Drottinn hugga S\u00edon og enn \u00fatvelja Jer\u00fasalem.<a name=\"18\"><span class=\"versanumer\">18<\/span><\/a>Og \u00e9g h\u00f3f upp augu m\u00edn og s\u00e1, hvar fj\u00f6gur horn voru.<a name=\"19\"><span class=\"versanumer\">19<\/span><\/a>\u00de\u00e1 spur\u00f0i \u00e9g engilinn, sem vi\u00f0 mig tala\u00f0i: Hva\u00f0 merkja \u00feessi? Hann svara\u00f0i m\u00e9r: \u00deetta eru hornin, sem tv\u00edstra\u00f0 hafa J\u00fada, \u00cdsrael og Jer\u00fasalem.<a name=\"20\"><span class=\"versanumer\">20<\/span><\/a>\u00dev\u00ed n\u00e6st l\u00e9t Drottinn mig sj\u00e1 fj\u00f3ra smi\u00f0i,<a name=\"21\"><span class=\"versanumer\">21<\/span><\/a>og er \u00e9g spur\u00f0i: Hva\u00f0 \u00e6tla \u00feessir a\u00f0 gj\u00f6ra? svara\u00f0i hann \u00e1 \u00feessa lei\u00f0: \u00deetta eru hornin, sem tv\u00edstru\u00f0u J\u00fada svo, a\u00f0 enginn bar h\u00f6fu\u00f0 h\u00e1tt, en \u00feessir eru komnir til \u00feess a\u00f0 skelfa \u00feau, til \u00feess a\u00f0 varpa ni\u00f0ur hornum \u00feeirra \u00fej\u00f3\u00f0a, er h\u00f3fu horn gegn J\u00fadalandi til \u00feess a\u00f0 tv\u00edstra \u00fev\u00ed.<\/p>\n<div class=\"footnote1981\"><b>1.1<\/b> Dar\u00edus Hag 1.1+ &#8211; Sakar\u00eda Sak 1.7; Esr 5.1; 6.14; Neh 12.16<br \/>\n<b>1.3<\/b> Sn\u00fai\u00f0 y\u00f0ur 5M\u00f3s 30.2; Jer 3.22; Jl 2.13; Am 4.6; Mal 3.7; Jak 4.8<br \/>\n<b>1.4<\/b> Or\u00f0 fyrri sp\u00e1manna Jer 25.4 \u2013 skeyttu ekki Jer 7.28; 11.10; 13.10; Sef 3.2<br \/>\n<b>1.6<\/b> Or\u00f0 Gu\u00f0s er m\u00e1ttugt J\u00f3s 23.15; Jes 55.11 \u2013 s\u00f6g\u00f0u (j\u00e1tu\u00f0u) 1Kon 8.46-51; Dan 9.10; Neh 9.34<br \/>\n<b>1.7<\/b> Dar\u00edus Hag 1.1+<br \/>\n<b>1.8<\/b> S\u00fdn Am 7.1,7; Dan 7.1; Opb 1.2 \u2013 myrtutr\u00e9 Jes 41.19; 55.13; sbr Neh 8.15 \u2013 hestar Sak 6.1-8; 2Kon 2.11; Opb 6.1-8<br \/>\n<b>1.9<\/b> Engill \u00fatsk\u00fdrir Dan 7.16; Opb 17.7<br \/>\n<b>1.12<\/b> Hve lengi? Jer 12.4; Slm 6.4+ ; Dan 8.13; Opb 6.10 \u2013 sj\u00f6t\u00edu \u00e1r Jer 25.11; 29.10, sbr 2Kro 36.21<br \/>\n<b>1.14<\/b> Afbr\u00fd\u00f0i Gu\u00f0s Sak 8.2; sbr Jes 42.13+ ; 54.7; H\u00f3s 11.8; Jl 2.18<br \/>\n<b>1.15<\/b> Gu\u00f0 rei\u00f0ist \u00fej\u00f3\u00f0 sinni Jes 47.6; 54.8<br \/>\n<b>1.16<\/b> M\u00e6lisn\u00fara Sak 2.5; Jer 31.38-40; Esk 40.3<br \/>\n<b>1.17<\/b> Hughreysta Jes 40.1; 49.13 \u2013 Gu\u00f0 \u00fatvelur 5M\u00f3s 7.7-8; 1Kon 3.8; Hag 2.23; 1Kro 15.2<\/div>\n","protected":false},"excerpt":{"rendered":"<p>1\u00c1 \u00e1ttunda m\u00e1nu\u00f0i annars r\u00edkis\u00e1rs Dar\u00edusar kom or\u00f0 Drottins til Sakar\u00eda sp\u00e1manns Berek\u00edasonar, Idd\u00f3sonar, svo hlj\u00f3\u00f0andi:2Drottinn var st\u00f3rrei\u00f0ur fe\u00f0rum y\u00f0ar.3Seg \u00fev\u00ed vi\u00f0 \u00fe\u00e1: Svo segir Drottinn allsherjar: Sn\u00fai\u00f0 y\u00f0ur til m\u00edn segir Drottinn allsherjar \u00fe\u00e1 mun \u00e9g sn\u00faa m\u00e9r til y\u00f0ar segir Drottinn allsherjar.4Veri\u00f0 ekki eins og fe\u00f0ur y\u00f0ar, sem hinir fyrri sp\u00e1menn \u00e1minntu me\u00f0 svofelldum or\u00f0um: Svo segir Drottinn allsherjar: Sn\u00fai\u00f0 y\u00f0ur fr\u00e1 y\u00f0ar vondu breytni og fr\u00e1 y\u00f0ar vondu verkum! En \u00feeir hl\u00fdddu ekki og g\u00e1fu engan gaum a\u00f0 m\u00e9r segir Drottinn.5Fe\u00f0ur y\u00f0ar hvar eru \u00feeir? Og sp\u00e1mennirnir geta \u00feeir lifa\u00f0 eil\u00edflega?6En or\u00f0 m\u00edn og \u00e1lyktanir, \u00feau er <a href=\"https:\/\/biblian.is\/1981\/sakaria-1-kafli\/\"> [&#8230;]<\/a><\/p>\n","protected":false},"author":1,"featured_media":0,"parent":0,"menu_order":0,"comment_status":"open","ping_status":"open","template":"bibliukaflar.php","meta":{"footnotes":""},"class_list":["post-2259","page","type-page","status-publish","hentry"],"_links":{"self":[{"href":"https:\/\/biblian.is\/1981\/wp-json\/wp\/v2\/pages\/2259","targetHints":{"allow":["GET"]}}],"collection":[{"href":"https:\/\/biblian.is\/1981\/wp-json\/wp\/v2\/pages"}],"about":[{"href":"https:\/\/biblian.is\/1981\/wp-json\/wp\/v2\/types\/page"}],"author":[{"embeddable":true,"href":"https:\/\/biblian.is\/1981\/wp-json\/wp\/v2\/users\/1"}],"replies":[{"embeddable":true,"href":"https:\/\/biblian.is\/1981\/wp-json\/wp\/v2\/comments?post=2259"}],"version-history":[{"count":0,"href":"https:\/\/biblian.is\/1981\/wp-json\/wp\/v2\/pages\/2259\/revisions"}],"wp:attachment":[{"href":"https:\/\/biblian.is\/1981\/wp-json\/wp\/v2\/media?parent=2259"}],"curies":[{"name":"wp","href":"https:\/\/api.w.org\/{rel}","templated":true}]}}