{"id":2258,"date":"2017-11-18T20:20:58","date_gmt":"2017-11-18T20:20:58","guid":{"rendered":"http:\/\/biblian.is\/1981\/haggai-2-kafli\/"},"modified":"2017-11-18T20:20:58","modified_gmt":"2017-11-18T20:20:58","slug":"haggai-2-kafli","status":"publish","type":"page","link":"https:\/\/biblian.is\/1981\/haggai-2-kafli\/","title":{"rendered":"Hagga\u00ed 2. kafli"},"content":{"rendered":"<p><a name=\"1\"><span class=\"versanumer\">1<\/span><\/a>\u00c1 tuttugasta og fyrsta degi hins sj\u00f6unda m\u00e1na\u00f0ar tala\u00f0i Drottinn fyrir munn Hagga\u00ed sp\u00e1manns \u00e1 \u00feessa lei\u00f0:<a name=\"2\"><span class=\"versanumer\">2<\/span><\/a>M\u00e6l \u00fe\u00fa til Ser\u00fababels Sealt\u00edelssonar, landstj\u00f3ra \u00ed J\u00fada, og til J\u00f3s\u00faa J\u00f3sadakssonar \u00e6\u00f0sta prests og til \u00feeirra sem eftir eru af l\u00fd\u00f0num, \u00e1 \u00feessa lei\u00f0:<a name=\"3\"><span class=\"versanumer\">3<\/span><\/a>Hver er s\u00e1 af y\u00f0ur eftir or\u00f0inn, er s\u00e9\u00f0 hefir \u00feetta h\u00fas \u00ed sinni fyrri vegsemd, og hversu vir\u00f0ist y\u00f0ur \u00fea\u00f0 n\u00fa? Er \u00fea\u00f0 ekki einskisvert \u00ed y\u00f0ar augum?<a name=\"4\"><span class=\"versanumer\">4<\/span><\/a>En ver samt hughraustur, Ser\u00fababel segir Drottinn og ver hughraustur, J\u00f3s\u00faa J\u00f3sadaksson \u00e6\u00f0sti prestur, og ver hughraustur, allur landsl\u00fd\u00f0ur segir Drottinn og haldi\u00f0 \u00e1fram verkinu, \u00fev\u00ed a\u00f0 \u00e9g er me\u00f0 y\u00f0ur segir Drottinn allsherjar<a name=\"5\"><span class=\"versanumer\">5<\/span><\/a>samkv\u00e6mt heiti \u00fev\u00ed, er \u00e9g gj\u00f6r\u00f0i vi\u00f0 y\u00f0ur, \u00fe\u00e1 er \u00fe\u00e9r f\u00f3ru\u00f0 af Egyptalandi, og andi minn dvelur me\u00f0al y\u00f0ar. \u00d3ttist ekki.<a name=\"6\"><span class=\"versanumer\">6<\/span><\/a>\u00dev\u00ed a\u00f0 svo segir Drottinn allsherjar: Eftir skamma hr\u00ed\u00f0 mun \u00e9g hr\u00e6ra himin og j\u00f6r\u00f0, haf og \u00feurrlendi.<a name=\"7\"><span class=\"versanumer\">7<\/span><\/a>\u00c9g mun hr\u00e6ra allar \u00fej\u00f3\u00f0ir, svo a\u00f0 gersemar allra \u00fej\u00f3\u00f0a skulu hinga\u00f0 koma, og \u00e9g mun fylla h\u00fas \u00feetta d\u00fdr\u00f0 segir Drottinn allsherjar.<a name=\"8\"><span class=\"versanumer\">8<\/span><\/a>Mitt er silfri\u00f0, mitt er gulli\u00f0 segir Drottinn allsherjar.<a name=\"9\"><span class=\"versanumer\">9<\/span><\/a>Hin s\u00ed\u00f0ari d\u00fdr\u00f0 \u00feessa musteris mun meiri ver\u00f0a en hin fyrri var segir Drottinn allsherjar og \u00e9g mun veita heill \u00e1 \u00feessum sta\u00f0 segir Drottinn allsherjar.<a name=\"10\"><span class=\"versanumer\">10<\/span><\/a>\u00c1 tuttugasta og fj\u00f3r\u00f0a degi hins n\u00edunda m\u00e1na\u00f0ar, \u00e1 \u00f6\u00f0ru r\u00edkis\u00e1ri Dar\u00edusar, tala\u00f0i Drottinn fyrir munn Hagga\u00ed sp\u00e1manns \u00e1 \u00feessa lei\u00f0:<a name=\"11\"><span class=\"versanumer\">11<\/span><\/a>Svo segir Drottinn allsherjar: Leita\u00f0u fr\u00e6\u00f0slu prestanna um \u00feetta:<a name=\"12\"><span class=\"versanumer\">12<\/span><\/a>Setjum, a\u00f0 ma\u00f0ur beri heilagt kj\u00f6t \u00ed kyrtilskauti s\u00ednu og snerti s\u00ed\u00f0an brau\u00f0, einhvern r\u00e9tt matar, v\u00edn, ol\u00edu e\u00f0a eitthva\u00f0 anna\u00f0 matarkyns me\u00f0 kyrtilskauti s\u00ednu, ver\u00f0ur \u00fea\u00f0 \u00fe\u00e1 heilagt af \u00fev\u00ed? Prestarnir sv\u00f6ru\u00f0u og s\u00f6g\u00f0u: Nei!<a name=\"13\"><span class=\"versanumer\">13<\/span><\/a>\u00de\u00e1 spur\u00f0i Hagga\u00ed: Ef ma\u00f0ur, sem or\u00f0inn er \u00f3hreinn, af \u00fev\u00ed a\u00f0 hann hefir snorti\u00f0 l\u00edk, kemur vi\u00f0 eitthva\u00f0 af \u00feessu, ver\u00f0ur \u00fea\u00f0 \u00fe\u00e1 \u00f3hreint? Prestarnir sv\u00f6ru\u00f0u og s\u00f6g\u00f0u: J\u00e1, \u00fea\u00f0 ver\u00f0ur \u00f3hreint.<a name=\"14\"><span class=\"versanumer\">14<\/span><\/a>\u00de\u00e1 t\u00f3k Hagga\u00ed til m\u00e1ls og sag\u00f0i: Eins er um \u00feennan l\u00fd\u00f0 og \u00feessa \u00fej\u00f3\u00f0 \u00ed m\u00ednum augum segir Drottinn svo og um allt verk er \u00feeir vinna, og \u00fea\u00f0 sem \u00feeir f\u00e6ra m\u00e9r \u00fear a\u00f0 f\u00f3rn, \u00fea\u00f0 er \u00f3hreint.<a name=\"15\"><span class=\"versanumer\">15<\/span><\/a>Og renni\u00f0 n\u00fa huganum fr\u00e1 \u00feessum degi aftur \u00ed t\u00edmann, \u00e1\u00f0ur en steinn var lag\u00f0ur \u00e1 stein ofan \u00ed musteri Drottins.<a name=\"16\"><span class=\"versanumer\">16<\/span><\/a>Hvernig lei\u00f0 y\u00f0ur \u00fe\u00e1? K\u00e6mi ma\u00f0ur a\u00f0 kornbing, sem gj\u00f6ra skyldi tuttugu skeppur, \u00fe\u00e1 ur\u00f0u \u00fe\u00e6r t\u00edu. K\u00e6mi ma\u00f0ur a\u00f0 v\u00edn\u00fer\u00f6ng og \u00e6tla\u00f0i a\u00f0 ausa fimmt\u00edu k\u00f6nnur \u00far \u00fer\u00f3nni, \u00fe\u00e1 ur\u00f0u \u00fear ekki nema tuttugu.<a name=\"17\"><span class=\"versanumer\">17<\/span><\/a>\u00c9g hefi refsa\u00f0 y\u00f0ur me\u00f0 korndrepi og gulnan og hagli yfir \u00f6ll handaverk y\u00f0ar, og \u00fe\u00f3 sn\u00fai\u00f0 \u00fe\u00e9r y\u00f0ur ekki til m\u00edn! segir Drottinn.<a name=\"18\"><span class=\"versanumer\">18<\/span><\/a>Renni\u00f0 n\u00fa huganum fr\u00e1 \u00feessum degi lengra aftur \u00ed t\u00edmann, fr\u00e1 hinum tuttugasta og fj\u00f3r\u00f0a degi hins n\u00edunda m\u00e1na\u00f0ar, fr\u00e1 \u00feeim degi er lag\u00f0ur var grundv\u00f6llur a\u00f0 musteri Drottins. Renni\u00f0 huganum yfir,<a name=\"19\"><span class=\"versanumer\">19<\/span><\/a>hvort enn s\u00e9 korn \u00ed for\u00f0ab\u00farinu og hvort v\u00edntr\u00e9n og f\u00edkjutr\u00e9n og granateplatr\u00e9n og ol\u00edutr\u00e9n beri ekki enn \u00e1v\u00f6xt. Fr\u00e1 \u00feessum degi vil \u00e9g blessun gefa!<a name=\"20\"><span class=\"versanumer\">20<\/span><\/a>Or\u00f0 Drottins kom til Hagga\u00ed anna\u00f0 sinn hinn tuttugasta og fj\u00f3r\u00f0a sama m\u00e1na\u00f0ar, svo hlj\u00f3\u00f0andi:<a name=\"21\"><span class=\"versanumer\">21<\/span><\/a>M\u00e6l til Ser\u00fababels, landstj\u00f3ra \u00ed J\u00fada \u00e1 \u00feessa lei\u00f0: \u00c9g mun hr\u00e6ra himin og j\u00f6r\u00f0.<a name=\"22\"><span class=\"versanumer\">22<\/span><\/a>\u00c9g kollvarpa veldisst\u00f3lum konungsr\u00edkjanna og ey\u00f0ilegg vald hinna hei\u00f0nu konungsr\u00edkja. \u00c9g kollvarpa v\u00f6gnum og \u00feeim, sem \u00ed \u00feeim aka, og hestarnir skulu hn\u00edga dau\u00f0ir og \u00feeir, sem \u00e1 \u00feeim sitja, hver fyrir annars sver\u00f0i.<a name=\"23\"><span class=\"versanumer\">23<\/span><\/a>\u00c1 \u00feeim degi segir Drottinn allsherjar tek \u00e9g \u00feig, Ser\u00fababel Sealt\u00edelsson, \u00fej\u00f3nn minn, og fer me\u00f0 \u00feig eins og innsiglishring, \u00fev\u00ed a\u00f0 \u00feig hefi \u00e9g \u00fatvali\u00f0 segir Drottinn allsherjar.<\/p>\n<div class=\"footnote1981\"><b>2.2<\/b> \u00de\u00e1 sem eftir eru af \u00fej\u00f3\u00f0inni Hag 1.12+<br \/>\n<b>2.3<\/b> Fyrri vegsemd Esr 3.10-13<br \/>\n<b>2.4<\/b> Me\u00f0 y\u00f0ur Hag 1.13<br \/>\n<b>2.5<\/b> Me\u00f0al y\u00f0ar sbr 2M\u00f3s 13.21-22; 14.19<br \/>\n<b>2.6<\/b> Sbr Heb 12.26-27 \u2013 eftir skamma hr\u00ed\u00f0 J\u00f3h 13.33; 14.19; 16.16 \u2013 hr\u00e6ra himin og j\u00f6r\u00f0 Jes 13.13; Hab 3.6; Slm 18.8<br \/>\n<b>2.7<\/b> Fj\u00e1rsj\u00f3\u00f0i Jes 60.5-11; 66.12; Opb 21.24-26<br \/>\n<b>2.9<\/b> Heill Jes 11.6-9; Jer 33.6-9; Sak 8.4-5,12<br \/>\n<b>2.11<\/b> Leita \u00farskur\u00f0ar prestanna 3M\u00f3s 27.8,11-12,14; Jer 2.8; Esk 7.26; Sak 7.1-3; Mal 2.7<br \/>\n<b>2.13<\/b> Snerta l\u00edk 3M\u00f3s 22.4<br \/>\n<b>2.16<\/b> L\u00edtill \u00e1ragnur Hag 1.6+<br \/>\n<b>2.17<\/b> Sneru\u00f0 y\u00f0ur ekki Am 4.6+ &#8211; korndrj\u00f3li, drep Am 4.9+<br \/>\n<b>2.19<\/b> Blessun 1M\u00f3s 39.5; 49.25; 5M\u00f3s 12.7; 15.14; Jes 65.8; Mal 3.10; Slm 84.7; Job 1.10; 42.12<br \/>\n<b>2.21<\/b> Hr\u00e6ra himin og j\u00f6r\u00f0 Hag 2.6+<br \/>\n<b>2.22<\/b> Br\u00e6\u00f0rav\u00edg D\u00f3m 7.22, Esk 38.21; Sak 14.13<br \/>\n<b>2.23<\/b> Innsiglishringur Jer 22.24; (sj\u00e1 1M\u00f3s 38.18; Llj 8.6) \u2013 \u00feig hef \u00e9g vali\u00f0 5M\u00f3s 7.6; Jes 43.10; 44.1-2; 45.4; Slm 78.68,70; 135.4; Matt 3.17 og hlst.<\/div>\n","protected":false},"excerpt":{"rendered":"<p>1\u00c1 tuttugasta og fyrsta degi hins sj\u00f6unda m\u00e1na\u00f0ar tala\u00f0i Drottinn fyrir munn Hagga\u00ed sp\u00e1manns \u00e1 \u00feessa lei\u00f0:2M\u00e6l \u00fe\u00fa til Ser\u00fababels Sealt\u00edelssonar, landstj\u00f3ra \u00ed J\u00fada, og til J\u00f3s\u00faa J\u00f3sadakssonar \u00e6\u00f0sta prests og til \u00feeirra sem eftir eru af l\u00fd\u00f0num, \u00e1 \u00feessa lei\u00f0:3Hver er s\u00e1 af y\u00f0ur eftir or\u00f0inn, er s\u00e9\u00f0 hefir \u00feetta h\u00fas \u00ed sinni fyrri vegsemd, og hversu vir\u00f0ist y\u00f0ur \u00fea\u00f0 n\u00fa? Er \u00fea\u00f0 ekki einskisvert \u00ed y\u00f0ar augum?4En ver samt hughraustur, Ser\u00fababel segir Drottinn og ver hughraustur, J\u00f3s\u00faa J\u00f3sadaksson \u00e6\u00f0sti prestur, og ver hughraustur, allur landsl\u00fd\u00f0ur segir Drottinn og haldi\u00f0 \u00e1fram verkinu, \u00fev\u00ed a\u00f0 \u00e9g er me\u00f0 y\u00f0ur segir <a href=\"https:\/\/biblian.is\/1981\/haggai-2-kafli\/\"> [&#8230;]<\/a><\/p>\n","protected":false},"author":1,"featured_media":0,"parent":0,"menu_order":0,"comment_status":"open","ping_status":"open","template":"bibliukaflar.php","meta":{"footnotes":""},"class_list":["post-2258","page","type-page","status-publish","hentry"],"_links":{"self":[{"href":"https:\/\/biblian.is\/1981\/wp-json\/wp\/v2\/pages\/2258","targetHints":{"allow":["GET"]}}],"collection":[{"href":"https:\/\/biblian.is\/1981\/wp-json\/wp\/v2\/pages"}],"about":[{"href":"https:\/\/biblian.is\/1981\/wp-json\/wp\/v2\/types\/page"}],"author":[{"embeddable":true,"href":"https:\/\/biblian.is\/1981\/wp-json\/wp\/v2\/users\/1"}],"replies":[{"embeddable":true,"href":"https:\/\/biblian.is\/1981\/wp-json\/wp\/v2\/comments?post=2258"}],"version-history":[{"count":0,"href":"https:\/\/biblian.is\/1981\/wp-json\/wp\/v2\/pages\/2258\/revisions"}],"wp:attachment":[{"href":"https:\/\/biblian.is\/1981\/wp-json\/wp\/v2\/media?parent=2258"}],"curies":[{"name":"wp","href":"https:\/\/api.w.org\/{rel}","templated":true}]}}