{"id":2257,"date":"2017-11-18T20:20:58","date_gmt":"2017-11-18T20:20:58","guid":{"rendered":"http:\/\/biblian.is\/1981\/haggai-1-kafli\/"},"modified":"2017-11-18T20:20:58","modified_gmt":"2017-11-18T20:20:58","slug":"haggai-1-kafli","status":"publish","type":"page","link":"https:\/\/biblian.is\/1981\/haggai-1-kafli\/","title":{"rendered":"Hagga\u00ed 1. kafli"},"content":{"rendered":"<p><a name=\"1\"><span class=\"versanumer\">1<\/span><\/a>\u00c1 \u00f6\u00f0ru r\u00edkis\u00e1ri Dar\u00edusar konungs, hinn fyrsta dag hins sj\u00f6tta m\u00e1na\u00f0ar, kom or\u00f0 Drottins fyrir munn Hagga\u00ed sp\u00e1manns til Ser\u00fababels Sealt\u00edelssonar, landstj\u00f3ra \u00ed J\u00fada, og til J\u00f3s\u00faa J\u00f3sadakssonar \u00e6\u00f0sta prests, svo hlj\u00f3\u00f0andi:<a name=\"2\"><span class=\"versanumer\">2<\/span><\/a>Svo segir Drottinn allsherjar: \u00deessi l\u00fd\u00f0ur segir: Enn er ekki t\u00edmi kominn til a\u00f0 endurreisa h\u00fas Drottins.<a name=\"3\"><span class=\"versanumer\">3<\/span><\/a>\u00de\u00e1 kom or\u00f0 Drottins fyrir munn Hagga\u00ed sp\u00e1manns, svo hlj\u00f3\u00f0andi:<a name=\"4\"><span class=\"versanumer\">4<\/span><\/a>Er \u00fe\u00e1 t\u00edmi fyrir y\u00f0ur a\u00f0 b\u00faa \u00ed \u00feilju\u00f0um h\u00fasum, me\u00f0an \u00feetta h\u00fas liggur \u00ed r\u00fastum?<a name=\"5\"><span class=\"versanumer\">5<\/span><\/a>Og n\u00fa segir Drottinn allsherjar svo: Taki\u00f0 eftir, hvernig fyrir y\u00f0ur fer!<a name=\"6\"><span class=\"versanumer\">6<\/span><\/a>\u00de\u00e9r s\u00e1i\u00f0 miklu, en safni\u00f0 litlu, eti\u00f0, en ver\u00f0i\u00f0 eigi saddir, drekki\u00f0, en f\u00e1i\u00f0 eigi n\u00e6gju y\u00f0ar, kl\u00e6\u00f0i\u00f0 y\u00f0ur, en ver\u00f0i\u00f0 \u00fe\u00f3 ekki varmir, og s\u00e1 sem vinnur fyrir kaupi, vinnur fyrir \u00fev\u00ed \u00ed g\u00f6t\u00f3tta pyngju.<a name=\"7\"><span class=\"versanumer\">7<\/span><\/a>Svo segir Drottinn allsherjar: Taki\u00f0 eftir, hvernig fyrir y\u00f0ur fer!<a name=\"8\"><span class=\"versanumer\">8<\/span><\/a>Fari\u00f0 upp \u00ed fj\u00f6llin, s\u00e6ki\u00f0 vi\u00f0 og reisi\u00f0 musteri\u00f0, \u00fe\u00e1 mun \u00e9g hafa vel\u00fe\u00f3knun \u00e1 \u00fev\u00ed og gj\u00f6ra mig vegsamlegan! segir Drottinn.<a name=\"9\"><span class=\"versanumer\">9<\/span><\/a>\u00de\u00e9r b\u00faist vi\u00f0 miklu, en f\u00e1i\u00f0 l\u00edti\u00f0 \u00ed a\u00f0ra h\u00f6nd, og \u00fe\u00f3 \u00fe\u00e9r flytji\u00f0 \u00fea\u00f0 heim, \u00fe\u00e1 bl\u00e6s \u00e9g \u00fea\u00f0 burt. Hvers vegna? segir Drottinn allsherjar. Vegna h\u00fass m\u00edns, af \u00fev\u00ed a\u00f0 \u00fea\u00f0 liggur \u00ed r\u00fastum, me\u00f0an s\u00e9rhver y\u00f0ar fl\u00fdtir s\u00e9r me\u00f0 sitt h\u00fas.<a name=\"10\"><span class=\"versanumer\">10<\/span><\/a>Fyrir \u00fev\u00ed heldur himinninn uppi yfir y\u00f0ur aftur d\u00f6gginni og fyrir \u00fev\u00ed heldur j\u00f6r\u00f0in aftur gr\u00f3\u00f0ri s\u00ednum.<a name=\"11\"><span class=\"versanumer\">11<\/span><\/a>\u00c9g kalla\u00f0i \u00feurrk yfir landi\u00f0 og yfir fj\u00f6llin, yfir korni\u00f0, v\u00ednberjal\u00f6ginn og ol\u00eduna og yfir \u00fea\u00f0, sem j\u00f6r\u00f0in af s\u00e9r gefur, yfir menn og skepnur og yfir allan handafla.<a name=\"12\"><span class=\"versanumer\">12<\/span><\/a>\u00de\u00e1 hl\u00fdddi Ser\u00fababel Sealt\u00edelsson og J\u00f3s\u00faa J\u00f3sadaksson \u00e6\u00f0sti prestur og allt \u00fea\u00f0, er eftir var or\u00f0i\u00f0 l\u00fd\u00f0sins, r\u00f6ddu Drottins Gu\u00f0s \u00feeirra og or\u00f0um Hagga\u00ed sp\u00e1manns, \u00feeim er Drottinn Gu\u00f0 \u00feeirra haf\u00f0i sent hann me\u00f0, og l\u00fd\u00f0urinn \u00f3tta\u00f0ist Drottin.<a name=\"13\"><span class=\"versanumer\">13<\/span><\/a>\u00de\u00e1 sag\u00f0i Hagga\u00ed, sendibo\u00f0i Drottins, vi\u00f0 l\u00fd\u00f0inn, samkv\u00e6mt bo\u00f0skap Drottins: \u00c9g er me\u00f0 y\u00f0ur! segir Drottinn.<a name=\"14\"><span class=\"versanumer\">14<\/span><\/a>Og Drottinn vakti hug Ser\u00fababels Sealt\u00edelssonar, landstj\u00f3ra \u00ed J\u00fada, og hug J\u00f3s\u00faa J\u00f3sadakssonar \u00e6\u00f0sta prests og hug alls \u00feess, er eftir var or\u00f0i\u00f0 l\u00fd\u00f0sins, svo a\u00f0 \u00feeir komu og h\u00f3fu a\u00f0 byggja h\u00fas Drottins allsherjar, Gu\u00f0s \u00feeirra,<a name=\"15\"><span class=\"versanumer\">15<\/span><\/a>\u00e1 tuttugasta og fj\u00f3r\u00f0a degi hins sj\u00f6tta m\u00e1na\u00f0ar, \u00e1 \u00f6\u00f0ru r\u00edkis\u00e1ri Dar\u00edusar konungs.<\/p>\n<div class=\"footnote1981\"><b>1.1<\/b> Dar\u00edus Hag 2.10; Sak 1.1,7; 7.1; Esr 4.5; 5.6; 6.1; Neh 12.22 \u2013 tunglkomudagur 4M\u00f3s 28.11-15; Jes 1.13; 66.23; H\u00f3s 2.13; Am 8.5 \u2013 Hagga\u00ed Esr 5.1; 6.14 \u2013 Ser\u00fabbabel og J\u00f3s\u00faa Esr 3.2,8; 5.2; Neh 12.1; sbr Sak 3.1; 4.6-10; 6.11; Matt 1.12<br \/>\n<b>1.2<\/b> Endurreisa h\u00fas Drottins Esr 1.2-4; 3.8-9; 4.1,24; 5.2-3,8-9,11-17<br \/>\n<b>1.4<\/b> \u00deilju\u00f0 h\u00fas Jer 22.14 \u2013 en ekkert musteri 2Sam 7.2 \u2013 \u00feil 1Kon 6.9; 7.3,7<br \/>\n<b>1.6<\/b> \u00c1rangurslaust strit Hag 2.16; H\u00f3s 4.10; M\u00edk 6.14; Sak 8.10<br \/>\n<b>1.11<\/b> Laun syndarinnar 1M\u00f3s 3.17-18; Jer 4.23-28; 12.4; 14.2-9; H\u00f3s 4.1-3 \u2013 \u00feurrkur Am 4.7+<br \/>\n<b>1.12<\/b> Allir, sem eftir voru af \u00fej\u00f3\u00f0inni Jes 4.3+<br \/>\n<b>1.13<\/b> Me\u00f0 y\u00f0ur Hag 2.4; D\u00f3m 6.12; 2Sam 7.3; Jes 41.10<br \/>\n<b>1.14<\/b> Elfdi hug Esr 1.5<\/div>\n","protected":false},"excerpt":{"rendered":"<p>1\u00c1 \u00f6\u00f0ru r\u00edkis\u00e1ri Dar\u00edusar konungs, hinn fyrsta dag hins sj\u00f6tta m\u00e1na\u00f0ar, kom or\u00f0 Drottins fyrir munn Hagga\u00ed sp\u00e1manns til Ser\u00fababels Sealt\u00edelssonar, landstj\u00f3ra \u00ed J\u00fada, og til J\u00f3s\u00faa J\u00f3sadakssonar \u00e6\u00f0sta prests, svo hlj\u00f3\u00f0andi:2Svo segir Drottinn allsherjar: \u00deessi l\u00fd\u00f0ur segir: Enn er ekki t\u00edmi kominn til a\u00f0 endurreisa h\u00fas Drottins.3\u00de\u00e1 kom or\u00f0 Drottins fyrir munn Hagga\u00ed sp\u00e1manns, svo hlj\u00f3\u00f0andi:4Er \u00fe\u00e1 t\u00edmi fyrir y\u00f0ur a\u00f0 b\u00faa \u00ed \u00feilju\u00f0um h\u00fasum, me\u00f0an \u00feetta h\u00fas liggur \u00ed r\u00fastum?5Og n\u00fa segir Drottinn allsherjar svo: Taki\u00f0 eftir, hvernig fyrir y\u00f0ur fer!6\u00de\u00e9r s\u00e1i\u00f0 miklu, en safni\u00f0 litlu, eti\u00f0, en ver\u00f0i\u00f0 eigi saddir, drekki\u00f0, en f\u00e1i\u00f0 eigi n\u00e6gju y\u00f0ar, kl\u00e6\u00f0i\u00f0 <a href=\"https:\/\/biblian.is\/1981\/haggai-1-kafli\/\"> [&#8230;]<\/a><\/p>\n","protected":false},"author":1,"featured_media":0,"parent":0,"menu_order":0,"comment_status":"open","ping_status":"open","template":"bibliukaflar.php","meta":{"footnotes":""},"class_list":["post-2257","page","type-page","status-publish","hentry"],"_links":{"self":[{"href":"https:\/\/biblian.is\/1981\/wp-json\/wp\/v2\/pages\/2257","targetHints":{"allow":["GET"]}}],"collection":[{"href":"https:\/\/biblian.is\/1981\/wp-json\/wp\/v2\/pages"}],"about":[{"href":"https:\/\/biblian.is\/1981\/wp-json\/wp\/v2\/types\/page"}],"author":[{"embeddable":true,"href":"https:\/\/biblian.is\/1981\/wp-json\/wp\/v2\/users\/1"}],"replies":[{"embeddable":true,"href":"https:\/\/biblian.is\/1981\/wp-json\/wp\/v2\/comments?post=2257"}],"version-history":[{"count":0,"href":"https:\/\/biblian.is\/1981\/wp-json\/wp\/v2\/pages\/2257\/revisions"}],"wp:attachment":[{"href":"https:\/\/biblian.is\/1981\/wp-json\/wp\/v2\/media?parent=2257"}],"curies":[{"name":"wp","href":"https:\/\/api.w.org\/{rel}","templated":true}]}}