{"id":2256,"date":"2017-11-18T20:20:58","date_gmt":"2017-11-18T20:20:58","guid":{"rendered":"http:\/\/biblian.is\/1981\/sefania-3-kafli\/"},"modified":"2021-06-06T11:10:10","modified_gmt":"2021-06-06T11:10:10","slug":"sefania-3-kafli","status":"publish","type":"page","link":"https:\/\/biblian.is\/1981\/sefania-3-kafli\/","title":{"rendered":"Sefan\u00eda 3. kafli"},"content":{"rendered":"<p><a name=\"1\"><span class=\"versanumer\">1<\/span><\/a>Vei hinni \u00fever\u00fa\u00f0arfullu og saurgu\u00f0u, hinni ofr\u00edkisfullu borg!<a name=\"2\"><span class=\"versanumer\">2<\/span><\/a>H\u00fan hl\u00fd\u00f0ir engri \u00e1minningu, h\u00fan tekur engri hirtingu, h\u00fan treystir ekki Drottni og n\u00e1l\u00e6gir sig ekki Gu\u00f0i s\u00ednum.<a name=\"3\"><span class=\"versanumer\">3<\/span><\/a>H\u00f6f\u00f0ingjarnir \u00ed henni eru sem \u00f6skrandi lj\u00f3n, d\u00f3mendur hennar sem \u00falfar a\u00f0 kveldi, \u00feeir leifa engu til morguns.<a name=\"4\"><span class=\"versanumer\">4<\/span><\/a>Sp\u00e1menn hennar eru l\u00e9tt\u00fa\u00f0armenn, svikaseggir. Prestar hennar vanhelga hi\u00f0 heilaga, misbj\u00f3\u00f0a l\u00f6gm\u00e1linu.<a name=\"5\"><span class=\"versanumer\">5<\/span><\/a>En Drottinn er r\u00e9ttl\u00e1tur \u00ed henni, hann gj\u00f6rir ekkert rangt. \u00c1 morgni hverjum lei\u00f0ir hann r\u00e9ttl\u00e6ti sitt \u00ed lj\u00f3s, \u00fea\u00f0 bregst ekki, en hinn rangl\u00e1ti kann ekki a\u00f0 skammast s\u00edn.<a name=\"6\"><span class=\"versanumer\">6<\/span><\/a>\u00c9g hefi afm\u00e1\u00f0 \u00fej\u00f3\u00f0ir, m\u00fartindar \u00feeirra voru brotnir ni\u00f0ur. \u00c9g hefi lagt str\u00e6ti \u00feeirra \u00ed ey\u00f0i, svo a\u00f0 enginn var \u00fear \u00e1 fer\u00f0. Borgir \u00feeirra voru eyddar, ur\u00f0u mannlausar, svo a\u00f0 \u00fear bj\u00f3 enginn.<a name=\"7\"><span class=\"versanumer\">7<\/span><\/a>\u00c9g sag\u00f0i: \u00d3ttast \u00fe\u00fa mig a\u00f0eins, tak hirtingu! \u00fe\u00e1 skal b\u00fasta\u00f0ur hennar ekki afm\u00e1\u00f0ur ver\u00f0a, eftir allt sem \u00e9g hefi fyrirskipa\u00f0 gegn henni. En \u00feeir hafa veri\u00f0 \u00fev\u00ed kostg\u00e6fari \u00ed \u00fev\u00ed a\u00f0 l\u00e1ta allar gj\u00f6r\u00f0ir s\u00ednar vera illverk.<a name=\"8\"><span class=\"versanumer\">8<\/span><\/a>B\u00ed\u00f0i\u00f0 m\u00edn \u00feess vegna segir Drottinn, b\u00ed\u00f0i\u00f0 \u00feess dags, er \u00e9g r\u00eds upp sem vottur. \u00dev\u00ed a\u00f0 \u00fea\u00f0 er mitt \u00e1sett r\u00e1\u00f0 a\u00f0 safna saman \u00fej\u00f3\u00f0um og stefna saman konungsr\u00edkjum til \u00feess a\u00f0 \u00fathella yfir \u00fe\u00e1 heift minni, allri minni brennandi rei\u00f0i. \u00dev\u00ed a\u00f0 fyrir eldi vandl\u00e6tingar minnar skal allt landi\u00f0 ver\u00f0a eytt.<a name=\"9\"><span class=\"versanumer\">9<\/span><\/a>J\u00e1, \u00fe\u00e1 mun \u00e9g gefa \u00fej\u00f3\u00f0unum n\u00fdjar, hreinar varir, svo a\u00f0 \u00fe\u00e6r \u00e1kalli allar nafn Drottins og \u00fej\u00f3ni honum einhuga.<a name=\"10\"><span class=\"versanumer\">10<\/span><\/a>Handan fr\u00e1 Bl\u00e1lands flj\u00f3tum munu \u00feeir f\u00e6ra m\u00e9r sl\u00e1turf\u00f3rnir, flytja m\u00e9r matf\u00f3rnir.<a name=\"11\"><span class=\"versanumer\">11<\/span><\/a>\u00c1 \u00feeim degi \u00fearft \u00fe\u00fa eigi a\u00f0 skammast \u00fe\u00edn fyrir \u00f6ll illverk \u00fe\u00edn, \u00feau er \u00fe\u00fa syndga\u00f0ir me\u00f0 gegn m\u00e9r, \u00fev\u00ed a\u00f0 \u00fe\u00e1 mun \u00e9g ry\u00f0ja burt fr\u00e1 \u00fe\u00e9r \u00feeim, er ofk\u00e6tast drambsamlega \u00ed \u00fe\u00e9r, og \u00fe\u00fa munt ekki framar ofmetnast \u00e1 m\u00ednu heilaga fjalli.<a name=\"12\"><span class=\"versanumer\">12<\/span><\/a>Og \u00e9g mun l\u00e1ta \u00ed \u00fe\u00e9r eftir ver\u00f0a au\u00f0mj\u00fakan og l\u00edtilm\u00f3tlegan l\u00fd\u00f0, \u00feeir munu leita s\u00e9r h\u00e6lis \u00ed nafni Drottins.<a name=\"13\"><span class=\"versanumer\">13<\/span><\/a>Leifar \u00cdsraels munu engin rangindi fremja, n\u00e9 heldur tala lygar, og \u00ed munni \u00feeirra mun ekki finnast sviks\u00f6m tunga. J\u00e1, \u00feeir munu vera \u00e1 beit og leggjast, \u00e1n \u00feess a\u00f0 nokkur styggi \u00fe\u00e1.<a name=\"14\"><span class=\"versanumer\">14<\/span><\/a>Fagna \u00fe\u00fa, d\u00f3ttirin S\u00edon, l\u00e1t gle\u00f0il\u00e1tum, \u00fe\u00fa \u00cdsrael! Ver k\u00e1t og gle\u00f0 \u00feig af \u00f6llu hjarta, d\u00f3ttirin Jer\u00fasalem!<a name=\"15\"><span class=\"versanumer\">15<\/span><\/a>Drottinn hefir afm\u00e1\u00f0 refsid\u00f3ma \u00fe\u00edna, r\u00fdmt burt \u00f3vini \u00fe\u00ednum. Konungur \u00cdsraels, Drottinn, er hj\u00e1 \u00fe\u00e9r, \u00fe\u00fa munt eigi framar \u00e1 neinu illu kenna.<a name=\"16\"><span class=\"versanumer\">16<\/span><\/a>\u00c1 \u00feeim degi mun sagt ver\u00f0a vi\u00f0 Jer\u00fasalem: \u00d3ttast ekki, S\u00edon, l\u00e1t ekki hugfallast!<a name=\"17\"><span class=\"versanumer\">17<\/span><\/a>Drottinn, Gu\u00f0 \u00feinn, er hj\u00e1 \u00fe\u00e9r, hetjan er sigur veitir. Hann k\u00e6tist yfir \u00fe\u00e9r me\u00f0 f\u00f6gnu\u00f0i, hann \u00feegir \u00ed k\u00e6rleika s\u00ednum, hann fagnar yfir \u00fe\u00e9r me\u00f0 gle\u00f0is\u00f6ng.<a name=\"18\"><span class=\"versanumer\">18<\/span><\/a>\u00c9g saman safna \u00feeim, sem hryggir eru \u00fat af h\u00e1t\u00ed\u00f0arsamkomunni, fr\u00e1 \u00fe\u00e9r voru \u00feeir, sm\u00e1n hv\u00edlir \u00e1 \u00feeim.<a name=\"19\"><span class=\"versanumer\">19<\/span><\/a>Sj\u00e1, \u00e1 \u00feeim t\u00edma skal \u00e9g eiga erindi vi\u00f0 \u00fe\u00e1, er \u00feig \u00fej\u00e1\u00f0u. \u00de\u00e1 skal \u00e9g frelsa hi\u00f0 halta og smala saman \u00fev\u00ed tv\u00edstra\u00f0a, og \u00e9g skal gj\u00f6ra \u00fe\u00e1 fr\u00e6ga og nafnkunna \u00e1 allri j\u00f6r\u00f0unni.<a name=\"20\"><span class=\"versanumer\">20<\/span><\/a>\u00c1 \u00feeim t\u00edma skal \u00e9g lei\u00f0a y\u00f0ur heim, og \u00fea\u00f0 \u00e1 \u00feeim t\u00edma, er \u00e9g smala y\u00f0ur saman. \u00dev\u00ed a\u00f0 \u00e9g skal gj\u00f6ra y\u00f0ur nafnkunna og fr\u00e6ga me\u00f0al allra \u00fej\u00f3\u00f0a jar\u00f0arinnar, \u00fe\u00e1 er \u00e9g sn\u00fd vi\u00f0 h\u00f6gum y\u00f0ar \u00ed augs\u00fdn y\u00f0ar, segir Drottinn.<\/p>\n<div class=\"footnote1981\"><b>3.1<\/b> Gegn Jer\u00fasalem Jer 6.6-10<br \/>\n<b>3.2<\/b> \u00d3hl\u00fd\u00f0nast Jer 5.3; 7.26,28; 22.21<br \/>\n<b>3.3<\/b> Illir h\u00f6f\u00f0ingjar Jer 6.13-15; Esk 22.25<br \/>\n<b>3.4<\/b> Prestar og sp\u00e1menn Jer 23.11; Esk 22.26<br \/>\n<b>3.5<\/b> Drottinn er \u00ed borginni Sef 3.17 \u2013 blyg\u00f0ast s\u00edn ekki Jer 6.15<br \/>\n<b>3.7<\/b> \u00c9g v\u00e6nti Jer 3.19<br \/>\n<b>3.8<\/b> Rei\u00f0i Drottins Sef 1.18<br \/>\n<b>3.9<\/b> Hreinar varnir Jes 6.5-7 \u2013 \u00e1kalla nafn Drottins Jl 3.5; Slm 80.19; sbr 1M\u00f3s 12.8; 13.4 o.fl. \u2013 nafn Drottins Mal 1.11; Slm 86.9<br \/>\n<b>3.10<\/b> F\u00f3rnir fjarl\u00e6gra \u00fej\u00f3\u00f0a Jes 18.7<br \/>\n<b>3.11<\/b> Bera kinnro\u00f0a Jes 54.4 \u2013 hi\u00f0 heilaga fjall Slm 3.5+ ; Jes 11.9; 56.7; Esk 20.40<br \/>\n<b>3.12<\/b> Skilja eftir Sef 2.7,9; Jes 4.3+ &#8211; h\u00f3gv\u00e6ra Sef 2.3+ &#8211; h\u00e6li Slm 7.2+<br \/>\n<b>3.13<\/b> Ekki sviks\u00f6m tunga Opb 14.5 \u2013 enginn styggir \u00fe\u00e1 Jer 30.10; Esk 34.28; M\u00edk 4.4<br \/>\n<b>3.14<\/b> Hr\u00f3pa\u00f0u af gle\u00f0i, S\u00edon Jes 12.6; 54.1; Sak 2.14; 9.9<br \/>\n<b>3.15<\/b> \u00d3gilt refsid\u00f3ma Jes 40.2 \u2013 konungur \u00cdsraels, Drottinn 1Sam 12.12; Jes 33.22; 41.21+ ; Jer 8.19; Slm 5.3; 149.2<br \/>\n<b>3.16<\/b> \u00d3ttast ekki &#8230; Jes 35.3-4; 41.13-14<br \/>\n<b>3.17<\/b> Gu\u00f0 \u00feinn er hj\u00e1 \u00fe\u00e9r Jes 12.6; sbr Esk 48.35 \u2013 Drottinn fagnar Jer 32.41; sbr Jes 62.5<br \/>\n<b>3.19<\/b> Drottinn, hir\u00f0ir Jer 23.3; Esk 34.11 \u2013 frelsa, smala saman Esk 34.16; M\u00edk 4.6-7<br \/>\n<b>3.20<\/b> \u00c9g safna ykkur saman Jer 32.37 \u2013 h\u00f6gum sn\u00fai\u00f0 vi\u00f0 H\u00f3s 6.11+<\/div>\n","protected":false},"excerpt":{"rendered":"<p>1Vei hinni \u00fever\u00fa\u00f0arfullu og saurgu\u00f0u, hinni ofr\u00edkisfullu borg!2H\u00fan hl\u00fd\u00f0ir engri \u00e1minningu, h\u00fan tekur engri hirtingu, h\u00fan treystir ekki Drottni og n\u00e1l\u00e6gir sig ekki Gu\u00f0i s\u00ednum.3H\u00f6f\u00f0ingjarnir \u00ed henni eru sem \u00f6skrandi lj\u00f3n, d\u00f3mendur hennar sem \u00falfar a\u00f0 kveldi, \u00feeir leifa engu til morguns.4Sp\u00e1menn hennar eru l\u00e9tt\u00fa\u00f0armenn, svikaseggir. Prestar hennar vanhelga hi\u00f0 heilaga, misbj\u00f3\u00f0a l\u00f6gm\u00e1linu.5En Drottinn er r\u00e9ttl\u00e1tur \u00ed henni, hann gj\u00f6rir ekkert rangt. \u00c1 morgni hverjum lei\u00f0ir hann r\u00e9ttl\u00e6ti sitt \u00ed lj\u00f3s, \u00fea\u00f0 bregst ekki, en hinn rangl\u00e1ti kann ekki a\u00f0 skammast s\u00edn.6\u00c9g hefi afm\u00e1\u00f0 \u00fej\u00f3\u00f0ir, m\u00fartindar \u00feeirra voru brotnir ni\u00f0ur. \u00c9g hefi lagt str\u00e6ti \u00feeirra \u00ed ey\u00f0i, svo a\u00f0 enginn <a href=\"https:\/\/biblian.is\/1981\/sefania-3-kafli\/\"> [&#8230;]<\/a><\/p>\n","protected":false},"author":1,"featured_media":0,"parent":0,"menu_order":0,"comment_status":"open","ping_status":"open","template":"bibliukaflar.php","meta":{"footnotes":""},"class_list":["post-2256","page","type-page","status-publish","hentry"],"_links":{"self":[{"href":"https:\/\/biblian.is\/1981\/wp-json\/wp\/v2\/pages\/2256","targetHints":{"allow":["GET"]}}],"collection":[{"href":"https:\/\/biblian.is\/1981\/wp-json\/wp\/v2\/pages"}],"about":[{"href":"https:\/\/biblian.is\/1981\/wp-json\/wp\/v2\/types\/page"}],"author":[{"embeddable":true,"href":"https:\/\/biblian.is\/1981\/wp-json\/wp\/v2\/users\/1"}],"replies":[{"embeddable":true,"href":"https:\/\/biblian.is\/1981\/wp-json\/wp\/v2\/comments?post=2256"}],"version-history":[{"count":0,"href":"https:\/\/biblian.is\/1981\/wp-json\/wp\/v2\/pages\/2256\/revisions"}],"wp:attachment":[{"href":"https:\/\/biblian.is\/1981\/wp-json\/wp\/v2\/media?parent=2256"}],"curies":[{"name":"wp","href":"https:\/\/api.w.org\/{rel}","templated":true}]}}