{"id":2255,"date":"2017-11-18T20:20:58","date_gmt":"2017-11-18T20:20:58","guid":{"rendered":"http:\/\/biblian.is\/1981\/sefania-2-kafli\/"},"modified":"2021-06-06T11:10:09","modified_gmt":"2021-06-06T11:10:09","slug":"sefania-2-kafli","status":"publish","type":"page","link":"https:\/\/biblian.is\/1981\/sefania-2-kafli\/","title":{"rendered":"Sefan\u00eda 2. kafli"},"content":{"rendered":"<p><a name=\"1\"><span class=\"versanumer\">1<\/span><\/a>Beyg \u00feig og l\u00e6g \u00feig, \u00fe\u00fa \u00fej\u00f3\u00f0, sem eigi blyg\u00f0ast \u00fe\u00edn,<a name=\"2\"><span class=\"versanumer\">2<\/span><\/a>\u00e1\u00f0ur en \u00fe\u00e9r ver\u00f0i\u00f0 eins og fj\u00fakandi s\u00e1\u00f0ir, \u00e1\u00f0ur en hin brennandi rei\u00f0i Drottins kemur yfir y\u00f0ur, \u00e1\u00f0ur en rei\u00f0idagur Drottins kemur yfir y\u00f0ur.<a name=\"3\"><span class=\"versanumer\">3<\/span><\/a>Leiti\u00f0 Drottins, allir \u00fe\u00e9r hinir au\u00f0mj\u00faku \u00ed landinu, \u00fe\u00e9r sem breyti\u00f0 eftir hans bo\u00f0or\u00f0um. \u00c1stundi\u00f0 r\u00e9ttl\u00e6ti, \u00e1stundi\u00f0 au\u00f0m\u00fdkt, vera m\u00e1 a\u00f0 \u00fe\u00e9r ver\u00f0i\u00f0 faldir \u00e1 rei\u00f0idegi Drottins.<a name=\"4\"><span class=\"versanumer\">4<\/span><\/a>Gasa mun ver\u00f0a yfirgefin og Askalon ver\u00f0a a\u00f0 au\u00f0n. Asd\u00f3db\u00faar munu burt reknir ver\u00f0a um h\u00e1bjartan dag og Ekron \u00ed ey\u00f0i l\u00f6g\u00f0.<a name=\"5\"><span class=\"versanumer\">5<\/span><\/a>Vei y\u00f0ur, \u00fe\u00e9r sem b\u00fai\u00f0 me\u00f0fram sj\u00e1vars\u00ed\u00f0unni, \u00fe\u00fa Kreta \u00fej\u00f3\u00f0! Or\u00f0 Drottins beinist gegn y\u00f0ur, Kanaan, land Filista! J\u00e1, \u00e9g mun ey\u00f0a \u00feig, svo a\u00f0 \u00fear skal enginn b\u00faa.<a name=\"6\"><span class=\"versanumer\">6<\/span><\/a>Og sj\u00e1vars\u00ed\u00f0an skal ver\u00f0a a\u00f0 beitilandi fyrir hjar\u00f0menn og a\u00f0 fj\u00e1rbyrgjum fyrir sau\u00f0f\u00e9.<a name=\"7\"><span class=\"versanumer\">7<\/span><\/a>\u00de\u00e1 mun sj\u00e1vars\u00ed\u00f0an falla til \u00feeirra, sem eftir ver\u00f0a af J\u00fada h\u00fasi. \u00dear skulu \u00feeir vera \u00e1 beit, \u00ed h\u00fasum Askalon skulu \u00feeir leggjast fyrir a\u00f0 kveldi. \u00dev\u00ed a\u00f0 Drottinn, Gu\u00f0 \u00feeirra, mun vitja \u00feeirra og sn\u00faa vi\u00f0 h\u00f6gum \u00feeirra.<a name=\"8\"><span class=\"versanumer\">8<\/span><\/a>\u00c9g hefi heyrt sv\u00edvir\u00f0ingar M\u00f3abs og sm\u00e1naryr\u00f0i Amm\u00f3n\u00edta, er \u00feeir sv\u00edvirtu me\u00f0 \u00fej\u00f3\u00f0 m\u00edna og h\u00f6f\u00f0u hroka \u00ed frammi vi\u00f0 land \u00feeirra.<a name=\"9\"><span class=\"versanumer\">9<\/span><\/a>Fyrir \u00fev\u00ed skal, svo sannarlega sem \u00e9g lifi segir Drottinn allsherjar, Gu\u00f0 \u00cdsraels fara fyrir M\u00f3ab eins og fyrir S\u00f3d\u00f3mu, og fyrir Amm\u00f3n\u00edtum eins og fyrir G\u00f3morru. \u00deeir skulu ver\u00f0a a\u00f0 gr\u00f3\u00f0rarreit fyrir netlur, a\u00f0 saltgr\u00f6f og a\u00f0 \u00f3bygg\u00f0ri au\u00f0n til eil\u00edfrar t\u00ed\u00f0ar. Leifar l\u00fd\u00f0s m\u00edns skulu r\u00e6na \u00fe\u00e1 og eftirleifar \u00fej\u00f3\u00f0ar minnar erfa \u00fe\u00e1.<a name=\"10\"><span class=\"versanumer\">10<\/span><\/a>\u00deetta skal \u00fe\u00e1 henda fyrir drambsemi \u00feeirra, a\u00f0 \u00feeir hafa sv\u00edvirt \u00fej\u00f3\u00f0 Drottins allsherjar og haft hroka \u00ed frammi vi\u00f0 hana.<a name=\"11\"><span class=\"versanumer\">11<\/span><\/a>\u00d3gurlegur mun Drottinn ver\u00f0a \u00feeim, \u00fev\u00ed a\u00f0 hann l\u00e6tur alla gu\u00f0i jar\u00f0arinnar dragast upp, svo a\u00f0 \u00f6ll eyl\u00f6nd hei\u00f0ingjanna d\u00fdrki hann, hver ma\u00f0ur \u00e1 s\u00ednum sta\u00f0.<a name=\"12\"><span class=\"versanumer\">12<\/span><\/a>Einnig \u00fe\u00e9r, Bl\u00e1lendingar, munu\u00f0 falla fyrir sver\u00f0i m\u00ednu.<a name=\"13\"><span class=\"versanumer\">13<\/span><\/a>Og hann mun r\u00e9tta \u00fat h\u00f6nd s\u00edna gegn nor\u00f0ri og afm\u00e1 Ass\u00fdr\u00edu. Og hann mun leggja N\u00edn\u00edve \u00ed ey\u00f0i, gj\u00f6ra hana \u00feurra sem ey\u00f0im\u00f6rk.<a name=\"14\"><span class=\"versanumer\">14<\/span><\/a>Mitt \u00ed henni skulu hjar\u00f0ir liggja, alls konar d\u00fdr h\u00f3pum saman. Pel\u00edkanar og stj\u00f6rnuhegrar munu eiga n\u00e1ttb\u00f3l \u00e1 s\u00falnah\u00f6f\u00f0um hennar. Heyr kli\u00f0inn \u00ed gluggat\u00f3ttunum! Rofhr\u00fagur \u00e1 \u00fer\u00f6skuldunum, \u00fev\u00ed a\u00f0 sedrusvi\u00f0ar\u00feilin hafa veri\u00f0 rifin burt!<a name=\"15\"><span class=\"versanumer\">15<\/span><\/a>Er \u00feetta glaummikla borgin, er sat andvaralaus og sag\u00f0i \u00ed hjarta s\u00ednu: \u00c9g og engin \u00f6nnur? Hversu er h\u00fan or\u00f0in a\u00f0 au\u00f0n, a\u00f0 b\u00e6li fyrir villid\u00fdr! Hver s\u00e1 er \u00fear fer um, bl\u00edstrar og hristir h\u00f6nd s\u00edna h\u00e6\u00f0nislega.<\/p>\n<div class=\"footnote1981\"><b>2.2<\/b> Rei\u00f0idagur Drottins Sef 1.7+<br \/>\n<b>2.3<\/b>Leita Drottins Am 5.4+ &#8211; h\u00f3gv\u00e6rir \u00ed landinu Sef 3.12; Jes 57.15; 66.2<br \/>\n<b>2.4<\/b>Gegn Filisteum Jes 14.28-31; Jer 47.1-7; Esk 25.15-17; Jl 4.9-8; Am 1.6-8; Sak 9.5-7<br \/>\n<b>2.6-7<\/b> Fj\u00e1rkv\u00edar Jes 7.25+<br \/>\n<b>2.7<\/b> H\u00f6gum sn\u00fai\u00f0 vi\u00f0 H\u00f3s 6.11+<br \/>\n<b>2.8<\/b> Gegn M\u00f3ab\u00edtum Jes 15-16; Jer 48; Am 2.1-3 \u2013 og Ammonsb\u00fam Jer 49.1-6; Esk 25.1-11; Am 1.13-15<br \/>\n<b>2.9<\/b> S\u00f3d\u00f3ma og G\u00f3morra 1M\u00f3s 19.24-25; Jes 1.9+ &#8211; illgresi sbr Jes 5.6<br \/>\n<b>2.11<\/b> Hver ma\u00f0ur l\u00fati honum Slm 22.28; sbr Jes 2.2-3; Sak 2.15; Slm 72.11; 86.9; 102.16,23<br \/>\n<b>2.12<\/b> Gegn E\u00fe\u00ed\u00f3p\u00edum\u00f6nnum Jes 18.1-7<br \/>\n<b>2.13<\/b> N\u00edn\u00edve og Ass\u00fdr\u00eda Jes 10.5-19; 14.24-27; Nah 2.2-3.19<br \/>\n<b>2.14<\/b> \u00c9g Jes 47.8,10<\/div>\n","protected":false},"excerpt":{"rendered":"<p>1Beyg \u00feig og l\u00e6g \u00feig, \u00fe\u00fa \u00fej\u00f3\u00f0, sem eigi blyg\u00f0ast \u00fe\u00edn,2\u00e1\u00f0ur en \u00fe\u00e9r ver\u00f0i\u00f0 eins og fj\u00fakandi s\u00e1\u00f0ir, \u00e1\u00f0ur en hin brennandi rei\u00f0i Drottins kemur yfir y\u00f0ur, \u00e1\u00f0ur en rei\u00f0idagur Drottins kemur yfir y\u00f0ur.3Leiti\u00f0 Drottins, allir \u00fe\u00e9r hinir au\u00f0mj\u00faku \u00ed landinu, \u00fe\u00e9r sem breyti\u00f0 eftir hans bo\u00f0or\u00f0um. \u00c1stundi\u00f0 r\u00e9ttl\u00e6ti, \u00e1stundi\u00f0 au\u00f0m\u00fdkt, vera m\u00e1 a\u00f0 \u00fe\u00e9r ver\u00f0i\u00f0 faldir \u00e1 rei\u00f0idegi Drottins.4Gasa mun ver\u00f0a yfirgefin og Askalon ver\u00f0a a\u00f0 au\u00f0n. Asd\u00f3db\u00faar munu burt reknir ver\u00f0a um h\u00e1bjartan dag og Ekron \u00ed ey\u00f0i l\u00f6g\u00f0.5Vei y\u00f0ur, \u00fe\u00e9r sem b\u00fai\u00f0 me\u00f0fram sj\u00e1vars\u00ed\u00f0unni, \u00fe\u00fa Kreta \u00fej\u00f3\u00f0! Or\u00f0 Drottins beinist gegn y\u00f0ur, Kanaan, land Filista! J\u00e1, \u00e9g <a href=\"https:\/\/biblian.is\/1981\/sefania-2-kafli\/\"> [&#8230;]<\/a><\/p>\n","protected":false},"author":1,"featured_media":0,"parent":0,"menu_order":0,"comment_status":"open","ping_status":"open","template":"bibliukaflar.php","meta":{"footnotes":""},"class_list":["post-2255","page","type-page","status-publish","hentry"],"_links":{"self":[{"href":"https:\/\/biblian.is\/1981\/wp-json\/wp\/v2\/pages\/2255","targetHints":{"allow":["GET"]}}],"collection":[{"href":"https:\/\/biblian.is\/1981\/wp-json\/wp\/v2\/pages"}],"about":[{"href":"https:\/\/biblian.is\/1981\/wp-json\/wp\/v2\/types\/page"}],"author":[{"embeddable":true,"href":"https:\/\/biblian.is\/1981\/wp-json\/wp\/v2\/users\/1"}],"replies":[{"embeddable":true,"href":"https:\/\/biblian.is\/1981\/wp-json\/wp\/v2\/comments?post=2255"}],"version-history":[{"count":0,"href":"https:\/\/biblian.is\/1981\/wp-json\/wp\/v2\/pages\/2255\/revisions"}],"wp:attachment":[{"href":"https:\/\/biblian.is\/1981\/wp-json\/wp\/v2\/media?parent=2255"}],"curies":[{"name":"wp","href":"https:\/\/api.w.org\/{rel}","templated":true}]}}