{"id":2254,"date":"2017-11-18T20:20:58","date_gmt":"2017-11-18T20:20:58","guid":{"rendered":"http:\/\/biblian.is\/1981\/sefania-1-kafli\/"},"modified":"2021-06-06T11:10:09","modified_gmt":"2021-06-06T11:10:09","slug":"sefania-1-kafli","status":"publish","type":"page","link":"https:\/\/biblian.is\/1981\/sefania-1-kafli\/","title":{"rendered":"Sefan\u00eda 1. kafli"},"content":{"rendered":"<p><a name=\"1\"><span class=\"versanumer\">1<\/span><\/a>Or\u00f0 Drottins, sem kom til Sefan\u00eda K\u00fas\u00edsonar, Gedaljasonar, Amar\u00edasonar, Hisk\u00edasonar, \u00e1 d\u00f6gum J\u00f3s\u00eda Am\u00f3nssonar J\u00fadakonungs.<a name=\"2\"><span class=\"versanumer\">2<\/span><\/a>\u00c9g vil gj\u00f6rs\u00f3pa \u00f6llu burt af j\u00f6r\u00f0unni segir Drottinn.<a name=\"3\"><span class=\"versanumer\">3<\/span><\/a>\u00c9g vil s\u00f3pa burt m\u00f6nnum og skepnum, \u00e9g vil s\u00f3pa burt fuglum himinsins og fiskum sj\u00e1varins, hneykslunum \u00e1samt hinum \u00f3gu\u00f0legu, og \u00e9g vil afm\u00e1 mennina af j\u00f6r\u00f0unni segir Drottinn.<a name=\"4\"><span class=\"versanumer\">4<\/span><\/a>\u00c9g mun \u00fatr\u00e9tta h\u00f6nd m\u00edna gegn J\u00fada og gegn \u00f6llum Jer\u00fasalemb\u00faum og afm\u00e1 nafn Baals af \u00feessum sta\u00f0, nafn hofgo\u00f0anna \u00e1samt prestunum,<a name=\"5\"><span class=\"versanumer\">5<\/span><\/a>svo og \u00fe\u00e1 er \u00e1 \u00fe\u00f6kunum falla fram fyrir her himinsins, og \u00fe\u00e1 sem falla fram fyrir Drottni, en sverja um lei\u00f0 vi\u00f0 Milk\u00f3m,<a name=\"6\"><span class=\"versanumer\">6<\/span><\/a>svo og \u00fe\u00e1 sem gj\u00f6rst hafa Drottni fr\u00e1hverfir og eigi leita Drottins n\u00e9 spyrja eftir honum.<a name=\"7\"><span class=\"versanumer\">7<\/span><\/a>Veri\u00f0 hlj\u00f3\u00f0ir fyrir Drottni Gu\u00f0i! \u00dev\u00ed a\u00f0 n\u00e1l\u00e6gur er dagur Drottins. J\u00e1, Drottinn hefir efnt til f\u00f3rnar, hann hefir \u00feegar v\u00edgt gesti s\u00edna.<a name=\"8\"><span class=\"versanumer\">8<\/span><\/a>\u00c1 f\u00f3rnardegi Drottins mun \u00e9g vitja h\u00f6f\u00f0ingjanna og konungssonanna, svo og allra \u00feeirra, er kl\u00e6\u00f0ast \u00fatlenskum kl\u00e6\u00f0na\u00f0i.<a name=\"9\"><span class=\"versanumer\">9<\/span><\/a>\u00deann dag vitja \u00e9g allra, sem st\u00f6kkva yfir \u00fer\u00f6skuldinn, \u00feeirra er fylla h\u00fas Drottins s\u00edns me\u00f0 ofbeldi og svikum.<a name=\"10\"><span class=\"versanumer\">10<\/span><\/a>\u00c1 \u00feeim degi segir Drottinn mun heyrast ney\u00f0ar\u00f3p fr\u00e1 Fiskhli\u00f0inu, kveinan \u00far \u00f6\u00f0ru borgarhverfi og \u00f3gurlegt harmakvein fr\u00e1 h\u00e6\u00f0unum.<a name=\"11\"><span class=\"versanumer\">11<\/span><\/a>Kveini\u00f0, \u00fe\u00e9r sem b\u00fai\u00f0 \u00ed Mort\u00e9linu, \u00fev\u00ed a\u00f0 allur kaupmannal\u00fd\u00f0urinn er eyddur, afm\u00e1\u00f0ir allir \u00feeir, er silfur vega.<a name=\"12\"><span class=\"versanumer\">12<\/span><\/a>\u00cd \u00feann t\u00edma mun \u00e9g rannsaka Jer\u00fasalem me\u00f0 skri\u00f0lj\u00f3sum og vitja \u00feeirra manna, sem liggja \u00e1 dreggjum s\u00ednum, \u00feeirra er segja \u00ed hjarta s\u00ednu: Drottinn gj\u00f6rir hvorki gott n\u00e9 illt.<a name=\"13\"><span class=\"versanumer\">13<\/span><\/a>\u00de\u00e1 munu fj\u00e1rmunir \u00feeirra ver\u00f0a a\u00f0 herfangi og h\u00fas \u00feeirra a\u00f0 au\u00f0n. \u00deeir munu byggja h\u00fas, en ekki b\u00faa \u00ed \u00feeim, planta v\u00edngar\u00f0a, en ekki drekka v\u00edni\u00f0, sem \u00far \u00feeim kemur.<a name=\"14\"><span class=\"versanumer\">14<\/span><\/a>Hinn mikli dagur Drottins er n\u00e1l\u00e6gur, hann er n\u00e1l\u00e6gur og hra\u00f0ar s\u00e9r mj\u00f6g. Heyr! Dagur Drottins! Beisklega kveinar \u00fe\u00e1 kappinn.<a name=\"15\"><span class=\"versanumer\">15<\/span><\/a>S\u00e1 dagur er dagur rei\u00f0i, dagur ney\u00f0ar og \u00ferengingar, dagur ey\u00f0ingar og umturnunar, dagur myrkurs og ni\u00f0dimmu, dagur sk\u00fd\u00feykknis og sk\u00fdsorta,<a name=\"16\"><span class=\"versanumer\">16<\/span><\/a>dagur l\u00fa\u00f0ra og herbl\u00e1sturs gegn v\u00edggirtu borgunum og h\u00e1u m\u00fartindunum.<a name=\"17\"><span class=\"versanumer\">17<\/span><\/a>\u00de\u00e1 mun \u00e9g hr\u00e6\u00f0a mennina, svo a\u00f0 \u00feeir r\u00e1fi eins og blindir menn, af \u00fev\u00ed a\u00f0 \u00feeir hafa syndga\u00f0 gegn Drottni, og bl\u00f3\u00f0i \u00feeirra skal \u00fathellt ver\u00f0a sem dufti og innyflum \u00feeirra sem saur.<a name=\"18\"><span class=\"versanumer\">18<\/span><\/a>Hvorki silfur \u00feeirra n\u00e9 gull f\u00e6r frelsa\u00f0 \u00fe\u00e1 \u00e1 rei\u00f0idegi Drottins, heldur skal allt landi\u00f0 ey\u00f0ast fyrir eldi vandl\u00e6tingar hans. \u00dev\u00ed a\u00f0 tort\u00edming, j\u00e1 br\u00e1\u00f0a ey\u00f0ing b\u00fdr hann \u00f6llum \u00feeim, sem \u00e1 j\u00f6r\u00f0unni b\u00faa.<\/p>\n<div class=\"footnote1981\"><b>1.1<\/b> J\u00f3s\u00eda 2Kon 22.1<br \/>\n<b>1.3<\/b> Menn og skepnur Jer 7.20 \u2013 fuglar og fiskar H\u00f3s 4.3<br \/>\n<b>1.4<\/b> Afm\u00e1 ummerki Baals 2Kon 23.4-5<br \/>\n<b>1.5<\/b> \u00c1 \u00fe\u00f6kunum 2Kon 23.12 \u2013 her himinsins 5M\u00f3s 4.19<br \/>\n<b>1.6<\/b> Sn\u00fai\u00f0 baki vi\u00f0 Drottni Jes 1.4; 9.12<br \/>\n<b>1.7<\/b> Hlj\u00f3\u00f0 fyrir Drottni Hab 2.20; Sak 2.17 \u2013 dagur Drottins Sef 1.14; 2.2-3; H\u00f3s 1.5+ ; Am 5.18+ &#8211; f\u00f3rn, gestir Opb 19.17-18<br \/>\n<b>1.10<\/b> Fiskhli\u00f0 Neh 3.3 \u2013 n\u00fdtt borgarhverfi 2Kon 22.14<br \/>\n<b>1.11<\/b> Kaupmenn Jes 23.8; Sak 14.21<br \/>\n<b>1.12<\/b> ,,Drottinn a\u00f0hefst hvorki gott n\u00e9 illt\u201d Jer 5.12; Slm 10.4,11; 14.1; 73.11; 94.7<br \/>\n<b>1.13<\/b> Nj\u00f3ta ekki \u00e1vaxtanna Am 5.11+<br \/>\n<b>1.14<\/b> Dagur Drottins Sef 1.7+ &#8211; er n\u00e1l\u00e6gur Jl 2.1<br \/>\n<b>1.15<\/b> Dagur myrkurs Jl 2.2; Am 5.18,20<br \/>\n<b>1.16<\/b> Gegn var\u00f0turnunum h\u00e1u Jes 2.12-16<br \/>\n<b>1.17<\/b> Sem blindir menn 5M\u00f3s 28.29; Jes 59.10; Job 12.25; Hlj 4.14 \u2013 bl\u00f3\u00f0i \u00feeirra \u00feyrla\u00f0 Jer 9.21; Slm 79.2-3<br \/>\n<b>1.18<\/b> Silfur og gull Esk 7.19; Okv 11.4 \u2013 heift Gu\u00f0s 2M\u00f3s 20.5+ ; Nah 1.2 \u2013 heiftarb\u00e1l 5M\u00f3s 4.24; 32.22; Heb 12.29<\/div>\n","protected":false},"excerpt":{"rendered":"<p>1Or\u00f0 Drottins, sem kom til Sefan\u00eda K\u00fas\u00edsonar, Gedaljasonar, Amar\u00edasonar, Hisk\u00edasonar, \u00e1 d\u00f6gum J\u00f3s\u00eda Am\u00f3nssonar J\u00fadakonungs.2\u00c9g vil gj\u00f6rs\u00f3pa \u00f6llu burt af j\u00f6r\u00f0unni segir Drottinn.3\u00c9g vil s\u00f3pa burt m\u00f6nnum og skepnum, \u00e9g vil s\u00f3pa burt fuglum himinsins og fiskum sj\u00e1varins, hneykslunum \u00e1samt hinum \u00f3gu\u00f0legu, og \u00e9g vil afm\u00e1 mennina af j\u00f6r\u00f0unni segir Drottinn.4\u00c9g mun \u00fatr\u00e9tta h\u00f6nd m\u00edna gegn J\u00fada og gegn \u00f6llum Jer\u00fasalemb\u00faum og afm\u00e1 nafn Baals af \u00feessum sta\u00f0, nafn hofgo\u00f0anna \u00e1samt prestunum,5svo og \u00fe\u00e1 er \u00e1 \u00fe\u00f6kunum falla fram fyrir her himinsins, og \u00fe\u00e1 sem falla fram fyrir Drottni, en sverja um lei\u00f0 vi\u00f0 Milk\u00f3m,6svo og \u00fe\u00e1 sem gj\u00f6rst hafa <a href=\"https:\/\/biblian.is\/1981\/sefania-1-kafli\/\"> [&#8230;]<\/a><\/p>\n","protected":false},"author":1,"featured_media":0,"parent":0,"menu_order":0,"comment_status":"open","ping_status":"open","template":"bibliukaflar.php","meta":{"footnotes":""},"class_list":["post-2254","page","type-page","status-publish","hentry"],"_links":{"self":[{"href":"https:\/\/biblian.is\/1981\/wp-json\/wp\/v2\/pages\/2254","targetHints":{"allow":["GET"]}}],"collection":[{"href":"https:\/\/biblian.is\/1981\/wp-json\/wp\/v2\/pages"}],"about":[{"href":"https:\/\/biblian.is\/1981\/wp-json\/wp\/v2\/types\/page"}],"author":[{"embeddable":true,"href":"https:\/\/biblian.is\/1981\/wp-json\/wp\/v2\/users\/1"}],"replies":[{"embeddable":true,"href":"https:\/\/biblian.is\/1981\/wp-json\/wp\/v2\/comments?post=2254"}],"version-history":[{"count":0,"href":"https:\/\/biblian.is\/1981\/wp-json\/wp\/v2\/pages\/2254\/revisions"}],"wp:attachment":[{"href":"https:\/\/biblian.is\/1981\/wp-json\/wp\/v2\/media?parent=2254"}],"curies":[{"name":"wp","href":"https:\/\/api.w.org\/{rel}","templated":true}]}}