{"id":2253,"date":"2017-11-18T20:20:58","date_gmt":"2017-11-18T20:20:58","guid":{"rendered":"http:\/\/biblian.is\/1981\/habakkuk-3-kafli\/"},"modified":"2018-01-13T21:08:21","modified_gmt":"2018-01-13T21:08:21","slug":"habakkuk-3-kafli","status":"publish","type":"page","link":"https:\/\/biblian.is\/1981\/habakkuk-3-kafli\/","title":{"rendered":"Habakkuk 3. kafli"},"content":{"rendered":"<p><a name=\"1\"><span class=\"versanumer\">1<\/span><\/a>B\u00e6n Habakkuks sp\u00e1manns. Me\u00f0 strengjaleik.<a name=\"2\"><span class=\"versanumer\">2<\/span><\/a>Drottinn, \u00e9g hefi heyrt bo\u00f0skap \u00feinn, \u00e9g er hr\u00e6ddur. Drottinn, endurn\u00fdja verk \u00feitt \u00e1\u00f0ur en m\u00f6rg \u00e1r l\u00ed\u00f0a, l\u00e1t \u00fea\u00f0 ver\u00f0a kunnugt \u00e1\u00f0ur en m\u00f6rg \u00e1r l\u00ed\u00f0a. Minnst \u00fe\u00fa miskunnar \u00ed rei\u00f0inni.<a name=\"3\"><span class=\"versanumer\">3<\/span><\/a>Gu\u00f0 kemur fr\u00e1 Teman og Hinn heilagi fr\u00e1 Paranfj\u00f6llum.  Sela.  Tign hans \u00feekur himininn, og af d\u00fdr\u00f0 hans er j\u00f6r\u00f0in full.<a name=\"4\"><span class=\"versanumer\">4<\/span><\/a>Lj\u00f3mi birtist eins og s\u00f3larlj\u00f3s, geislar stafa \u00fat fr\u00e1 hendi hans, og \u00fear er hj\u00fapurinn um m\u00e1tt hans.<a name=\"5\"><span class=\"versanumer\">5<\/span><\/a>Dreps\u00f3ttin fer \u00e1 undan honum, og s\u00fdkin fetar \u00ed f\u00f3tspor hans.<a name=\"6\"><span class=\"versanumer\">6<\/span><\/a>Hann gengur fram, og j\u00f6r\u00f0in n\u00f6trar, hann l\u00edtur upp, og \u00fej\u00f3\u00f0irnar hr\u00f6kkva vi\u00f0. \u00de\u00e1 molast hin \u00f6ldnu fj\u00f6ll sundur, \u00fe\u00e1 s\u00f6kkva hinar eil\u00edfu h\u00e6\u00f0ir ni\u00f0ur, hann gengur sama veginn og for\u00f0um daga.<a name=\"7\"><span class=\"versanumer\">7<\/span><\/a>\u00c9g s\u00e9 tj\u00f6ld K\u00fasans \u00ed nau\u00f0um st\u00f6dd, tjaldd\u00fakarnir \u00ed Mid\u00edanslandi bifast til og fr\u00e1.<a name=\"8\"><span class=\"versanumer\">8<\/span><\/a>Ert \u00fe\u00fa, Drottinn, rei\u00f0ur flj\u00f3tunum, e\u00f0a beinist br\u00e6\u00f0i \u00fe\u00edn a\u00f0 \u00feeim? E\u00f0a beinist heift \u00fe\u00edn a\u00f0 hafinu, \u00far \u00fev\u00ed \u00fe\u00fa ekur me\u00f0 hesta \u00fe\u00edna, \u00e1 sigurvagni \u00fe\u00ednum?<a name=\"9\"><span class=\"versanumer\">9<\/span><\/a>Ber og nakinn er bogi \u00feinn, \u00fe\u00fa fyllir \u00f6rvam\u00e6li \u00feinn skeytum, \u00fe\u00fa kl\u00fdfur vatnsf\u00f6ll, svo a\u00f0 land kemur fram.<a name=\"10\"><span class=\"versanumer\">10<\/span><\/a>Fj\u00f6llin sj\u00e1 \u00feig og skj\u00e1lfa, steypiregn dynur yfir, hafdj\u00fapi\u00f0 l\u00e6tur raust s\u00edna drynja, r\u00e9ttir hendur s\u00ednar h\u00e1tt upp.<a name=\"11\"><span class=\"versanumer\">11<\/span><\/a>S\u00f3l og tungl b\u00ed\u00f0a kyrr \u00ed h\u00edb\u00fdlum s\u00ednum, fyrir lj\u00f3si \u00feinna \u00fej\u00f3tandi \u00f6rva, fyrir lj\u00f3ma \u00fe\u00edns leiftrandi spj\u00f3ts.<a name=\"12\"><span class=\"versanumer\">12<\/span><\/a>\u00cd gremi fetar \u00fe\u00fa yfir j\u00f6r\u00f0ina, \u00ed rei\u00f0i \u00fereskir \u00fe\u00fa \u00fej\u00f3\u00f0irnar.<a name=\"13\"><span class=\"versanumer\">13<\/span><\/a>\u00de\u00fa fer a\u00f0 heiman til \u00feess a\u00f0 frelsa \u00fej\u00f3\u00f0 \u00fe\u00edna, til \u00feess a\u00f0 hj\u00e1lpa \u00fe\u00ednum smur\u00f0a. \u00de\u00fa br\u00fdtur ni\u00f0ur m\u00e6ninn \u00e1 h\u00fasi hins \u00f3gu\u00f0lega, gj\u00f6rir grundv\u00f6llinn beran ni\u00f0ur \u00e1 kl\u00f6pp.<a name=\"14\"><span class=\"versanumer\">14<\/span><\/a>\u00de\u00fa rekur lensur gegnum h\u00f6fu\u00f0i\u00f0 \u00e1 herforingjum hans, er geysast fram til a\u00f0 tv\u00edstra m\u00e9r. Fagna\u00f0ar\u00f3p \u00feeirra glymja, eins og \u00feeir \u00e6tlu\u00f0u a\u00f0 uppeta hina hrj\u00e1\u00f0u \u00ed leyni.<a name=\"15\"><span class=\"versanumer\">15<\/span><\/a>\u00de\u00fa fer yfir hafi\u00f0 me\u00f0 hesta \u00fe\u00edna, yfir svelg mikilla vatna.<a name=\"16\"><span class=\"versanumer\">16<\/span><\/a>\u00deegar \u00e9g heyr\u00f0i \u00fea\u00f0, titra\u00f0i hjarta mitt, varir m\u00ednar skulfu vi\u00f0 fregnina. Hrollur kom \u00ed bein m\u00edn, og \u00e9g var\u00f0 skj\u00e1lfandi \u00e1 f\u00f3tum, a\u00f0 \u00e9g yr\u00f0i a\u00f0 b\u00ed\u00f0a h\u00f6rmungadagsins, uns hann rennur upp \u00feeirri \u00fej\u00f3\u00f0, er \u00e1 oss r\u00e6\u00f0st.<a name=\"17\"><span class=\"versanumer\">17<\/span><\/a>\u00de\u00f3tt f\u00edkjutr\u00e9\u00f0 bl\u00f3mgist ekki og v\u00edntr\u00e9n beri engan \u00e1v\u00f6xt, \u00fe\u00f3tt gr\u00f3\u00f0i ol\u00edutr\u00e9sins breg\u00f0ist og akurl\u00f6ndin gefi enga f\u00e6\u00f0u, \u00fe\u00f3tt sau\u00f0f\u00e9 hverfi \u00far r\u00e9ttinni og engin naut ver\u00f0i eftir \u00ed nautah\u00fasunum,<a name=\"18\"><span class=\"versanumer\">18<\/span><\/a>\u00fe\u00e1 skal \u00e9g \u00fe\u00f3 gle\u00f0jast \u00ed Drottni, fagna yfir Gu\u00f0i hj\u00e1lpr\u00e6\u00f0is m\u00edns.<a name=\"19\"><span class=\"versanumer\">19<\/span><\/a>Drottinn Gu\u00f0 er styrkur minn! Hann gj\u00f6rir f\u00e6tur m\u00edna sem hindanna og l\u00e6tur mig ganga eftir h\u00e6\u00f0unum. Til s\u00f6ngstj\u00f3rans. Me\u00f0 strengjaleik.<\/p>\n<div class=\"footnote1981\"><b>3.1<\/b> B\u00e6n (sem fyrirs\u00f6gn) Slm 17.1; 86.1; 90.1, 102.1; 142.1<br \/>\n<b>3.2<\/b> Rei\u00f0i Gu\u00f0s og miskunn Jes 54.8<br \/>\n<b>3.3<\/b> Gu\u00f0 kemur 5M\u00f3s 33.2; D\u00f3m 5.4; sbr Slm 18.8-15 \u2013 d\u00fdr\u00f0 hans \u00feekur j\u00f6r\u00f0ina Hab 2.14; sbr 4M\u00f3s 14.21<br \/>\n<b>3.6<\/b> Fj\u00f6llin molna Hab 3.10; 2M\u00f3s 19.18; D\u00f3m 5.4-5; Jes 42.15; Nah 1.5+ ; Slm 18.8+ ; 68.8-9; 114.4<br \/>\n<b>3.8<\/b> Rei\u00f0skj\u00f3tar Gu\u00f0s 5M\u00f3s 33.26; Slm 18.11<br \/>\n<b>3.9<\/b> Bogi Gu\u00f0s 1M\u00f3s 9.13; Hlj 2.4; 3.12 \u2013 \u00f6rvar Gu\u00f0s 5M\u00f3s 32.33; Esk 5.16; Slm 18.15<br \/>\n<b>3.11<\/b> S\u00f3l og tungl v\u00edkja ekki J\u00f3s 10.12<br \/>\n<b>3.13<\/b> L\u00fd\u00f0ur Gu\u00f0s \u2013 hinn smur\u00f0i Slm 28.8; 105.15<br \/>\n<b>3.14<\/b> \u00d3vinir \u00fej\u00e1 hina hrj\u00e1\u00f0u Slm 10.2,9; 12.6; 18.28 o.\u00e1fr.<br \/>\n<b>3.15<\/b> Hafi\u00f0 Jes 43.16-17; 51.10; Slm 77.20<br \/>\n<b>3.16<\/b> Skj\u00e1lfa Jes 21.3-4; Jer 4.19; 23.9 \u2013 ney\u00f0 Slm 77.3+<br \/>\n<b>3.17<\/b> Engin f\u00e6\u00f0a Jer 5.17; H\u00f3s 9.2<br \/>\n<b>3.18<\/b> Fagna yfir Gu\u00f0i hj\u00e1lpr\u00e6\u00f0is m\u00edns L\u00fak 1.47; sbr Jes 61.10; Jl 2.23; Slm 5.12; 32.11; 33.1 \u2013 Gu\u00f0 hj\u00e1lpr\u00e6\u00f0is m\u00edns Jes 43.3+ ; M\u00edk 7.7<br \/>\n<b>3.19<\/b> Til s\u00f6ngstj\u00f3rans Slm 4.1; 5.1<\/div>\n","protected":false},"excerpt":{"rendered":"<p>1B\u00e6n Habakkuks sp\u00e1manns. Me\u00f0 strengjaleik.2Drottinn, \u00e9g hefi heyrt bo\u00f0skap \u00feinn, \u00e9g er hr\u00e6ddur. Drottinn, endurn\u00fdja verk \u00feitt \u00e1\u00f0ur en m\u00f6rg \u00e1r l\u00ed\u00f0a, l\u00e1t \u00fea\u00f0 ver\u00f0a kunnugt \u00e1\u00f0ur en m\u00f6rg \u00e1r l\u00ed\u00f0a. Minnst \u00fe\u00fa miskunnar \u00ed rei\u00f0inni.3Gu\u00f0 kemur fr\u00e1 Teman og Hinn heilagi fr\u00e1 Paranfj\u00f6llum. Sela. Tign hans \u00feekur himininn, og af d\u00fdr\u00f0 hans er j\u00f6r\u00f0in full.4Lj\u00f3mi birtist eins og s\u00f3larlj\u00f3s, geislar stafa \u00fat fr\u00e1 hendi hans, og \u00fear er hj\u00fapurinn um m\u00e1tt hans.5Dreps\u00f3ttin fer \u00e1 undan honum, og s\u00fdkin fetar \u00ed f\u00f3tspor hans.6Hann gengur fram, og j\u00f6r\u00f0in n\u00f6trar, hann l\u00edtur upp, og \u00fej\u00f3\u00f0irnar hr\u00f6kkva vi\u00f0. \u00de\u00e1 molast hin \u00f6ldnu fj\u00f6ll <a href=\"https:\/\/biblian.is\/1981\/habakkuk-3-kafli\/\"> [&#8230;]<\/a><\/p>\n","protected":false},"author":1,"featured_media":0,"parent":0,"menu_order":0,"comment_status":"open","ping_status":"open","template":"bibliukaflar.php","meta":{"footnotes":""},"class_list":["post-2253","page","type-page","status-publish","hentry"],"_links":{"self":[{"href":"https:\/\/biblian.is\/1981\/wp-json\/wp\/v2\/pages\/2253","targetHints":{"allow":["GET"]}}],"collection":[{"href":"https:\/\/biblian.is\/1981\/wp-json\/wp\/v2\/pages"}],"about":[{"href":"https:\/\/biblian.is\/1981\/wp-json\/wp\/v2\/types\/page"}],"author":[{"embeddable":true,"href":"https:\/\/biblian.is\/1981\/wp-json\/wp\/v2\/users\/1"}],"replies":[{"embeddable":true,"href":"https:\/\/biblian.is\/1981\/wp-json\/wp\/v2\/comments?post=2253"}],"version-history":[{"count":0,"href":"https:\/\/biblian.is\/1981\/wp-json\/wp\/v2\/pages\/2253\/revisions"}],"wp:attachment":[{"href":"https:\/\/biblian.is\/1981\/wp-json\/wp\/v2\/media?parent=2253"}],"curies":[{"name":"wp","href":"https:\/\/api.w.org\/{rel}","templated":true}]}}