{"id":2252,"date":"2017-11-18T20:20:58","date_gmt":"2017-11-18T20:20:58","guid":{"rendered":"http:\/\/biblian.is\/1981\/habakkuk-2-kafli\/"},"modified":"2018-01-13T21:07:58","modified_gmt":"2018-01-13T21:07:58","slug":"habakkuk-2-kafli","status":"publish","type":"page","link":"https:\/\/biblian.is\/1981\/habakkuk-2-kafli\/","title":{"rendered":"Habakkuk 2. kafli"},"content":{"rendered":"<p><a name=\"1\"><span class=\"versanumer\">1<\/span><\/a>\u00c9g \u00e6tla a\u00f0 nema sta\u00f0ar \u00e1 var\u00f0bergi m\u00ednu og ganga \u00fat \u00e1 virkisvegginn og skyggnast um til \u00feess a\u00f0 sj\u00e1, hva\u00f0 hann talar vi\u00f0 mig og hverju hann svarar umkvartan minni.<a name=\"2\"><span class=\"versanumer\">2<\/span><\/a>\u00de\u00e1 svara\u00f0i Drottinn m\u00e9r og sag\u00f0i: Skrifa \u00fe\u00fa vitrunina upp og letra svo sk\u00fdrt \u00e1 spj\u00f6ldin, a\u00f0 lesa megi vi\u00f0st\u00f6\u00f0ulaust.<a name=\"3\"><span class=\"versanumer\">3<\/span><\/a>\u00dev\u00ed a\u00f0 enn hefir vitrunin sinn \u00e1kve\u00f0na t\u00edma, en h\u00fan skundar a\u00f0 takmarkinu og bregst ekki. \u00de\u00f3tt h\u00fan dragist, \u00fe\u00e1 v\u00e6nt hennar, \u00fev\u00ed a\u00f0 h\u00fan mun vissulega fram koma og ekki undan l\u00ed\u00f0a.<a name=\"4\"><span class=\"versanumer\">4<\/span><\/a>Sj\u00e1, hann er hrokafullur og ber eigi \u00ed brj\u00f3sti s\u00e9r r\u00e1\u00f0vanda s\u00e1l, en hinn r\u00e9ttl\u00e1ti mun lifa fyrir tr\u00fafesti s\u00edna.<a name=\"5\"><span class=\"versanumer\">5<\/span><\/a>Vei r\u00e6ningjanum, manninum sem girnist og eigi ver\u00f0ur saddur, sem glennir sundur gin sitt eins og Hel og er \u00f3se\u00f0jandi eins og dau\u00f0inn, sem safna\u00f0i til s\u00edn \u00f6llum \u00fej\u00f3\u00f0um og dr\u00f3 a\u00f0 s\u00e9r alla l\u00fd\u00f0i.<a name=\"6\"><span class=\"versanumer\">6<\/span><\/a>Munu eigi allir \u00feessir kve\u00f0a um hann h\u00e1\u00f0kv\u00e6\u00f0i og n\u00ed\u00f0, g\u00e1tur um hann? Menn munu segja: Vei \u00feeim, sem rakar saman annarra f\u00e9 hversu lengi? og hle\u00f0ur \u00e1 sig pantteknum munum.<a name=\"7\"><span class=\"versanumer\">7<\/span><\/a>Munu eigi l\u00e1nsalar \u00fe\u00ednir skyndilega upp r\u00edsa og \u00feeir vakna, er a\u00f0 \u00fe\u00e9r munu \u00ferengja? \u00de\u00e1 munt \u00fe\u00fa ver\u00f0a herfang \u00feeirra.<a name=\"8\"><span class=\"versanumer\">8<\/span><\/a>\u00dev\u00ed a\u00f0 eins og \u00fe\u00fa hefir r\u00e6nt margar \u00fej\u00f3\u00f0ir, svo munu n\u00fa allar hinar \u00fej\u00f3\u00f0irnar r\u00e6na \u00feig fyrir manndr\u00e1pin og fyrir ofr\u00edki\u00f0, sem landi\u00f0 hefir beitt veri\u00f0, borgin og allir \u00edb\u00faar hennar.<a name=\"9\"><span class=\"versanumer\">9<\/span><\/a>Vei \u00feeim, sem s\u00e6kist eftir illum \u00e1vinningi fyrir h\u00fas sitt til \u00feess a\u00f0 geta byggt hrei\u00f0ur sitt h\u00e1tt uppi, til \u00feess a\u00f0 geta bjarga\u00f0 s\u00e9r undan hendi \u00f3g\u00e6funnar.<a name=\"10\"><span class=\"versanumer\">10<\/span><\/a>\u00de\u00fa t\u00f3kst upp \u00fea\u00f0 r\u00e1\u00f0, sem var\u00f0 h\u00fasi \u00fe\u00ednu til sm\u00e1nar, a\u00f0 afm\u00e1 margar \u00fej\u00f3\u00f0ir, og baka\u00f0ir sj\u00e1lfum \u00fe\u00e9r sekt.<a name=\"11\"><span class=\"versanumer\">11<\/span><\/a>\u00dev\u00ed a\u00f0 steinarnir munu hr\u00f3pa \u00fat \u00far m\u00farveggnum og sperrur \u00far grindinni svara \u00feeim.<a name=\"12\"><span class=\"versanumer\">12<\/span><\/a>Vei \u00feeim, sem reisir sta\u00f0 me\u00f0 manndr\u00e1pum og grundvallar borg me\u00f0 gl\u00e6pum.<a name=\"13\"><span class=\"versanumer\">13<\/span><\/a>Kemur sl\u00edkt ekki fr\u00e1 Drottni allsherjar? \u00dej\u00f3\u00f0ir vinna fyrir eldinn, og \u00fej\u00f3\u00f0flokkar \u00fereyta sig fyrir ekki neitt!<a name=\"14\"><span class=\"versanumer\">14<\/span><\/a>\u00dev\u00ed a\u00f0 j\u00f6r\u00f0in mun ver\u00f0a full af \u00feekking \u00e1 d\u00fdr\u00f0 Drottins, eins og dj\u00fap sj\u00e1varins v\u00f6tnum huli\u00f0.<a name=\"15\"><span class=\"versanumer\">15<\/span><\/a>Vei \u00feeim, sem gefur vinum s\u00ednum a\u00f0 drekka \u00far sk\u00e1l heiftar sinnar og gj\u00f6rir \u00fe\u00e1 jafnvel drukkna til \u00feess a\u00f0 sj\u00e1 blyg\u00f0an \u00feeirra.<a name=\"16\"><span class=\"versanumer\">16<\/span><\/a>\u00de\u00fa hefir metta\u00f0 \u00feig \u00e1 sm\u00e1n, en ekki \u00e1 hei\u00f0ri. Drekk \u00fe\u00fa n\u00fa einnig og reika! Bikarinn \u00ed h\u00e6gri hendi Drottins kemur n\u00fa til \u00fe\u00edn og vansi ofan \u00e1 vegsemd \u00fe\u00edna.<a name=\"17\"><span class=\"versanumer\">17<\/span><\/a>\u00dev\u00ed a\u00f0 ofr\u00edki\u00f0, sem haft hefir veri\u00f0 \u00ed frammi vi\u00f0 L\u00edbanon, skal \u00e1 \u00fe\u00e9r bitna og d\u00fdradr\u00e1pi\u00f0 hr\u00e6\u00f0a \u00feig fyrir manndr\u00e1pin og fyrir ofr\u00edki\u00f0, sem landi\u00f0 hefir beitt veri\u00f0, borgin og allir \u00edb\u00faar hennar.<a name=\"18\"><span class=\"versanumer\">18<\/span><\/a>Hva\u00f0 gagnar skur\u00f0mynd, a\u00f0 smi\u00f0urinn sker hana \u00fat, e\u00f0a steypt l\u00edkneski og lygafr\u00e6\u00f0ari, a\u00f0 smi\u00f0urinn treystir \u00e1 \u00fea\u00f0, svo a\u00f0 hann b\u00fdr til m\u00e1llausa gu\u00f0i?<a name=\"19\"><span class=\"versanumer\">19<\/span><\/a>Vei \u00feeim, sem segir vi\u00f0 tr\u00e9drumb: Vakna \u00fe\u00fa! R\u00eds upp! vi\u00f0 dumban steininn. Mun hann geta fr\u00e6tt? Nei, \u00fe\u00f3tt hann s\u00e9 b\u00fainn gulli og silfri, \u00fe\u00e1 er \u00fe\u00f3 enginn andi \u00ed honum.<a name=\"20\"><span class=\"versanumer\">20<\/span><\/a>En Drottinn er \u00ed s\u00ednu heilaga musteri, \u00f6ll j\u00f6r\u00f0in veri hlj\u00f3\u00f0 fyrir honum!<\/p>\n<div class=\"footnote1981\"><b>2.1<\/b> Sp\u00e1ma\u00f0ur, v\u00f6r\u00f0ur Jes 21.6-8,11; Jer 6.17; Esk 3.17; 33.1-9; M\u00edk 7.4<br \/>\n<b>2.2<\/b> Bo\u00f0ska\u00f0ur Gu\u00f0s skrifa\u00f0ur 2M\u00f3s 24.12; 5M\u00f3s 4.13; 27.8; Jes 8.1; 30.8; Jer 30.2; 36.2,4,32; Opb 1.19<br \/>\n<b>2.3<\/b> \u00c1kve\u00f0inn t\u00edmi Dan 8.19; 10.14; 11.27,35 \u2013 \u00fe\u00f3tt t\u00f6f ver\u00f0i \u00e1 2P\u00e9t 3.9<br \/>\n<b>2.4<\/b> Fyrir tr\u00fa s\u00edna R\u00f3m 1.17; Gal 3.11; Heb 10.38<br \/>\n<b>2.6-12<\/b> Vei Jes 10.1+ &#8211; \u00feeim sem k\u00fagar Jer 22.13-19<br \/>\n<b>2.6<\/b> H\u00e1\u00f0kv\u00e6\u00f0i Jes 14.4; M\u00edk 2.4 \u2013 s\u00f3pa a\u00f0 s\u00e9r &#8230; Jes 5.8 \u2013 hve miklu lengur? Slm 6.4<br \/>\n<b>2.8<\/b> Goldi\u00f0 \u00ed s\u00f6mu mynt Jes 33.1; Jer 30.16; 50.10,29; \u00d3b 15; Opb 18.6-7; sbr Jer 2.19<br \/>\n<b>2.10<\/b> Ey\u00f0ing \u00fej\u00f3\u00f0a Heb 1.17; Jes 10.7<br \/>\n<b>2.11<\/b> Steinarnir hr\u00f3pa L\u00fak 19.40<br \/>\n<b>2.12<\/b> \u00c1 manndr\u00e1pum Jer 22.13; M\u00edk 3.10<br \/>\n<b>2.14<\/b> D\u00fdr\u00f0 Drottins fyllir j\u00f6r\u00f0ina Jes 6.3+<br \/>\n<b>2.15<\/b> \u00d6lvun og nekt 1M\u00f3s 9.20-25<br \/>\n<b>2.16<\/b> Drekk \u00fe\u00fa einnig Hlj 4.21 \u2013 blyg\u00f0ast s\u00edn fyrir nekt s\u00edna 1M\u00f3s 3.7; Nah 3.5+<br \/>\n<b>2.17<\/b> \u00d3d\u00e6\u00f0i gegn L\u00edbanon Jes 37.24<br \/>\n<b>2.18-19<\/b> Skur\u00f0go\u00f0ad\u00fdrkun Jes 40.19+<br \/>\n<b>2.18<\/b> M\u00e1llaus go\u00f0 1Kor 12.2<br \/>\n<b>2.20<\/b> Himneskt musteri Drottins 5M\u00f3s 26.15; 1Kon 8.30; Jes 40.22; M\u00edk 1.2; Slm 11.4 \u2013 \u00fe\u00f6gn Sef 1.7; Sak 2.17; sbr Opb 8.1<\/div>\n","protected":false},"excerpt":{"rendered":"<p>1\u00c9g \u00e6tla a\u00f0 nema sta\u00f0ar \u00e1 var\u00f0bergi m\u00ednu og ganga \u00fat \u00e1 virkisvegginn og skyggnast um til \u00feess a\u00f0 sj\u00e1, hva\u00f0 hann talar vi\u00f0 mig og hverju hann svarar umkvartan minni.2\u00de\u00e1 svara\u00f0i Drottinn m\u00e9r og sag\u00f0i: Skrifa \u00fe\u00fa vitrunina upp og letra svo sk\u00fdrt \u00e1 spj\u00f6ldin, a\u00f0 lesa megi vi\u00f0st\u00f6\u00f0ulaust.3\u00dev\u00ed a\u00f0 enn hefir vitrunin sinn \u00e1kve\u00f0na t\u00edma, en h\u00fan skundar a\u00f0 takmarkinu og bregst ekki. \u00de\u00f3tt h\u00fan dragist, \u00fe\u00e1 v\u00e6nt hennar, \u00fev\u00ed a\u00f0 h\u00fan mun vissulega fram koma og ekki undan l\u00ed\u00f0a.4Sj\u00e1, hann er hrokafullur og ber eigi \u00ed brj\u00f3sti s\u00e9r r\u00e1\u00f0vanda s\u00e1l, en hinn r\u00e9ttl\u00e1ti mun lifa fyrir tr\u00fafesti <a href=\"https:\/\/biblian.is\/1981\/habakkuk-2-kafli\/\"> [&#8230;]<\/a><\/p>\n","protected":false},"author":1,"featured_media":0,"parent":0,"menu_order":0,"comment_status":"open","ping_status":"open","template":"bibliukaflar.php","meta":{"footnotes":""},"class_list":["post-2252","page","type-page","status-publish","hentry"],"_links":{"self":[{"href":"https:\/\/biblian.is\/1981\/wp-json\/wp\/v2\/pages\/2252","targetHints":{"allow":["GET"]}}],"collection":[{"href":"https:\/\/biblian.is\/1981\/wp-json\/wp\/v2\/pages"}],"about":[{"href":"https:\/\/biblian.is\/1981\/wp-json\/wp\/v2\/types\/page"}],"author":[{"embeddable":true,"href":"https:\/\/biblian.is\/1981\/wp-json\/wp\/v2\/users\/1"}],"replies":[{"embeddable":true,"href":"https:\/\/biblian.is\/1981\/wp-json\/wp\/v2\/comments?post=2252"}],"version-history":[{"count":0,"href":"https:\/\/biblian.is\/1981\/wp-json\/wp\/v2\/pages\/2252\/revisions"}],"wp:attachment":[{"href":"https:\/\/biblian.is\/1981\/wp-json\/wp\/v2\/media?parent=2252"}],"curies":[{"name":"wp","href":"https:\/\/api.w.org\/{rel}","templated":true}]}}