{"id":2251,"date":"2017-11-18T20:20:58","date_gmt":"2017-11-18T20:20:58","guid":{"rendered":"http:\/\/biblian.is\/1981\/habakkuk-1-kafli\/"},"modified":"2018-01-13T21:07:33","modified_gmt":"2018-01-13T21:07:33","slug":"habakkuk-1-kafli","status":"publish","type":"page","link":"https:\/\/biblian.is\/1981\/habakkuk-1-kafli\/","title":{"rendered":"Habakkuk 1. kafli"},"content":{"rendered":"<p><a name=\"1\"><\/a><span class=\"versanumer\">1<\/span>Sp\u00e1d\u00f3mur, sem opinbera\u00f0ur var Habakkuk sp\u00e1manni.<a name=\"2\"><\/a><span class=\"versanumer\">2<\/span>Hversu lengi hefi \u00e9g kalla\u00f0, Drottinn, og \u00fe\u00fa heyrir ekki! Hversu lengi hefi \u00e9g hr\u00f3pa\u00f0 til \u00fe\u00edn: Ofr\u00edki! og \u00fe\u00fa hj\u00e1lpar ekki!<a name=\"3\"><\/a><span class=\"versanumer\">3<\/span>Hv\u00ed l\u00e6tur \u00fe\u00fa mig sj\u00e1 rangindi, hv\u00ed horfir \u00fe\u00fa upp \u00e1 rangsleitni? Ey\u00f0ing og ofr\u00edki standa fyrir augum m\u00e9r. Af \u00fev\u00ed koma \u00fer\u00e6tur, og deilur r\u00edsa upp.<a name=\"4\"><\/a><span class=\"versanumer\">4<\/span>Fyrir \u00fev\u00ed ver\u00f0ur l\u00f6gm\u00e1li\u00f0 magnlaust og fyrir \u00fev\u00ed kemur r\u00e9tturinn aldrei fram. Hinir \u00f3gu\u00f0legu umkringja hina r\u00e9ttl\u00e1tu, fyrir \u00fev\u00ed kemur r\u00e9tturinn fram rangsn\u00fainn.<a name=\"5\"><\/a><span class=\"versanumer\">5<\/span>L\u00edti\u00f0 upp, \u00fe\u00e9r hinir sviks\u00f6mu, og litist um! Falli\u00f0 \u00ed stafi og undrist! \u00dev\u00ed a\u00f0 \u00e9g framkv\u00e6mi verk \u00e1 y\u00f0ar d\u00f6gum \u00fe\u00e9r mundu\u00f0 ekki tr\u00faa \u00fev\u00ed, ef sagt v\u00e6ri fr\u00e1 \u00fev\u00ed.<a name=\"6\"><\/a><span class=\"versanumer\">6<\/span>Sj\u00e1, \u00e9g reisi upp Kaldea, hina har\u00f0gj\u00f6ru og ofsafullu \u00fej\u00f3\u00f0, sem fer um v\u00ed\u00f0a ver\u00f6ld til \u00feess a\u00f0 leggja undir sig b\u00fasta\u00f0i, sem h\u00fan \u00e1 ekki.<a name=\"7\"><\/a><span class=\"versanumer\">7<\/span>\u00c6gileg og hr\u00e6\u00f0ileg er h\u00fan, fr\u00e1 henni sj\u00e1lfri \u00fat gengur r\u00e9ttur hennar og tign.<a name=\"8\"><\/a><span class=\"versanumer\">8<\/span>Hestar hennar eru fr\u00e1rri en pardusd\u00fdr og skj\u00f3tari en \u00falfar a\u00f0 kveldi dags. Riddarar hennar \u00feeysa \u00e1fram, riddarar hennar koma langt a\u00f0. \u00deeir flj\u00faga \u00e1fram eins og \u00f6rn, sem hra\u00f0ar s\u00e9r a\u00f0 \u00e6ti.<a name=\"9\"><\/a><span class=\"versanumer\">9<\/span>Allir koma \u00feeir til \u00feess a\u00f0 fremja ofbeldisverk, brj\u00f3tast beint \u00e1fram og raka saman herteknum m\u00f6nnum eins og sandi.<a name=\"10\"><\/a><span class=\"versanumer\">10<\/span>\u00deeir gj\u00f6ra gys a\u00f0 konungum, og h\u00f6f\u00f0ingjar eru \u00feeim a\u00f0 hl\u00e1tri. \u00deeir hl\u00e6ja a\u00f0 \u00f6llum virkjum, hr\u00faga upp mold og vinna \u00feau.<a name=\"11\"><\/a><span class=\"versanumer\">11<\/span>\u00deeir f\u00e1 n\u00fdjan kraft og brj\u00f3tast \u00e1fram og gj\u00f6rast brotlegir, \u00feeir sem tr\u00faa \u00e1 m\u00e1tt sinn og megin.<a name=\"12\"><\/a><span class=\"versanumer\">12<\/span>Ert \u00fe\u00fa, Drottinn, ekki Gu\u00f0 minn fr\u00e1 \u00f6ndver\u00f0u, minn Heilagi, sem aldrei deyr? Drottinn, \u00fe\u00fa hefir fali\u00f0 \u00feeim a\u00f0 framkv\u00e6ma d\u00f3m. Bjargi\u00f0 mitt, \u00fe\u00fa hefir sett \u00fe\u00e1 til a\u00f0 refsa.<a name=\"13\"><\/a><span class=\"versanumer\">13<\/span>Augu \u00fe\u00edn eru of hrein til \u00feess a\u00f0 l\u00edta hi\u00f0 illa, og \u00fe\u00fa getur ekki horft upp \u00e1 rangsleitni. Hv\u00ed horfir \u00fe\u00fa \u00e1 svikarana, hv\u00ed \u00feegir \u00fe\u00fa, \u00feegar hinn \u00f3gu\u00f0legi uppsvelgir \u00feann, sem honum er r\u00e9ttl\u00e1tari?<a name=\"14\"><\/a><span class=\"versanumer\">14<\/span>Og \u00feannig hefir \u00fe\u00fa l\u00e1ti\u00f0 mennina ver\u00f0a eins og fiska sj\u00e1varins, eins og skri\u00f0kvikindin, sem engan drottnara hafa.<a name=\"15\"><\/a><span class=\"versanumer\">15<\/span>\u00deeir draga \u00fe\u00e1 alla upp \u00e1 \u00f6ngli s\u00ednum, hr\u00edfa \u00fe\u00e1 \u00ed net sitt og safna \u00feeim \u00ed v\u00f6rpu s\u00edna. Fyrir \u00fev\u00ed gle\u00f0jast \u00feeir og fagna,<a name=\"16\"><\/a><span class=\"versanumer\">16<\/span>fyrir \u00fev\u00ed f\u00e6ra \u00feeir neti s\u00ednu sl\u00e1turf\u00f3rn og v\u00f6rpu sinni reykelsisf\u00f3rn. \u00dev\u00ed a\u00f0 \u00feau afla \u00feeim r\u00edkulegs hlutskiptis og r\u00edflegs matar.<a name=\"17\"><\/a><span class=\"versanumer\">17<\/span>Fyrir \u00fev\u00ed breg\u00f0a \u00feeir sver\u00f0i s\u00ednu \u00e1n afl\u00e1ts til \u00feess a\u00f0 drepa \u00fej\u00f3\u00f0ir v\u00e6g\u00f0arlaust.<\/p>\n<div class=\"footnote1981\"><b>1.1<\/b> Sp\u00e1d\u00f3mur Jes 13.1+ ; vitrun Nah 1.1+<br \/>\n<b>1.2<\/b> Ofbeldi Jer 20.8; Job 19.7 \u2013 kemur ekki til hj\u00e1lpar Jer 14.9; Slm 22.2-3<br \/>\n<b>1.3<\/b> Ofbeldi og r\u00e1n Jer 6.7; Am 3.10; Slm 55.10-12<br \/>\n<b>1.4<\/b> R\u00e9tturinn hundsa\u00f0ur Jes 59.14 \u2013 r\u00e9ttl\u00e1tir, f\u00f3rnarl\u00f6mb illmenna (\u00f3gu\u00f0legra) M\u00edk 7.2<br \/>\n<b>1.5<\/b> Undrist Jes 29.9 \u2013 verk Gu\u00f0s Jes 5.12<br \/>\n<b>1.6<\/b> \u00c9g magna upp &#8230; 2Kon 24.2-4; Jes 10.6; Jer 5.15-19; 25.9-11; 27.6-7; 51.20-23; Am 3.11<br \/>\n<b>1.7<\/b> Ofdramb Jes 10.13<br \/>\n<b>1.11<\/b> Tr\u00faa \u00e1 m\u00e1tt sinn Jes 10.13; Jer 17.5<br \/>\n<b>1.12<\/b> Fr\u00e1 \u00f6ndver\u00f0ur Slm 90.1-2; 93.2 \u2013 minn Heilagi Jes 1.4+ ; 6.3; Slm 22.4 \u2013 Gu\u00f0 er bjarg Slm 28.1<br \/>\n<b>1.13<\/b> Um megn a\u00f0 horfa \u00e1 illvirki Slm 5.5-6 \u2013 hv\u00ed? Jer 12.1; 15.18; 20.18; Slm 10.1; 22.2; 42.10; Job 3.11-12,20; 7.20 o.\u00e1fr. \u2013 a\u00f0ger\u00f0aleysi Gu\u00f0s Slm 22.3; 28.1<br \/>\n<b>1.15<\/b> Net og vei\u00f0ar, t\u00e1kn um sigur Jer 16.16; Esk 12.13; 17.20<\/div>\n","protected":false},"excerpt":{"rendered":"<p>1Sp\u00e1d\u00f3mur, sem opinbera\u00f0ur var Habakkuk sp\u00e1manni.2Hversu lengi hefi \u00e9g kalla\u00f0, Drottinn, og \u00fe\u00fa heyrir ekki! Hversu lengi hefi \u00e9g hr\u00f3pa\u00f0 til \u00fe\u00edn: Ofr\u00edki! og \u00fe\u00fa hj\u00e1lpar ekki!3Hv\u00ed l\u00e6tur \u00fe\u00fa mig sj\u00e1 rangindi, hv\u00ed horfir \u00fe\u00fa upp \u00e1 rangsleitni? Ey\u00f0ing og ofr\u00edki standa fyrir augum m\u00e9r. Af \u00fev\u00ed koma \u00fer\u00e6tur, og deilur r\u00edsa upp.4Fyrir \u00fev\u00ed ver\u00f0ur l\u00f6gm\u00e1li\u00f0 magnlaust og fyrir \u00fev\u00ed kemur r\u00e9tturinn aldrei fram. Hinir \u00f3gu\u00f0legu umkringja hina r\u00e9ttl\u00e1tu, fyrir \u00fev\u00ed kemur r\u00e9tturinn fram rangsn\u00fainn.5L\u00edti\u00f0 upp, \u00fe\u00e9r hinir sviks\u00f6mu, og litist um! Falli\u00f0 \u00ed stafi og undrist! \u00dev\u00ed a\u00f0 \u00e9g framkv\u00e6mi verk \u00e1 y\u00f0ar d\u00f6gum \u00fe\u00e9r mundu\u00f0 ekki tr\u00faa \u00fev\u00ed, <a href=\"https:\/\/biblian.is\/1981\/habakkuk-1-kafli\/\"> [&#8230;]<\/a><\/p>\n","protected":false},"author":1,"featured_media":0,"parent":0,"menu_order":0,"comment_status":"open","ping_status":"open","template":"bibliukaflar.php","meta":{"footnotes":""},"class_list":["post-2251","page","type-page","status-publish","hentry"],"_links":{"self":[{"href":"https:\/\/biblian.is\/1981\/wp-json\/wp\/v2\/pages\/2251","targetHints":{"allow":["GET"]}}],"collection":[{"href":"https:\/\/biblian.is\/1981\/wp-json\/wp\/v2\/pages"}],"about":[{"href":"https:\/\/biblian.is\/1981\/wp-json\/wp\/v2\/types\/page"}],"author":[{"embeddable":true,"href":"https:\/\/biblian.is\/1981\/wp-json\/wp\/v2\/users\/1"}],"replies":[{"embeddable":true,"href":"https:\/\/biblian.is\/1981\/wp-json\/wp\/v2\/comments?post=2251"}],"version-history":[{"count":0,"href":"https:\/\/biblian.is\/1981\/wp-json\/wp\/v2\/pages\/2251\/revisions"}],"wp:attachment":[{"href":"https:\/\/biblian.is\/1981\/wp-json\/wp\/v2\/media?parent=2251"}],"curies":[{"name":"wp","href":"https:\/\/api.w.org\/{rel}","templated":true}]}}