{"id":2248,"date":"2017-11-18T20:20:58","date_gmt":"2017-11-18T20:20:58","guid":{"rendered":"http:\/\/biblian.is\/1981\/nahum-1-kafli\/"},"modified":"2021-06-06T11:04:04","modified_gmt":"2021-06-06T11:04:04","slug":"nahum-1-kafli","status":"publish","type":"page","link":"https:\/\/biblian.is\/1981\/nahum-1-kafli\/","title":{"rendered":"Nah\u00fam 1. kafli"},"content":{"rendered":"<p><a name=\"1\"><span class=\"versanumer\">1<\/span><\/a>Sp\u00e1d\u00f3mur um N\u00edn\u00edve. B\u00f3kin um vitrun Nah\u00fams Elk\u00f3s\u00edta.<a name=\"2\"><span class=\"versanumer\">2<\/span><\/a>Drottinn er vandl\u00e6tissamur Gu\u00f0 og hefnari. Drottinn er hefnari og fullur gremi. Drottinn hefnir s\u00edn \u00e1 m\u00f3tst\u00f6\u00f0um\u00f6nnum s\u00ednum og er langr\u00e6kinn vi\u00f0 \u00f3vini s\u00edna.<a name=\"3\"><span class=\"versanumer\">3<\/span><\/a>Drottinn er seinn til rei\u00f0i og mikill a\u00f0 krafti, en \u00f3hegnt l\u00e6tur hann ekki. Drottinn brunar \u00e1fram \u00ed fellibyljum og stormvi\u00f0ri, og sk\u00fdin eru ryki\u00f0 undir f\u00f3tum hans.<a name=\"4\"><span class=\"versanumer\">4<\/span><\/a>Hann hastar \u00e1 sj\u00f3inn og \u00feurrkar hann upp, og hann l\u00e6tur \u00f6ll flj\u00f3t \u00feorna. \u00de\u00e1 f\u00f6lnar Basan og Karmel, \u00fe\u00e1 f\u00f6lnar jurtagr\u00f3\u00f0urinn \u00e1 L\u00edbanon.<a name=\"5\"><span class=\"versanumer\">5<\/span><\/a>Fj\u00f6llin skj\u00e1lfa fyrir honum, og h\u00e1lsarnir renna sundur. J\u00f6r\u00f0in gengur skykkjum fyrir honum, heimskringlan og allir sem \u00e1 henni b\u00faa.<a name=\"6\"><span class=\"versanumer\">6<\/span><\/a>Hver f\u00e6r sta\u00f0ist gremi hans og hver f\u00e6r afbori\u00f0 hans brennandi rei\u00f0i? Heift hans \u00fathellist eins og eldur og bj\u00f6rgin bresta sundur fyrir honum.<a name=\"7\"><span class=\"versanumer\">7<\/span><\/a>Drottinn er g\u00f3\u00f0ur, athvarf \u00e1 degi ney\u00f0arinnar, og hann \u00feekkir \u00fe\u00e1 sem treysta honum.<a name=\"8\"><span class=\"versanumer\">8<\/span><\/a>En me\u00f0 yfirgeisandi vatnsfl\u00f3\u00f0i mun hann gj\u00f6rsamlega afm\u00e1 N\u00edn\u00edve, og myrkur mun ofs\u00e6kja \u00f3vini hans.<a name=\"9\"><span class=\"versanumer\">9<\/span><\/a>Hva\u00f0 bruggi\u00f0 \u00fe\u00e9r gegn Drottni? Hann ey\u00f0ir svo, a\u00f0 af tekur \u00ferengingin mun ekki koma tvisvar.<a name=\"10\"><span class=\"versanumer\">10<\/span><\/a>\u00de\u00f3tt \u00feeir v\u00e6ru samfl\u00e6ktir sem \u00feyrnar og votir sem v\u00edn \u00feeirra, \u00fe\u00e1 munu \u00feeir upp brenndir ver\u00f0a sem skrauf\u00feurrir h\u00e1lmleggir.<a name=\"11\"><span class=\"versanumer\">11<\/span><\/a>Fr\u00e1 \u00fe\u00e9r, N\u00edn\u00edve, \u00fat gekk s\u00e1, er haf\u00f0i illt \u00ed huga gegn Drottni, s\u00e1 er haf\u00f0i ska\u00f0semdar \u00e1form me\u00f0 h\u00f6ndum.<a name=\"12\"><span class=\"versanumer\">12<\/span><\/a>Svo segir Drottinn: \u00de\u00f3tt \u00feeir komi allir me\u00f0 t\u00f6lu og afar fj\u00f6lmennir, \u00fe\u00e1 skulu \u00feeir allt a\u00f0 einu afm\u00e1\u00f0ir ver\u00f0a og farast. Hafi \u00e9g au\u00f0m\u00fdkt \u00feig, J\u00fada, \u00fe\u00e1 mun \u00e9g ekki au\u00f0m\u00fdkja \u00feig framar.<a name=\"13\"><span class=\"versanumer\">13<\/span><\/a>Og n\u00fa vil \u00e9g brj\u00f3ta ok hans af \u00fe\u00e9r og sl\u00edta b\u00f6nd \u00fe\u00edn.<a name=\"14\"><span class=\"versanumer\">14<\/span><\/a>En um \u00feig, N\u00edn\u00edve, mun Drottinn skipa svo fyrir: Ekkert afkv\u00e6mi skal framar koma \u00fat af nafni \u00fe\u00ednu. \u00c9g vil ey\u00f0a skur\u00f0myndunum og steyptu l\u00edkneskjunum \u00far hofi gu\u00f0s \u00fe\u00edns, \u00e9g vil b\u00faa \u00fe\u00e9r gr\u00f6f, \u00fev\u00ed a\u00f0 \u00fe\u00fa ert l\u00e9ttv\u00e6g fundin.<a name=\"15\"><span class=\"versanumer\">15<\/span><\/a>Sj\u00e1 \u00e1 fj\u00f6llunum f\u00e6tur fagna\u00f0arbo\u00f0ans, \u00feess er fri\u00f0inn kunngj\u00f6rir. Hald h\u00e1t\u00ed\u00f0ir \u00fe\u00ednar, J\u00fada, gjald heit \u00fe\u00edn, \u00fev\u00ed a\u00f0 ey\u00f0andinn skal ekki framar um hj\u00e1 \u00fe\u00e9r fara hann er me\u00f0 \u00f6llu afm\u00e1\u00f0ur.<\/p>\n<div class=\"footnote1981\"><b>1.1<\/b> Sp\u00e1d\u00f3mur Jes 13.1+ N\u00edn\u00edve 1M\u00f3s 10.11; 2Kon 19.36; J\u00f3n 1.2; Sef 2.13 \u2013 vitrun Esk 7.26; \u00d3b 1+<br \/>\n<b>1.2<\/b> \u00c1kaflyndur Gu\u00f0 2M\u00f3s 20.5+ &#8211; heiftr\u00e6kinn 5M\u00f3s 7.10; Jes 59.17; Jer 5.9; S\u00edr 12.6; Opb19.2; sbr 2M\u00f3s 34.7<br \/>\n<b>1.3<\/b> Seinn til rei\u00f0i 2M\u00f3s 34.6-7; 4M\u00f3s 14.18; Neh 9.17; Jl 2.13; Slm 103.8; 145.8 \u2013 \u00ed stormvi\u00f0ri Jer 23.19; Esk 13.13; Slm 50.3; Job 38.1 \u2013 sk\u00fd 2M\u00f3s 13.21-22; 19.9; 33.9-10; 1Kon 8.10-11; Slm 99.7; sbr Jl 2.2; Sef 1.15; Slm 18.10; 97.2<br \/>\n<b>1.4<\/b> Hafi\u00f0 \u00feurrka\u00f0 upp 2M\u00f3s 14.21; Jes 50.2; 51.10; Slm 106.9; einnig 1M\u00f3s 1.9; Slm 18.16 \u2013 Basan Am 4.1+ ; Karmel Jes 33.9; 35.2 \u2013 L\u00edbanon Jes 2.13<br \/>\n<b>1.5<\/b> Fj\u00f6llin skj\u00e1lfa Jer 4.24; Slm 18.8+<br \/>\n<b>1.6<\/b> Hver f\u00e6r sta\u00f0ist? Jl 2.11; Mal 3.2; Slm 76.8; 130.3; 143.2; Opb 6.17<br \/>\n<b>1.7<\/b> Drottinn er g\u00f3\u00f0ur Jer 33.11; R\u00f3m 11.22; sbr S\u00edr 5.6 \u2013 athvarf Jes 4.6; 25.4, Slm 46.2; 77.3+; 119.114; sbr 18.3; 61.5 \u2013 leita h\u00e6lis hj\u00e1 Gu\u00f0i Slm 7.2+<br \/>\n<b>1.8<\/b> \u00c6\u00f0ir fram Slm 124.4-5+<br \/>\n<b>1.9<\/b> Hyggist gegn Drottni Jes 29.15; 30.1-2; H\u00f3s 7.15 \u2013 Drottinn ey\u00f0ir Jer 30.11; 1Kor 1.19<br \/>\n<b>1.11<\/b> Illvilja\u00f0i 2Kon 19.4,16; Jes 37.23-24<br \/>\n<b>1.13<\/b> Brj\u00f3ta ok 3M\u00f3s 26.13; Jes 14.25; Jer 30.8; Esk 34.27; sbr Slm 107.14<br \/>\n<b>1.14<\/b> Fyrirlitleg Dan 5.27<\/div>\n","protected":false},"excerpt":{"rendered":"<p>1Sp\u00e1d\u00f3mur um N\u00edn\u00edve. B\u00f3kin um vitrun Nah\u00fams Elk\u00f3s\u00edta.2Drottinn er vandl\u00e6tissamur Gu\u00f0 og hefnari. Drottinn er hefnari og fullur gremi. Drottinn hefnir s\u00edn \u00e1 m\u00f3tst\u00f6\u00f0um\u00f6nnum s\u00ednum og er langr\u00e6kinn vi\u00f0 \u00f3vini s\u00edna.3Drottinn er seinn til rei\u00f0i og mikill a\u00f0 krafti, en \u00f3hegnt l\u00e6tur hann ekki. Drottinn brunar \u00e1fram \u00ed fellibyljum og stormvi\u00f0ri, og sk\u00fdin eru ryki\u00f0 undir f\u00f3tum hans.4Hann hastar \u00e1 sj\u00f3inn og \u00feurrkar hann upp, og hann l\u00e6tur \u00f6ll flj\u00f3t \u00feorna. \u00de\u00e1 f\u00f6lnar Basan og Karmel, \u00fe\u00e1 f\u00f6lnar jurtagr\u00f3\u00f0urinn \u00e1 L\u00edbanon.5Fj\u00f6llin skj\u00e1lfa fyrir honum, og h\u00e1lsarnir renna sundur. J\u00f6r\u00f0in gengur skykkjum fyrir honum, heimskringlan og allir sem \u00e1 henni b\u00faa.6Hver <a href=\"https:\/\/biblian.is\/1981\/nahum-1-kafli\/\"> [&#8230;]<\/a><\/p>\n","protected":false},"author":1,"featured_media":0,"parent":0,"menu_order":0,"comment_status":"open","ping_status":"open","template":"bibliukaflar.php","meta":{"footnotes":""},"class_list":["post-2248","page","type-page","status-publish","hentry"],"_links":{"self":[{"href":"https:\/\/biblian.is\/1981\/wp-json\/wp\/v2\/pages\/2248","targetHints":{"allow":["GET"]}}],"collection":[{"href":"https:\/\/biblian.is\/1981\/wp-json\/wp\/v2\/pages"}],"about":[{"href":"https:\/\/biblian.is\/1981\/wp-json\/wp\/v2\/types\/page"}],"author":[{"embeddable":true,"href":"https:\/\/biblian.is\/1981\/wp-json\/wp\/v2\/users\/1"}],"replies":[{"embeddable":true,"href":"https:\/\/biblian.is\/1981\/wp-json\/wp\/v2\/comments?post=2248"}],"version-history":[{"count":0,"href":"https:\/\/biblian.is\/1981\/wp-json\/wp\/v2\/pages\/2248\/revisions"}],"wp:attachment":[{"href":"https:\/\/biblian.is\/1981\/wp-json\/wp\/v2\/media?parent=2248"}],"curies":[{"name":"wp","href":"https:\/\/api.w.org\/{rel}","templated":true}]}}