{"id":2246,"date":"2017-11-18T20:20:52","date_gmt":"2017-11-18T20:20:52","guid":{"rendered":"http:\/\/biblian.is\/1981\/mika-6-kafli\/"},"modified":"2021-06-06T11:04:04","modified_gmt":"2021-06-06T11:04:04","slug":"mika-6-kafli","status":"publish","type":"page","link":"https:\/\/biblian.is\/1981\/mika-6-kafli\/","title":{"rendered":"M\u00edka 6. kafli"},"content":{"rendered":"<p><a name=\"1\"><span class=\"versanumer\">1<\/span><\/a>Heyri\u00f0, hva\u00f0 Drottinn segir: Statt upp og s\u00e6k s\u00f6k fyrir fj\u00f6llunum, svo a\u00f0 h\u00e6\u00f0irnar megi heyra raust \u00fe\u00edna.<a name=\"2\"><span class=\"versanumer\">2<\/span><\/a>Heyri\u00f0 k\u00e6rum\u00e1l Drottins, \u00fe\u00e9r fj\u00f6ll, og hl\u00fd\u00f0i\u00f0 \u00e1, \u00fe\u00e9r undirst\u00f6\u00f0ur jar\u00f0arinnar. \u00dev\u00ed a\u00f0 Drottinn hefir m\u00e1l a\u00f0 k\u00e6ra vi\u00f0 \u00fej\u00f3\u00f0 s\u00edna og gengur \u00ed d\u00f3m vi\u00f0 \u00cdsrael:<a name=\"3\"><span class=\"versanumer\">3<\/span><\/a>\u00dej\u00f3\u00f0 m\u00edn, hva\u00f0 hefi \u00e9g gj\u00f6rt \u00fe\u00e9r og me\u00f0 hverju hefi \u00e9g \u00fereytt \u00feig? Vitna \u00fe\u00fa \u00ed gegn m\u00e9r!<a name=\"4\"><span class=\"versanumer\">4<\/span><\/a>\u00c9g leiddi \u00feig \u00fe\u00f3 \u00fat af Egyptalandi og frelsa\u00f0i \u00feig \u00far \u00fer\u00e6lah\u00fasinu og sendi \u00fe\u00e9r M\u00f3se, Aron og Mirjam til forystu.<a name=\"5\"><span class=\"versanumer\">5<\/span><\/a>\u00dej\u00f3\u00f0 m\u00edn, minnst \u00fe\u00fa \u00feess, hva\u00f0 Balak M\u00f3abskonungur haf\u00f0i \u00ed hyggju og hverju B\u00edleam Be\u00f3rsson svara\u00f0i honum, minnst \u00fe\u00fa \u00feess er gj\u00f6r\u00f0ist \u00e1 lei\u00f0inni fr\u00e1 Sitt\u00edm til Gilgal, til \u00feess a\u00f0 \u00fe\u00fa kannist vi\u00f0 velgj\u00f6r\u00f0ir Drottins.<a name=\"6\"><span class=\"versanumer\">6<\/span><\/a>Me\u00f0 hva\u00f0 \u00e1 \u00e9g a\u00f0 koma fram fyrir Drottin, beygja mig fyrir Gu\u00f0i \u00e1 h\u00e6\u00f0um? \u00c1 \u00e9g a\u00f0 koma fram fyrir hann me\u00f0 brennif\u00f3rnir, me\u00f0 \u00e1rsgamla k\u00e1lfa?<a name=\"7\"><span class=\"versanumer\">7<\/span><\/a>Hefir Drottinn \u00fe\u00f3knun \u00e1 \u00fe\u00fasundum hr\u00fata, \u00e1 t\u00ed\u00fe\u00fasundum ol\u00edfuol\u00edul\u00e6kja? \u00c1 \u00e9g a\u00f0 f\u00f3rna frumgetnum syni m\u00ednum fyrir misgj\u00f6r\u00f0 m\u00edna, \u00e1vexti kvi\u00f0ar m\u00edns sem syndaf\u00f3rn s\u00e1lar minnar?<a name=\"8\"><span class=\"versanumer\">8<\/span><\/a>Hann hefir sagt \u00fe\u00e9r, ma\u00f0ur, hva\u00f0 gott s\u00e9! Og hva\u00f0 heimtar Drottinn anna\u00f0 af \u00fe\u00e9r en a\u00f0 gj\u00f6ra r\u00e9tt, \u00e1stunda k\u00e6rleika og fram ganga \u00ed l\u00edtill\u00e6ti fyrir Gu\u00f0i \u00fe\u00ednum?<a name=\"9\"><span class=\"versanumer\">9<\/span><\/a>Heyr, Drottinn kallar til borgarinnar, og \u00fea\u00f0 er viska a\u00f0 \u00f3ttast nafn hans. Heyri\u00f0, kynstofn og saman kominn borgarl\u00fd\u00f0ur!<a name=\"10\"><span class=\"versanumer\">10<\/span><\/a>\u00c1 \u00e9g a\u00f0 l\u00e1ta sem \u00e9g sj\u00e1i ekki, \u00ed h\u00fasi hins \u00f3gu\u00f0lega, rangfengin au\u00f0\u00e6fi og svikinn m\u00e6li, sem b\u00f6lvun er l\u00fdst yfir?<a name=\"11\"><span class=\"versanumer\">11<\/span><\/a>\u00c1 \u00e9g a\u00f0 l\u00e1ta honum \u00f3hegnt, \u00fe\u00f3tt hann hafi ranga vog og svikna vogarsteina \u00ed sj\u00f3\u00f0i s\u00ednum?<a name=\"12\"><span class=\"versanumer\">12<\/span><\/a>R\u00edkismenn hennar eru fullir af ofr\u00edki, \u00edb\u00faar hennar tala lygar og tungan fer me\u00f0 svik \u00ed munni \u00feeirra.<a name=\"13\"><span class=\"versanumer\">13<\/span><\/a>\u00dev\u00ed tek \u00e9g og a\u00f0 lj\u00f3sta \u00feig, a\u00f0 ey\u00f0a vegna synda \u00feinna.<a name=\"14\"><span class=\"versanumer\">14<\/span><\/a>\u00de\u00fa skalt eta, en \u00fe\u00f3 ekki saddur ver\u00f0a, heldur skal hungri\u00f0 haldast vi\u00f0 \u00ed \u00fe\u00e9r. \u00de\u00f3tt \u00fe\u00fa takir eitthva\u00f0 fr\u00e1, \u00fe\u00e1 skalt \u00fe\u00fa eigi f\u00e1 bjarga\u00f0 \u00fev\u00ed, og \u00fea\u00f0 sem \u00fe\u00fa bjargar, skal \u00e9g ofurselja sver\u00f0inu.<a name=\"15\"><span class=\"versanumer\">15<\/span><\/a>\u00de\u00f3tt \u00fe\u00fa s\u00e1ir, skalt \u00fe\u00fa ekkert uppskera. \u00de\u00f3tt \u00fe\u00fa tro\u00f0ir ol\u00edfurnar, skalt \u00fe\u00fa eigi smyrja \u00feig me\u00f0 ol\u00edu, og \u00fe\u00f3tt \u00fe\u00fa f\u00e1ir v\u00ednberjal\u00f6ginn, skalt \u00fe\u00fa ekki v\u00edni\u00f0 drekka.<a name=\"16\"><span class=\"versanumer\">16<\/span><\/a>\u00de\u00fa hefir haldi\u00f0 setningum Omr\u00ed og \u00f6llu ath\u00e6fi Akabs h\u00fass, og \u00fe\u00e9r hafi\u00f0 breytt eftir h\u00e1ttum \u00feeirra, til \u00feess a\u00f0 \u00e9g gj\u00f6ri hana a\u00f0 au\u00f0n og l\u00e1ti \u00edb\u00faa hennar ver\u00f0a a\u00f0 spotti. J\u00e1, \u00fe\u00e9r skulu\u00f0 bera h\u00e1\u00f0 \u00fej\u00f3\u00f0anna.<\/p>\n<div class=\"footnote1981\"><b>6.1-2<\/b> K\u00e6rum\u00e1l Drottins H\u00f3s 2.4+; sbr Jes 5.3-4<br \/>\n<b>6.4<\/b> \u00dat \u00far Egyptalandi 3M\u00f3s 11.45; 1Sam 8.8; Jer 2.6; H\u00f3s 12.14; Am 2.10+ ; Slm 81.11 \u2013 \u00fer\u00e6lah\u00fasi\u00f0 2M\u00f3s 20.2+ &#8211; M\u00f3se og Aron 1Sam 12.6; Slm 77.21<br \/>\n<b>6.5<\/b> Balak og B\u00edleam 4M\u00f3s 22-24; 5M\u00f3s 23.5; J\u00f3s 24.9; Neh 13.2; Opb 2.14 \u2013 fr\u00e1 Sitt\u00edm til Gilgal J\u00f3s 3.1-4.24<br \/>\n<b>6.7<\/b> F\u00f3rna frumbur\u00f0i 3M\u00f3s 18.21; 20.2-5; 1Kon 16.34; 2Kon 16.3; 21.6<br \/>\n<b>6.8<\/b> Hvers v\u00e6ntir Drottinn? 1Sam 15.22; Jes 1.11-17; 58.1-12; H\u00f3s 6.6; 8.11-14; Jl 2.13; Am 5.21-24; Sak 7.4-6; Slm 40.7-9; 50.8-15; 51.18-19 \u2013 r\u00e9ttur Am 5.24+ &#8211; k\u00e6rleikur H\u00f3s 2.21; 4.1 \u2013 \u00fej\u00f3na Gu\u00f0i 1M\u00f3s 5.24<br \/>\n<b>6.10-11<\/b> Svik Am 8.5+<br \/>\n<b>6.12<\/b> Ofbeldi M\u00edk 2.1-2; Jes 30.12; Esk 22.29; Am 3.10+; Slm 55.10; 73.6; L\u00fak 3.14<br \/>\n<b>6.13<\/b> Refsa Jes 1.5-9<br \/>\n<b>6.14<\/b> Ver\u00f0a ekki saddur H\u00f3s 4.10<br \/>\n<b>6.15<\/b> Erfi\u00f0a til einskis Am 5.11+<\/div>\n","protected":false},"excerpt":{"rendered":"<p>1Heyri\u00f0, hva\u00f0 Drottinn segir: Statt upp og s\u00e6k s\u00f6k fyrir fj\u00f6llunum, svo a\u00f0 h\u00e6\u00f0irnar megi heyra raust \u00fe\u00edna.2Heyri\u00f0 k\u00e6rum\u00e1l Drottins, \u00fe\u00e9r fj\u00f6ll, og hl\u00fd\u00f0i\u00f0 \u00e1, \u00fe\u00e9r undirst\u00f6\u00f0ur jar\u00f0arinnar. \u00dev\u00ed a\u00f0 Drottinn hefir m\u00e1l a\u00f0 k\u00e6ra vi\u00f0 \u00fej\u00f3\u00f0 s\u00edna og gengur \u00ed d\u00f3m vi\u00f0 \u00cdsrael:3\u00dej\u00f3\u00f0 m\u00edn, hva\u00f0 hefi \u00e9g gj\u00f6rt \u00fe\u00e9r og me\u00f0 hverju hefi \u00e9g \u00fereytt \u00feig? Vitna \u00fe\u00fa \u00ed gegn m\u00e9r!4\u00c9g leiddi \u00feig \u00fe\u00f3 \u00fat af Egyptalandi og frelsa\u00f0i \u00feig \u00far \u00fer\u00e6lah\u00fasinu og sendi \u00fe\u00e9r M\u00f3se, Aron og Mirjam til forystu.5\u00dej\u00f3\u00f0 m\u00edn, minnst \u00fe\u00fa \u00feess, hva\u00f0 Balak M\u00f3abskonungur haf\u00f0i \u00ed hyggju og hverju B\u00edleam Be\u00f3rsson svara\u00f0i honum, minnst \u00fe\u00fa <a href=\"https:\/\/biblian.is\/1981\/mika-6-kafli\/\"> [&#8230;]<\/a><\/p>\n","protected":false},"author":1,"featured_media":0,"parent":0,"menu_order":0,"comment_status":"open","ping_status":"open","template":"bibliukaflar.php","meta":{"footnotes":""},"class_list":["post-2246","page","type-page","status-publish","hentry"],"_links":{"self":[{"href":"https:\/\/biblian.is\/1981\/wp-json\/wp\/v2\/pages\/2246","targetHints":{"allow":["GET"]}}],"collection":[{"href":"https:\/\/biblian.is\/1981\/wp-json\/wp\/v2\/pages"}],"about":[{"href":"https:\/\/biblian.is\/1981\/wp-json\/wp\/v2\/types\/page"}],"author":[{"embeddable":true,"href":"https:\/\/biblian.is\/1981\/wp-json\/wp\/v2\/users\/1"}],"replies":[{"embeddable":true,"href":"https:\/\/biblian.is\/1981\/wp-json\/wp\/v2\/comments?post=2246"}],"version-history":[{"count":0,"href":"https:\/\/biblian.is\/1981\/wp-json\/wp\/v2\/pages\/2246\/revisions"}],"wp:attachment":[{"href":"https:\/\/biblian.is\/1981\/wp-json\/wp\/v2\/media?parent=2246"}],"curies":[{"name":"wp","href":"https:\/\/api.w.org\/{rel}","templated":true}]}}