{"id":2245,"date":"2017-11-18T20:20:52","date_gmt":"2017-11-18T20:20:52","guid":{"rendered":"http:\/\/biblian.is\/1981\/mika-5-kafli\/"},"modified":"2021-06-06T11:04:03","modified_gmt":"2021-06-06T11:04:03","slug":"mika-5-kafli","status":"publish","type":"page","link":"https:\/\/biblian.is\/1981\/mika-5-kafli\/","title":{"rendered":"M\u00edka 5. kafli"},"content":{"rendered":"<p><a name=\"1\"><span class=\"versanumer\">1<\/span><\/a>Gj\u00f6r n\u00fa skinnsprettur \u00e1 hold \u00feitt. Hervirki hefir hann gj\u00f6rt \u00ed m\u00f3ti oss. Me\u00f0 sprotanum munu \u00feeir lj\u00f3sta d\u00f3mara \u00cdsraels \u00e1 kinnina.<a name=\"2\"><span class=\"versanumer\">2<\/span><\/a>Og \u00fe\u00fa, Betlehem Efrata, \u00fe\u00f3tt \u00fe\u00fa s\u00e9rt einna minnst af h\u00e9ra\u00f0sborgunum \u00ed J\u00fada, \u00fe\u00e1 skal \u00fe\u00f3 fr\u00e1 \u00fe\u00e9r koma s\u00e1, er vera skal drottnari \u00ed \u00cdsrael, og \u00e6tterni hans vera fr\u00e1 umli\u00f0inni \u00f6ld, fr\u00e1 fort\u00ed\u00f0ar d\u00f6gum.<a name=\"3\"><span class=\"versanumer\">3<\/span><\/a>Fyrir \u00fev\u00ed mun Gu\u00f0 yfirgefa \u00fe\u00e1 til \u00feess t\u00edma, er s\u00fa hefir f\u00e6tt, er f\u00e6\u00f0a skal, en \u00fe\u00e1 munu leifar \u00e6ttbr\u00e6\u00f0ra hans hverfa aftur til \u00cdsraelsmanna.<a name=\"4\"><span class=\"versanumer\">4<\/span><\/a>\u00de\u00e1 mun hann standa og halda \u00feeim til haga \u00ed krafti Drottins, \u00ed hinu tignarlega nafni Drottins Gu\u00f0s s\u00edns, og \u00feeir skulu \u00f3hultir b\u00faa, \u00fev\u00ed a\u00f0 \u00fe\u00e1 skal hann mikill vera til endimarka jar\u00f0ar.<a name=\"5\"><span class=\"versanumer\">5<\/span><\/a>Og \u00feessi mun fri\u00f0urinn vera: Brj\u00f3tist Ass\u00fdringar inn \u00ed land vort og st\u00edgi \u00feeir f\u00e6ti \u00e1 \u00e6ttj\u00f6r\u00f0 vora, \u00fe\u00e1 munum v\u00e9r senda \u00ed m\u00f3ti \u00feeim sj\u00f6 hir\u00f0a og \u00e1tta \u00fej\u00f3\u00f0h\u00f6f\u00f0ingja,<a name=\"6\"><span class=\"versanumer\">6<\/span><\/a>og \u00feeir munu herja land Ass\u00fdringa me\u00f0 sver\u00f0i og land Nimrods me\u00f0 brug\u00f0num brandi. Og \u00feannig mun hann frelsa oss fr\u00e1 Ass\u00fdringum, er \u00feeir brj\u00f3tast inn \u00ed land vort og st\u00edga f\u00e6ti \u00e1 fold vora.<a name=\"7\"><span class=\"versanumer\">7<\/span><\/a>Leifar Jakobs me\u00f0al hei\u00f0ingjanna, mitt \u00e1 me\u00f0al margra \u00fej\u00f3\u00f0a, munu vera sem d\u00f6gg fr\u00e1 Drottni, sem regndropar \u00e1 grasi, \u00feeir er b\u00ed\u00f0a ekki eftir neinum og v\u00e6nta ekki neins af mannanna b\u00f6rnum.<a name=\"8\"><span class=\"versanumer\">8<\/span><\/a>Og leifar Jakobs me\u00f0al hei\u00f0ingjanna, mitt \u00e1 me\u00f0al margra \u00fej\u00f3\u00f0a, munu vera sem lj\u00f3n me\u00f0al sk\u00f3gard\u00fdra, sem lj\u00f3nshvolpur \u00ed sau\u00f0ahj\u00f6r\u00f0, s\u00e1 er ni\u00f0ur tre\u00f0ur \u00fear sem hann ve\u00f0ur yfir og sundur r\u00edfur, \u00e1n \u00feess a\u00f0 nokkur f\u00e1i bjarga\u00f0.<a name=\"9\"><span class=\"versanumer\">9<\/span><\/a>Armleggur \u00feinn mun hr\u00f3sa sigri yfir m\u00f3tst\u00f6\u00f0um\u00f6nnum \u00fe\u00ednum og allir \u00f3vinir \u00fe\u00ednir munu afm\u00e1\u00f0ir ver\u00f0a.<a name=\"10\"><span class=\"versanumer\">10<\/span><\/a>\u00c1 \u00feeim degi segir Drottinn vil \u00e9g ey\u00f0a \u00f6llum \u00feeim v\u00edghestum, sem \u00fe\u00fa \u00e1tt \u00ed landinu, og gj\u00f6ra a\u00f0 engu hervagna \u00fe\u00edna,<a name=\"11\"><span class=\"versanumer\">11<\/span><\/a>\u00e9g vil ey\u00f0a borgum lands \u00fe\u00edns og r\u00edfa ni\u00f0ur \u00f6ll virki \u00fe\u00edn,<a name=\"12\"><span class=\"versanumer\">12<\/span><\/a>\u00e9g vil ey\u00f0a \u00f6llum t\u00f6frum hj\u00e1 \u00fe\u00e9r, og sp\u00e1sagnamenn skulu eigi framar hj\u00e1 \u00fe\u00e9r vera.<a name=\"13\"><span class=\"versanumer\">13<\/span><\/a>\u00c9g vil ey\u00f0a skur\u00f0myndum \u00fe\u00ednum og merkissteinum, \u00feeim er hj\u00e1 \u00fe\u00e9r eru, og \u00fe\u00fa skalt ekki framar falla fram fyrir verkum handa \u00feinna.<a name=\"14\"><span class=\"versanumer\">14<\/span><\/a>\u00c9g vil brj\u00f3ta ni\u00f0ur as\u00e9rur \u00fe\u00ednar og ey\u00f0ileggja gu\u00f0al\u00edkneski \u00fe\u00edn,<a name=\"15\"><span class=\"versanumer\">15<\/span><\/a>og \u00e9g vil me\u00f0 rei\u00f0i og gremi hefnast \u00e1 \u00fej\u00f3\u00f0unum, er eigi hafa hl\u00fd\u00f0nast.<\/p>\n<div class=\"footnote1981\"><b>5.1<\/b> Sbr Matt 2.6; J\u00f3h 7.42 \u2013 Betlehem Efrata 1Sam 17.12; Rut 4.11; Matt 2.1+ &#8211; drottnari \u00ed \u00cdsrael 2Sam 5.2; Rut 4.17-22; 2Sam 7.8<br \/>\n<b>5.2<\/b> S\u00fa er f\u00e6\u00f0a skal Jes 7.14; sbr L\u00fak 1.26-38<br \/>\n<b>5.3<\/b> Mess\u00edas, hir\u00f0ir Esk 34.23-31; J\u00f3h 10.1-18<br \/>\n<b>5.4<\/b> Fri\u00f0arh\u00f6f\u00f0ingi Jes 9.6 \u2013 sj\u00f6 &#8230; \u00e1tta H\u00f3s 6.2+<br \/>\n<b>5.6<\/b> Eftir ver\u00f0a af Jakabs\u00e6tt Jes 4.3+ &#8211; sem d\u00f6gg H\u00f3s 14.6<br \/>\n<b>5.7<\/b> Enginn f\u00e6r r\u00f6nd vi\u00f0 reist H\u00f3s 2.10+<br \/>\n<b>5.9<\/b> Hestum og str\u00ed\u00f0sv\u00f6gnum eytt H\u00f3s 14.4; Sak 9.10<br \/>\n<b>5.10<\/b> Borgir og virki Jes 2.15<br \/>\n<b>5.12<\/b> Skur\u00f0g\u00f0um og helgis\u00falum eytt 2M\u00f3s 23.24; 34.13; H\u00f3s 3.4; 10.2 \u2013 verk eigin handa Jes 2.8; sbr Jes 17.8; 44.17<\/div>\n","protected":false},"excerpt":{"rendered":"<p>1Gj\u00f6r n\u00fa skinnsprettur \u00e1 hold \u00feitt. Hervirki hefir hann gj\u00f6rt \u00ed m\u00f3ti oss. Me\u00f0 sprotanum munu \u00feeir lj\u00f3sta d\u00f3mara \u00cdsraels \u00e1 kinnina.2Og \u00fe\u00fa, Betlehem Efrata, \u00fe\u00f3tt \u00fe\u00fa s\u00e9rt einna minnst af h\u00e9ra\u00f0sborgunum \u00ed J\u00fada, \u00fe\u00e1 skal \u00fe\u00f3 fr\u00e1 \u00fe\u00e9r koma s\u00e1, er vera skal drottnari \u00ed \u00cdsrael, og \u00e6tterni hans vera fr\u00e1 umli\u00f0inni \u00f6ld, fr\u00e1 fort\u00ed\u00f0ar d\u00f6gum.3Fyrir \u00fev\u00ed mun Gu\u00f0 yfirgefa \u00fe\u00e1 til \u00feess t\u00edma, er s\u00fa hefir f\u00e6tt, er f\u00e6\u00f0a skal, en \u00fe\u00e1 munu leifar \u00e6ttbr\u00e6\u00f0ra hans hverfa aftur til \u00cdsraelsmanna.4\u00de\u00e1 mun hann standa og halda \u00feeim til haga \u00ed krafti Drottins, \u00ed hinu tignarlega nafni Drottins Gu\u00f0s s\u00edns, <a href=\"https:\/\/biblian.is\/1981\/mika-5-kafli\/\"> [&#8230;]<\/a><\/p>\n","protected":false},"author":1,"featured_media":0,"parent":0,"menu_order":0,"comment_status":"open","ping_status":"open","template":"bibliukaflar.php","meta":{"footnotes":""},"class_list":["post-2245","page","type-page","status-publish","hentry"],"_links":{"self":[{"href":"https:\/\/biblian.is\/1981\/wp-json\/wp\/v2\/pages\/2245","targetHints":{"allow":["GET"]}}],"collection":[{"href":"https:\/\/biblian.is\/1981\/wp-json\/wp\/v2\/pages"}],"about":[{"href":"https:\/\/biblian.is\/1981\/wp-json\/wp\/v2\/types\/page"}],"author":[{"embeddable":true,"href":"https:\/\/biblian.is\/1981\/wp-json\/wp\/v2\/users\/1"}],"replies":[{"embeddable":true,"href":"https:\/\/biblian.is\/1981\/wp-json\/wp\/v2\/comments?post=2245"}],"version-history":[{"count":0,"href":"https:\/\/biblian.is\/1981\/wp-json\/wp\/v2\/pages\/2245\/revisions"}],"wp:attachment":[{"href":"https:\/\/biblian.is\/1981\/wp-json\/wp\/v2\/media?parent=2245"}],"curies":[{"name":"wp","href":"https:\/\/api.w.org\/{rel}","templated":true}]}}