{"id":2243,"date":"2017-11-18T20:20:52","date_gmt":"2017-11-18T20:20:52","guid":{"rendered":"http:\/\/biblian.is\/1981\/mika-3-kafli\/"},"modified":"2021-06-06T11:04:03","modified_gmt":"2021-06-06T11:04:03","slug":"mika-3-kafli","status":"publish","type":"page","link":"https:\/\/biblian.is\/1981\/mika-3-kafli\/","title":{"rendered":"M\u00edka 3. kafli"},"content":{"rendered":"<p><a name=\"1\"><span class=\"versanumer\">1<\/span><\/a>\u00c9g sag\u00f0i: Heyri\u00f0, \u00fe\u00e9r h\u00f6f\u00f0ingjar Jakobs og stj\u00f3rnendur \u00cdsraels h\u00fass! Er \u00fea\u00f0 ekki y\u00f0ar a\u00f0 vita, hva\u00f0 r\u00e9tt er?<a name=\"2\"><span class=\"versanumer\">2<\/span><\/a>En \u00feeir hata hi\u00f0 g\u00f3\u00f0a og elska hi\u00f0 illa, fl\u00e1 skinni\u00f0 af m\u00f6nnum og holdi\u00f0 af beinum \u00feeirra.<a name=\"3\"><span class=\"versanumer\">3<\/span><\/a>\u00deeir eta hold \u00fej\u00f3\u00f0ar minnar, \u00feeir fl\u00e1 skinni\u00f0 af \u00feeim og brj\u00f3ta bein \u00feeirra, hluta \u00feau sundur eins og steik \u00ed potti, eins og kj\u00f6t \u00e1 su\u00f0up\u00f6nnu.<a name=\"4\"><span class=\"versanumer\">4<\/span><\/a>\u00de\u00e1 munu \u00feeir hr\u00f3pa til Drottins, en hann mun ekki svara \u00feeim, og hann mun byrgja auglit sitt fyrir \u00feeim, \u00feegar s\u00e1 t\u00edmi kemur, af \u00fev\u00ed a\u00f0 \u00feeir hafa ill verk \u00ed frammi haft.<a name=\"5\"><span class=\"versanumer\">5<\/span><\/a>Svo m\u00e6lir Drottinn til sp\u00e1mannanna, sem leitt hafa \u00fej\u00f3\u00f0 m\u00edna afvega: \u00deeir bo\u00f0a hamingju me\u00f0an \u00feeir hafa nokku\u00f0 tanna milli, en segja \u00feeim str\u00ed\u00f0 \u00e1 hendur, er ekki stingur neinu upp \u00ed \u00fe\u00e1.<a name=\"6\"><span class=\"versanumer\">6<\/span><\/a>Fyrir \u00fev\u00ed skal s\u00fa n\u00f3tt koma, a\u00f0 \u00fe\u00e9r sj\u00e1i\u00f0 engar s\u00fdnir, og \u00fea\u00f0 myrkur, a\u00f0 \u00fe\u00e9r skulu\u00f0 engu sp\u00e1. S\u00f3lin skal ganga undir fyrir sp\u00e1m\u00f6nnunum og dagurinn myrkvast fyrir \u00feeim.<a name=\"7\"><span class=\"versanumer\">7<\/span><\/a>\u00deeir sem sj\u00e1 sj\u00f3nir, skulu \u00fe\u00e1 blyg\u00f0ast s\u00edn og sp\u00e1sagnamennirnir fyrirver\u00f0a sig. \u00deeir munu allir hylja kamp sinn, \u00fev\u00ed a\u00f0 ekkert svar kemur fr\u00e1 Gu\u00f0i.<a name=\"8\"><span class=\"versanumer\">8<\/span><\/a>\u00c9g \u00fear \u00e1 m\u00f3ti er fullur af krafti, af anda Drottins, og af r\u00e9tti og styrkleika, til \u00feess a\u00f0 bo\u00f0a Jakob misgj\u00f6r\u00f0 hans og \u00cdsrael synd hans.<a name=\"9\"><span class=\"versanumer\">9<\/span><\/a>Heyri\u00f0 \u00feetta, \u00fe\u00e9r h\u00f6f\u00f0ingjar Jakobs h\u00fass og \u00fe\u00e9r stj\u00f3rnendur \u00cdsraels h\u00fass, \u00fe\u00e9r sem hafi\u00f0 vi\u00f0bj\u00f3\u00f0 \u00e1 r\u00e9ttv\u00edsinni og gj\u00f6ri\u00f0 allt bogi\u00f0, sem beint er,<a name=\"10\"><span class=\"versanumer\">10<\/span><\/a>\u00fe\u00e9r sem byggi\u00f0 S\u00edon me\u00f0 manndr\u00e1pum og Jer\u00fasalem me\u00f0 gl\u00e6pum.<a name=\"11\"><span class=\"versanumer\">11<\/span><\/a>H\u00f6f\u00f0ingjar hennar d\u00e6ma fyrir m\u00fatur og prestar hennar veita fr\u00e6\u00f0slu fyrir kaup. Sp\u00e1menn hennar sp\u00e1 fyrir peninga og rei\u00f0a sig \u00ed \u00fev\u00ed efni \u00e1 Drottin og segja: Er ekki Drottinn vor \u00e1 me\u00f0al? Engin \u00f3g\u00e6fa kemur yfir oss!<a name=\"12\"><span class=\"versanumer\">12<\/span><\/a>Fyrir \u00fev\u00ed skal S\u00edon pl\u00e6g\u00f0 ver\u00f0a a\u00f0 akri y\u00f0ar vegna og Jer\u00fasalem ver\u00f0a a\u00f0 r\u00fast og musterisfjalli\u00f0 a\u00f0 sk\u00f3garh\u00e6\u00f0um.<\/p>\n<div class=\"footnote1981\"><b>3.1Ver\u00f0ir<\/b> laganna H\u00f3s 5.1; Am 5.7<br \/>\n<b>3.2<\/b> Hata hi\u00f0 g\u00f3\u00f0a, elska hi\u00f0 illa sbr Am 5.15; Jes 5.20<br \/>\n<b>3.4<\/b> Drottinn svarar ekki Jes 1.14-15; 59.2; Jer 11.11; sbr Am 8.12+<br \/>\n<b>3.5<\/b> Sp\u00e1menn villa um Jer 14.13-16; 23.13-22; 27.9-10,16-18; 28.16; 29.8-9,31; Esk 13.2-10 \u2013 bo\u00f0a fri\u00f0 Jer 6.14; 14.13; 23.17; 28.8-9; Esk 13.10,16<br \/>\n<b>3.6<\/b> Falssp\u00e1menn afhj\u00fapa\u00f0ir Jer 23.12<br \/>\n<b>3.7<\/b> Hylja andlit sitt sbr 3M\u00f3s 13.45; Esk 24.17,22<br \/>\n<b>3.9<\/b> Andstygg\u00f0 \u00e1 r\u00e9ttv\u00edsinni Am 5.7<br \/>\n<b>3.10<\/b> Byggja me\u00f0 bl\u00f3\u00f0i Hab 2.12<br \/>\n<b>3.11<\/b> M\u00fatu\u00fe\u00e6gni h\u00f6f\u00f0ingja Jes 1.23; sbr Esk 13.19 \u2013 Drottinn me\u00f0 oss sbr M\u00edk 2.7; Jer 7.4; H\u00f3s 6.1-2 \u2013 engin \u00f3g\u00e6fa Jer 5.12<br \/>\n<b>3.12<\/b> Sbr Jer 26.18 \u2013 r\u00fast M\u00edk 1.6<\/div>\n","protected":false},"excerpt":{"rendered":"<p>1\u00c9g sag\u00f0i: Heyri\u00f0, \u00fe\u00e9r h\u00f6f\u00f0ingjar Jakobs og stj\u00f3rnendur \u00cdsraels h\u00fass! Er \u00fea\u00f0 ekki y\u00f0ar a\u00f0 vita, hva\u00f0 r\u00e9tt er?2En \u00feeir hata hi\u00f0 g\u00f3\u00f0a og elska hi\u00f0 illa, fl\u00e1 skinni\u00f0 af m\u00f6nnum og holdi\u00f0 af beinum \u00feeirra.3\u00deeir eta hold \u00fej\u00f3\u00f0ar minnar, \u00feeir fl\u00e1 skinni\u00f0 af \u00feeim og brj\u00f3ta bein \u00feeirra, hluta \u00feau sundur eins og steik \u00ed potti, eins og kj\u00f6t \u00e1 su\u00f0up\u00f6nnu.4\u00de\u00e1 munu \u00feeir hr\u00f3pa til Drottins, en hann mun ekki svara \u00feeim, og hann mun byrgja auglit sitt fyrir \u00feeim, \u00feegar s\u00e1 t\u00edmi kemur, af \u00fev\u00ed a\u00f0 \u00feeir hafa ill verk \u00ed frammi haft.5Svo m\u00e6lir Drottinn til sp\u00e1mannanna, sem <a href=\"https:\/\/biblian.is\/1981\/mika-3-kafli\/\"> [&#8230;]<\/a><\/p>\n","protected":false},"author":1,"featured_media":0,"parent":0,"menu_order":0,"comment_status":"open","ping_status":"open","template":"bibliukaflar.php","meta":{"footnotes":""},"class_list":["post-2243","page","type-page","status-publish","hentry"],"_links":{"self":[{"href":"https:\/\/biblian.is\/1981\/wp-json\/wp\/v2\/pages\/2243","targetHints":{"allow":["GET"]}}],"collection":[{"href":"https:\/\/biblian.is\/1981\/wp-json\/wp\/v2\/pages"}],"about":[{"href":"https:\/\/biblian.is\/1981\/wp-json\/wp\/v2\/types\/page"}],"author":[{"embeddable":true,"href":"https:\/\/biblian.is\/1981\/wp-json\/wp\/v2\/users\/1"}],"replies":[{"embeddable":true,"href":"https:\/\/biblian.is\/1981\/wp-json\/wp\/v2\/comments?post=2243"}],"version-history":[{"count":0,"href":"https:\/\/biblian.is\/1981\/wp-json\/wp\/v2\/pages\/2243\/revisions"}],"wp:attachment":[{"href":"https:\/\/biblian.is\/1981\/wp-json\/wp\/v2\/media?parent=2243"}],"curies":[{"name":"wp","href":"https:\/\/api.w.org\/{rel}","templated":true}]}}