{"id":2241,"date":"2017-11-18T20:20:52","date_gmt":"2017-11-18T20:20:52","guid":{"rendered":"http:\/\/biblian.is\/1981\/mika-1-kafli\/"},"modified":"2021-06-06T11:04:02","modified_gmt":"2021-06-06T11:04:02","slug":"mika-1-kafli","status":"publish","type":"page","link":"https:\/\/biblian.is\/1981\/mika-1-kafli\/","title":{"rendered":"M\u00edka 1. kafli"},"content":{"rendered":"<p><a name=\"1\"><span class=\"versanumer\">1<\/span><\/a>Or\u00f0 Drottins, sem kom til M\u00edka fr\u00e1 M\u00f3reset \u00e1 d\u00f6gum J\u00f3tams, Akasar og Hisk\u00eda, J\u00fadakonunga, \u00fea\u00f0 er honum vitra\u00f0ist um Samar\u00edu og Jer\u00fasalem.<a name=\"2\"><span class=\"versanumer\">2<\/span><\/a>Heyri\u00f0, allir l\u00fd\u00f0ir! Hlusta \u00fe\u00fa, j\u00f6r\u00f0, og allt sem \u00e1 \u00fe\u00e9r er! Og Drottinn Gu\u00f0 veri vottur gegn y\u00f0ur, Drottinn fr\u00e1 s\u00ednu heilaga musteri.<a name=\"3\"><span class=\"versanumer\">3<\/span><\/a>Sj\u00e1, Drottinn mun \u00fat fara fr\u00e1 b\u00fasta\u00f0 s\u00ednum, mun ofan st\u00edga og ganga eftir h\u00e6\u00f0um jar\u00f0arinnar.<a name=\"4\"><span class=\"versanumer\">4<\/span><\/a>Fj\u00f6llin munu br\u00e1\u00f0na undan honum og dalirnir klofna sem vax fyrir eldi, sem vatn, er steypist ofan bratta hl\u00ed\u00f0.<a name=\"5\"><span class=\"versanumer\">5<\/span><\/a>Og allt \u00feetta sakir misgj\u00f6r\u00f0ar Jakobs og sakir syndar \u00cdsraels h\u00fass. Hver er \u00fe\u00e1 misgj\u00f6r\u00f0 Jakobs? Er \u00fea\u00f0 ekki Samar\u00eda? Og hver er synd J\u00fada? Er \u00fea\u00f0 ekki Jer\u00fasalem?<a name=\"6\"><span class=\"versanumer\">6<\/span><\/a>\u00c9g gj\u00f6ri \u00fev\u00ed Samar\u00edu a\u00f0 grj\u00f3tr\u00fast \u00e1 v\u00ed\u00f0avangi, a\u00f0 gr\u00f3\u00f0urekru undir v\u00edngar\u00f0a, og velti steinum hennar ofan \u00ed dalinn og l\u00e6t sj\u00e1st \u00ed beran grundv\u00f6llinn.<a name=\"7\"><span class=\"versanumer\">7<\/span><\/a>\u00d6ll skur\u00f0go\u00f0 hennar skulu sundur brotin ver\u00f0a og allar helgigjafir hennar \u00ed eldi brenndar, og \u00f6ll gu\u00f0al\u00edkneski hennar vil \u00e9g framselja til ey\u00f0ingar, \u00fev\u00ed a\u00f0 h\u00fan hefir dregi\u00f0 \u00fe\u00e6r saman \u00far h\u00f3rgj\u00f6ldum, og a\u00f0 h\u00f3rgj\u00f6ldum skulu \u00fe\u00e6r aftur ver\u00f0a.<a name=\"8\"><span class=\"versanumer\">8<\/span><\/a>Vegna \u00feessa vil \u00e9g harma og kveina, ganga berf\u00e6ttur og skikkjulaus, telja m\u00e9r harmat\u00f6lur eins og sjakalarnir og halda sorgarkvein eins og str\u00fatsfuglarnir.<a name=\"9\"><span class=\"versanumer\">9<\/span><\/a>\u00dev\u00ed a\u00f0 \u00f3l\u00e6knandi eru s\u00e1r hennar. J\u00e1, \u00fea\u00f0 kemur allt til J\u00fada, n\u00e6r allt a\u00f0 hli\u00f0um \u00fej\u00f3\u00f0ar minnar, allt a\u00f0 Jer\u00fasalem.<a name=\"10\"><span class=\"versanumer\">10<\/span><\/a>Segi\u00f0 ekki fr\u00e1 \u00fev\u00ed \u00ed Gat, gr\u00e1ti\u00f0 ekki h\u00e1tt! Velti\u00f0 y\u00f0ur \u00ed duftinu \u00ed Betleafra!<a name=\"11\"><span class=\"versanumer\">11<\/span><\/a>Gangi\u00f0 fram sm\u00e1narlega naktir, \u00fe\u00e9r \u00edb\u00faar Saf\u00edr! \u00cdb\u00faarnir \u00ed Saanan voga s\u00e9r ekki \u00fat, harmakveini\u00f0 \u00ed Bet Haesel aftrar y\u00f0ur fr\u00e1 a\u00f0 sta\u00f0n\u00e6mast \u00fear.<a name=\"12\"><span class=\"versanumer\">12<\/span><\/a>\u00dev\u00ed a\u00f0 \u00edb\u00faar Mar\u00f3t eru kv\u00ed\u00f0andi um sinn hag, j\u00e1, \u00f3g\u00e6fa st\u00edgur ni\u00f0ur fr\u00e1 Drottni allt a\u00f0 hli\u00f0um Jer\u00fasalem.<a name=\"13\"><span class=\"versanumer\">13<\/span><\/a>&#8222;Beiti\u00f0 g\u00e6\u00f0ingum fyrir vagnana, \u00fe\u00e9r \u00edb\u00faar Lak\u00eds! \u00cd \u00feeirri borg kom fyrst upp synd d\u00f3tturinnar S\u00edon; j\u00e1, hj\u00e1 y\u00f0ur fundust misgj\u00f6r\u00f0ir \u00cdsraels.&#8220;<a name=\"14\"><span class=\"versanumer\">14<\/span><\/a>Fyrir \u00fev\u00ed ver\u00f0ur \u00fe\u00fa a\u00f0 segja skili\u00f0 vi\u00f0 M\u00f3reset Gat. H\u00fasin \u00ed Aks\u00edb reynast \u00cdsraelskonungum svikul.<a name=\"15\"><span class=\"versanumer\">15<\/span><\/a>Enn l\u00e6t \u00e9g sigurvegarann yfir y\u00f0ur koma, \u00fe\u00e9r \u00edb\u00faar Maresa. Tignarmenni \u00cdsraels munu komast allt til Ad\u00fallam.<a name=\"16\"><span class=\"versanumer\">16<\/span><\/a>Raka h\u00e1r \u00feitt og skegg vegna \u00feinna \u00e1stf\u00f3lgnu barna, gj\u00f6r skalla \u00feinn brei\u00f0an sem \u00e1 gammi, \u00fev\u00ed a\u00f0 \u00feau ver\u00f0a a\u00f0 fara hernumin burt fr\u00e1 \u00fe\u00e9r.<\/p>\n<div class=\"footnote1981\"><b>1.1<\/b> M\u00edka fr\u00e1 M\u00f3reser Jer 26.18 \u2013 J\u00f3tam 2Kon 15.32-38 \u2013 Akas 2Kon 16.1-20 \u2013 Hisk\u00eda 2Kon 18; sbr Jes 1.1 \u2013 vitrun \u00d3b 1+<br \/>\n<b>1.2<\/b> Heyri\u00f0 Am 3.9+ ; sbr Jes 1.2<br \/>\n<b>1.3<\/b> Drottinn kemur ofan Jes 26.21<br \/>\n<b>1.3-4<\/b> Drottinn tre\u00f0ur Am 4.13; Sak 14.4<br \/>\n<b>1.4<\/b> Sem vax Slm 68.3; 97.5<br \/>\n<b>1.6<\/b> Samar\u00eda og r\u00fast 2Kon 17.5-6<br \/>\n<b>1.7<\/b> H\u00f6ggmyndir og h\u00f3rgj\u00f6ld H\u00f3s 1.2+<br \/>\n<b>1.8<\/b> Harmur Am 5.1+ &#8211; berf\u00e6ttur og kl\u00e6\u00f0alaus 2Sam 15.30; Jes 20.2-4<br \/>\n<b>1.10<\/b> Gat 2Sam 1.20; sbr 1Sam 5.8; 17.4; 1Kon 2.41; Am 6.2<br \/>\n<b>1.13<\/b> Lak\u00eds J\u00f3s 10.31; 15.39; 2Kon 14.19; 18.14; Neh 11.30; Jer 34.7 \u2013 treysta \u00e1 herstyrk Jes 31.1; H\u00f3s 8.14; 10.13; 14.4<br \/>\n<b>1.14<\/b> M\u00f3reset-Gat sbr M\u00edk 1.1 \u2013 Aks\u00edv J\u00f3s 15.44<br \/>\n<b>1.15<\/b> Maresa J\u00f3s 15.44; 2Kro 11.8; 14.8 \u2013 Ad\u00fallam J\u00f3s 12.15; 2Kro 11.7; Neh 11.30<br \/>\n<b>1.16<\/b> Rakstur (merki um sorg) Jes 15.2-3; 22.12; Jer 48.37; Am 8.10<\/div>\n","protected":false},"excerpt":{"rendered":"<p>1Or\u00f0 Drottins, sem kom til M\u00edka fr\u00e1 M\u00f3reset \u00e1 d\u00f6gum J\u00f3tams, Akasar og Hisk\u00eda, J\u00fadakonunga, \u00fea\u00f0 er honum vitra\u00f0ist um Samar\u00edu og Jer\u00fasalem.2Heyri\u00f0, allir l\u00fd\u00f0ir! Hlusta \u00fe\u00fa, j\u00f6r\u00f0, og allt sem \u00e1 \u00fe\u00e9r er! Og Drottinn Gu\u00f0 veri vottur gegn y\u00f0ur, Drottinn fr\u00e1 s\u00ednu heilaga musteri.3Sj\u00e1, Drottinn mun \u00fat fara fr\u00e1 b\u00fasta\u00f0 s\u00ednum, mun ofan st\u00edga og ganga eftir h\u00e6\u00f0um jar\u00f0arinnar.4Fj\u00f6llin munu br\u00e1\u00f0na undan honum og dalirnir klofna sem vax fyrir eldi, sem vatn, er steypist ofan bratta hl\u00ed\u00f0.5Og allt \u00feetta sakir misgj\u00f6r\u00f0ar Jakobs og sakir syndar \u00cdsraels h\u00fass. Hver er \u00fe\u00e1 misgj\u00f6r\u00f0 Jakobs? Er \u00fea\u00f0 ekki Samar\u00eda? Og hver <a href=\"https:\/\/biblian.is\/1981\/mika-1-kafli\/\"> [&#8230;]<\/a><\/p>\n","protected":false},"author":1,"featured_media":0,"parent":0,"menu_order":0,"comment_status":"open","ping_status":"open","template":"bibliukaflar.php","meta":{"footnotes":""},"class_list":["post-2241","page","type-page","status-publish","hentry"],"_links":{"self":[{"href":"https:\/\/biblian.is\/1981\/wp-json\/wp\/v2\/pages\/2241","targetHints":{"allow":["GET"]}}],"collection":[{"href":"https:\/\/biblian.is\/1981\/wp-json\/wp\/v2\/pages"}],"about":[{"href":"https:\/\/biblian.is\/1981\/wp-json\/wp\/v2\/types\/page"}],"author":[{"embeddable":true,"href":"https:\/\/biblian.is\/1981\/wp-json\/wp\/v2\/users\/1"}],"replies":[{"embeddable":true,"href":"https:\/\/biblian.is\/1981\/wp-json\/wp\/v2\/comments?post=2241"}],"version-history":[{"count":0,"href":"https:\/\/biblian.is\/1981\/wp-json\/wp\/v2\/pages\/2241\/revisions"}],"wp:attachment":[{"href":"https:\/\/biblian.is\/1981\/wp-json\/wp\/v2\/media?parent=2241"}],"curies":[{"name":"wp","href":"https:\/\/api.w.org\/{rel}","templated":true}]}}