{"id":2238,"date":"2017-11-18T20:20:52","date_gmt":"2017-11-18T20:20:52","guid":{"rendered":"http:\/\/biblian.is\/1981\/jonas-2-kafli\/"},"modified":"2021-08-18T00:52:55","modified_gmt":"2021-08-18T00:52:55","slug":"jonas-2-kafli","status":"publish","type":"page","link":"https:\/\/biblian.is\/1981\/jonas-2-kafli\/","title":{"rendered":"J\u00f3nas 2. kafli"},"content":{"rendered":"<p><a name=\"1\"><\/a><span class=\"versanumer\">1<\/span>\u00de\u00e1 sendi Drottinn st\u00f3rfisk til \u00feess a\u00f0 svelgja J\u00f3nas. Og J\u00f3nas var \u00ed kvi\u00f0i fisksins \u00ferj\u00e1 daga og \u00ferj\u00e1r n\u00e6tur. <a name=\"2\"><\/a><span class=\"versanumer\">2<\/span>Og J\u00f3nas ba\u00f0 til Drottins Gu\u00f0s s\u00edns \u00ed kvi\u00f0i fisksins<a name=\"3\"><\/a><span class=\"versanumer\">3<\/span>og sag\u00f0i: \u00c9g kalla\u00f0i til Drottins \u00ed ney\u00f0 minni, og hann svara\u00f0i m\u00e9r. Fr\u00e1 skauti Heljar hr\u00f3pa\u00f0i \u00e9g, og \u00fe\u00fa heyr\u00f0ir raust m\u00edna.<a name=\"4\"><\/a><span class=\"versanumer\">4<\/span>\u00de\u00fa varpa\u00f0ir m\u00e9r \u00ed dj\u00fapi\u00f0, \u00fat \u00ed mitt hafi\u00f0, svo a\u00f0 straumurinn umkringdi mig. Allir bo\u00f0ar \u00fe\u00ednir og bylgjur gengu yfir mig.<a name=\"5\"><\/a><span class=\"versanumer\">5<\/span>\u00c9g hugsa\u00f0i: \u00c9g er burt rekinn fr\u00e1 augum \u00fe\u00ednum. Mun \u00e9g nokkurn t\u00edma framar l\u00edta \u00feitt heilaga musteri?<a name=\"6\"><\/a><span class=\"versanumer\">6<\/span>V\u00f6tnin luktu um mig og \u00e6tlu\u00f0u a\u00f0 s\u00e1lga m\u00e9r, hyld\u00fdpi\u00f0 umkringdi mig, h\u00f6f\u00f0i m\u00ednu var falda\u00f0 me\u00f0 marh\u00e1lmi.<a name=\"7\"><\/a><span class=\"versanumer\">7<\/span>\u00c9g steig ni\u00f0ur a\u00f0 grundv\u00f6llum fjallanna, slagbrandar jar\u00f0arinnar voru loka\u00f0ir \u00e1 eftir m\u00e9r a\u00f0 eil\u00edfu. \u00de\u00e1 f\u00e6r\u00f0ir \u00fe\u00fa l\u00edf mitt upp \u00far gr\u00f6finni, Drottinn, Gu\u00f0 minn!<a name=\"8\"><\/a><span class=\"versanumer\">8<\/span>\u00deegar s\u00e1l m\u00edn \u00f6rmagna\u00f0ist \u00ed m\u00e9r, \u00fe\u00e1 minntist \u00e9g Drottins, og b\u00e6n m\u00edn kom til \u00fe\u00edn, \u00ed \u00feitt heilaga musteri.<a name=\"9\"><\/a><span class=\"versanumer\">9<\/span>\u00deeir sem d\u00fdrka f\u00e1n\u00fdt falsgo\u00f0, \u00feeir hafna hj\u00e1lpr\u00e6\u00f0i s\u00ednu.<a name=\"10\"><\/a><span class=\"versanumer\">10<\/span>En \u00e9g vil f\u00e6ra \u00fe\u00e9r f\u00f3rnir me\u00f0 lofgj\u00f6r\u00f0ars\u00f6ng. \u00c9g vil grei\u00f0a \u00fea\u00f0 er \u00e9g hefi heiti\u00f0. Hj\u00e1lpin kemur fr\u00e1 Drottni.<a name=\"11\"><\/a><span class=\"versanumer\">11<\/span>En Drottinn bau\u00f0 fiskinum a\u00f0 sp\u00faa J\u00f3nasi upp \u00e1 \u00feurrt land.<\/p>\n<div class=\"footnote1981\"><b>2.1<\/b> \u00der\u00edr dagar og \u00ferj\u00e1r n\u00e6tur Matt 12.40<br \/>\n<b>2.3<\/b> \u00cd ney\u00f0 minni Slm 18.7; 120.1; 130.1; Hlj 3.55-57 \u2013 dj\u00fap Heljar 1M\u00f3s 37.35; 42.38<br \/>\n<b>2.4<\/b> Bylgjur og bo\u00f0af\u00f6ll Slm 42.8<br \/>\n<b>2.5<\/b> Augu Gu\u00f0s Jer 32.19; Slm 31.23; 32.8; 34.16; 123.1; sbr Esk 5.11 \u2013 \u00feitt heilaga musteri M\u00edk 1.2; Slm 5.8; 11.4<br \/>\n<b>2.6<\/b> V\u00f6tnin Slm 69.3; sbr 116.3<br \/>\n<b>2.7<\/b> Bjarga fr\u00e1 gr\u00f6finni Slm 16.10; 30.4; 103.4; 107.20; Job 33.18<br \/>\n<b>2.8<\/b> A\u00f0 dau\u00f0a komin Slm 142.4; 143.4 \u2013 heilagt musteri J\u00f3n 2.5<br \/>\n<b>2.9<\/b> F\u00e1n\u00fdtir hj\u00e1gu\u00f0ir Jes 31.7<br \/>\n<b>2.10<\/b> Heit m\u00edn Slm 22.26 \u2013 hj\u00e1lp hj\u00e1 Drottni Slm 3.9<br \/>\n<b>2.11<\/b> \u00c1 \u00feurrt land J\u00f3n 1.9,13<\/div>\n","protected":false},"excerpt":{"rendered":"<p>1\u00de\u00e1 sendi Drottinn st\u00f3rfisk til \u00feess a\u00f0 svelgja J\u00f3nas. Og J\u00f3nas var \u00ed kvi\u00f0i fisksins \u00ferj\u00e1 daga og \u00ferj\u00e1r n\u00e6tur. 2Og J\u00f3nas ba\u00f0 til Drottins Gu\u00f0s s\u00edns \u00ed kvi\u00f0i fisksins3og sag\u00f0i: \u00c9g kalla\u00f0i til Drottins \u00ed ney\u00f0 minni, og hann svara\u00f0i m\u00e9r. Fr\u00e1 skauti Heljar hr\u00f3pa\u00f0i \u00e9g, og \u00fe\u00fa heyr\u00f0ir raust m\u00edna.4\u00de\u00fa varpa\u00f0ir m\u00e9r \u00ed dj\u00fapi\u00f0, \u00fat \u00ed mitt hafi\u00f0, svo a\u00f0 straumurinn umkringdi mig. Allir bo\u00f0ar \u00fe\u00ednir og bylgjur gengu yfir mig.5\u00c9g hugsa\u00f0i: \u00c9g er burt rekinn fr\u00e1 augum \u00fe\u00ednum. Mun \u00e9g nokkurn t\u00edma framar l\u00edta \u00feitt heilaga musteri?6V\u00f6tnin luktu um mig og \u00e6tlu\u00f0u a\u00f0 s\u00e1lga m\u00e9r, hyld\u00fdpi\u00f0 umkringdi <a href=\"https:\/\/biblian.is\/1981\/jonas-2-kafli\/\"> [&#8230;]<\/a><\/p>\n","protected":false},"author":1,"featured_media":0,"parent":0,"menu_order":0,"comment_status":"open","ping_status":"open","template":"bibliukaflar.php","meta":{"footnotes":""},"class_list":["post-2238","page","type-page","status-publish","hentry"],"_links":{"self":[{"href":"https:\/\/biblian.is\/1981\/wp-json\/wp\/v2\/pages\/2238","targetHints":{"allow":["GET"]}}],"collection":[{"href":"https:\/\/biblian.is\/1981\/wp-json\/wp\/v2\/pages"}],"about":[{"href":"https:\/\/biblian.is\/1981\/wp-json\/wp\/v2\/types\/page"}],"author":[{"embeddable":true,"href":"https:\/\/biblian.is\/1981\/wp-json\/wp\/v2\/users\/1"}],"replies":[{"embeddable":true,"href":"https:\/\/biblian.is\/1981\/wp-json\/wp\/v2\/comments?post=2238"}],"version-history":[{"count":0,"href":"https:\/\/biblian.is\/1981\/wp-json\/wp\/v2\/pages\/2238\/revisions"}],"wp:attachment":[{"href":"https:\/\/biblian.is\/1981\/wp-json\/wp\/v2\/media?parent=2238"}],"curies":[{"name":"wp","href":"https:\/\/api.w.org\/{rel}","templated":true}]}}