{"id":2237,"date":"2017-11-18T20:20:52","date_gmt":"2017-11-18T20:20:52","guid":{"rendered":"http:\/\/biblian.is\/1981\/jonas-1-kafli\/"},"modified":"2021-08-18T00:50:24","modified_gmt":"2021-08-18T00:50:24","slug":"jonas-1-kafli","status":"publish","type":"page","link":"https:\/\/biblian.is\/1981\/jonas-1-kafli\/","title":{"rendered":"J\u00f3nas 1. kafli"},"content":{"rendered":"<p><a name=\"1\"><\/a><span class=\"versanumer\">1<\/span>Or\u00f0 Drottins kom til J\u00f3nasar Amitta\u00edsonar, svo hlj\u00f3\u00f0andi:<a name=\"2\"><\/a><span class=\"versanumer\">2<\/span>Legg af sta\u00f0 og far til N\u00edn\u00edve, hinnar miklu borgar, og pr\u00e9dika m\u00f3ti henni, \u00fev\u00ed a\u00f0 vonska \u00feeirra er upp stigin fyrir auglit mitt.<a name=\"3\"><\/a><span class=\"versanumer\">3<\/span>En J\u00f3nas lag\u00f0i af sta\u00f0 \u00ed \u00fev\u00ed skyni a\u00f0 fl\u00fdja til Tarsis, burt fr\u00e1 augliti Drottins, og f\u00f3r hann ni\u00f0ur til Jaffa. \u00dear hitti hann skip, er \u00e6tla\u00f0i til Tarsis. Greiddi hann fargjald og steig \u00e1 skip \u00ed \u00fev\u00ed skyni a\u00f0 fara me\u00f0 \u00feeim til Tarsis, burt fr\u00e1 augliti Drottins.<a name=\"4\"><\/a><span class=\"versanumer\">4<\/span>\u00de\u00e1 varpa\u00f0i Drottinn miklum stormi \u00e1 sj\u00f3inn, og gj\u00f6r\u00f0i \u00fe\u00e1 svo miki\u00f0 ofvi\u00f0ri \u00e1 hafinu, a\u00f0 vi\u00f0 sj\u00e1lft l\u00e1, a\u00f0 skipi\u00f0 mundi brotna.<a name=\"5\"><\/a><span class=\"versanumer\">5<\/span>Skipverjar ur\u00f0u hr\u00e6ddir og h\u00e9t hver \u00e1 sinn gu\u00f0. Og \u00feeir k\u00f6stu\u00f0u rei\u00f0a skipsins \u00ed sj\u00f3inn til \u00feess a\u00f0 l\u00e9tta \u00e1 skipinu. En J\u00f3nas haf\u00f0i gengi\u00f0 ofan \u00ed ne\u00f0sta r\u00fam \u00ed skipinu, l\u00e1 \u00fear og svaf v\u00e6rt.<a name=\"6\"><\/a><span class=\"versanumer\">6<\/span>\u00de\u00e1 gekk st\u00fdrima\u00f0ur til hans og sag\u00f0i vi\u00f0 hann: Hva\u00f0 kemur til, a\u00f0 \u00fe\u00fa sefur? Statt upp og \u00e1kalla gu\u00f0 \u00feinn. Vera m\u00e1 a\u00f0 s\u00e1 gu\u00f0 minnist vor, svo a\u00f0 v\u00e9r f\u00f6rumst eigi.<a name=\"7\"><\/a><span class=\"versanumer\">7<\/span>N\u00fa s\u00f6g\u00f0u skipverjar hver vi\u00f0 annan: Komi\u00f0, v\u00e9r skulum kasta hlutum, svo a\u00f0 v\u00e9r f\u00e1um a\u00f0 vita, hverjum \u00fea\u00f0 er a\u00f0 kenna, a\u00f0 \u00feessi \u00f3g\u00e6fa er yfir oss komin. \u00deeir k\u00f6stu\u00f0u s\u00ed\u00f0an hlutum, og kom upp hlutur J\u00f3nasar.<a name=\"8\"><\/a><span class=\"versanumer\">8<\/span>\u00de\u00e1 s\u00f6g\u00f0u \u00feeir vi\u00f0 hann: Seg oss, hver er atvinna \u00fe\u00edn og hva\u00f0an kemur \u00fe\u00fa? Hvert er f\u00f6\u00f0urland \u00feitt og hverrar \u00fej\u00f3\u00f0ar ertu?<a name=\"9\"><\/a><span class=\"versanumer\">9<\/span>Hann sag\u00f0i vi\u00f0 \u00fe\u00e1: \u00c9g er Hebrei og d\u00fdrka Drottin, Gu\u00f0 himinsins, \u00feann er gj\u00f6rt hefir hafi\u00f0 og \u00feurrlendi\u00f0.<a name=\"10\"><\/a><span class=\"versanumer\">10<\/span>\u00de\u00e1 ur\u00f0u mennirnir mj\u00f6g \u00f3ttaslegnir og s\u00f6g\u00f0u vi\u00f0 hann: Hva\u00f0 hefir \u00fe\u00fa gj\u00f6rt! Mennirnir vissu sem s\u00e9, a\u00f0 hann var a\u00f0 fl\u00fdja burt fr\u00e1 augliti Drottins, \u00fev\u00ed a\u00f0 hann haf\u00f0i sagt \u00feeim fr\u00e1 \u00fev\u00ed.<a name=\"11\"><\/a><span class=\"versanumer\">11<\/span>\u00dev\u00ed n\u00e6st s\u00f6g\u00f0u \u00feeir vi\u00f0 hann: Hva\u00f0 eigum v\u00e9r a\u00f0 gj\u00f6ra vi\u00f0 \u00feig, til \u00feess a\u00f0 hafi\u00f0 kyrrist fyrir oss? \u00fev\u00ed a\u00f0 sj\u00f3rinn \u00e6stist \u00e6 meir og meir.<a name=\"12\"><\/a><span class=\"versanumer\">12<\/span>\u00de\u00e1 sag\u00f0i hann vi\u00f0 \u00fe\u00e1: Taki\u00f0 mig og kasti\u00f0 m\u00e9r \u00ed sj\u00f3inn, mun \u00fe\u00e1 hafi\u00f0 kyrrt ver\u00f0a fyrir y\u00f0ur, \u00fev\u00ed a\u00f0 \u00e9g veit, a\u00f0 fyrir m\u00edna skuld er \u00feessi mikli stormur yfir y\u00f0ur kominn.<a name=\"13\"><\/a><span class=\"versanumer\">13<\/span>\u00de\u00e1 l\u00f6g\u00f0ust skipverjar \u00e1 \u00e1rar og reyndu a\u00f0 komast aftur til lands, en g\u00e1tu \u00fea\u00f0 ekki, \u00fev\u00ed a\u00f0 sj\u00f3rinn \u00e6stist \u00e6 meir og meir.<a name=\"14\"><\/a><span class=\"versanumer\">14<\/span>\u00de\u00e1 k\u00f6llu\u00f0u \u00feeir til Drottins og s\u00f6g\u00f0u: \u00c6, Drottinn! L\u00e1t oss eigi farast, \u00fe\u00f3tt v\u00e9r gl\u00f6tum l\u00edfi \u00feessa manns, og l\u00e1t oss ekki gjalda \u00feess, svo sem v\u00e9r hef\u00f0um fyrirkomi\u00f0 saklausum manni, \u00fev\u00ed a\u00f0 \u00fe\u00fa, Drottinn, hefir gj\u00f6rt \u00fea\u00f0, sem \u00fe\u00e9r \u00fe\u00f3kna\u00f0ist.<a name=\"15\"><\/a><span class=\"versanumer\">15<\/span>\u00deeir t\u00f3ku n\u00fa J\u00f3nas og k\u00f6stu\u00f0u honum \u00ed sj\u00f3inn. Var\u00f0 hafi\u00f0 \u00fe\u00e1 kyrrt og sj\u00e1var\u00f3lguna l\u00e6g\u00f0i.<a name=\"16\"><\/a><span class=\"versanumer\">16<\/span>En skipverjar \u00f3ttu\u00f0ust Drottin harla mj\u00f6g, f\u00e6r\u00f0u Drottni sl\u00e1turf\u00f3rn og gj\u00f6r\u00f0u heit.<\/p>\n<div class=\"footnote1981\"><b>1.1<\/b> J\u00f3nas Ammitta\u00edson 2Kon 14.25<br \/>\n<b>1.2<\/b> N\u00edn\u00edve 1M\u00f3s 10.11; 2Kon 19.36; Nah 1.1; 2.9; 3.7; Sef 2.13; Matt 12.41; L\u00fak 11.30 \u2013 illska hennar 1M\u00f3s 18.21<br \/>\n<b>1.3<\/b> Tarsis 1M\u00f3s 10.4; Jes 23.1; 66.19; Slm 72.10<br \/>\n<b>1.4<\/b> Stormur Slm 107.23-30<br \/>\n<b>1.5<\/b> L\u00e9tta \u00e1 skipinu Post 27.18<br \/>\n<b>1.6<\/b> \u00de\u00fa sefur Matt 8.24-25 og hlst.; Mrk 14.37<br \/>\n<b>1.7<\/b> Varpa hlutkesti J\u00f3s 7.14; 1Sam 14.41-42<br \/>\n<b>1.9<\/b> Sj\u00f3 og land 1M\u00f3s 1.9-10<br \/>\n<b>1.14<\/b> Kalla til Drottins Slm 17.6; 50.15; 86.7; 91.15; 118.5; 138.3; Hlj 3.57 \u2013 drepa saklausan 5M\u00f3s 21.8; Jer 26.15<\/div>\n","protected":false},"excerpt":{"rendered":"<p>1Or\u00f0 Drottins kom til J\u00f3nasar Amitta\u00edsonar, svo hlj\u00f3\u00f0andi:2Legg af sta\u00f0 og far til N\u00edn\u00edve, hinnar miklu borgar, og pr\u00e9dika m\u00f3ti henni, \u00fev\u00ed a\u00f0 vonska \u00feeirra er upp stigin fyrir auglit mitt.3En J\u00f3nas lag\u00f0i af sta\u00f0 \u00ed \u00fev\u00ed skyni a\u00f0 fl\u00fdja til Tarsis, burt fr\u00e1 augliti Drottins, og f\u00f3r hann ni\u00f0ur til Jaffa. \u00dear hitti hann skip, er \u00e6tla\u00f0i til Tarsis. Greiddi hann fargjald og steig \u00e1 skip \u00ed \u00fev\u00ed skyni a\u00f0 fara me\u00f0 \u00feeim til Tarsis, burt fr\u00e1 augliti Drottins.4\u00de\u00e1 varpa\u00f0i Drottinn miklum stormi \u00e1 sj\u00f3inn, og gj\u00f6r\u00f0i \u00fe\u00e1 svo miki\u00f0 ofvi\u00f0ri \u00e1 hafinu, a\u00f0 vi\u00f0 sj\u00e1lft l\u00e1, a\u00f0 skipi\u00f0 <a href=\"https:\/\/biblian.is\/1981\/jonas-1-kafli\/\"> [&#8230;]<\/a><\/p>\n","protected":false},"author":1,"featured_media":0,"parent":0,"menu_order":0,"comment_status":"open","ping_status":"open","template":"bibliukaflar.php","meta":{"footnotes":""},"class_list":["post-2237","page","type-page","status-publish","hentry"],"_links":{"self":[{"href":"https:\/\/biblian.is\/1981\/wp-json\/wp\/v2\/pages\/2237","targetHints":{"allow":["GET"]}}],"collection":[{"href":"https:\/\/biblian.is\/1981\/wp-json\/wp\/v2\/pages"}],"about":[{"href":"https:\/\/biblian.is\/1981\/wp-json\/wp\/v2\/types\/page"}],"author":[{"embeddable":true,"href":"https:\/\/biblian.is\/1981\/wp-json\/wp\/v2\/users\/1"}],"replies":[{"embeddable":true,"href":"https:\/\/biblian.is\/1981\/wp-json\/wp\/v2\/comments?post=2237"}],"version-history":[{"count":0,"href":"https:\/\/biblian.is\/1981\/wp-json\/wp\/v2\/pages\/2237\/revisions"}],"wp:attachment":[{"href":"https:\/\/biblian.is\/1981\/wp-json\/wp\/v2\/media?parent=2237"}],"curies":[{"name":"wp","href":"https:\/\/api.w.org\/{rel}","templated":true}]}}