{"id":2236,"date":"2017-11-18T20:20:52","date_gmt":"2017-11-18T20:20:52","guid":{"rendered":"http:\/\/biblian.is\/1981\/obadia-1-kafli\/"},"modified":"2021-06-06T11:04:10","modified_gmt":"2021-06-06T11:04:10","slug":"obadia-1-kafli","status":"publish","type":"page","link":"https:\/\/biblian.is\/1981\/obadia-1-kafli\/","title":{"rendered":"\u00d3bad\u00eda 1. kafli"},"content":{"rendered":"<p><a name=\"1\"><span class=\"versanumer\">1<\/span><\/a>Vitrun \u00d3bad\u00eda. Svo segir Drottinn Gu\u00f0 um Ed\u00f3m: V\u00e9r h\u00f6fum fengi\u00f0 vitneskju fr\u00e1 Drottni, og bo\u00f0beri er sendur me\u00f0al \u00fej\u00f3\u00f0anna: Af sta\u00f0! V\u00e9r skulum halda af sta\u00f0 til \u00feess a\u00f0 herja \u00e1 hann!<a name=\"2\"><span class=\"versanumer\">2<\/span><\/a>Sj\u00e1, \u00e9g vil gj\u00f6ra \u00feig l\u00edtinn me\u00f0al \u00fej\u00f3\u00f0anna, \u00fe\u00fa munt ver\u00f0a mj\u00f6g fyrirlitinn.<a name=\"3\"><span class=\"versanumer\">3<\/span><\/a>Hroki hjarta \u00fe\u00edns hefir dregi\u00f0 \u00feig \u00e1 t\u00e1lar, \u00fe\u00fa sem \u00e1tt bygg\u00f0 \u00ed klettaskorum og situr \u00ed h\u00e6\u00f0um uppi, sem segir \u00ed hjarta \u00fe\u00ednu: Hver getur steypt m\u00e9r ni\u00f0ur til jar\u00f0ar?<a name=\"4\"><span class=\"versanumer\">4<\/span><\/a>\u00de\u00f3tt \u00fe\u00fa s\u00e6tir h\u00e1tt eins og \u00f6rninn og bygg\u00f0ir hrei\u00f0ur \u00feitt me\u00f0al stjarnanna, \u00fe\u00e1 steypi \u00e9g \u00fe\u00e9r \u00fea\u00f0an ni\u00f0ur, segir Drottinn.<a name=\"5\"><span class=\"versanumer\">5<\/span><\/a>Ef \u00fej\u00f3far koma a\u00f0 \u00fe\u00e9r e\u00f0a r\u00e6ningjar \u00e1 n\u00e1ttar\u00feeli hversu ert \u00fe\u00fa \u00ed ey\u00f0i lag\u00f0ur, stela \u00feeir \u00fe\u00e1 ekki, \u00fear til er \u00feeim n\u00e6gir? Ef v\u00ednlestursmenn r\u00e1\u00f0ast \u00e1 \u00feig, skilja \u00feeir \u00fe\u00e1 ekki eftir neinn eftirt\u00edning?<a name=\"6\"><span class=\"versanumer\">6<\/span><\/a>En hversu vandlega hefir veri\u00f0 leita\u00f0 hj\u00e1 Esa\u00fa og leita\u00f0ir uppi f\u00f3lgnir d\u00fdrgripir hans.<a name=\"7\"><span class=\"versanumer\">7<\/span><\/a>Allir sambandsmenn \u00fe\u00ednir reka \u00feig \u00fat \u00e1 landam\u00e6rin. \u00deeir sem lif\u00f0u \u00ed fri\u00f0i vi\u00f0 \u00feig, draga \u00feig \u00e1 t\u00e1lar, bera \u00feig ofurli\u00f0i. \u00deeir sem \u00e1tu brau\u00f0 \u00feitt, leggja fyrir \u00feig sn\u00f6rur, sem eigi er unnt a\u00f0 sj\u00e1.<a name=\"8\"><span class=\"versanumer\">8<\/span><\/a>J\u00e1, \u00e1 \u00feeim degi segir Drottinn mun \u00e9g afm\u00e1 vitra menn \u00ed Ed\u00f3m og hyggindin \u00e1 Esa\u00fafj\u00f6llum.<a name=\"9\"><span class=\"versanumer\">9<\/span><\/a>Kappar \u00fe\u00ednir, Teman, skulu skelfast, til \u00feess a\u00f0 hver ma\u00f0ur ver\u00f0i uppr\u00e6ttur af Esa\u00fafj\u00f6llum \u00ed manndr\u00e1punum.<a name=\"10\"><span class=\"versanumer\">10<\/span><\/a>S\u00f6kum ofr\u00edkis \u00feess, er \u00fe\u00fa hefir s\u00fdnt br\u00f3\u00f0ur \u00fe\u00ednum Jakob, skal sm\u00e1n hylja \u00feig, og \u00fe\u00fa skalt a\u00f0 eil\u00edfu uppr\u00e6ttur ver\u00f0a.<a name=\"11\"><span class=\"versanumer\">11<\/span><\/a>\u00deann dag, er \u00fe\u00fa st\u00f3\u00f0st andsp\u00e6nis honum, \u00feann dag, er a\u00f0komnir menn fluttu burt fj\u00e1rafla hans hertekinn og \u00fatlendingar brutust inn um borgarhli\u00f0 hans og urpu hlutkesti um Jer\u00fasalem, varst \u00fe\u00fa sem einn af \u00feeim.<a name=\"12\"><span class=\"versanumer\">12<\/span><\/a>Horf eigi me\u00f0 \u00e1n\u00e6gju \u00e1 dag br\u00f3\u00f0ur \u00fe\u00edns, \u00e1 \u00f3g\u00e6fudag hans, og gle\u00f0 \u00feig eigi yfir J\u00fada sonum \u00e1 ey\u00f0ingardegi \u00feeirra og l\u00e1t \u00fe\u00e9r eigi st\u00f3ryr\u00f0i um munn fara \u00e1 ney\u00f0ardegi \u00feeirra.<a name=\"13\"><span class=\"versanumer\">13<\/span><\/a>Ry\u00f0st ekki inn um hli\u00f0 \u00fej\u00f3\u00f0ar minnar \u00e1 gl\u00f6tunardegi \u00feeirra, horf \u00fe\u00fa ekki l\u00edka me\u00f0 \u00e1n\u00e6gju \u00e1 \u00f3hamingju hennar \u00e1 gl\u00f6tunardegi hennar og r\u00e9tt \u00fe\u00fa ekki \u00fat h\u00f6ndina eftir fj\u00e1rafla hennar \u00e1 gl\u00f6tunardegi hennar.<a name=\"14\"><span class=\"versanumer\">14<\/span><\/a>Nem eigi sta\u00f0ar \u00e1 vegam\u00f3tum til \u00feess a\u00f0 drepa ni\u00f0ur fl\u00f3ttamenn hennar, og framsel eigi menn hennar, \u00fe\u00e1 er undan komast, \u00e1 degi ney\u00f0arinnar.<a name=\"15\"><span class=\"versanumer\">15<\/span><\/a>&#8222;\u00dev\u00ed a\u00f0 dagur Drottins er n\u00e1l\u00e6gur fyrir allar \u00fej\u00f3\u00f0ir. Eins og \u00fe\u00fa hefir \u00f6\u00f0rum gj\u00f6rt, eins skal \u00fe\u00e9r gj\u00f6rt ver\u00f0a; gj\u00f6r\u00f0ir \u00fe\u00ednar skulu \u00fe\u00e9r \u00ed koll koma.&#8220;<a name=\"16\"><span class=\"versanumer\">16<\/span><\/a>\u00dev\u00ed a\u00f0 eins og \u00fe\u00e9r hafi\u00f0 drukki\u00f0 \u00e1 m\u00ednu heilaga fjalli, svo skulu allar \u00fej\u00f3\u00f0irnar drekka st\u00f6\u00f0uglega. \u00de\u00e6r skulu drekka og s\u00f6tra og ver\u00f0a eins og \u00fe\u00e6r aldrei hef\u00f0u til veri\u00f0.<a name=\"17\"><span class=\"versanumer\">17<\/span><\/a>En \u00e1 S\u00edonfjalli skal frelsun ver\u00f0a, og \u00fea\u00f0 skal heilagt vera, og Jakobs ni\u00f0jar skulu f\u00e1 aftur eignir s\u00ednar.<a name=\"18\"><span class=\"versanumer\">18<\/span><\/a>Og Jakobs h\u00fas mun ver\u00f0a a\u00f0 eldi og J\u00f3sefs h\u00fas a\u00f0 loga og Esa\u00fa h\u00fas a\u00f0 h\u00e1lmi, og \u00feeir munu kveikja \u00ed og ey\u00f0a honum, svo a\u00f0 ekkert skal eftir ver\u00f0a af Esa\u00fani\u00f0jum, \u00fev\u00ed a\u00f0 Drottinn hefir tala\u00f0 \u00fea\u00f0.<a name=\"19\"><span class=\"versanumer\">19<\/span><\/a>Sunnlendingar skulu taka Esa\u00fafj\u00f6ll til eignar og Sl\u00e9ttumenn Filisteu. \u00deeir munu og taka Efra\u00edmsland og Samar\u00eduland til eignar, og Benjam\u00edn G\u00edlea\u00f0.<a name=\"20\"><span class=\"versanumer\">20<\/span><\/a>\u00deeir af \u00cdsraelsm\u00f6nnum, er teknir hafa veri\u00f0 \u00ed v\u00edgi \u00feessu og fluttir burt hernumdir, munu taka \u00fea\u00f0 til eignar, sem Kanaan\u00edtar eiga, allt til Sarefta, og \u00feeir sem fluttir hafa veri\u00f0 burt hernumdir fr\u00e1 Jer\u00fasalem, \u00feeir sem eru \u00ed Sefarad, munu taka til eignar borgir Su\u00f0urlandsins.<a name=\"21\"><span class=\"versanumer\">21<\/span><\/a>Og frelsendur munu fara upp til S\u00edonfjalls til \u00feess a\u00f0 d\u00e6ma Esa\u00fafj\u00f6ll, og Drottinn mun hlj\u00f3ta konungsvaldi\u00f0.<\/p>\n<div class=\"footnote1981\"><b>1<\/b> Vitrun Jes 1; Jer 1.11,13; Am 7.1,4,7; 8.1; 9.1; M\u00edk 1.1; Hab 2.2-3 \u2013 Ed\u00f3m Am 1.11+ &#8211; t\u00ed\u00f0indi fr\u00e1 Drottni Jer 49.14-16;<br \/>\n<b>3<\/b> Hroki Jes 14.13-15<br \/>\n<b>4<\/b> Steypa ni\u00f0ur Matt 11.23<br \/>\n<b>5-6<\/b> \u00dej\u00f3far, v\u00ednyrkjumenn Jer 49.9-10<br \/>\n<b>7<\/b> Lagsmenn Jer 38.22; Slm 41.10<br \/>\n<b>8<\/b> Ey\u00f0a hinum vitru Jes 19.11-12; 29.14; 1Kor 1.19<br \/>\n<b>9<\/b> Kappar skelfast Jer 49.22<br \/>\n<b>10<\/b> \u00cdsrael\u00edtum s\u00fdnt ofr\u00edki Am 1.11; Jl 4.19<br \/>\n<b>11<\/b> Ed\u00f3m\u00edtar \u00ed Jer\u00fasalem Esk 25.12; 35.5,12; Slm 137.7; Hlj 4.21-22<br \/>\n<b>12<\/b> Hlakka\u00f0u ekki M\u00edk 7.8<br \/>\n<b>15<\/b> Dagur Drottins Jl 1.15+; sbr Jes 34.8<br \/>\n<b>16<\/b> Drekka (bikar rei\u00f0iv\u00ednsins) Jer 25.15+<br \/>\n<b>17<\/b> Frelsun \u00e1 S\u00edonsfjalli Jl 3.5 \u2013 heilagt Jl 4.17<br \/>\n<b>21<\/b> Konungsd\u00e6mi Drottins M\u00edk 4.6-7; Sak 14.9; Slm 22.28-30; Opb 11.15+<\/div>\n","protected":false},"excerpt":{"rendered":"<p>1Vitrun \u00d3bad\u00eda. Svo segir Drottinn Gu\u00f0 um Ed\u00f3m: V\u00e9r h\u00f6fum fengi\u00f0 vitneskju fr\u00e1 Drottni, og bo\u00f0beri er sendur me\u00f0al \u00fej\u00f3\u00f0anna: Af sta\u00f0! V\u00e9r skulum halda af sta\u00f0 til \u00feess a\u00f0 herja \u00e1 hann!2Sj\u00e1, \u00e9g vil gj\u00f6ra \u00feig l\u00edtinn me\u00f0al \u00fej\u00f3\u00f0anna, \u00fe\u00fa munt ver\u00f0a mj\u00f6g fyrirlitinn.3Hroki hjarta \u00fe\u00edns hefir dregi\u00f0 \u00feig \u00e1 t\u00e1lar, \u00fe\u00fa sem \u00e1tt bygg\u00f0 \u00ed klettaskorum og situr \u00ed h\u00e6\u00f0um uppi, sem segir \u00ed hjarta \u00fe\u00ednu: Hver getur steypt m\u00e9r ni\u00f0ur til jar\u00f0ar?4\u00de\u00f3tt \u00fe\u00fa s\u00e6tir h\u00e1tt eins og \u00f6rninn og bygg\u00f0ir hrei\u00f0ur \u00feitt me\u00f0al stjarnanna, \u00fe\u00e1 steypi \u00e9g \u00fe\u00e9r \u00fea\u00f0an ni\u00f0ur, segir Drottinn.5Ef \u00fej\u00f3far koma a\u00f0 \u00fe\u00e9r e\u00f0a <a href=\"https:\/\/biblian.is\/1981\/obadia-1-kafli\/\"> [&#8230;]<\/a><\/p>\n","protected":false},"author":1,"featured_media":0,"parent":0,"menu_order":0,"comment_status":"open","ping_status":"open","template":"bibliukaflar.php","meta":{"footnotes":""},"class_list":["post-2236","page","type-page","status-publish","hentry"],"_links":{"self":[{"href":"https:\/\/biblian.is\/1981\/wp-json\/wp\/v2\/pages\/2236","targetHints":{"allow":["GET"]}}],"collection":[{"href":"https:\/\/biblian.is\/1981\/wp-json\/wp\/v2\/pages"}],"about":[{"href":"https:\/\/biblian.is\/1981\/wp-json\/wp\/v2\/types\/page"}],"author":[{"embeddable":true,"href":"https:\/\/biblian.is\/1981\/wp-json\/wp\/v2\/users\/1"}],"replies":[{"embeddable":true,"href":"https:\/\/biblian.is\/1981\/wp-json\/wp\/v2\/comments?post=2236"}],"version-history":[{"count":0,"href":"https:\/\/biblian.is\/1981\/wp-json\/wp\/v2\/pages\/2236\/revisions"}],"wp:attachment":[{"href":"https:\/\/biblian.is\/1981\/wp-json\/wp\/v2\/media?parent=2236"}],"curies":[{"name":"wp","href":"https:\/\/api.w.org\/{rel}","templated":true}]}}