{"id":2234,"date":"2017-11-18T20:20:52","date_gmt":"2017-11-18T20:20:52","guid":{"rendered":"http:\/\/biblian.is\/1981\/amos-8-kafli\/"},"modified":"2021-06-06T10:50:29","modified_gmt":"2021-06-06T10:50:29","slug":"amos-8-kafli","status":"publish","type":"page","link":"https:\/\/biblian.is\/1981\/amos-8-kafli\/","title":{"rendered":"Amos 8. kafli"},"content":{"rendered":"<p><a name=\"1\"><span class=\"versanumer\">1<\/span><\/a>Drottinn Gu\u00f0 l\u00e9t \u00feessa s\u00fdn bera fyrir mig: \u00c9g s\u00e1 k\u00f6rfu me\u00f0 sumar\u00e1v\u00f6xtum.<a name=\"2\"><span class=\"versanumer\">2<\/span><\/a>\u00de\u00e1 sag\u00f0i hann: Hva\u00f0 s\u00e9r \u00fe\u00fa, Amos? \u00c9g svara\u00f0i: K\u00f6rfu me\u00f0 sumar\u00e1v\u00f6xtum. \u00de\u00e1 sag\u00f0i Drottinn vi\u00f0 mig: Endirinn er kominn yfir l\u00fd\u00f0 minn \u00cdsrael, \u00e9g vil eigi lengur umbera hann.<a name=\"3\"><span class=\"versanumer\">3<\/span><\/a>Og musteriss\u00f6ngmeyjarnar skulu kveina \u00e1 \u00feeim degi segir Drottinn Gu\u00f0 ._ L\u00edkin eru m\u00f6rg. Alls sta\u00f0ar fleygja menn \u00feeim \u00fat \u00ed kyrr\u00feey!<a name=\"4\"><span class=\"versanumer\">4<\/span><\/a>Heyri\u00f0 \u00feetta, \u00fe\u00e9r sem sundur merji\u00f0 hina f\u00e1t\u00e6ku og \u00e6tli\u00f0 a\u00f0 gj\u00f6ra \u00fat af vi\u00f0 alla aumingja \u00ed landinu,<a name=\"5\"><span class=\"versanumer\">5<\/span><\/a>sem segi\u00f0: Hven\u00e6r mun tunglkomuh\u00e1t\u00ed\u00f0in l\u00ed\u00f0a, svo a\u00f0 v\u00e9r megum selja korn, og hv\u00edldardagurinn, svo a\u00f0 v\u00e9r megum opna kornhl\u00f6\u00f0urnar? sem minnki\u00f0 m\u00e6linn og h\u00e6kki\u00f0 ver\u00f0i\u00f0 og falsi\u00f0 svikavogina,<a name=\"6\"><span class=\"versanumer\">6<\/span><\/a>og kaupi\u00f0 hina snau\u00f0u fyrir silfur og f\u00e1t\u00e6klinginn fyrir eina ilsk\u00f3, sem segi\u00f0: V\u00e9r seljum \u00feeim a\u00f0eins \u00farganginn \u00far korninu.<a name=\"7\"><span class=\"versanumer\">7<\/span><\/a>Drottinn hefir svari\u00f0 vi\u00f0 vegsemd Jakobs: Aldrei skal \u00e9g gleyma \u00f6llu \u00fev\u00ed, er \u00feeir hafa gj\u00f6rt.<a name=\"8\"><span class=\"versanumer\">8<\/span><\/a>Hlaut ekki j\u00f6r\u00f0in a\u00f0 n\u00f6tra af sl\u00edku og allir \u00feeir, sem \u00fear b\u00faa, a\u00f0 ver\u00f0a sorgbitnir, svo a\u00f0 h\u00fan h\u00f3fst upp alls sta\u00f0ar eins og N\u00edl-flj\u00f3ti\u00f0 og l\u00e6kka\u00f0i eins og flj\u00f3ti\u00f0 \u00e1 Egyptalandi?<a name=\"9\"><span class=\"versanumer\">9<\/span><\/a>\u00c1 \u00feeim degi, segir Drottinn Gu\u00f0 vil \u00e9g l\u00e1ta s\u00f3lina ganga til vi\u00f0ar um mi\u00f0jan dag og senda myrkur yfir landi\u00f0 \u00e1 lj\u00f3sum degi.<a name=\"10\"><span class=\"versanumer\">10<\/span><\/a>\u00c9g vil sn\u00faa h\u00e1t\u00ed\u00f0um y\u00f0ar \u00ed sorg og \u00f6llum lj\u00f3\u00f0um y\u00f0ar \u00ed harmkv\u00e6\u00f0i, kl\u00e6\u00f0a allar mja\u00f0mir \u00ed sorgarb\u00faning og gj\u00f6ra \u00f6ll h\u00f6fu\u00f0 sk\u00f6ll\u00f3tt. \u00c9g l\u00e6t \u00fea\u00f0 ver\u00f0a eins og sorg eftir einkason og endalok \u00feess sem beiskan dag.<a name=\"11\"><span class=\"versanumer\">11<\/span><\/a>Sj\u00e1, \u00feeir dagar munu koma, segir Drottinn Gu\u00f0, a\u00f0 \u00e9g mun senda hungur inn \u00ed landi\u00f0, ekki hungur eftir brau\u00f0i n\u00e9 \u00feorsta eftir vatni, heldur eftir \u00fev\u00ed a\u00f0 heyra or\u00f0 Drottins,<a name=\"12\"><span class=\"versanumer\">12<\/span><\/a>svo a\u00f0 menn skulu reika fr\u00e1 einu hafinu til annars og renna fr\u00e1 nor\u00f0ri til austurs til \u00feess a\u00f0 leita eftir or\u00f0i Drottins. En \u00feeir skulu ekki finna \u00fea\u00f0.<a name=\"13\"><span class=\"versanumer\">13<\/span><\/a>\u00c1 \u00feeim degi skulu fr\u00ed\u00f0ar meyjar og \u00e6skumenn vanmegnast af \u00feorsta.<a name=\"14\"><span class=\"versanumer\">14<\/span><\/a>\u00deeir er sverja vi\u00f0 vans\u00e6md Samar\u00edu og segja: Svo sannarlega sem Gu\u00f0 \u00feinn lifir, Dan! og: Svo sannarlega sem Gu\u00f0 \u00feinn lifir, Beerseba! \u00feeir skulu falla og ekki framar \u00e1 f\u00e6tur r\u00edsa.<\/p>\n<div class=\"footnote1981\"><b>8.1<\/b> Karfa me\u00f0 \u00e1v\u00f6xtum Jer 24.1<br \/>\n<b>8.5<\/b> N\u00fdtt tungl 1Sam 20.5,24; Jes 1.13-14 \u2013 hv\u00edldardagur Neh 10.32; 13.15 \u2013 falsa vigtina 3M\u00f3s 19.35-36; 5M\u00f3s 25.13-16; H\u00f3s 12.8; M\u00edk 6.11<br \/>\n<b>8.6<\/b> Fyrir eina ilsk\u00f3 Am 2.6<br \/>\n<b>8.7<\/b> Drottinn hefur svari\u00f0 Am 6.8+ &#8211; Gu\u00f0 gleymir ekki H\u00f3s 7.2+<br \/>\n<b>8.9<\/b> \u00c1 \u00feeim degi H\u00f3s 1.5+ &#8211; myrkur Jes 13.10; Jl 2.2; Sef 1.15; Mrk 15.33 og hlst.<br \/>\n<b>8.10<\/b> Sorg Jer 48.37; Esk 7.18 \u2013 eftir einbirni Jer 6.26; Sak 12.10<br \/>\n<b>8.11<\/b> Hungur sbr Am 4.6; 5M\u00f3s 8.3<br \/>\n<b>8.12<\/b> Reika 5M\u00f3s 28.28-29 \u2013 leita a\u00f0 5M\u00f3s 30.11-13; Jes 55.6 \u2013 finna ekki H\u00f3s 5.6+ ; Slm 74.9; Okv 1.28; Ljl 5.6<br \/>\n<b>8.14<\/b> Syndasekt Samar\u00edu H\u00f3s 8.5-6 \u2013 Dan 1Kon 12.30; Beerseba Am 5.5+<\/div>\n","protected":false},"excerpt":{"rendered":"<p>1Drottinn Gu\u00f0 l\u00e9t \u00feessa s\u00fdn bera fyrir mig: \u00c9g s\u00e1 k\u00f6rfu me\u00f0 sumar\u00e1v\u00f6xtum.2\u00de\u00e1 sag\u00f0i hann: Hva\u00f0 s\u00e9r \u00fe\u00fa, Amos? \u00c9g svara\u00f0i: K\u00f6rfu me\u00f0 sumar\u00e1v\u00f6xtum. \u00de\u00e1 sag\u00f0i Drottinn vi\u00f0 mig: Endirinn er kominn yfir l\u00fd\u00f0 minn \u00cdsrael, \u00e9g vil eigi lengur umbera hann.3Og musteriss\u00f6ngmeyjarnar skulu kveina \u00e1 \u00feeim degi segir Drottinn Gu\u00f0 ._ L\u00edkin eru m\u00f6rg. Alls sta\u00f0ar fleygja menn \u00feeim \u00fat \u00ed kyrr\u00feey!4Heyri\u00f0 \u00feetta, \u00fe\u00e9r sem sundur merji\u00f0 hina f\u00e1t\u00e6ku og \u00e6tli\u00f0 a\u00f0 gj\u00f6ra \u00fat af vi\u00f0 alla aumingja \u00ed landinu,5sem segi\u00f0: Hven\u00e6r mun tunglkomuh\u00e1t\u00ed\u00f0in l\u00ed\u00f0a, svo a\u00f0 v\u00e9r megum selja korn, og hv\u00edldardagurinn, svo a\u00f0 v\u00e9r megum opna kornhl\u00f6\u00f0urnar? <a href=\"https:\/\/biblian.is\/1981\/amos-8-kafli\/\"> [&#8230;]<\/a><\/p>\n","protected":false},"author":1,"featured_media":0,"parent":0,"menu_order":0,"comment_status":"open","ping_status":"open","template":"bibliukaflar.php","meta":{"footnotes":""},"class_list":["post-2234","page","type-page","status-publish","hentry"],"_links":{"self":[{"href":"https:\/\/biblian.is\/1981\/wp-json\/wp\/v2\/pages\/2234","targetHints":{"allow":["GET"]}}],"collection":[{"href":"https:\/\/biblian.is\/1981\/wp-json\/wp\/v2\/pages"}],"about":[{"href":"https:\/\/biblian.is\/1981\/wp-json\/wp\/v2\/types\/page"}],"author":[{"embeddable":true,"href":"https:\/\/biblian.is\/1981\/wp-json\/wp\/v2\/users\/1"}],"replies":[{"embeddable":true,"href":"https:\/\/biblian.is\/1981\/wp-json\/wp\/v2\/comments?post=2234"}],"version-history":[{"count":0,"href":"https:\/\/biblian.is\/1981\/wp-json\/wp\/v2\/pages\/2234\/revisions"}],"wp:attachment":[{"href":"https:\/\/biblian.is\/1981\/wp-json\/wp\/v2\/media?parent=2234"}],"curies":[{"name":"wp","href":"https:\/\/api.w.org\/{rel}","templated":true}]}}