{"id":2232,"date":"2017-11-18T20:20:52","date_gmt":"2017-11-18T20:20:52","guid":{"rendered":"http:\/\/biblian.is\/1981\/amos-6-kafli\/"},"modified":"2021-06-06T10:50:29","modified_gmt":"2021-06-06T10:50:29","slug":"amos-6-kafli","status":"publish","type":"page","link":"https:\/\/biblian.is\/1981\/amos-6-kafli\/","title":{"rendered":"Amos 6. kafli"},"content":{"rendered":"<p><a name=\"1\"><span class=\"versanumer\">1<\/span><\/a>Vei hinum andvaralausu \u00e1 S\u00edon og hinum \u00f6ruggu \u00e1 Samar\u00edufjalli, a\u00f0alsm\u00f6nnum hinnar \u00e1g\u00e6tustu me\u00f0al \u00fej\u00f3\u00f0anna, og \u00feeim, er \u00cdsraels h\u00fas streymir til.<a name=\"2\"><span class=\"versanumer\">2<\/span><\/a>Fari\u00f0 til Kalne og litist um, og haldi\u00f0 \u00fea\u00f0an til Hamat hinnar miklu og fari\u00f0 ofan til Gat \u00ed Filisteu. Eru\u00f0 \u00fe\u00e9r betri en \u00feessi konungsr\u00edki, e\u00f0a er land y\u00f0ar st\u00e6rra en land \u00feeirra?<a name=\"3\"><span class=\"versanumer\">3<\/span><\/a>\u00deeir \u00edmynda s\u00e9r, a\u00f0 hinn illi dagur s\u00e9 hvergi n\u00e6rri, og efla yfirdrottnun rangl\u00e6tisins.<a name=\"4\"><span class=\"versanumer\">4<\/span><\/a>\u00deeir hv\u00edla \u00e1 legubekkjum af f\u00edlsbeini og liggja flatir \u00e1 hv\u00edlbe\u00f0jum s\u00ednum. \u00deeir eta l\u00f6mb af sau\u00f0ahj\u00f6r\u00f0inni og ungneyti \u00far alist\u00edunni.<a name=\"5\"><span class=\"versanumer\">5<\/span><\/a>\u00deeir raula undir me\u00f0 h\u00f6rpunni, setja saman lj\u00f3\u00f0 eins og Dav\u00ed\u00f0.<a name=\"6\"><span class=\"versanumer\">6<\/span><\/a>\u00deeir drekka v\u00edni\u00f0 \u00far sk\u00e1lum og smyrja sig me\u00f0 \u00farvals-ol\u00edu en ey\u00f0ing J\u00f3sefs rennur \u00feeim ekki til rifja.<a name=\"7\"><span class=\"versanumer\">7<\/span><\/a>Fyrir \u00fev\u00ed skulu \u00feeir n\u00fa herleiddir ver\u00f0a \u00ed fararbroddi hinna herleiddu, og \u00fe\u00e1 skal fagna\u00f0ar\u00f3p flatmagandi s\u00e6lkeranna \u00feagna.<a name=\"8\"><span class=\"versanumer\">8<\/span><\/a>Drottinn Gu\u00f0 hefir svari\u00f0 vi\u00f0 sj\u00e1lfan sig, segir Drottinn, Gu\u00f0 allsherjar: \u00c9g hefi vi\u00f0bj\u00f3\u00f0 \u00e1 ofmetna\u00f0i Jakobs, \u00e9g hata hallir hans og framsel borgina og allt, sem \u00ed henni er.<a name=\"9\"><span class=\"versanumer\">9<\/span><\/a>Ef t\u00edu menn eru eftir \u00ed einu h\u00fasi, skulu \u00feeir deyja,<a name=\"10\"><span class=\"versanumer\">10<\/span><\/a>og ef fr\u00e6ndi hans og l\u00edkbrennuma\u00f0ur tekur hann upp til \u00feess a\u00f0 bera beinin \u00fat \u00far h\u00fasinu og segir vi\u00f0 \u00feann, sem er \u00ed innsta afkima h\u00fassins: Er nokkur eftir hj\u00e1 \u00fe\u00e9r? og hinn segir: Nei! \u00fe\u00e1 mun hann segja: \u00deei, \u00feei! \u00dev\u00ed a\u00f0 nafn Drottins m\u00e1 ekki nefna.<a name=\"11\"><span class=\"versanumer\">11<\/span><\/a>\u00dev\u00ed sj\u00e1, Drottinn b\u00fd\u00f0ur a\u00f0 sl\u00e1 skuli st\u00f3ru h\u00fasin, \u00fear til er \u00feau hrynja, og litlu h\u00fasin, \u00fear til er \u00feau rifna.<a name=\"12\"><span class=\"versanumer\">12<\/span><\/a>Hlaupa hestar yfir kletta, e\u00f0a erja menn sj\u00f3inn me\u00f0 uxum, \u00far \u00fev\u00ed \u00fe\u00e9r umhverfi\u00f0 r\u00e9ttinum \u00ed eitur og \u00e1v\u00f6xtum r\u00e9ttl\u00e6tisins \u00ed malurt?<a name=\"13\"><span class=\"versanumer\">13<\/span><\/a>\u00de\u00e9r gle\u00f0jist yfir L\u00f3debar, \u00fe\u00e9r segi\u00f0: H\u00f6fum v\u00e9r ekki fyrir eigin rammleik unni\u00f0 Karna\u00edm?<a name=\"14\"><span class=\"versanumer\">14<\/span><\/a>J\u00e1, sj\u00e1, gegn y\u00f0ur, \u00cdsraelsmenn, segir Drottinn, Gu\u00f0 allsherjar mun \u00e9g hefja \u00fej\u00f3\u00f0, og h\u00fan skal kreppa a\u00f0 y\u00f0ur \u00fea\u00f0an fr\u00e1, er lei\u00f0 liggur til Hamat, allt a\u00f0 l\u00e6knum \u00e1 sl\u00e9ttlendinu.<\/p>\n<div class=\"footnote1981\"><b>6.1<\/b> Vei Jes 28.1-4; L\u00fak 6.24-26+<br \/>\n<b>6.2<\/b> Kalne, Hamat Jes 10.9-10 \u2013 sj\u00e1lfs\u00e1n\u00e6gja L\u00fak 18.11<br \/>\n<b>6.4<\/b> Hv\u00edla \u00e1 legubekkjum &#8230; Am 3.12<br \/>\n<b>6.6<\/b> Svall Am 2.8; 4.1; jes 5.11-12 \u2013 tilfinningaleysi sbr H\u00f3s 7.9; 11.3+<br \/>\n<b>6.7<\/b> Reknir \u00ed \u00fatleg\u00f0 Am 5.5,27+<br \/>\n<b>6.8<\/b> Drottinn hefur svari\u00f0 Am 4.2; 8.7; 1M\u00f3s 22.16; Jer 51.14; Slm 89.36; 110.4; Heb 6.13<br \/>\n<b>6.9<\/b> T\u00edu eftir Am 5.3+<br \/>\n<b>6.10<\/b> \u00deei, \u00feei Am 5.13+ ; 8.3; Hab 2.20; Sef 1.7; Sak 2.17; Opb 8.1<br \/>\n<b>6.11<\/b> R\u00fast Am 3.15; 9.1<br \/>\n<b>6.12<\/b> Breyta r\u00e9ttinum Am 5.7+<br \/>\n<b>6.13<\/b> Af eigin rammleik 5M\u00f3s 8.17; 9.4; 32.27; J\u00f3s 24.12; D\u00f3m 7.2; Jes 10.13-15; sbr H\u00f3s 1.7+ ; L\u00fak 12.19; Ef 2.8-9<br \/>\n<b>6.14<\/b> Ass\u00fdringar sigra \u00cdsrael 2Kon 17.5-6<\/div>\n","protected":false},"excerpt":{"rendered":"<p>1Vei hinum andvaralausu \u00e1 S\u00edon og hinum \u00f6ruggu \u00e1 Samar\u00edufjalli, a\u00f0alsm\u00f6nnum hinnar \u00e1g\u00e6tustu me\u00f0al \u00fej\u00f3\u00f0anna, og \u00feeim, er \u00cdsraels h\u00fas streymir til.2Fari\u00f0 til Kalne og litist um, og haldi\u00f0 \u00fea\u00f0an til Hamat hinnar miklu og fari\u00f0 ofan til Gat \u00ed Filisteu. Eru\u00f0 \u00fe\u00e9r betri en \u00feessi konungsr\u00edki, e\u00f0a er land y\u00f0ar st\u00e6rra en land \u00feeirra?3\u00deeir \u00edmynda s\u00e9r, a\u00f0 hinn illi dagur s\u00e9 hvergi n\u00e6rri, og efla yfirdrottnun rangl\u00e6tisins.4\u00deeir hv\u00edla \u00e1 legubekkjum af f\u00edlsbeini og liggja flatir \u00e1 hv\u00edlbe\u00f0jum s\u00ednum. \u00deeir eta l\u00f6mb af sau\u00f0ahj\u00f6r\u00f0inni og ungneyti \u00far alist\u00edunni.5\u00deeir raula undir me\u00f0 h\u00f6rpunni, setja saman lj\u00f3\u00f0 eins og Dav\u00ed\u00f0.6\u00deeir drekka v\u00edni\u00f0 <a href=\"https:\/\/biblian.is\/1981\/amos-6-kafli\/\"> [&#8230;]<\/a><\/p>\n","protected":false},"author":1,"featured_media":0,"parent":0,"menu_order":0,"comment_status":"open","ping_status":"open","template":"bibliukaflar.php","meta":{"footnotes":""},"class_list":["post-2232","page","type-page","status-publish","hentry"],"_links":{"self":[{"href":"https:\/\/biblian.is\/1981\/wp-json\/wp\/v2\/pages\/2232","targetHints":{"allow":["GET"]}}],"collection":[{"href":"https:\/\/biblian.is\/1981\/wp-json\/wp\/v2\/pages"}],"about":[{"href":"https:\/\/biblian.is\/1981\/wp-json\/wp\/v2\/types\/page"}],"author":[{"embeddable":true,"href":"https:\/\/biblian.is\/1981\/wp-json\/wp\/v2\/users\/1"}],"replies":[{"embeddable":true,"href":"https:\/\/biblian.is\/1981\/wp-json\/wp\/v2\/comments?post=2232"}],"version-history":[{"count":0,"href":"https:\/\/biblian.is\/1981\/wp-json\/wp\/v2\/pages\/2232\/revisions"}],"wp:attachment":[{"href":"https:\/\/biblian.is\/1981\/wp-json\/wp\/v2\/media?parent=2232"}],"curies":[{"name":"wp","href":"https:\/\/api.w.org\/{rel}","templated":true}]}}