{"id":2231,"date":"2017-11-18T20:20:52","date_gmt":"2017-11-18T20:20:52","guid":{"rendered":"http:\/\/biblian.is\/1981\/amos-5-kafli\/"},"modified":"2021-06-06T10:50:28","modified_gmt":"2021-06-06T10:50:28","slug":"amos-5-kafli","status":"publish","type":"page","link":"https:\/\/biblian.is\/1981\/amos-5-kafli\/","title":{"rendered":"Amos 5. kafli"},"content":{"rendered":"<p><a name=\"1\"><span class=\"versanumer\">1<\/span><\/a>Heyri\u00f0 \u00feetta or\u00f0, sem \u00e9g m\u00e6li yfir y\u00f0ur sem harmkv\u00e6\u00f0i, \u00fe\u00e9r \u00cdsraelsmenn!<a name=\"2\"><span class=\"versanumer\">2<\/span><\/a>Fallin er m\u00e6rin \u00cdsrael, r\u00eds aldrei aftur, fl\u00f6t liggur h\u00fan \u00e1 s\u00ednu eigin landi, enginn reisir hana.<a name=\"3\"><span class=\"versanumer\">3<\/span><\/a>Svo segir Drottinn Gu\u00f0: S\u00fa borg, sem sendir fr\u00e1 s\u00e9r \u00fe\u00fasund manns, mun hafa eftir hundra\u00f0, og s\u00fa sem sendir fr\u00e1 s\u00e9r hundra\u00f0, mun hafa eftir t\u00edu \u00ed \u00cdsraelsr\u00edki.<a name=\"4\"><span class=\"versanumer\">4<\/span><\/a>Svo segir Drottinn vi\u00f0 \u00cdsraels h\u00fas: Leiti\u00f0 m\u00edn, til \u00feess a\u00f0 \u00fe\u00e9r megi\u00f0 l\u00edfi halda.<a name=\"5\"><span class=\"versanumer\">5<\/span><\/a>En leiti\u00f0 ekki til Betel! Og til Gilgal skulu\u00f0 \u00fe\u00e9r ekki fara og yfir til Beerseba skulu\u00f0 \u00fe\u00e9r ekki halda. \u00dev\u00ed a\u00f0 Gilgal skal fara \u00ed \u00fatleg\u00f0 og Betel ver\u00f0a a\u00f0 au\u00f0n.<a name=\"6\"><span class=\"versanumer\">6<\/span><\/a>Leiti\u00f0 Drottins, til \u00feess a\u00f0 \u00fe\u00e9r megi\u00f0 l\u00edfi halda. Ella mun hann r\u00e1\u00f0ast \u00e1 J\u00f3sefs h\u00fas eins og eldur og ey\u00f0a, \u00e1n \u00feess a\u00f0 nokkur s\u00e9 \u00ed Betel, sem sl\u00f6kkvi.<a name=\"7\"><span class=\"versanumer\">7<\/span><\/a>Hann, sem sk\u00f3p sj\u00f6stj\u00f6rnuna og \u00d3r\u00edon, sem gj\u00f6rir ni\u00f0myrkri\u00f0 a\u00f0 bj\u00f6rtum morgni og dag a\u00f0 dimmri n\u00f3tt, sem kalla\u00f0i \u00e1 v\u00f6tn sj\u00e1varins og j\u00f3s \u00feeim yfir j\u00f6r\u00f0ina, Drottinn er nafn hans.<a name=\"8\"><span class=\"versanumer\">8<\/span><\/a>Hann l\u00e6tur ey\u00f0ing leiftra yfir hina sterku, og ey\u00f0ing kemur yfir v\u00edgi.<a name=\"9\"><span class=\"versanumer\">9<\/span><\/a>\u00deeir sem umhverfa r\u00e9ttinum \u00ed malurt og varpa r\u00e9ttl\u00e6tinu til jar\u00f0ar,<a name=\"10\"><span class=\"versanumer\">10<\/span><\/a>\u00feeir hata \u00feann, sem ver r\u00e9ttinn \u00ed borgarhli\u00f0inu, og hafa vi\u00f0bj\u00f3\u00f0 \u00e1 \u00feeim, sem talar satt.<a name=\"11\"><span class=\"versanumer\">11<\/span><\/a>S\u00f6kum \u00feess a\u00f0 \u00fe\u00e9r f\u00f3tum tro\u00f0i\u00f0 hina snau\u00f0u og taki\u00f0 af \u00feeim gjafir \u00ed korni, \u00fe\u00e1 skulu\u00f0 \u00fe\u00e9r a\u00f0 v\u00edsu byggja h\u00fas \u00far h\u00f6ggnu grj\u00f3ti, en eigi b\u00faa \u00ed \u00feeim, skulu\u00f0 planta yndislega v\u00edngar\u00f0a, en ekki drekka v\u00edni\u00f0, sem \u00far \u00feeim kemur.<a name=\"12\"><span class=\"versanumer\">12<\/span><\/a>\u00dev\u00ed a\u00f0 \u00e9g veit, a\u00f0 misgj\u00f6r\u00f0ir y\u00f0ar eru margar og syndir y\u00f0ar miklar. \u00de\u00e9r \u00fer\u00f6ngvi\u00f0 hinum saklausa, \u00feiggi\u00f0 m\u00fatur og halli\u00f0 r\u00e9tti hinna f\u00e1t\u00e6ku \u00ed borgarhli\u00f0inu.<a name=\"13\"><span class=\"versanumer\">13<\/span><\/a>Fyrir \u00fev\u00ed \u00feegir hygginn ma\u00f0ur \u00e1 sl\u00edkri t\u00ed\u00f0, \u00fev\u00ed a\u00f0 \u00fea\u00f0 er vond t\u00ed\u00f0.<a name=\"14\"><span class=\"versanumer\">14<\/span><\/a>Leiti\u00f0 hins g\u00f3\u00f0a, en ekki hins illa, til \u00feess a\u00f0 \u00fe\u00e9r megi\u00f0 l\u00edfi halda, og \u00fe\u00e1 mun Drottinn, Gu\u00f0 allsherjar vera me\u00f0 y\u00f0ur, eins og \u00fe\u00e9r hafi\u00f0 sagt.<a name=\"15\"><span class=\"versanumer\">15<\/span><\/a>Hati\u00f0 hi\u00f0 illa og elski\u00f0 hi\u00f0 g\u00f3\u00f0a, efli\u00f0 r\u00e9ttinn \u00ed borgarhli\u00f0inu. M\u00e1 vera a\u00f0 Drottinn, Gu\u00f0 allsherjar miskunni sig \u00fe\u00e1 yfir leifar J\u00f3sefs.<a name=\"16\"><span class=\"versanumer\">16<\/span><\/a>Fyrir \u00fev\u00ed segir Drottinn, Gu\u00f0 allsherjar, Drottinn: \u00c1 \u00f6llum torgum skal vera harmakvein, og \u00e1 \u00f6llum str\u00e6tum skal sagt ver\u00f0a: Vei, vei! Og akurmennirnir skulu kalla \u00fe\u00e1 er kveina kunna, til sorgarathafnar og harmakveins,<a name=\"17\"><span class=\"versanumer\">17<\/span><\/a>og \u00ed \u00f6llum v\u00edng\u00f6r\u00f0um skal vera harmakvein, \u00fe\u00e1 er \u00e9g fer um land \u00feitt, segir Drottinn.<a name=\"18\"><span class=\"versanumer\">18<\/span><\/a>Vei \u00feeim, sem \u00f3ska \u00feess, a\u00f0 dagur Drottins komi. Hva\u00f0 skal y\u00f0ur dagur Drottins? Hann er dimmur, en ekki bjartur<a name=\"19\"><span class=\"versanumer\">19<\/span><\/a>eins og ef ma\u00f0ur fl\u00fd\u00f0i undan lj\u00f3ni, en yr\u00f0i \u00e1 vegi fyrir bjarnd\u00fdri, k\u00e6mist \u00fe\u00f3 heim og styddi hendi sinni vi\u00f0 h\u00fasvegginn, en \u00fe\u00e1 biti h\u00f6ggormur hann.<a name=\"20\"><span class=\"versanumer\">20<\/span><\/a>J\u00e1, dimmur er dagur Drottins, en ekki bjartur, myrkur og \u00e1n nokkurrar lj\u00f3sgl\u00e6tu.<a name=\"21\"><span class=\"versanumer\">21<\/span><\/a>\u00c9g hata, \u00e9g fyrirl\u00edt h\u00e1t\u00ed\u00f0ir y\u00f0ar og hefi enga unun af h\u00e1t\u00ed\u00f0asamkomum y\u00f0ar.<a name=\"22\"><span class=\"versanumer\">22<\/span><\/a>\u00de\u00f3tt \u00fe\u00e9r f\u00e6ri\u00f0 m\u00e9r brennif\u00f3rnir, \u00fe\u00e1 hefi \u00e9g enga vel\u00fe\u00f3knun \u00e1 f\u00f3rnargj\u00f6fum y\u00f0ar, \u00e9g l\u00edt ekki vi\u00f0 heillaf\u00f3rnum af alik\u00e1lfum y\u00f0ar.<a name=\"23\"><span class=\"versanumer\">23<\/span><\/a>Burt fr\u00e1 m\u00e9r me\u00f0 glamur lj\u00f3\u00f0a \u00feinna, \u00e9g vil ekki heyra hlj\u00f3m harpna \u00feinna.<a name=\"24\"><span class=\"versanumer\">24<\/span><\/a>L\u00e1t heldur r\u00e9ttinn vella fram sem vatn og r\u00e9ttl\u00e6ti\u00f0 sem s\u00edrennandi l\u00e6k.<a name=\"25\"><span class=\"versanumer\">25<\/span><\/a>F\u00e6r\u00f0u\u00f0 \u00fe\u00e9r m\u00e9r, \u00cdsraels h\u00fas, sl\u00e1turf\u00f3rnir og matf\u00f3rnir \u00ed fj\u00f6rut\u00edu \u00e1r \u00e1 ey\u00f0im\u00f6rkinni?<a name=\"26\"><span class=\"versanumer\">26<\/span><\/a>En \u00fe\u00e9r skulu\u00f0 f\u00e1 a\u00f0 bera Sikk\u00fat, konung y\u00f0ar, og stj\u00f6rnu Gu\u00f0s y\u00f0ar, Kevan, gu\u00f0al\u00edkneski y\u00f0ar, er \u00fe\u00e9r hafi\u00f0 gj\u00f6rt y\u00f0ur,<a name=\"27\"><span class=\"versanumer\">27<\/span><\/a>og \u00e9g vil herlei\u00f0a y\u00f0ur austur fyrir Damaskus, segir Drottinn. Gu\u00f0 allsherjar er nafn hans.<\/p>\n<div class=\"footnote1981\"><b>5.1<\/b> Harmlj\u00f3\u00f0 Am 5.16-17; M\u00edk 1.8; Esk 19.1<br \/>\n<b>5.4<\/b> Leita Drottins Am 5.6,14; H\u00f3s 10.12+ ; 2Kro 15.2-5 og lifa Slm 69.33; Matt 19.16-17; sbr 5M\u00f3s 30.15-16<br \/>\n<b>5.5<\/b> Betel og Gilgal Am 4.4+ ; H\u00f3s 4.15+ ; sbr Am 3.14 \u2013 Beerseba Am 8.14; 1M\u00f3s 21.33<br \/>\n<b>5.7<\/b> Breyta r\u00e9ttinum Am 6.12; H\u00f3s 10.4; sbr Jes 5.20; Hlj 3.15; Opb 8.1<br \/>\n<b>5.8<\/b> Skaparinn lofa\u00f0ur Am 4.13+ &#8211; sj\u00f6tjarnan og \u00d3r\u00edon Job 9.9<br \/>\n<b>5.11<\/b> L\u00edtilmagninn k\u00faga\u00f0ur Am 4.1+ &#8211; erfi\u00f0a til einskis Am 3.15; 5M\u00f3s 28.30-33; M\u00edk 6.15; Sef 1.13<br \/>\n<b>5.12<\/b> \u00d3r\u00e9ttl\u00e6ti Am 2.6-7+<br \/>\n<b>5.13<\/b> \u00deegja L\u00fak 23.9; sbr Am 3.8; 7.15<br \/>\n<b>5.14<\/b> Leita sbr Am 5.4+ &#8211; ver\u00f0ur Drottin me\u00f0 y\u00f0ur? M\u00edk 3.11; sbr Jer 7.4<br \/>\n<b>5.15<\/b> Elska hi\u00f0 g\u00f3\u00f0a 5M\u00f3s 30.19-20 \u2013 efla r\u00e9ttinn Jes 1.17; sbr Am 5.24 \u2013 \u00feeir sem eftir eru Am 3.12; 5.3+ &#8211; miskunni sig 5M\u00f3s 32.36<br \/>\n<b>5.16<\/b> Sorgardagur Am 5.1; Jes 15.3; Jer 9.17-21<br \/>\n<b>5.17<\/b> \u00c9g mun ganga um \u00e1 me\u00f0al ykkar 2M\u00f3s 12.12; Jes 5.5-7<br \/>\n<b>5.18<\/b> Dagur Drottins Jl 1.15+ ; sbr Am 2.16+ &#8211; dimmur dagur Jl 2.2; Mrk 13.24-25<br \/>\n<b>5.19<\/b> Vonlaus sta\u00f0a Am 2.13-16; 9.1-4; Jes 24.18; H\u00f3s 13.7-8<br \/>\n<b>5.21<\/b> \u00c9g fyrirl\u00edt h\u00e1t\u00ed\u00f0ir y\u00f0ar Am 4.4-5; 5.5; Jes 1.11-17; Jer 6.20; H\u00f3s 6.6; 8.13; Slm 50.8-9<br \/>\n<b>5.24<\/b> \u00dej\u00f3\u00f0f\u00e9lagslegt r\u00e9ttl\u00e6ti Am 2.6-8; 4.1; 5.7,12; 8.4-8; sbr Matt 5.23-24<br \/>\n<b>5.25-27<\/b> Sbr Post 7.42-43<br \/>\n<b>5.27<\/b> Reka \u00ed \u00fatleg\u00f0 Am 6.7; 7.11<\/div>\n","protected":false},"excerpt":{"rendered":"<p>1Heyri\u00f0 \u00feetta or\u00f0, sem \u00e9g m\u00e6li yfir y\u00f0ur sem harmkv\u00e6\u00f0i, \u00fe\u00e9r \u00cdsraelsmenn!2Fallin er m\u00e6rin \u00cdsrael, r\u00eds aldrei aftur, fl\u00f6t liggur h\u00fan \u00e1 s\u00ednu eigin landi, enginn reisir hana.3Svo segir Drottinn Gu\u00f0: S\u00fa borg, sem sendir fr\u00e1 s\u00e9r \u00fe\u00fasund manns, mun hafa eftir hundra\u00f0, og s\u00fa sem sendir fr\u00e1 s\u00e9r hundra\u00f0, mun hafa eftir t\u00edu \u00ed \u00cdsraelsr\u00edki.4Svo segir Drottinn vi\u00f0 \u00cdsraels h\u00fas: Leiti\u00f0 m\u00edn, til \u00feess a\u00f0 \u00fe\u00e9r megi\u00f0 l\u00edfi halda.5En leiti\u00f0 ekki til Betel! Og til Gilgal skulu\u00f0 \u00fe\u00e9r ekki fara og yfir til Beerseba skulu\u00f0 \u00fe\u00e9r ekki halda. \u00dev\u00ed a\u00f0 Gilgal skal fara \u00ed \u00fatleg\u00f0 og Betel ver\u00f0a a\u00f0 <a href=\"https:\/\/biblian.is\/1981\/amos-5-kafli\/\"> [&#8230;]<\/a><\/p>\n","protected":false},"author":1,"featured_media":0,"parent":0,"menu_order":0,"comment_status":"open","ping_status":"open","template":"bibliukaflar.php","meta":{"footnotes":""},"class_list":["post-2231","page","type-page","status-publish","hentry"],"_links":{"self":[{"href":"https:\/\/biblian.is\/1981\/wp-json\/wp\/v2\/pages\/2231","targetHints":{"allow":["GET"]}}],"collection":[{"href":"https:\/\/biblian.is\/1981\/wp-json\/wp\/v2\/pages"}],"about":[{"href":"https:\/\/biblian.is\/1981\/wp-json\/wp\/v2\/types\/page"}],"author":[{"embeddable":true,"href":"https:\/\/biblian.is\/1981\/wp-json\/wp\/v2\/users\/1"}],"replies":[{"embeddable":true,"href":"https:\/\/biblian.is\/1981\/wp-json\/wp\/v2\/comments?post=2231"}],"version-history":[{"count":0,"href":"https:\/\/biblian.is\/1981\/wp-json\/wp\/v2\/pages\/2231\/revisions"}],"wp:attachment":[{"href":"https:\/\/biblian.is\/1981\/wp-json\/wp\/v2\/media?parent=2231"}],"curies":[{"name":"wp","href":"https:\/\/api.w.org\/{rel}","templated":true}]}}