{"id":2230,"date":"2017-11-18T20:20:52","date_gmt":"2017-11-18T20:20:52","guid":{"rendered":"http:\/\/biblian.is\/1981\/amos-4-kafli\/"},"modified":"2021-06-06T10:50:28","modified_gmt":"2021-06-06T10:50:28","slug":"amos-4-kafli","status":"publish","type":"page","link":"https:\/\/biblian.is\/1981\/amos-4-kafli\/","title":{"rendered":"Amos 4. kafli"},"content":{"rendered":"<p><a name=\"1\"><span class=\"versanumer\">1<\/span><\/a>Heyri\u00f0 \u00feetta or\u00f0, \u00fe\u00e9r Basans kv\u00edgur \u00e1 Samar\u00edufjalli, sem k\u00fagi\u00f0 hina snau\u00f0u, mis\u00feyrmi\u00f0 hinum f\u00e1t\u00e6ku, sem segi\u00f0 vi\u00f0 menn y\u00f0ar: Dragi\u00f0 a\u00f0, svo a\u00f0 v\u00e9r megum drekka!<a name=\"2\"><span class=\"versanumer\">2<\/span><\/a>Drottinn Gu\u00f0 hefir svari\u00f0 vi\u00f0 heilagleik sinn: Sj\u00e1, \u00feeir dagar munu yfir y\u00f0ur koma, a\u00f0 \u00fe\u00e9r skulu\u00f0 ver\u00f0a burt f\u00e6r\u00f0ar me\u00f0 \u00f6nglum og hinar s\u00ed\u00f0ustu af y\u00f0ur me\u00f0 goggum.<a name=\"3\"><span class=\"versanumer\">3<\/span><\/a>\u00de\u00e1 munu\u00f0 \u00fe\u00e9r fara \u00fat um veggsk\u00f6r\u00f0in, hver beint sem horfir, og y\u00f0ur mun ver\u00f0a varpa\u00f0 til Hermon, segir Drottinn.<a name=\"4\"><span class=\"versanumer\">4<\/span><\/a>Fari\u00f0 til Betel og syndgi\u00f0, til Gilgal og syndgi\u00f0 enn \u00fe\u00e1 meir! Beri\u00f0 fram sl\u00e1turf\u00f3rnir y\u00f0ar a\u00f0 morgni dags, \u00e1 \u00feri\u00f0ja degi t\u00edundir y\u00f0ar!<a name=\"5\"><span class=\"versanumer\">5<\/span><\/a>Brenni\u00f0 s\u00fdr\u00f0 brau\u00f0 \u00ed \u00feakkarf\u00f3rn, bo\u00f0i\u00f0 til sj\u00e1lfviljaf\u00f3rna, gj\u00f6ri\u00f0 \u00fe\u00e6r heyrinkunnar! \u00dev\u00ed a\u00f0 \u00fea\u00f0 er y\u00f0ar yndi, \u00cdsraelsmanna, segir Drottinn Gu\u00f0.<a name=\"6\"><span class=\"versanumer\">6<\/span><\/a>\u00c9g hefi l\u00e1ti\u00f0 y\u00f0ur halda hreinum t\u00f6nnum \u00ed \u00f6llum borgum y\u00f0ar og l\u00e1ti\u00f0 mat skorta \u00ed \u00f6llum b\u00fast\u00f6\u00f0um y\u00f0ar. Og \u00fe\u00f3 hafi\u00f0 \u00fe\u00e9r ekki sn\u00fai\u00f0 y\u00f0ur til m\u00edn, segir Drottinn.<a name=\"7\"><span class=\"versanumer\">7<\/span><\/a>\u00c9g synja\u00f0i y\u00f0ur um regn, \u00fe\u00e1 er \u00fer\u00edr m\u00e1nu\u00f0ir voru til uppskeru, og \u00e9g l\u00e9t rigna \u00ed einni borg, en ekki \u00ed annarri. Ein akurspildan v\u00f6kva\u00f0ist af regni, en \u00f6nnur akurspilda, sem regni\u00f0 v\u00f6kva\u00f0i ekki, h\u00fan skr\u00e6lna\u00f0i.<a name=\"8\"><span class=\"versanumer\">8<\/span><\/a>Menn r\u00e1fu\u00f0u \u00far tveimur, \u00feremur borgum til einnar borgar til a\u00f0 f\u00e1 s\u00e9r vatn a\u00f0 drekka, en fengu \u00fe\u00f3 eigi sl\u00f6kkt \u00feorstann. Og \u00fe\u00f3 hafi\u00f0 \u00fe\u00e9r ekki sn\u00fai\u00f0 y\u00f0ur til m\u00edn, segir Drottinn.<a name=\"9\"><span class=\"versanumer\">9<\/span><\/a>\u00c9g refsa\u00f0i y\u00f0ur me\u00f0 korndrepi og gulnan. \u00c9g eyddi aldingar\u00f0a y\u00f0ar og v\u00edngar\u00f0a, engisprettur upp \u00e1tu f\u00edkjutr\u00e9 y\u00f0ar og ol\u00edutr\u00e9. Og \u00fe\u00f3 hafi\u00f0 \u00fe\u00e9r ekki sn\u00fai\u00f0 y\u00f0ur til m\u00edn, segir Drottinn.<a name=\"10\"><span class=\"versanumer\">10<\/span><\/a>\u00c9g sendi y\u00f0ur dreps\u00f3tt eins og \u00e1 Egyptalandi, \u00e9g deyddi \u00e6skumenn y\u00f0ar me\u00f0 sver\u00f0i, auk \u00feess voru hestar y\u00f0ar fluttir burt hernumdir, og \u00e9g l\u00e9t hr\u00e6vadauninn \u00far herb\u00fa\u00f0um y\u00f0ar leggja fyrir vit y\u00f0ar. Og \u00fe\u00f3 hafi\u00f0 \u00fe\u00e9r ekki sn\u00fai\u00f0 y\u00f0ur til m\u00edn, segir Drottinn.<a name=\"11\"><span class=\"versanumer\">11<\/span><\/a>\u00c9g olli umturnun me\u00f0al y\u00f0ar, eins og \u00feegar Gu\u00f0 umturna\u00f0i S\u00f3d\u00f3mu og G\u00f3morru, og \u00fe\u00e9r voru\u00f0 eins og brandur \u00far b\u00e1li dreginn. Og \u00fe\u00f3 hafi\u00f0 \u00fe\u00e9r ekki sn\u00fai\u00f0 y\u00f0ur til m\u00edn, segir Drottinn.<a name=\"12\"><span class=\"versanumer\">12<\/span><\/a>Fyrir \u00fev\u00ed vil \u00e9g svo me\u00f0 \u00feig fara, \u00cdsrael. Af \u00fev\u00ed a\u00f0 \u00e9g \u00e6tla a\u00f0 fara svo me\u00f0 \u00feig, \u00fe\u00e1 ver vi\u00f0b\u00fainn a\u00f0 m\u00e6ta Gu\u00f0i \u00fe\u00ednum, \u00cdsrael!<a name=\"13\"><span class=\"versanumer\">13<\/span><\/a>Sj\u00e1, hann er s\u00e1, sem mynda\u00f0 hefir fj\u00f6llin og skapa\u00f0 vindinn, s\u00e1 sem bo\u00f0ar m\u00f6nnunum \u00fea\u00f0, er hann hefir \u00ed hyggju, s\u00e1 er gj\u00f6rir myrkur a\u00f0 morgunro\u00f0a og gengur eftir h\u00e6\u00f0um jar\u00f0arinnar. Drottinn, Gu\u00f0 allsherjar er nafn hans.<\/p>\n<div class=\"footnote1981\"><b>4.1<\/b> D\u00e6tur h\u00f6fu\u00f0borgarinnar Jes 3.16-24 \u2013 Basan 5M\u00f3s 32.14; Esk 39.18; Slm 22.13 \u2013  umkomulausir k\u00faga\u00f0ir Am 2.7-8; 5.11-12; 8.4,6; Jes 3.14-15; 10.1-2 \u2013 svall Am 6.6; Jes 22.13<br \/>\n<b>4.2<\/b> Drottinn hefiur svari\u00f0 Am 6.8+<br \/>\n<b>4.4<\/b> Betel Am 7.10-13 og Gilgal Am 5.5-6; H\u00f3s 4.15+ &#8211; t\u00edund 1M\u00f3s 28.22<br \/>\n<b>4.5<\/b> S\u00fdr\u00f0 brau\u00f0 3M\u00f3s 2.1-11; 7.11-12 \u2013 sj\u00e1lfviljaf\u00f3rn Slm 66.13-15 \u2013 hr\u00f3pa h\u00e1tt Matt 6.2-3<br \/>\n<b>4.6<\/b> \u00d3g\u00e6fa til a\u00f0v\u00f6runar 3M\u00f3s 26.14-39; 5M\u00f3s 28.15-46 \u2013 \u00fe\u00e9r sn\u00e9ru\u00f0 ekki aftur Jes 9.12; H\u00f3s 7.10; Matt 23.37-38<br \/>\n<b>4.7<\/b> \u00deurrkur 1Kon 17.1; Jer 3.3; 14.1-6; Jl 1.17-18<br \/>\n<b>4.8<\/b> \u00deorsti Am 8.11-12<br \/>\n<b>4.9<\/b> Me\u00f0 korndrepi og gulnan 5M\u00f3s 28.22; 1Kon 8.37; Hag 2.17 \u2013 uppskerunni eytt Am 7.2; Jl 1.4-20<br \/>\n<b>4.10<\/b> Dreps\u00f3tt 2M\u00f3s 9.3-7; 5M\u00f3s 7.15; 28.60<br \/>\n<b>4.11<\/b> S\u00f3d\u00f3ma og G\u00f3morra 1M\u00f3s 19.24-28; Jes 13.19; Jer 49.18; 50.40; sbr H\u00f3s 11.8 \u2013 \u00far eldi dreginn Sak 3.2; sbr Am 3.12<br \/>\n<b>4.12<\/b> B\u00faa \u00feig undir 2M\u00f3s 19.11; Esk 38.7; 2Kro 35.4 \u2013 m\u00e6ta Gu\u00f0i Jl 2.11; Mal 3.1-2<br \/>\n<b>4.13<\/b> Skaparinn lofa\u00f0ur Am 5.8-9; 9.5-6 \u2013 hann bo\u00f0ar Am 3.7+<\/div>\n","protected":false},"excerpt":{"rendered":"<p>1Heyri\u00f0 \u00feetta or\u00f0, \u00fe\u00e9r Basans kv\u00edgur \u00e1 Samar\u00edufjalli, sem k\u00fagi\u00f0 hina snau\u00f0u, mis\u00feyrmi\u00f0 hinum f\u00e1t\u00e6ku, sem segi\u00f0 vi\u00f0 menn y\u00f0ar: Dragi\u00f0 a\u00f0, svo a\u00f0 v\u00e9r megum drekka!2Drottinn Gu\u00f0 hefir svari\u00f0 vi\u00f0 heilagleik sinn: Sj\u00e1, \u00feeir dagar munu yfir y\u00f0ur koma, a\u00f0 \u00fe\u00e9r skulu\u00f0 ver\u00f0a burt f\u00e6r\u00f0ar me\u00f0 \u00f6nglum og hinar s\u00ed\u00f0ustu af y\u00f0ur me\u00f0 goggum.3\u00de\u00e1 munu\u00f0 \u00fe\u00e9r fara \u00fat um veggsk\u00f6r\u00f0in, hver beint sem horfir, og y\u00f0ur mun ver\u00f0a varpa\u00f0 til Hermon, segir Drottinn.4Fari\u00f0 til Betel og syndgi\u00f0, til Gilgal og syndgi\u00f0 enn \u00fe\u00e1 meir! Beri\u00f0 fram sl\u00e1turf\u00f3rnir y\u00f0ar a\u00f0 morgni dags, \u00e1 \u00feri\u00f0ja degi t\u00edundir y\u00f0ar!5Brenni\u00f0 s\u00fdr\u00f0 brau\u00f0 \u00ed <a href=\"https:\/\/biblian.is\/1981\/amos-4-kafli\/\"> [&#8230;]<\/a><\/p>\n","protected":false},"author":1,"featured_media":0,"parent":0,"menu_order":0,"comment_status":"open","ping_status":"open","template":"bibliukaflar.php","meta":{"footnotes":""},"class_list":["post-2230","page","type-page","status-publish","hentry"],"_links":{"self":[{"href":"https:\/\/biblian.is\/1981\/wp-json\/wp\/v2\/pages\/2230","targetHints":{"allow":["GET"]}}],"collection":[{"href":"https:\/\/biblian.is\/1981\/wp-json\/wp\/v2\/pages"}],"about":[{"href":"https:\/\/biblian.is\/1981\/wp-json\/wp\/v2\/types\/page"}],"author":[{"embeddable":true,"href":"https:\/\/biblian.is\/1981\/wp-json\/wp\/v2\/users\/1"}],"replies":[{"embeddable":true,"href":"https:\/\/biblian.is\/1981\/wp-json\/wp\/v2\/comments?post=2230"}],"version-history":[{"count":0,"href":"https:\/\/biblian.is\/1981\/wp-json\/wp\/v2\/pages\/2230\/revisions"}],"wp:attachment":[{"href":"https:\/\/biblian.is\/1981\/wp-json\/wp\/v2\/media?parent=2230"}],"curies":[{"name":"wp","href":"https:\/\/api.w.org\/{rel}","templated":true}]}}