{"id":2229,"date":"2017-11-18T20:20:52","date_gmt":"2017-11-18T20:20:52","guid":{"rendered":"http:\/\/biblian.is\/1981\/amos-3-kafli\/"},"modified":"2021-06-06T10:50:28","modified_gmt":"2021-06-06T10:50:28","slug":"amos-3-kafli","status":"publish","type":"page","link":"https:\/\/biblian.is\/1981\/amos-3-kafli\/","title":{"rendered":"Amos 3. kafli"},"content":{"rendered":"<p><a name=\"1\"><span class=\"versanumer\">1<\/span><\/a>Heyri\u00f0 \u00feetta or\u00f0, sem Drottinn hefir tala\u00f0 gegn y\u00f0ur, \u00fe\u00e9r \u00cdsraelsmenn, gegn \u00f6llum \u00feeim kynstofni, sem \u00e9g leiddi \u00fat af Egyptalandi, svol\u00e1tandi:<a name=\"2\"><span class=\"versanumer\">2<\/span><\/a>Y\u00f0ur eina l\u00e6t \u00e9g m\u00e9r annt um fremur \u00f6llum kynstofnum jar\u00f0arinnar. \u00deess vegna hegni \u00e9g y\u00f0ur fyrir allar misgj\u00f6r\u00f0ir y\u00f0ar.<a name=\"3\"><span class=\"versanumer\">3<\/span><\/a>Mega tveir menn ver\u00f0a samfer\u00f0a, nema \u00feeir m\u00e6li s\u00e9r m\u00f3t?<a name=\"4\"><span class=\"versanumer\">4<\/span><\/a>Mun lj\u00f3ni\u00f0 \u00f6skra \u00ed sk\u00f3ginum, ef \u00fea\u00f0 hefir enga br\u00e1\u00f0? Mun lj\u00f3nshvolpurinn l\u00e1ta til s\u00edn heyra \u00ed b\u00e6li s\u00ednu, ef hann hefir engu n\u00e1\u00f0?<a name=\"5\"><span class=\"versanumer\">5<\/span><\/a>Getur fuglinn komi\u00f0 \u00ed gildruna \u00e1 j\u00f6r\u00f0inni, ef engin snara er \u00fear fyrir hann? Hr\u00f6kkur gildran upp af j\u00f6r\u00f0inni, nema eitthva\u00f0 hafi \u00ed hana fengist?<a name=\"6\"><span class=\"versanumer\">6<\/span><\/a>Ver\u00f0ur l\u00fa\u00f0urinn svo \u00feeyttur innan borgar, a\u00f0 f\u00f3lki\u00f0 flykkist ekki saman \u00ed angist? Vill nokkur \u00f3g\u00e6fa svo til \u00ed borginni, a\u00f0 Drottinn s\u00e9 ekki valdur a\u00f0 henni?<a name=\"7\"><span class=\"versanumer\">7<\/span><\/a>Nei, Drottinn Gu\u00f0 gj\u00f6rir ekkert \u00e1n \u00feess a\u00f0 hann hafi opinbera\u00f0 \u00fej\u00f3num s\u00ednum, sp\u00e1m\u00f6nnunum, r\u00e1\u00f0s\u00e1lyktun s\u00edna.<a name=\"8\"><span class=\"versanumer\">8<\/span><\/a>Hafi lj\u00f3ni\u00f0 \u00f6skra\u00f0, hver skyldi \u00fe\u00e1 ekki \u00f3ttast? Hafi Drottinn Gu\u00f0 tala\u00f0, hver skyldi \u00fe\u00e1 ekki sp\u00e1?<a name=\"9\"><span class=\"versanumer\">9<\/span><\/a>Kalli\u00f0 \u00fat yfir hallirnar \u00ed Asd\u00f3d og hallirnar \u00ed Egyptalandi og segi\u00f0: Safnist saman upp \u00e1 Samar\u00edufj\u00f6ll og l\u00edti\u00f0 \u00e1 hina miklu \u00f3kyrr\u00f0 \u00ed borginni og ofbeldisverkin inni \u00ed henni.<a name=\"10\"><span class=\"versanumer\">10<\/span><\/a>\u00deeir kunna ekki r\u00e9tt a\u00f0 gj\u00f6ra segir Drottinn, \u00feeir sem hr\u00faga upp ofr\u00edki og k\u00fagun \u00ed h\u00f6llum s\u00ednum.<a name=\"11\"><span class=\"versanumer\">11<\/span><\/a>Fyrir \u00fev\u00ed segir Drottinn Gu\u00f0 svo: Fjandmenn munu umkringja landi\u00f0 \u00e1 alla vegu og r\u00edfa ni\u00f0ur virki \u00fe\u00edn, og hallir \u00fe\u00ednar munu r\u00e6ndar ver\u00f0a.<a name=\"12\"><span class=\"versanumer\">12<\/span><\/a>Svo segir Drottinn: Eins og hir\u00f0irinn bjargar tveimur f\u00f3tum e\u00f0a snepli af eyra \u00far gini lj\u00f3nsins, svo skulu \u00cdsraelsmenn bjargast, \u00feeir er sitja \u00ed Samar\u00edu \u00ed legubekkjarhorni og \u00e1 hv\u00edlbe\u00f0jarh\u00e6gindum.<a name=\"13\"><span class=\"versanumer\">13<\/span><\/a>Heyri\u00f0 og veri\u00f0 vottar a\u00f0 \u00feessu gegn Jakobs h\u00fasi, segir Drottinn alvaldur, Gu\u00f0 allsherjar:<a name=\"14\"><span class=\"versanumer\">14<\/span><\/a>\u00deann dag, er \u00e9g hegni \u00cdsraelsm\u00f6nnum fyrir gl\u00e6pi \u00feeirra, vil \u00e9g l\u00e1ta hegninguna koma ni\u00f0ur \u00e1 \u00f6lturunum \u00ed Betel, til \u00feess a\u00f0 altarishornin ver\u00f0i afh\u00f6ggin og falli til jar\u00f0ar.<a name=\"15\"><span class=\"versanumer\">15<\/span><\/a>\u00de\u00e1 vil \u00e9g brj\u00f3ta ni\u00f0ur vetrarhallirnar \u00e1samt sumarh\u00f6llunum, og f\u00edlabeinshallirnar skulu farast og m\u00f6rg h\u00fas ey\u00f0ileggjast, segir Drottinn.<\/p>\n<div class=\"footnote1981\"><b>3.1<\/b> \u00dat af Egyptalandi Am 2.10+<br \/>\n<b>3.2<\/b> A\u00f0eins vali\u00f0 y\u00f0ur (\u00e1ta s\u00e9r annt um,  \u00feekkja, kenna e-s) 1M\u00f3s 4.1; L\u00fak 1.34; Jes 63.16; J\u00f3h 10.4,14 \u2013 Gu\u00f0 \u00fatvelur 2M\u00f3s 19.5-6; 5M\u00f3s 7.6-8; R\u00f3m 8.29; sbr 1M\u00f3s 18.19; 2M\u00f3s 3.7; 4.22; Jes 5.1-7; Jer 2.2-3; Esk 16.6; H\u00f3s 11.1; 13.4 \u2013 Kalla til \u00e1byrg\u00f0ar sbr Matt 11.20-24; L\u00fak 12.47-48<br \/>\n<b>3.7<\/b> Fyrir\u00e6tlunun Gu\u00f0s Jer 23.18; Job 15.8 \u2013 opinbera \u00fej\u00f3num s\u00ednum Jer 23.22; sbr J\u00f3h 17.8; R\u00f3m 16.25-26; Ef 3.3-13<br \/>\n<b>3.8<\/b> \u00d6skur Am 1.2+ &#8211; hver sp\u00e1ir ekki? Jer 20.9; 1Kor 9.16<br \/>\n<b>3.9<\/b> Vitni k\u00f6llu\u00f0 til Jes 5.3-4; 45.20-21; Sef 3.8; sbr H\u00f3s 2.2+ &#8211; Samar\u00eda Am 3.12; 4.1; 6.1; 8.14<br \/>\n<b>3.10<\/b> Ofbeldi og yfirgangur Jer 6.7; 20.8; Esk 45.9; Hab 1.3; sbr Jes 5.8-10; Matt 23.25<br \/>\n<b>3.12<\/b> Tveir leggir, snepla af eyra sbr 2M\u00f3s 22.13<br \/>\n<b>3.14<\/b> \u00d6lturu ey\u00f0il\u00f6g\u00f0 1Kon 13.1-5; 2Kon 23.15-16 \u2013 altarishornin 2M\u00f3s 27.1-2; 3M\u00f3s 4.30; 16.18; 1Kon 1.50; 2.28; Esk 43.15<br \/>\n<b>3.15<\/b> H\u00fas Am 5.11; 6.11 \u2013 f\u00edlabeinsh\u00fas 1Kon 22.39; sbr Am 6.4<\/div>\n","protected":false},"excerpt":{"rendered":"<p>1Heyri\u00f0 \u00feetta or\u00f0, sem Drottinn hefir tala\u00f0 gegn y\u00f0ur, \u00fe\u00e9r \u00cdsraelsmenn, gegn \u00f6llum \u00feeim kynstofni, sem \u00e9g leiddi \u00fat af Egyptalandi, svol\u00e1tandi:2Y\u00f0ur eina l\u00e6t \u00e9g m\u00e9r annt um fremur \u00f6llum kynstofnum jar\u00f0arinnar. \u00deess vegna hegni \u00e9g y\u00f0ur fyrir allar misgj\u00f6r\u00f0ir y\u00f0ar.3Mega tveir menn ver\u00f0a samfer\u00f0a, nema \u00feeir m\u00e6li s\u00e9r m\u00f3t?4Mun lj\u00f3ni\u00f0 \u00f6skra \u00ed sk\u00f3ginum, ef \u00fea\u00f0 hefir enga br\u00e1\u00f0? Mun lj\u00f3nshvolpurinn l\u00e1ta til s\u00edn heyra \u00ed b\u00e6li s\u00ednu, ef hann hefir engu n\u00e1\u00f0?5Getur fuglinn komi\u00f0 \u00ed gildruna \u00e1 j\u00f6r\u00f0inni, ef engin snara er \u00fear fyrir hann? Hr\u00f6kkur gildran upp af j\u00f6r\u00f0inni, nema eitthva\u00f0 hafi \u00ed hana fengist?6Ver\u00f0ur l\u00fa\u00f0urinn svo \u00feeyttur <a href=\"https:\/\/biblian.is\/1981\/amos-3-kafli\/\"> [&#8230;]<\/a><\/p>\n","protected":false},"author":1,"featured_media":0,"parent":0,"menu_order":0,"comment_status":"open","ping_status":"open","template":"bibliukaflar.php","meta":{"footnotes":""},"class_list":["post-2229","page","type-page","status-publish","hentry"],"_links":{"self":[{"href":"https:\/\/biblian.is\/1981\/wp-json\/wp\/v2\/pages\/2229","targetHints":{"allow":["GET"]}}],"collection":[{"href":"https:\/\/biblian.is\/1981\/wp-json\/wp\/v2\/pages"}],"about":[{"href":"https:\/\/biblian.is\/1981\/wp-json\/wp\/v2\/types\/page"}],"author":[{"embeddable":true,"href":"https:\/\/biblian.is\/1981\/wp-json\/wp\/v2\/users\/1"}],"replies":[{"embeddable":true,"href":"https:\/\/biblian.is\/1981\/wp-json\/wp\/v2\/comments?post=2229"}],"version-history":[{"count":0,"href":"https:\/\/biblian.is\/1981\/wp-json\/wp\/v2\/pages\/2229\/revisions"}],"wp:attachment":[{"href":"https:\/\/biblian.is\/1981\/wp-json\/wp\/v2\/media?parent=2229"}],"curies":[{"name":"wp","href":"https:\/\/api.w.org\/{rel}","templated":true}]}}