{"id":2228,"date":"2017-11-18T20:20:52","date_gmt":"2017-11-18T20:20:52","guid":{"rendered":"http:\/\/biblian.is\/1981\/amos-2-kafli\/"},"modified":"2021-06-06T10:50:28","modified_gmt":"2021-06-06T10:50:28","slug":"amos-2-kafli","status":"publish","type":"page","link":"https:\/\/biblian.is\/1981\/amos-2-kafli\/","title":{"rendered":"Amos 2. kafli"},"content":{"rendered":"<p><a name=\"1\"><span class=\"versanumer\">1<\/span><\/a>Svo segir Drottinn: S\u00f6kum \u00feriggja, j\u00e1 fj\u00f6gurra gl\u00e6pa M\u00f3ab\u00edta vil \u00e9g eigi sn\u00faa aftur me\u00f0 \u00fea\u00f0 af \u00fev\u00ed a\u00f0 \u00feeir brenndu bein Ed\u00f3m\u00edtakonungs a\u00f0 kalki,<a name=\"2\"><span class=\"versanumer\">2<\/span><\/a>vil \u00e9g senda eld gegn M\u00f3ab, og hann mun ey\u00f0a h\u00f6llum Ker\u00edj\u00f3tborgar. Og M\u00f3ab\u00edtar munu deyja \u00ed vopnagn\u00fd, vi\u00f0 her\u00f3p og l\u00fa\u00f0urhlj\u00f3m.<a name=\"3\"><span class=\"versanumer\">3<\/span><\/a>\u00c9g vil afm\u00e1 stj\u00f3rnandann me\u00f0al \u00feeirra og dey\u00f0a alla h\u00f6f\u00f0ingja \u00feeirra me\u00f0 honum, segir Drottinn.<a name=\"4\"><span class=\"versanumer\">4<\/span><\/a>Svo segir Drottinn: S\u00f6kum \u00feriggja, j\u00e1 fj\u00f6gurra gl\u00e6pa J\u00fadamanna vil \u00e9g eigi sn\u00faa aftur me\u00f0 \u00fea\u00f0 af \u00fev\u00ed a\u00f0 \u00feeir hafa hafna\u00f0 l\u00f6gm\u00e1li Drottins og eigi haldi\u00f0 bo\u00f0or\u00f0 hans, heldur l\u00e1ti\u00f0 falsgo\u00f0 s\u00edn villa sig, \u00feau er fe\u00f0ur \u00feeirra eltu,<a name=\"5\"><span class=\"versanumer\">5<\/span><\/a>vil \u00e9g senda eld gegn J\u00fada, og hann mun ey\u00f0a h\u00f6llum Jer\u00fasalem.<a name=\"6\"><span class=\"versanumer\">6<\/span><\/a>Svo segir Drottinn: S\u00f6kum \u00feriggja, j\u00e1 fj\u00f6gurra gl\u00e6pa \u00cdsraelsmanna vil \u00e9g eigi sn\u00faa aftur me\u00f0 \u00fea\u00f0 af \u00fev\u00ed a\u00f0 \u00feeir selja saklausan manninn fyrir silfur og f\u00e1t\u00e6klinginn fyrir eina ilsk\u00f3,<a name=\"7\"><span class=\"versanumer\">7<\/span><\/a>\u00feeir f\u00edkjast \u00ed moldarkornin \u00e1 h\u00f6f\u00f0i hinna snau\u00f0u og hrinda aumingjunum \u00ed \u00f3g\u00e6fu, fa\u00f0ir og sonur ganga til kvensniftar til \u00feess a\u00f0 vanhelga mitt heilaga nafn,<a name=\"8\"><span class=\"versanumer\">8<\/span><\/a>\u00feeir liggja \u00e1 ve\u00f0teknum kl\u00e6\u00f0um hj\u00e1 hverju altari og drekka sektarv\u00edn \u00ed h\u00fasi Gu\u00f0s s\u00edns.<a name=\"9\"><span class=\"versanumer\">9<\/span><\/a>Og \u00fe\u00f3 ruddi \u00e9g Amor\u00edtum \u00far vegi \u00feeirra, er svo voru h\u00e1ir sem sedrustr\u00e9 og svo sterkir sem eikitr\u00e9. \u00c9g eyddi \u00e1v\u00f6xtum \u00feeirra a\u00f0 ofanver\u00f0u og r\u00f3tum \u00feeirra a\u00f0 ne\u00f0an.<a name=\"10\"><span class=\"versanumer\">10<\/span><\/a>\u00c9g flutti y\u00f0ur \u00fat af Egyptalandi og leiddi y\u00f0ur \u00ed fj\u00f6rut\u00edu \u00e1r \u00ed ey\u00f0im\u00f6rkinni, til \u00feess a\u00f0 \u00fe\u00e9r m\u00e6ttu\u00f0 eignast land Amor\u00edta.<a name=\"11\"><span class=\"versanumer\">11<\/span><\/a>\u00c9g uppvakti sp\u00e1menn me\u00f0al sona y\u00f0ar og Nas\u00edrea me\u00f0al \u00e6skumanna y\u00f0ar. Er \u00feetta eigi svo, \u00cdsraelsmenn? segir Drottinn.<a name=\"12\"><span class=\"versanumer\">12<\/span><\/a>En \u00fe\u00e9r g\u00e1fu\u00f0 Nas\u00edreunum v\u00edn a\u00f0 drekka og b\u00f6nnu\u00f0u\u00f0 sp\u00e1m\u00f6nnunum a\u00f0 sp\u00e1!<a name=\"13\"><span class=\"versanumer\">13<\/span><\/a>Sj\u00e1, \u00e9g vil l\u00e1ta j\u00f6r\u00f0ina undir y\u00f0ur ri\u00f0a, eins og vagn ri\u00f0ar, sem hla\u00f0inn er kornkerfum.<a name=\"14\"><span class=\"versanumer\">14<\/span><\/a>\u00de\u00e1 skal hinn fr\u00e1i ekki hafa neitt h\u00e6li a\u00f0 fl\u00fdja \u00ed og hinn sterki ekki f\u00e1 neytt krafta sinna og kappinn skal ekki for\u00f0a mega fj\u00f6rvi s\u00ednu.<a name=\"15\"><span class=\"versanumer\">15<\/span><\/a>Bogma\u00f0urinn skal eigi f\u00e1 sta\u00f0ist, hinn fr\u00e1i eigi f\u00e1 komist undan og riddarinn ekki for\u00f0a mega fj\u00f6rvi s\u00ednu.<a name=\"16\"><span class=\"versanumer\">16<\/span><\/a>Og hinn hugdjarfasti me\u00f0al kappanna nakinn skal hann \u00e1 \u00feeim degi \u00ed burt fl\u00fdja, segir Drottinn.<\/p>\n<div class=\"footnote1981\"><b>2.1<\/b> Gegn M\u00f3ab\u00edtum Jes 15-16; Jer 48; Esk 25.8-11; Sef 2.8-11<br \/>\n<b>2.4<\/b> L\u00f6gm\u00e1li Drottins hafna\u00f0 3M\u00f3s 26.14-16; Jes 5.24; Jer 7.28; H\u00f3s 8.14; &#8211; falsgu\u00f0ir Jes 44.9-20; Jer 10.1-5; Slm 115.4-8<br \/>\n<b>2.6<\/b> R\u00e9ttl\u00e6ti\u00f0 f\u00f3tum tro\u00f0i\u00f0 Am 5.7,12; Jes 1.23; Jer 22.3; M\u00edk 3.9,11 \u2013 fyrir eina ilsk\u00f3 Am 8.6<br \/>\n<b>2.7<\/b> Vanhelga nafn Gu\u00f0s Esk 36.20-21<br \/>\n<b>2.8<\/b> Ve\u00f0tekin kl\u00e6\u00f0i 2M\u00f3s 22.25-26<br \/>\n<b>2.9<\/b> Gu\u00f0 \u00ed fylkingarbrj\u00f3sti 5M\u00f3s 7.1; J\u00f3s 3.6; 2Sam 5.24<br \/>\n<b>2.10<\/b> Upp fr\u00e1 Egyptalandi 2M\u00f3s 20.2; J\u00f3s 24.2-13; Am 3.1; 9.7<br \/>\n<b>2.11<\/b> Sp\u00e1menn 5M\u00f3s 18.18-19 \u2013 Nas\u00edrear 4M\u00f3s 6.1-21<br \/>\n<b>2.12<\/b> Sp\u00e1m\u00f6nnum banna\u00f0 a\u00f0 sp\u00e1 Am 7.12,16; Jes 30.10; Jer 11.21; M\u00edk 2.6; sbr Post 4.17-18; 5.28,40<br \/>\n<b>2.15<\/b> Ekki undankomu au\u00f0i\u00f0 Am 5.19; 9.1<br \/>\n<b>2.16<\/b> \u00c1 \u00feeim degi Am 3.14; 4.2; 8.9,11,13; Jes 2.11; 11.10; 12.1; 30.26; Jer 30.7-9; Jl 1.15; 3.4; Sef 1.14-15; Mal 3.19-21<\/div>\n","protected":false},"excerpt":{"rendered":"<p>1Svo segir Drottinn: S\u00f6kum \u00feriggja, j\u00e1 fj\u00f6gurra gl\u00e6pa M\u00f3ab\u00edta vil \u00e9g eigi sn\u00faa aftur me\u00f0 \u00fea\u00f0 af \u00fev\u00ed a\u00f0 \u00feeir brenndu bein Ed\u00f3m\u00edtakonungs a\u00f0 kalki,2vil \u00e9g senda eld gegn M\u00f3ab, og hann mun ey\u00f0a h\u00f6llum Ker\u00edj\u00f3tborgar. Og M\u00f3ab\u00edtar munu deyja \u00ed vopnagn\u00fd, vi\u00f0 her\u00f3p og l\u00fa\u00f0urhlj\u00f3m.3\u00c9g vil afm\u00e1 stj\u00f3rnandann me\u00f0al \u00feeirra og dey\u00f0a alla h\u00f6f\u00f0ingja \u00feeirra me\u00f0 honum, segir Drottinn.4Svo segir Drottinn: S\u00f6kum \u00feriggja, j\u00e1 fj\u00f6gurra gl\u00e6pa J\u00fadamanna vil \u00e9g eigi sn\u00faa aftur me\u00f0 \u00fea\u00f0 af \u00fev\u00ed a\u00f0 \u00feeir hafa hafna\u00f0 l\u00f6gm\u00e1li Drottins og eigi haldi\u00f0 bo\u00f0or\u00f0 hans, heldur l\u00e1ti\u00f0 falsgo\u00f0 s\u00edn villa sig, \u00feau er fe\u00f0ur \u00feeirra eltu,5vil \u00e9g <a href=\"https:\/\/biblian.is\/1981\/amos-2-kafli\/\"> [&#8230;]<\/a><\/p>\n","protected":false},"author":1,"featured_media":0,"parent":0,"menu_order":0,"comment_status":"open","ping_status":"open","template":"bibliukaflar.php","meta":{"footnotes":""},"class_list":["post-2228","page","type-page","status-publish","hentry"],"_links":{"self":[{"href":"https:\/\/biblian.is\/1981\/wp-json\/wp\/v2\/pages\/2228","targetHints":{"allow":["GET"]}}],"collection":[{"href":"https:\/\/biblian.is\/1981\/wp-json\/wp\/v2\/pages"}],"about":[{"href":"https:\/\/biblian.is\/1981\/wp-json\/wp\/v2\/types\/page"}],"author":[{"embeddable":true,"href":"https:\/\/biblian.is\/1981\/wp-json\/wp\/v2\/users\/1"}],"replies":[{"embeddable":true,"href":"https:\/\/biblian.is\/1981\/wp-json\/wp\/v2\/comments?post=2228"}],"version-history":[{"count":0,"href":"https:\/\/biblian.is\/1981\/wp-json\/wp\/v2\/pages\/2228\/revisions"}],"wp:attachment":[{"href":"https:\/\/biblian.is\/1981\/wp-json\/wp\/v2\/media?parent=2228"}],"curies":[{"name":"wp","href":"https:\/\/api.w.org\/{rel}","templated":true}]}}