{"id":2227,"date":"2017-11-18T20:20:46","date_gmt":"2017-11-18T20:20:46","guid":{"rendered":"http:\/\/biblian.is\/1981\/amos-1-kafli\/"},"modified":"2021-06-06T10:50:27","modified_gmt":"2021-06-06T10:50:27","slug":"amos-1-kafli","status":"publish","type":"page","link":"https:\/\/biblian.is\/1981\/amos-1-kafli\/","title":{"rendered":"Amos 1. kafli"},"content":{"rendered":"<p><a name=\"1\"><span class=\"versanumer\">1<\/span><\/a>Or\u00f0 Amosar, sem var einn af fj\u00e1rhir\u00f0unum \u00ed Tek\u00f3a, \u00fea\u00f0 er honum vitra\u00f0ist um \u00cdsrael \u00e1 d\u00f6gum \u00dass\u00eda J\u00fadakonungs og \u00e1 d\u00f6gum Jer\u00f3b\u00f3ams J\u00f3assonar, \u00cdsraelskonungs, tveimur \u00e1rum fyrir jar\u00f0skj\u00e1lftann.<a name=\"2\"><span class=\"versanumer\">2<\/span><\/a>Hann sag\u00f0i: Drottinn \u00ferumar fr\u00e1 S\u00edon og l\u00e6tur raust s\u00edna gjalla fr\u00e1 Jer\u00fasalem. \u00de\u00e1 munu hagar hjar\u00f0mannanna dr\u00fapa og Karmeltindur skr\u00e6lna.<a name=\"3\"><span class=\"versanumer\">3<\/span><\/a>Svo segir Drottinn: S\u00f6kum \u00feriggja, j\u00e1 fj\u00f6gurra gl\u00e6pa Damaskusborgar vil \u00e9g eigi sn\u00faa aftur me\u00f0 \u00fea\u00f0 af \u00fev\u00ed a\u00f0 \u00feeir \u00feresktu G\u00edlea\u00f0 me\u00f0 \u00fereskisle\u00f0um af j\u00e1rni,<a name=\"4\"><span class=\"versanumer\">4<\/span><\/a>mun \u00e9g senda eld \u00e1 h\u00fas Hasaels, og hann mun ey\u00f0a h\u00f6llum Benhadads.<a name=\"5\"><span class=\"versanumer\">5<\/span><\/a>\u00c9g mun brj\u00f3ta slagbrand Damaskus og \u00fatr\u00fdma \u00edb\u00faunum \u00far Gl\u00e6padal og \u00feeim, er ber veldissprotann, fr\u00e1 Yndish\u00fasum, og S\u00fdrlendingar skulu herleiddir ver\u00f0a til K\u00edr, segir Drottinn.<a name=\"6\"><span class=\"versanumer\">6<\/span><\/a>Svo segir Drottinn: S\u00f6kum \u00feriggja, j\u00e1 fj\u00f6gurra gl\u00e6pa Gasa vil \u00e9g eigi sn\u00faa aftur me\u00f0 \u00fea\u00f0 af \u00fev\u00ed a\u00f0 \u00feeir herleiddu heil \u00feorp til \u00feess a\u00f0 selja \u00ed hendur Ed\u00f3m\u00edtum,<a name=\"7\"><span class=\"versanumer\">7<\/span><\/a>mun \u00e9g senda eld gegn m\u00far Gasa, og hann mun ey\u00f0a h\u00f6llum hennar.<a name=\"8\"><span class=\"versanumer\">8<\/span><\/a>\u00c9g mun \u00fatr\u00fdma \u00edb\u00faunum \u00far Asd\u00f3d og \u00feeim, er ber veldissprotann, fr\u00e1 Askalon og \u00fev\u00ed n\u00e6st sn\u00faa hendi minni gegn Ekron, til \u00feess a\u00f0 \u00feeir, sem eftir eru af Filistum, skuli undir lok l\u00ed\u00f0a, segir Drottinn Gu\u00f0.<a name=\"9\"><span class=\"versanumer\">9<\/span><\/a>Svo segir Drottinn: S\u00f6kum \u00feriggja, j\u00e1 fj\u00f6gurra gl\u00e6pa T\u00fdrusar vil \u00e9g eigi sn\u00faa aftur me\u00f0 \u00fea\u00f0 af \u00fev\u00ed a\u00f0 \u00feeir seldu heil \u00feorp \u00ed hendur Ed\u00f3m\u00edtum og minntust ekki br\u00e6\u00f0ras\u00e1ttm\u00e1lans,<a name=\"10\"><span class=\"versanumer\">10<\/span><\/a>mun \u00e9g senda eld gegn m\u00farum T\u00fdrusar, og hann mun ey\u00f0a h\u00f6llum hennar.<a name=\"11\"><span class=\"versanumer\">11<\/span><\/a>Svo segir Drottinn: S\u00f6kum \u00feriggja, j\u00e1 fj\u00f6gurra gl\u00e6pa Ed\u00f3m\u00edta vil \u00e9g eigi sn\u00faa aftur me\u00f0 \u00fea\u00f0 af \u00fev\u00ed a\u00f0 \u00feeir eltu br\u00e6\u00f0ra\u00fej\u00f3\u00f0 s\u00edna me\u00f0 sver\u00f0i og k\u00e6f\u00f0u alla me\u00f0aumkun, svo a\u00f0 hatur \u00feeirra sundurreif endalaust og \u00feeir geymdu st\u00f6\u00f0uglega heift s\u00edna,<a name=\"12\"><span class=\"versanumer\">12<\/span><\/a>mun \u00e9g senda eld gegn Teman, og hann mun ey\u00f0a h\u00f6llum Bosra.<a name=\"13\"><span class=\"versanumer\">13<\/span><\/a>Svo segir Drottinn: S\u00f6kum \u00feriggja, j\u00e1 fj\u00f6gurra gl\u00e6pa Amm\u00f3n\u00edta vil \u00e9g eigi sn\u00faa aftur me\u00f0 \u00fea\u00f0 af \u00fev\u00ed a\u00f0 \u00feeir ristu \u00e1 kvi\u00f0 \u00feunga\u00f0ar konurnar \u00ed G\u00edlea\u00f0 til \u00feess a\u00f0 f\u00e6ra \u00fat landamerki s\u00edn,<a name=\"14\"><span class=\"versanumer\">14<\/span><\/a>vil \u00e9g kveikja eld \u00ed m\u00farum Rabba, og hann skal ey\u00f0a h\u00f6llum hennar, \u00feegar \u00e6pt ver\u00f0ur her\u00f3p \u00e1 orustudeginum, \u00feegar stormurinn geisar \u00e1 degi fellibyljanna.<a name=\"15\"><span class=\"versanumer\">15<\/span><\/a>Og konungur \u00feeirra ver\u00f0ur a\u00f0 fara \u00ed \u00fatleg\u00f0 me\u00f0 hinum, hann og h\u00f6f\u00f0ingjar hans, segir Drottinn.<\/p>\n<div class=\"footnote1981\"><b>1.1<\/b> Tek\u00f3a 2Sam 14.2; 2Kro 11.6; Jer 6.1 \u2013 vitrun Am 7.1,4,7; 8.1; 9.1 \u2013 \u00dass\u00eda 2Kon 15.1-7 \u2013 Jer\u00f3b\u00f3am 2Kon 14.23-29; Am 7.9-11 \u2013 jar\u00f0skj\u00e1lftinn Am 6.11; 8.8; Sak 14.5<br \/>\n<b>1.2<\/b> Drottinn \u00f6skrar Am 3.8; Jes 5.29; Jer 25.30; H\u00f3s 11.10; Jl 4.16<br \/>\n<b>1.3<\/b> \u00deriggja &#8230; fj\u00f6gurra H\u00f3s 6.2+ &#8211; gegn Damaskus Jes 17.1-3; Jer 49.23-27 \u2013 G\u00edlea\u00f0 sigra\u00f0 2Kon 10.32-33; 13.3 \u2013 \u00fereskisle\u00f0ar Jes 28.27-28; 41.15<br \/>\n<b>1.4<\/b> Hasael 1Kon 19.15,17; 2Kon 8.12; 10.32 \u2013 Benhadad 1Kon 15.20; 20.1; 2Kon 8.7<br \/>\n<b>1.5<\/b> Aramear herleiddir 2Kon 16.9; sbr Am 9.7<br \/>\n<b>1.6<\/b> Gegn Filisteum Jer 47; Esk 25.15-17; Sef 2.4-7+ &#8211; fangar seldir mannsali 2Kon 5.2<br \/>\n<b>1.9<\/b> Gegn T\u00fdrus Jes 23; Esk 26-28 \u2013 br\u00e6\u00f0ras\u00e1ttm\u00e1linn 1Kon 5.26; 9.10-14<br \/>\n<b>1.11<\/b> Gegn Ed\u00f3m\u00edtum Jes 34; Jer 49.7-22; Esk 25.12-14; 35; Mal 1.2-4 \u2013 h\u00f6tu\u00f0u \u00cdsrael 4M\u00f3s 20.14-21; Jl 4.19<br \/>\n<b>1.12<\/b> Teman 1M\u00f3s 36.15; Jer 49.7; \u00d3b 9; Job 4.1 \u2013 Bosra Jer 49.13<br \/>\n<b>1.13<\/b> Gegn Amm\u00f3n\u00edtum Jer 49.1-6; Esk 21.33-37; 25.1-7; Sef  2.8-11<\/div>\n","protected":false},"excerpt":{"rendered":"<p>1Or\u00f0 Amosar, sem var einn af fj\u00e1rhir\u00f0unum \u00ed Tek\u00f3a, \u00fea\u00f0 er honum vitra\u00f0ist um \u00cdsrael \u00e1 d\u00f6gum \u00dass\u00eda J\u00fadakonungs og \u00e1 d\u00f6gum Jer\u00f3b\u00f3ams J\u00f3assonar, \u00cdsraelskonungs, tveimur \u00e1rum fyrir jar\u00f0skj\u00e1lftann.2Hann sag\u00f0i: Drottinn \u00ferumar fr\u00e1 S\u00edon og l\u00e6tur raust s\u00edna gjalla fr\u00e1 Jer\u00fasalem. \u00de\u00e1 munu hagar hjar\u00f0mannanna dr\u00fapa og Karmeltindur skr\u00e6lna.3Svo segir Drottinn: S\u00f6kum \u00feriggja, j\u00e1 fj\u00f6gurra gl\u00e6pa Damaskusborgar vil \u00e9g eigi sn\u00faa aftur me\u00f0 \u00fea\u00f0 af \u00fev\u00ed a\u00f0 \u00feeir \u00feresktu G\u00edlea\u00f0 me\u00f0 \u00fereskisle\u00f0um af j\u00e1rni,4mun \u00e9g senda eld \u00e1 h\u00fas Hasaels, og hann mun ey\u00f0a h\u00f6llum Benhadads.5\u00c9g mun brj\u00f3ta slagbrand Damaskus og \u00fatr\u00fdma \u00edb\u00faunum \u00far Gl\u00e6padal og \u00feeim, er ber veldissprotann, <a href=\"https:\/\/biblian.is\/1981\/amos-1-kafli\/\"> [&#8230;]<\/a><\/p>\n","protected":false},"author":1,"featured_media":0,"parent":0,"menu_order":0,"comment_status":"open","ping_status":"open","template":"bibliukaflar.php","meta":{"footnotes":""},"class_list":["post-2227","page","type-page","status-publish","hentry"],"_links":{"self":[{"href":"https:\/\/biblian.is\/1981\/wp-json\/wp\/v2\/pages\/2227","targetHints":{"allow":["GET"]}}],"collection":[{"href":"https:\/\/biblian.is\/1981\/wp-json\/wp\/v2\/pages"}],"about":[{"href":"https:\/\/biblian.is\/1981\/wp-json\/wp\/v2\/types\/page"}],"author":[{"embeddable":true,"href":"https:\/\/biblian.is\/1981\/wp-json\/wp\/v2\/users\/1"}],"replies":[{"embeddable":true,"href":"https:\/\/biblian.is\/1981\/wp-json\/wp\/v2\/comments?post=2227"}],"version-history":[{"count":0,"href":"https:\/\/biblian.is\/1981\/wp-json\/wp\/v2\/pages\/2227\/revisions"}],"wp:attachment":[{"href":"https:\/\/biblian.is\/1981\/wp-json\/wp\/v2\/media?parent=2227"}],"curies":[{"name":"wp","href":"https:\/\/api.w.org\/{rel}","templated":true}]}}