{"id":2226,"date":"2017-11-18T20:20:46","date_gmt":"2017-11-18T20:20:46","guid":{"rendered":"http:\/\/biblian.is\/1981\/joel-3-kafli\/"},"modified":"2018-01-13T23:17:46","modified_gmt":"2018-01-13T23:17:46","slug":"joel-3-kafli","status":"publish","type":"page","link":"https:\/\/biblian.is\/1981\/joel-3-kafli\/","title":{"rendered":"J\u00f3el 3. kafli"},"content":{"rendered":"<p><a name=\"1\"><span class=\"versanumer\">1<\/span><\/a>En s\u00ed\u00f0ar meir mun \u00e9g \u00fathella anda m\u00ednum yfir allt hold. Synir y\u00f0ar og d\u00e6tur y\u00f0ar munu sp\u00e1, gamalmenni y\u00f0ar mun drauma dreyma, ungmenni y\u00f0ar munu sj\u00e1 sj\u00f3nir.<a name=\"2\"><span class=\"versanumer\">2<\/span><\/a>J\u00e1, einnig yfir \u00fer\u00e6la og amb\u00e1ttir mun \u00e9g \u00e1 \u00feeim d\u00f6gum \u00fathella anda m\u00ednum.<a name=\"3\"><span class=\"versanumer\">3<\/span><\/a>Og \u00e9g mun l\u00e1ta t\u00e1kn ver\u00f0a \u00e1 himni og \u00e1 j\u00f6r\u00f0u: bl\u00f3\u00f0, eld og reykjarstr\u00f3ka.<a name=\"4\"><span class=\"versanumer\">4<\/span><\/a>S\u00f3lin mun sn\u00faast \u00ed myrkur og tungli\u00f0 \u00ed bl\u00f3\u00f0, \u00e1\u00f0ur en hinn mikli og \u00f3gurlegi dagur Drottins kemur.<a name=\"5\"><span class=\"versanumer\">5<\/span><\/a>Og hver sem \u00e1kallar nafn Drottins, mun frelsast. \u00dev\u00ed a\u00f0 \u00e1 S\u00edonfjalli og \u00ed Jer\u00fasalem mun frelsun ver\u00f0a, eins og Drottinn hefir sagt, me\u00f0al fl\u00f3ttamannanna, sem Drottinn kallar.<a name=\"6\"><span class=\"versanumer\">6<\/span><\/a>Sj\u00e1, \u00e1 \u00feeim d\u00f6gum og \u00ed \u00feann t\u00ed\u00f0, er \u00e9g sn\u00fd vi\u00f0 h\u00f6gum J\u00fada og Jer\u00fasalem,<a name=\"7\"><span class=\"versanumer\">7<\/span><\/a>vil \u00e9g saman safna \u00f6llum \u00fej\u00f3\u00f0um og f\u00e6ra \u00fe\u00e6r ofan \u00ed J\u00f3safatsdal og ganga \u00fear \u00ed d\u00f3m vi\u00f0 \u00fe\u00e6r vegna l\u00fd\u00f0s m\u00edns og arfleif\u00f0ar minnar \u00cdsraels, af \u00fev\u00ed a\u00f0 \u00feeir hafa dreift henni me\u00f0al hei\u00f0ingjanna og skipt sundur landi m\u00ednu.<a name=\"8\"><span class=\"versanumer\">8<\/span><\/a>\u00deeir k\u00f6stu\u00f0u hlutum um l\u00fd\u00f0 minn og g\u00e1fu svein fyrir sk\u00e6kju og seldu mey fyrir v\u00edn og drukku.<a name=\"9\"><span class=\"versanumer\">9<\/span><\/a>Og hva\u00f0 vilji\u00f0 \u00fe\u00e9r m\u00e9r, T\u00fdrus og S\u00eddon og \u00f6ll h\u00e9ru\u00f0 Filisteu! \u00c6tli\u00f0 \u00fe\u00e9r a\u00f0 gjalda m\u00e9r \u00fea\u00f0, sem y\u00f0ur hefir gj\u00f6rt veri\u00f0, e\u00f0a \u00e6tli\u00f0 \u00fe\u00e9r a\u00f0 gj\u00f6ra m\u00e9r eitthva\u00f0? Afar skyndilega mun \u00e9g l\u00e1ta gj\u00f6r\u00f0ir y\u00f0ar koma sj\u00e1lfum y\u00f0ur \u00ed koll.<a name=\"10\"><span class=\"versanumer\">10<\/span><\/a>\u00de\u00e9r hafi\u00f0 r\u00e6nt silfri m\u00ednu og gulli og flutt bestu gersemar m\u00ednar \u00ed musteri y\u00f0ar.<a name=\"11\"><span class=\"versanumer\">11<\/span><\/a>J\u00fadamenn og Jer\u00fasalemb\u00faa hafi\u00f0 \u00fe\u00e9r selt \u00cd\u00f3num til \u00feess a\u00f0 flytja \u00fe\u00e1 langt burt fr\u00e1 \u00e1tth\u00f6gum \u00feeirra.<a name=\"12\"><span class=\"versanumer\">12<\/span><\/a>Sj\u00e1, \u00e9g mun kalla \u00fe\u00e1 fr\u00e1 \u00feeim sta\u00f0, \u00feanga\u00f0 sem \u00fe\u00e9r hafi\u00f0 selt \u00fe\u00e1, og \u00e9g mun l\u00e1ta gj\u00f6r\u00f0ir y\u00f0ar koma sj\u00e1lfum y\u00f0ur \u00ed koll.<a name=\"13\"><span class=\"versanumer\">13<\/span><\/a>Og \u00e9g mun selja sonu y\u00f0ar og d\u00e6tur J\u00fadam\u00f6nnum, og \u00feeir munu selja \u00fe\u00e1 Sabam\u00f6nnum, fjarl\u00e6gri \u00fej\u00f3\u00f0, \u00fev\u00ed a\u00f0 Drottinn hefir sagt \u00fea\u00f0.<a name=\"14\"><span class=\"versanumer\">14<\/span><\/a>Bo\u00f0i\u00f0 \u00feetta me\u00f0al \u00fej\u00f3\u00f0anna: B\u00fai\u00f0 y\u00f0ur \u00ed heilagt str\u00ed\u00f0! Kve\u00f0ji\u00f0 upp kappana! Allir herf\u00e6rir menn komi fram og fari \u00ed lei\u00f0angur!<a name=\"15\"><span class=\"versanumer\">15<\/span><\/a>Sm\u00ed\u00f0i\u00f0 sver\u00f0 \u00far pl\u00f3gj\u00e1rnum y\u00f0ar og lensur \u00far sni\u00f0lum y\u00f0ar! Heilsuleysinginn hr\u00f3pi: \u00c9g er hetja!<a name=\"16\"><span class=\"versanumer\">16<\/span><\/a>Fl\u00fdti\u00f0 y\u00f0ur og komi\u00f0, allar \u00fej\u00f3\u00f0ir sem umhverfis eru\u00f0, og safnist saman. Drottinn, l\u00e1t kappa \u00fe\u00edna st\u00edga ni\u00f0ur \u00feanga\u00f0!<a name=\"17\"><span class=\"versanumer\">17<\/span><\/a>Hreyfing skal koma \u00e1 \u00fej\u00f3\u00f0irnar og \u00fe\u00e6r skulu halda upp \u00ed J\u00f3safatsdal, \u00fev\u00ed a\u00f0 \u00fear mun \u00e9g sitja til \u00feess a\u00f0 d\u00e6ma allar \u00fej\u00f3\u00f0irnar, sem umhverfis eru.<a name=\"18\"><span class=\"versanumer\">18<\/span><\/a>Breg\u00f0i\u00f0 sig\u00f0inni, \u00fev\u00ed a\u00f0 korni\u00f0 er full\u00feroska\u00f0, komi\u00f0 og tro\u00f0i\u00f0, \u00fev\u00ed a\u00f0 v\u00ednlagar\u00fer\u00f3in er full, \u00fea\u00f0 fl\u00f3ir \u00fat af lagarkerunum, \u00fev\u00ed a\u00f0 illska \u00feeirra er mikil.<a name=\"19\"><span class=\"versanumer\">19<\/span><\/a>Flokkarnir \u00feyrpast saman \u00ed d\u00f3msdalnum, \u00fev\u00ed a\u00f0 dagur Drottins er n\u00e1l\u00e6gur \u00ed d\u00f3msdalnum.<a name=\"20\"><span class=\"versanumer\">20<\/span><\/a>S\u00f3l og tungl eru myrk or\u00f0in, og stj\u00f6rnurnar hafa misst birtu s\u00edna.<a name=\"21\"><span class=\"versanumer\">21<\/span><\/a>En Drottinn \u00ferumar fr\u00e1 S\u00edon og l\u00e6tur raust s\u00edna gjalla fr\u00e1 Jer\u00fasalem, svo a\u00f0 himinn og j\u00f6r\u00f0 n\u00f6tra. En Drottinn er athvarf s\u00ednum l\u00fd\u00f0 og v\u00edgi \u00cdsraelsm\u00f6nnum.<a name=\"22\"><span class=\"versanumer\">22<\/span><\/a>Og \u00fe\u00e9r skulu\u00f0 vi\u00f0urkenna, a\u00f0 \u00e9g er Drottinn, Gu\u00f0 y\u00f0ar, sem b\u00fd \u00e1 S\u00edon, m\u00ednu heilaga fjalli. Og Jer\u00fasalem skal vera heil\u00f6g og \u00fatlendingar skulu ekki framar inn \u00ed hana koma.<a name=\"23\"><span class=\"versanumer\">23<\/span><\/a>\u00c1 \u00feeim degi munu fj\u00f6llin l\u00f6\u00f0ra \u00ed v\u00ednberjalegi og h\u00e1lsarnir flj\u00f3ta \u00ed mj\u00f3lk og allir l\u00e6kir \u00ed J\u00fada renna vatnsfullir. Og lind mun fram spretta undan h\u00fasi Drottins og v\u00f6kva dal akas\u00edutrj\u00e1nna.<a name=\"24\"><span class=\"versanumer\">24<\/span><\/a>Egyptaland mun ver\u00f0a a\u00f0 \u00f6r\u00e6fum og Ed\u00f3m a\u00f0 \u00f3bygg\u00f0ri ey\u00f0im\u00f6rk, s\u00f6kum ofr\u00edkis vi\u00f0 J\u00fadamenn, af \u00fev\u00ed a\u00f0 \u00feeir \u00fathelltu saklausu bl\u00f3\u00f0i \u00ed landi \u00feeirra.<a name=\"25\"><span class=\"versanumer\">25<\/span><\/a>En J\u00fada mun eil\u00edflega byggt ver\u00f0a og Jer\u00fasalem fr\u00e1 kyni til kyns.<a name=\"26\"><span class=\"versanumer\">26<\/span><\/a>Og \u00e9g mun l\u00e1ta hefnt ver\u00f0a bl\u00f3\u00f0s \u00feeirra, sem \u00e9g hefi ekki enn hefnt, og Drottinn mun b\u00faa kyrr \u00e1 S\u00edon.<\/p>\n<div class=\"footnote1981\"><b>3.1-5<\/b> Sbr Post 2.17-21 \u2013 andinn og sp\u00e1d\u00f3msg\u00e1fan 4M\u00f3s 11.25-29<br \/>\n<b>3.4<\/b> S\u00f3l myrkvast Opb 6.12, Jl 2.10+ &#8211; dagur Drotins Jl 1.15+<br \/>\n<b>3.5<\/b> Sbr R\u00f3m 10.13 \u2013 \u00e1kalla nafn Drottins 1Kon 18.24; 2Kon 5.11; Sef 3.9; Sak 13.9; Slm 80.19; 99.6; 116.4; Hlj 3.55; Post 22.16 \u2013 frelsun \u00e1 S\u00edon fjalli \u00d3b 17; Opb 14.1 \u2013 Drottinn kallar Jes 42.6; 51.2; 55.5; R\u00f3m 1.6; 8.28; 9.11,24; 1Kor 1.9,24,26; Gal 1.15; 1\u00deess 2.12; 5.24; 1P\u00e9t 2.9<\/div>\n","protected":false},"excerpt":{"rendered":"<p>1En s\u00ed\u00f0ar meir mun \u00e9g \u00fathella anda m\u00ednum yfir allt hold. Synir y\u00f0ar og d\u00e6tur y\u00f0ar munu sp\u00e1, gamalmenni y\u00f0ar mun drauma dreyma, ungmenni y\u00f0ar munu sj\u00e1 sj\u00f3nir.2J\u00e1, einnig yfir \u00fer\u00e6la og amb\u00e1ttir mun \u00e9g \u00e1 \u00feeim d\u00f6gum \u00fathella anda m\u00ednum.3Og \u00e9g mun l\u00e1ta t\u00e1kn ver\u00f0a \u00e1 himni og \u00e1 j\u00f6r\u00f0u: bl\u00f3\u00f0, eld og reykjarstr\u00f3ka.4S\u00f3lin mun sn\u00faast \u00ed myrkur og tungli\u00f0 \u00ed bl\u00f3\u00f0, \u00e1\u00f0ur en hinn mikli og \u00f3gurlegi dagur Drottins kemur.5Og hver sem \u00e1kallar nafn Drottins, mun frelsast. \u00dev\u00ed a\u00f0 \u00e1 S\u00edonfjalli og \u00ed Jer\u00fasalem mun frelsun ver\u00f0a, eins og Drottinn hefir sagt, me\u00f0al fl\u00f3ttamannanna, sem Drottinn kallar.6Sj\u00e1, \u00e1 <a href=\"https:\/\/biblian.is\/1981\/joel-3-kafli\/\"> [&#8230;]<\/a><\/p>\n","protected":false},"author":1,"featured_media":0,"parent":0,"menu_order":0,"comment_status":"open","ping_status":"open","template":"bibliukaflar.php","meta":{"footnotes":""},"class_list":["post-2226","page","type-page","status-publish","hentry"],"_links":{"self":[{"href":"https:\/\/biblian.is\/1981\/wp-json\/wp\/v2\/pages\/2226","targetHints":{"allow":["GET"]}}],"collection":[{"href":"https:\/\/biblian.is\/1981\/wp-json\/wp\/v2\/pages"}],"about":[{"href":"https:\/\/biblian.is\/1981\/wp-json\/wp\/v2\/types\/page"}],"author":[{"embeddable":true,"href":"https:\/\/biblian.is\/1981\/wp-json\/wp\/v2\/users\/1"}],"replies":[{"embeddable":true,"href":"https:\/\/biblian.is\/1981\/wp-json\/wp\/v2\/comments?post=2226"}],"version-history":[{"count":0,"href":"https:\/\/biblian.is\/1981\/wp-json\/wp\/v2\/pages\/2226\/revisions"}],"wp:attachment":[{"href":"https:\/\/biblian.is\/1981\/wp-json\/wp\/v2\/media?parent=2226"}],"curies":[{"name":"wp","href":"https:\/\/api.w.org\/{rel}","templated":true}]}}