{"id":2225,"date":"2017-11-18T20:20:46","date_gmt":"2017-11-18T20:20:46","guid":{"rendered":"http:\/\/biblian.is\/1981\/joel-2-kafli\/"},"modified":"2018-01-13T23:18:38","modified_gmt":"2018-01-13T23:18:38","slug":"joel-2-kafli","status":"publish","type":"page","link":"https:\/\/biblian.is\/1981\/joel-2-kafli\/","title":{"rendered":"J\u00f3el 2. kafli"},"content":{"rendered":"<p><a name=\"1\"><span class=\"versanumer\">1<\/span><\/a>\u00deeyti\u00f0 l\u00fa\u00f0urinn \u00ed S\u00edon og \u00e6pi\u00f0 \u00f3p \u00e1 m\u00ednu heilaga fjalli, svo a\u00f0 allir \u00edb\u00faar landsins n\u00f6tri. \u00dev\u00ed a\u00f0 dagur Drottins kemur, j\u00e1, hann er \u00ed n\u00e1nd,<a name=\"2\"><span class=\"versanumer\">2<\/span><\/a>dagur myrkurs og dimmu, dagur sk\u00fd\u00feykknis og sk\u00fdsorta. Eins og sorti brei\u00f0ist yfir fjallahnj\u00fakana mikil og voldug \u00fej\u00f3\u00f0. Hennar l\u00edki hefir ekki veri\u00f0 fr\u00e1 eil\u00edf\u00f0, og hennar l\u00edki mun ekki koma eftir hana allt fram \u00e1 \u00e1r \u00f3kominna alda.<a name=\"3\"><span class=\"versanumer\">3<\/span><\/a>Fyrir henni fer ey\u00f0andi eldur og eftir henni logi brennandi. \u00de\u00f3tt landi\u00f0 fram undan henni hafi veri\u00f0 eins og Edensgar\u00f0ur, er \u00fea\u00f0 \u00e1 bak henni sem ey\u00f0i\u00f6r\u00e6fi. Enginn hlutur komst undan henni.<a name=\"4\"><span class=\"versanumer\">4<\/span><\/a>\u00c1s\u00fdndum eru \u00feeir sem hestar a\u00f0 sj\u00e1, og \u00feeir eru fr\u00e1ir sem riddarar.<a name=\"5\"><span class=\"versanumer\">5<\/span><\/a>Eins og glamrandi vagnar st\u00f6kkva \u00feeir yfir fjallahnj\u00fakana, eins og eldslogi, sem snarkar \u00ed h\u00e1lmleggjum, eins og voldug \u00fej\u00f3\u00f0, sem b\u00fain er til bardaga.<a name=\"6\"><span class=\"versanumer\">6<\/span><\/a>Fyrir henni skj\u00e1lfa \u00fej\u00f3\u00f0irnar, \u00f6ll andlit blikna.<a name=\"7\"><span class=\"versanumer\">7<\/span><\/a>\u00deeir hlaupa sem hetjur, st\u00edga upp \u00e1 borgarvegginn sem hermenn, s\u00e9rhver \u00feeirra gengur s\u00edna lei\u00f0 og enginn ri\u00f0last \u00e1 annars braut.<a name=\"8\"><span class=\"versanumer\">8<\/span><\/a>Enginn \u00feeirra \u00ferengir \u00f6\u00f0rum, hver gengur s\u00edna braut, jafnvel m\u00f3t skotspj\u00f3tum \u00feeytast \u00feeir \u00e1fram \u00e1n \u00feess a\u00f0 st\u00f6\u00f0va fer\u00f0 s\u00edna.<a name=\"9\"><span class=\"versanumer\">9<\/span><\/a>\u00deeir r\u00e1\u00f0ast inn \u00ed borgina, hlaupa \u00e1 borgarvegginn, st\u00edga upp \u00ed h\u00fasin, fara inn um gluggana sem \u00fej\u00f3far.<a name=\"10\"><span class=\"versanumer\">10<\/span><\/a>Fyrir henni n\u00f6trar j\u00f6r\u00f0in, himnarnir skj\u00e1lfa, s\u00f3l og tungl myrkvast og stj\u00f6rnurnar missa birtu s\u00edna.<a name=\"11\"><span class=\"versanumer\">11<\/span><\/a>Og Drottinn l\u00e6tur raust s\u00edna \u00feruma fyrir \u00f6ndver\u00f0u li\u00f0i s\u00ednu. \u00dev\u00ed a\u00f0 herli\u00f0 hans er afar miki\u00f0, \u00fev\u00ed a\u00f0 voldugur er s\u00e1, sem framkv\u00e6mir hans bo\u00f0. J\u00e1, mikill er dagur Drottins og mj\u00f6g \u00f3gurlegur, hver getur afbori\u00f0 hann?<a name=\"12\"><span class=\"versanumer\">12<\/span><\/a>En sn\u00fai\u00f0 y\u00f0ur n\u00fa til m\u00edn _ segir Drottinn _ af \u00f6llu hjarta, me\u00f0 f\u00f6stum, gr\u00e1ti og kveini.<a name=\"13\"><span class=\"versanumer\">13<\/span><\/a>Sundurr\u00edfi\u00f0 hj\u00f6rtu y\u00f0ar en ekki kl\u00e6\u00f0i y\u00f0ar, og hverfi\u00f0 aftur til Drottins Gu\u00f0s y\u00f0ar, \u00fev\u00ed a\u00f0 hann er l\u00edknsamur og miskunnsamur, \u00feolinm\u00f3\u00f0ur og g\u00e6skur\u00edkur og i\u00f0rast hins illa.<a name=\"14\"><span class=\"versanumer\">14<\/span><\/a>Hver veit nema hann i\u00f0rist aftur og l\u00e1ti blessun eftir sig: matf\u00f3rn og dreypif\u00f3rn handa Drottni, Gu\u00f0i y\u00f0ar!<a name=\"15\"><span class=\"versanumer\">15<\/span><\/a>\u00deeyti\u00f0 l\u00fa\u00f0urinn \u00ed S\u00edon, stofni\u00f0 til helgrar f\u00f6stu, bo\u00f0i\u00f0 h\u00e1t\u00ed\u00f0arstefnu.<a name=\"16\"><span class=\"versanumer\">16<\/span><\/a>Kve\u00f0ji\u00f0 saman l\u00fd\u00f0inn, helgi\u00f0 s\u00f6fnu\u00f0inn, stefni\u00f0 saman gamalmennum, safni\u00f0 saman b\u00f6rnum og brj\u00f3stmylkingum. Br\u00fa\u00f0guminn gangi \u00fat \u00far herbergi s\u00ednu og br\u00fa\u00f0urin \u00fat \u00far br\u00fa\u00f0arsal s\u00ednum.<a name=\"17\"><span class=\"versanumer\">17<\/span><\/a>Milli forsals og altaris skulu prestarnir, \u00fej\u00f3nar Drottins, gr\u00e1ta og segja: \u00deyrm \u00fej\u00f3\u00f0 \u00feinni, Drottinn, og l\u00e1t eigi arfleif\u00f0 \u00fe\u00edna ver\u00f0a a\u00f0 spotti, svo a\u00f0 hei\u00f0ingjarnir drottni yfir \u00feeim. Hv\u00ed skulu menn segja me\u00f0al \u00fej\u00f3\u00f0anna: Hvar er Gu\u00f0 \u00feeirra?<a name=\"18\"><span class=\"versanumer\">18<\/span><\/a>\u00de\u00e1 var\u00f0 Drottinn fullur umhyggju vegna lands s\u00edns, og hann \u00feyrmdi l\u00fd\u00f0 s\u00ednum.<a name=\"19\"><span class=\"versanumer\">19<\/span><\/a>Drottinn t\u00f3k til m\u00e1ls og sag\u00f0i vi\u00f0 l\u00fd\u00f0 sinn: Sj\u00e1, \u00e9g sendi y\u00f0ur korn, v\u00ednberjal\u00f6g og ol\u00edu, svo a\u00f0 y\u00f0ur skal n\u00e6gja til sa\u00f0nings. Og \u00e9g vil eigi l\u00e1ta y\u00f0ur ver\u00f0a framar a\u00f0 spotti me\u00f0al hei\u00f0ingjanna.<a name=\"20\"><span class=\"versanumer\">20<\/span><\/a>Og \u00f3vininn, sem fr\u00e1 nor\u00f0ri kemur, mun \u00e9g reka langt burt fr\u00e1 y\u00f0ur og st\u00f6kkva honum \u00fat \u00e1 au\u00f0nir og \u00f6r\u00e6fi. Skal fararbroddur hans lenda \u00ed austurhafinu og halaflokkurinn \u00ed vesturhafinu, \u00fear skal f\u00fdla og illur daunn upp af honum st\u00edga, \u00fev\u00ed a\u00f0 hann hefir unni\u00f0 st\u00f3rvirki.<a name=\"21\"><span class=\"versanumer\">21<\/span><\/a>\u00d3ttast eigi, land! Fagna og gle\u00f0st, \u00fev\u00ed a\u00f0 Drottinn hefir unni\u00f0 st\u00f3rvirki.<a name=\"22\"><span class=\"versanumer\">22<\/span><\/a>\u00d3ttist eigi, \u00fe\u00e9r d\u00fdr merkurinnar, \u00fev\u00ed a\u00f0 grashagar ey\u00f0imerkurinnar gr\u00e6nka, \u00fev\u00ed a\u00f0 tr\u00e9n bera \u00e1v\u00f6xt, f\u00edkjutr\u00e9n og v\u00edntr\u00e9n gefa sinn gr\u00f3\u00f0a.<a name=\"23\"><span class=\"versanumer\">23<\/span><\/a>Og \u00fe\u00e9r S\u00edonb\u00faar, fagni\u00f0 og gle\u00f0jist \u00ed Drottni, Gu\u00f0i y\u00f0ar, \u00fev\u00ed a\u00f0 hann gefur y\u00f0ur regn \u00ed r\u00e9ttum m\u00e6li og l\u00e6tur sk\u00farirnar ofan til y\u00f0ar koma, haustregn og vorregn, eins og \u00e1\u00f0ur.<a name=\"24\"><span class=\"versanumer\">24<\/span><\/a>L\u00e1farnir ver\u00f0a fullir af korni, og v\u00ednberjal\u00f6gurinn og ol\u00edan fl\u00f3a \u00fat af \u00fer\u00f3num.<a name=\"25\"><span class=\"versanumer\">25<\/span><\/a>\u00c9g b\u00e6ti y\u00f0ur upp \u00e1rin, er \u00e1tvargurinn, flysjarinn, jar\u00f0vargurinn og nagarinn \u00e1tu, _ minn mikli her, er \u00e9g sendi m\u00f3ti y\u00f0ur.<a name=\"26\"><span class=\"versanumer\">26<\/span><\/a>\u00de\u00e9r skulu\u00f0 eta og mettir ver\u00f0a og vegsama nafn Drottins, Gu\u00f0s y\u00f0ar, sem d\u00e1samlega hefir vi\u00f0 y\u00f0ur gj\u00f6rt, og \u00fej\u00f3\u00f0 m\u00edn skal aldrei a\u00f0 eil\u00edfu til skammar ver\u00f0a.<a name=\"27\"><span class=\"versanumer\">27<\/span><\/a>Og \u00fe\u00e9r skulu\u00f0 vi\u00f0urkenna, a\u00f0 \u00e9g er me\u00f0al \u00cdsraels og a\u00f0 \u00e9g er Drottinn, y\u00f0ar Gu\u00f0, og enginn annar. Og \u00fej\u00f3\u00f0 m\u00edn skal aldrei a\u00f0 eil\u00edfu til skammar ver\u00f0a.<\/p>\n<div class=\"footnote1981\"><b>2.1<\/b> Heimsbygg\u00f0in skj\u00e1lfi 2M\u00f3s 19.16-20; Hab 3.7-12; Slm 18.8-16 \u2013 dagur Drottins Jl 1.15+<br \/>\n<b>2.2<\/b> Dagur myrkurs Am 5.18; Mrk 13.4-25<br \/>\n<b>2.3<\/b> Eldur Jl 1.19+ &#8211; Edensgar\u00f0ur 1M\u00f3s 2.8-15; Jes 51.3; Esk 36.35<br \/>\n<b>2.4-5<\/b> \u00c1\u00feekkir hestum Opb 9.7-9<br \/>\n<b>2.10<\/b> S\u00f3l myrkvast Jl 3.4; 4.15; Jes 13.10; Am 8.9<br \/>\n<b>2.11<\/b> Raust Drottins Jes 30.30, 33.3; Slm 18.14; 29.3-5; 46.7; Heb 12.26 \u2013 dagur Dottins Jl 1.15+<br \/>\n<b>2.12<\/b> Sn\u00faa s\u00e9r til Gu\u00f0s H\u00f3s 6.1+ ; 11.5+ &#8211; af \u00f6llu hjarta 5M\u00f3s 4.29; 6.5; 30.10; 1Sam 7.3; 1Kon 8.48; 2Kro 15.12; Jer 29.13; Slm 119.2 \u2013 fasta Jl 1.14+<br \/>\n<b>2.13<\/b> R\u00edfa kl\u00e6\u00f0i s\u00edn 1M\u00f3s 37.29; ; 2Sam 13.19; 2Kon 22.11; Matt 26.65; Post 14.14 \u2013 l\u00edknsamur og miskunnsamur 2M\u00f3s 34.6+<br \/>\n<b>2.14<\/b> Hver veit? 2Sam 12.22; J\u00f3n 3.9; sbr Am 7.3+ &#8211; blessun Jl 2.19-27; 5M\u00f3s 7.13-15; 28.1-14<br \/>\n<b>2.15<\/b> \u00deeyta horni\u00f0 D\u00f3m 3.27; 6.34; 1Sam 13.3-4; 2Sam 2.28; Jer 6.1; Esk 33.3; H\u00f3s 5.8; Am 3.6; Opb 8.6-7 \u2013 fasta Jl 1.14+<br \/>\n<b>2.17<\/b> Milli fordyris og altaris Esk 8.16, sbr Matt 23.35; L\u00fak 11.51 \u2013 hv\u00ed &#8230; ? 2M\u00f3s 32.11-12 \u2013 hvar er Gu\u00f0 \u00feeirra? M\u00edk 7.10; Slm 42.4,11; 79.10; 115.2<br \/>\n<b>2.18<\/b> Umhyggja Drottins Sak 1.14; 8.2<br \/>\n<b>2.19<\/b> Korn, v\u00ednl\u00f6gur, ol\u00eda Jl l.10+<br \/>\n<b>2.20<\/b> \u00cd nor\u00f0ri Jer 1.14-15; 4.6; 6.1; sbr Esk 26.7<br \/>\n<b>2.23<\/b> Regn H\u00f3s 6.3+<br \/>\n<b>2.25<\/b> Sm\u00e1vargurinn, flysjarinn o.s.frv. Jl 1.4+<br \/>\n<b>2.27<\/b> Vita Jl 4.17; 2M\u00f3s 16.12; Esk 2.5, 6.7,10,13,14 o.\u00e1fr.; 7.9; 39.22 \u2013 \u00e9g er Drottinn 2M\u00f3s 6.2; 7.5; Jes 42.8; H\u00f3s 12.10+ ; Mal 3.6 \u2013 enginn annar Jes 42.8+ ; sbr H\u00f3s 13.4+<\/div>\n","protected":false},"excerpt":{"rendered":"<p>1\u00deeyti\u00f0 l\u00fa\u00f0urinn \u00ed S\u00edon og \u00e6pi\u00f0 \u00f3p \u00e1 m\u00ednu heilaga fjalli, svo a\u00f0 allir \u00edb\u00faar landsins n\u00f6tri. \u00dev\u00ed a\u00f0 dagur Drottins kemur, j\u00e1, hann er \u00ed n\u00e1nd,2dagur myrkurs og dimmu, dagur sk\u00fd\u00feykknis og sk\u00fdsorta. Eins og sorti brei\u00f0ist yfir fjallahnj\u00fakana mikil og voldug \u00fej\u00f3\u00f0. Hennar l\u00edki hefir ekki veri\u00f0 fr\u00e1 eil\u00edf\u00f0, og hennar l\u00edki mun ekki koma eftir hana allt fram \u00e1 \u00e1r \u00f3kominna alda.3Fyrir henni fer ey\u00f0andi eldur og eftir henni logi brennandi. \u00de\u00f3tt landi\u00f0 fram undan henni hafi veri\u00f0 eins og Edensgar\u00f0ur, er \u00fea\u00f0 \u00e1 bak henni sem ey\u00f0i\u00f6r\u00e6fi. Enginn hlutur komst undan henni.4\u00c1s\u00fdndum eru \u00feeir sem hestar <a href=\"https:\/\/biblian.is\/1981\/joel-2-kafli\/\"> [&#8230;]<\/a><\/p>\n","protected":false},"author":1,"featured_media":0,"parent":0,"menu_order":0,"comment_status":"open","ping_status":"open","template":"bibliukaflar.php","meta":{"footnotes":""},"class_list":["post-2225","page","type-page","status-publish","hentry"],"_links":{"self":[{"href":"https:\/\/biblian.is\/1981\/wp-json\/wp\/v2\/pages\/2225","targetHints":{"allow":["GET"]}}],"collection":[{"href":"https:\/\/biblian.is\/1981\/wp-json\/wp\/v2\/pages"}],"about":[{"href":"https:\/\/biblian.is\/1981\/wp-json\/wp\/v2\/types\/page"}],"author":[{"embeddable":true,"href":"https:\/\/biblian.is\/1981\/wp-json\/wp\/v2\/users\/1"}],"replies":[{"embeddable":true,"href":"https:\/\/biblian.is\/1981\/wp-json\/wp\/v2\/comments?post=2225"}],"version-history":[{"count":0,"href":"https:\/\/biblian.is\/1981\/wp-json\/wp\/v2\/pages\/2225\/revisions"}],"wp:attachment":[{"href":"https:\/\/biblian.is\/1981\/wp-json\/wp\/v2\/media?parent=2225"}],"curies":[{"name":"wp","href":"https:\/\/api.w.org\/{rel}","templated":true}]}}