{"id":2223,"date":"2017-11-18T20:20:46","date_gmt":"2017-11-18T20:20:46","guid":{"rendered":"http:\/\/biblian.is\/1981\/hosea-14-kafli\/"},"modified":"2017-11-18T20:20:46","modified_gmt":"2017-11-18T20:20:46","slug":"hosea-14-kafli","status":"publish","type":"page","link":"https:\/\/biblian.is\/1981\/hosea-14-kafli\/","title":{"rendered":"H\u00f3sea 14. kafli"},"content":{"rendered":"<p><a name=\"1\"><span class=\"versanumer\">1<\/span><\/a>Sn\u00fa \u00fe\u00fa vi\u00f0, \u00cdsrael, til Drottins, Gu\u00f0s \u00fe\u00edns, \u00fev\u00ed a\u00f0 \u00fe\u00fa steyptist fyrir misgj\u00f6r\u00f0 \u00fe\u00edna.<a name=\"2\"><span class=\"versanumer\">2<\/span><\/a>Taki\u00f0 or\u00f0 me\u00f0 y\u00f0ur og hverfi\u00f0 aftur til Drottins. Segi\u00f0 vi\u00f0 hann: Fyrirgef me\u00f0 \u00f6llu misgj\u00f6r\u00f0 vora og ver g\u00f3\u00f0ur, og v\u00e9r skulum grei\u00f0a \u00fe\u00e9r \u00e1v\u00f6xt vara vorra.<a name=\"3\"><span class=\"versanumer\">3<\/span><\/a>Ass\u00fdr\u00eda skal eigi framar hj\u00e1lpa oss, v\u00e9r viljum eigi r\u00ed\u00f0a str\u00ed\u00f0shestum og eigi framar segja Gu\u00f0 vor vi\u00f0 verk handa vorra. \u00dev\u00ed a\u00f0 hj\u00e1 \u00fe\u00e9r hl\u00fdtur hinn muna\u00f0arlausi l\u00edkn!<a name=\"4\"><span class=\"versanumer\">4<\/span><\/a>\u00c9g vil l\u00e6kna fr\u00e1hvarf \u00feeirra, elska \u00fe\u00e1 af frj\u00e1lsum vilja, \u00fev\u00ed a\u00f0 rei\u00f0i m\u00edn hefir sn\u00fai\u00f0 s\u00e9r fr\u00e1 \u00feeim.<a name=\"5\"><span class=\"versanumer\">5<\/span><\/a>\u00c9g vil ver\u00f0a \u00cdsrael sem d\u00f6ggin, hann skal bl\u00f3mgast sem lilja og skj\u00f3ta r\u00f3tum sem L\u00edbanonssk\u00f3gur.<a name=\"6\"><span class=\"versanumer\">6<\/span><\/a>Frj\u00f3angar hans skulu brei\u00f0ast \u00fat og toppskr\u00fa\u00f0i\u00f0 ver\u00f0a sem \u00e1 ol\u00edutr\u00e9 og ilmur hans ver\u00f0a sem L\u00edbanonsilmur.<a name=\"7\"><span class=\"versanumer\">7<\/span><\/a>\u00deeir sem b\u00faa \u00ed skugga hans, skulu aftur r\u00e6kta korn og bl\u00f3mgast eins og v\u00ednvi\u00f0ur. \u00deeir skulu ver\u00f0a eins nafntoga\u00f0ir og v\u00edni\u00f0 fr\u00e1 L\u00edbanon.<a name=\"8\"><span class=\"versanumer\">8<\/span><\/a>Hva\u00f0 \u00e1 Efra\u00edm framar saman vi\u00f0 skur\u00f0go\u00f0in a\u00f0 s\u00e6lda? \u00c9g hefi b\u00e6nheyrt hann, \u00e9g l\u00edt til hans. \u00c9g er sem laufgr\u00e6nt k\u00fdprestr\u00e9. \u00dea\u00f0 mun \u00ed lj\u00f3s koma, a\u00f0 \u00e1vextir \u00fe\u00ednir eru fr\u00e1 m\u00e9r komnir.<a name=\"9\"><span class=\"versanumer\">9<\/span><\/a>Hver er svo vitur, a\u00f0 hann skilji \u00feetta, svo hygginn, a\u00f0 hann sj\u00e1i \u00fea\u00f0? J\u00e1, vegir Drottins eru r\u00e9ttir. Hinir r\u00e9ttl\u00e1tu ganga \u00fe\u00e1 \u00f6ruggir, en hinir rangl\u00e1tu hrasa \u00e1 \u00feeim.<\/p>\n<div class=\"footnote1981\"><b>14.1<\/b> M\u00f3\u00f0ir og b\u00f6rn drepin H\u00f3s 10.14+ ; 2Kon 15.16; Am 1.13<br \/>\n<b>14.2<\/b> Sn\u00fa\u00f0u aftur Jer 31.21 \u2013 til Drottins H\u00f3s 6.1; 11.5+<br \/>\n<b>14.3<\/b> Or\u00f0 a\u00f0 f\u00f3rn Heb 13.15<br \/>\n<b>14.4<\/b> Ass\u00fdr\u00eda bjargar ekki H\u00f3s 5.13; 7.11; 8.9; 12.2; Jes 31.1 \u2013 herstyrkur H\u00f3s 1.7; sbr 8.14; &#8211; falsgu\u00f0ir, verk manna Jes 44.9,20; Jer 2.28; 10.3-5 &#8211; ,,Gu\u00f0 vor\u201d 2M\u00f3s 32.4,8; 1Kon 12.28; Jes 44.16-17; Jer 2.27; sbr H\u00f3s 2.10; 4.17; 8.4-6; 10.5-6; 11.2; 13.2 \u2013 Hinn muna\u00f0arlausi hl\u00fdtur miskunn <b>hj\u00e1<\/b> Gu\u00f0i 2M\u00f3s 22.22-24; Slm 68.6; 146.9<br \/>\n<b>14.5<\/b> L\u00e6kna H\u00f3s 6.1; 7.1; Jes 30.26; 57.18; Jer 30.17 \u2013 elska H\u00f3s 2.3 sbr 1.6; 9.15<br \/>\n<b>14.6-8<\/b> \u00cdsrael bl\u00f3mgast \u00e1 n\u00fd Jes 27.6<br \/>\n<b>14.9<\/b> Gu\u00f0 b\u00e6nheyrir H\u00f3s 2.23-25 \u2013 Gu\u00f0 gefur H\u00f3s 2.10<br \/>\n<b>14.10<\/b> Hver er svo vitur? Jer 9.11; Slm 107.43; Pr\u00e9d 8.1<\/div>\n","protected":false},"excerpt":{"rendered":"<p>1Sn\u00fa \u00fe\u00fa vi\u00f0, \u00cdsrael, til Drottins, Gu\u00f0s \u00fe\u00edns, \u00fev\u00ed a\u00f0 \u00fe\u00fa steyptist fyrir misgj\u00f6r\u00f0 \u00fe\u00edna.2Taki\u00f0 or\u00f0 me\u00f0 y\u00f0ur og hverfi\u00f0 aftur til Drottins. Segi\u00f0 vi\u00f0 hann: Fyrirgef me\u00f0 \u00f6llu misgj\u00f6r\u00f0 vora og ver g\u00f3\u00f0ur, og v\u00e9r skulum grei\u00f0a \u00fe\u00e9r \u00e1v\u00f6xt vara vorra.3Ass\u00fdr\u00eda skal eigi framar hj\u00e1lpa oss, v\u00e9r viljum eigi r\u00ed\u00f0a str\u00ed\u00f0shestum og eigi framar segja Gu\u00f0 vor vi\u00f0 verk handa vorra. \u00dev\u00ed a\u00f0 hj\u00e1 \u00fe\u00e9r hl\u00fdtur hinn muna\u00f0arlausi l\u00edkn!4\u00c9g vil l\u00e6kna fr\u00e1hvarf \u00feeirra, elska \u00fe\u00e1 af frj\u00e1lsum vilja, \u00fev\u00ed a\u00f0 rei\u00f0i m\u00edn hefir sn\u00fai\u00f0 s\u00e9r fr\u00e1 \u00feeim.5\u00c9g vil ver\u00f0a \u00cdsrael sem d\u00f6ggin, hann skal bl\u00f3mgast sem lilja og skj\u00f3ta <a href=\"https:\/\/biblian.is\/1981\/hosea-14-kafli\/\"> [&#8230;]<\/a><\/p>\n","protected":false},"author":1,"featured_media":0,"parent":0,"menu_order":0,"comment_status":"open","ping_status":"open","template":"bibliukaflar.php","meta":{"footnotes":""},"class_list":["post-2223","page","type-page","status-publish","hentry"],"_links":{"self":[{"href":"https:\/\/biblian.is\/1981\/wp-json\/wp\/v2\/pages\/2223","targetHints":{"allow":["GET"]}}],"collection":[{"href":"https:\/\/biblian.is\/1981\/wp-json\/wp\/v2\/pages"}],"about":[{"href":"https:\/\/biblian.is\/1981\/wp-json\/wp\/v2\/types\/page"}],"author":[{"embeddable":true,"href":"https:\/\/biblian.is\/1981\/wp-json\/wp\/v2\/users\/1"}],"replies":[{"embeddable":true,"href":"https:\/\/biblian.is\/1981\/wp-json\/wp\/v2\/comments?post=2223"}],"version-history":[{"count":0,"href":"https:\/\/biblian.is\/1981\/wp-json\/wp\/v2\/pages\/2223\/revisions"}],"wp:attachment":[{"href":"https:\/\/biblian.is\/1981\/wp-json\/wp\/v2\/media?parent=2223"}],"curies":[{"name":"wp","href":"https:\/\/api.w.org\/{rel}","templated":true}]}}