{"id":2222,"date":"2017-11-18T20:20:46","date_gmt":"2017-11-18T20:20:46","guid":{"rendered":"http:\/\/biblian.is\/1981\/hosea-13-kafli\/"},"modified":"2017-11-18T20:20:46","modified_gmt":"2017-11-18T20:20:46","slug":"hosea-13-kafli","status":"publish","type":"page","link":"https:\/\/biblian.is\/1981\/hosea-13-kafli\/","title":{"rendered":"H\u00f3sea 13. kafli"},"content":{"rendered":"<p><a name=\"1\"><span class=\"versanumer\">1<\/span><\/a>\u00deegar Efra\u00edm tala\u00f0i, sl\u00f3 \u00f3tta \u00e1 menn. Hann var h\u00f6f\u00f0ingi \u00ed \u00cdsrael. En hann var\u00f0 sekur fyrir Baalsd\u00fdrkunina og d\u00f3.<a name=\"2\"><span class=\"versanumer\">2<\/span><\/a>Og n\u00fa halda \u00feeir \u00e1fram a\u00f0 syndga, \u00feeir hafa gj\u00f6rt s\u00e9r steypt l\u00edkneski \u00far silfri s\u00ednu, go\u00f0al\u00edkneski eftir hugviti s\u00ednu, verk hagleiksmanna er \u00fea\u00f0 allt saman. Og sl\u00edkt \u00e1varpa \u00feeir. F\u00f3rnandi menn kyssa k\u00e1lfa.<a name=\"3\"><span class=\"versanumer\">3<\/span><\/a>Fyrir \u00fev\u00ed skulu \u00feeir ver\u00f0a eins og sk\u00fd a\u00f0 morgni dags og sem d\u00f6gg, er snemma hverfur, eins og s\u00e1\u00f0ir, sem \u00feyrlast burt af l\u00e1fanum, og sem reykur \u00fat um lj\u00f3ra.<a name=\"4\"><span class=\"versanumer\">4<\/span><\/a>En \u00e9g, Drottinn, er Gu\u00f0 \u00feinn fr\u00e1 \u00fev\u00ed \u00e1 Egyptalandi. Annan gu\u00f0 en mig \u00feekkir \u00fe\u00fa ekki og enginn frelsari er til nema \u00e9g.<a name=\"5\"><span class=\"versanumer\">5<\/span><\/a>\u00dea\u00f0 var \u00e9g, sem h\u00e9lt \u00fe\u00e9r til haga \u00ed ey\u00f0im\u00f6rkinni, \u00ed landi \u00feurrkanna.<a name=\"6\"><span class=\"versanumer\">6<\/span><\/a>En \u00fev\u00ed meira haglendi sem \u00feeir fengu, \u00fev\u00ed saddari \u00e1tu \u00feeir sig. En er \u00feeir voru saddir or\u00f0nir, metna\u00f0ist hjarta \u00feeirra. \u00deess vegna gleymdu \u00feeir m\u00e9r.<a name=\"7\"><span class=\"versanumer\">7<\/span><\/a>Fyrir \u00fev\u00ed er \u00e9g \u00feeim eins og lj\u00f3n, ligg \u00ed leyni vi\u00f0 veginn eins og pardusd\u00fdr,<a name=\"8\"><span class=\"versanumer\">8<\/span><\/a>r\u00e6\u00f0st \u00e1 \u00fe\u00e1 eins og birna, sem r\u00e6nd er h\u00fanum s\u00ednum, sundurr\u00edf brj\u00f3st \u00feeirra. \u00dear skulu ung lj\u00f3n eta \u00fe\u00e1, villid\u00fdrin sl\u00edta \u00fe\u00e1 sundur.<a name=\"9\"><span class=\"versanumer\">9<\/span><\/a>\u00dea\u00f0 ver\u00f0ur \u00fe\u00e9r a\u00f0 tj\u00f3ni, \u00cdsrael, a\u00f0 \u00fe\u00fa ert \u00e1 m\u00f3ti m\u00e9r, hj\u00e1lpara \u00fe\u00ednum.<a name=\"10\"><span class=\"versanumer\">10<\/span><\/a>Hvar er n\u00fa konungur \u00feinn, a\u00f0 hann frelsi \u00feig, og allir h\u00f6f\u00f0ingjar \u00fe\u00ednir, a\u00f0 \u00feeir r\u00e9tti hluta \u00feinn? \u00feeir er \u00fe\u00fa sag\u00f0ir um: Gef m\u00e9r konung og h\u00f6f\u00f0ingja!<a name=\"11\"><span class=\"versanumer\">11<\/span><\/a>\u00c9g gef \u00fe\u00e9r konung \u00ed rei\u00f0i minni og tek hann aftur \u00ed br\u00e6\u00f0i minni.<a name=\"12\"><span class=\"versanumer\">12<\/span><\/a>Misgj\u00f6r\u00f0 Efra\u00edms er saman bundin, synd hans vel geymd.<a name=\"13\"><span class=\"versanumer\">13<\/span><\/a>Kvalir j\u00f3\u00f0sj\u00fakrar konu koma yfir hann, en hann er \u00f3vitur sonur. \u00de\u00f3tt stundin s\u00e9 komin, kemur hann ekki fram \u00ed bur\u00f0arli\u00f0inn.<a name=\"14\"><span class=\"versanumer\">14<\/span><\/a>\u00c6tti \u00e9g a\u00f0 frelsa \u00fe\u00e1 fr\u00e1 Heljar valdi, leysa \u00fe\u00e1 fr\u00e1 dau\u00f0a? Hvar eru dreps\u00f3ttir \u00fe\u00ednar, dau\u00f0i? Hvar er s\u00fdki \u00fe\u00edn, Hel? Augu m\u00edn \u00feekkja enga me\u00f0aumkun.<a name=\"15\"><span class=\"versanumer\">15<\/span><\/a>\u00dev\u00ed \u00fe\u00f3tt hann beri \u00e1v\u00f6xt me\u00f0al br\u00e6\u00f0ranna, \u00fe\u00e1 kemur \u00fe\u00f3 austanvindurinn, stormur Drottins, sem r\u00eds \u00ed ey\u00f0im\u00f6rkinni, svo a\u00f0 brunnar hans \u00feorna og lindir hans \u00ferj\u00f3ta. Hann mun r\u00e6na fj\u00e1rsj\u00f3\u00f0 hans \u00f6llum d\u00fdrm\u00e6tum gersemum.<a name=\"16\"><span class=\"versanumer\">16<\/span><\/a>Samar\u00eda f\u00e6r a\u00f0 gjalda \u00feess, a\u00f0 h\u00fan hefir sett sig upp \u00e1 m\u00f3ti Gu\u00f0i s\u00ednum. Fyrir sver\u00f0i skulu \u00feeir falla, ungb\u00f6rnum \u00feeirra skal slegi\u00f0 ver\u00f0a ni\u00f0ur vi\u00f0 og \u00feunga\u00f0ar konur \u00feeirra ristar ver\u00f0a \u00e1 kvi\u00f0.<\/p>\n<div class=\"footnote1981\"><b>13.2<\/b> Steypt l\u00edkneski H\u00f3s 8.5-6+<br \/>\n<b>13.3<\/b> Morgun\u00feoka H\u00f3s 6.4+<br \/>\n<b>13.4<\/b> Drottinn, Gu\u00f0 \u00feinn H\u00f3s 12.10+ &#8211; ekki annar frelsari Jes 44.8; 45.21; sbr Slm 18.32<br \/>\n<b>13.5<\/b> \u00cd ey\u00f0im\u00f6rk H\u00f3s 2.16; sbr 12.10<br \/>\n<b>13.6<\/b> Gleyma H\u00f3s 8.14+<br \/>\n<b>13.10<\/b> F\u00e1\u00f0u m\u00e9r konung 1Sam 8.5-6<br \/>\n<b>13.11<\/b> Tek aftur H\u00f3s 10.15<br \/>\n<b>13.13<\/b> Ekki \u00ed bur\u00f0arli\u00f0inn Jes 37.3<br \/>\n<b>13.14<\/b> Hvar? 1Kor 15.55<br \/>\n<b>13.15<\/b> Austanvindurinn H\u00f3s 12.2; 1M\u00f3s 41.6; Esk 19.12<\/div>\n","protected":false},"excerpt":{"rendered":"<p>1\u00deegar Efra\u00edm tala\u00f0i, sl\u00f3 \u00f3tta \u00e1 menn. Hann var h\u00f6f\u00f0ingi \u00ed \u00cdsrael. En hann var\u00f0 sekur fyrir Baalsd\u00fdrkunina og d\u00f3.2Og n\u00fa halda \u00feeir \u00e1fram a\u00f0 syndga, \u00feeir hafa gj\u00f6rt s\u00e9r steypt l\u00edkneski \u00far silfri s\u00ednu, go\u00f0al\u00edkneski eftir hugviti s\u00ednu, verk hagleiksmanna er \u00fea\u00f0 allt saman. Og sl\u00edkt \u00e1varpa \u00feeir. F\u00f3rnandi menn kyssa k\u00e1lfa.3Fyrir \u00fev\u00ed skulu \u00feeir ver\u00f0a eins og sk\u00fd a\u00f0 morgni dags og sem d\u00f6gg, er snemma hverfur, eins og s\u00e1\u00f0ir, sem \u00feyrlast burt af l\u00e1fanum, og sem reykur \u00fat um lj\u00f3ra.4En \u00e9g, Drottinn, er Gu\u00f0 \u00feinn fr\u00e1 \u00fev\u00ed \u00e1 Egyptalandi. Annan gu\u00f0 en mig \u00feekkir \u00fe\u00fa ekki og <a href=\"https:\/\/biblian.is\/1981\/hosea-13-kafli\/\"> [&#8230;]<\/a><\/p>\n","protected":false},"author":1,"featured_media":0,"parent":0,"menu_order":0,"comment_status":"open","ping_status":"open","template":"bibliukaflar.php","meta":{"footnotes":""},"class_list":["post-2222","page","type-page","status-publish","hentry"],"_links":{"self":[{"href":"https:\/\/biblian.is\/1981\/wp-json\/wp\/v2\/pages\/2222","targetHints":{"allow":["GET"]}}],"collection":[{"href":"https:\/\/biblian.is\/1981\/wp-json\/wp\/v2\/pages"}],"about":[{"href":"https:\/\/biblian.is\/1981\/wp-json\/wp\/v2\/types\/page"}],"author":[{"embeddable":true,"href":"https:\/\/biblian.is\/1981\/wp-json\/wp\/v2\/users\/1"}],"replies":[{"embeddable":true,"href":"https:\/\/biblian.is\/1981\/wp-json\/wp\/v2\/comments?post=2222"}],"version-history":[{"count":0,"href":"https:\/\/biblian.is\/1981\/wp-json\/wp\/v2\/pages\/2222\/revisions"}],"wp:attachment":[{"href":"https:\/\/biblian.is\/1981\/wp-json\/wp\/v2\/media?parent=2222"}],"curies":[{"name":"wp","href":"https:\/\/api.w.org\/{rel}","templated":true}]}}