{"id":2221,"date":"2017-11-18T20:20:46","date_gmt":"2017-11-18T20:20:46","guid":{"rendered":"http:\/\/biblian.is\/1981\/hosea-12-kafli\/"},"modified":"2017-11-18T20:20:46","modified_gmt":"2017-11-18T20:20:46","slug":"hosea-12-kafli","status":"publish","type":"page","link":"https:\/\/biblian.is\/1981\/hosea-12-kafli\/","title":{"rendered":"H\u00f3sea 12. kafli"},"content":{"rendered":"<p><a name=\"1\"><span class=\"versanumer\">1<\/span><\/a>Efra\u00edm s\u00e6kist eftir vindi og eltir austangoluna. \u00c1 hverjum degi hr\u00faga \u00feeir upp lygum og ofbeldisverkum. \u00deeir gj\u00f6ra s\u00e1ttm\u00e1la vi\u00f0 Ass\u00fdr\u00edu, og ol\u00edfuol\u00eda er flutt til Egyptalands.<a name=\"2\"><span class=\"versanumer\">2<\/span><\/a>Drottinn mun ganga \u00ed d\u00f3m vi\u00f0 J\u00fada og hegna Jakob eftir breytni hans, endurgjalda honum eftir verkum hans.<a name=\"3\"><span class=\"versanumer\">3<\/span><\/a>\u00cd m\u00f3\u00f0urkvi\u00f0i l\u00e9k hann \u00e1 br\u00f3\u00f0ur sinn, og sem fullt\u00ed\u00f0a ma\u00f0ur gl\u00edmdi hann vi\u00f0 Gu\u00f0.<a name=\"4\"><span class=\"versanumer\">4<\/span><\/a>Hann gl\u00edmdi vi\u00f0 engil og bar h\u00e6rri hlut, hann gr\u00e9t og ba\u00f0 hann l\u00edknar. Hann fann hann \u00ed Betel og \u00fear tala\u00f0i hann vi\u00f0 hann.<a name=\"5\"><span class=\"versanumer\">5<\/span><\/a>Drottinn, Gu\u00f0 allsherjar, Drottinn er nafn hans.<a name=\"6\"><span class=\"versanumer\">6<\/span><\/a>En \u00fe\u00fa skalt hverfa aftur me\u00f0 hj\u00e1lp Gu\u00f0s \u00fe\u00edns. \u00c1stunda miskunnsemi og r\u00e9ttl\u00e6ti og vona st\u00f6\u00f0ugt \u00e1 Gu\u00f0 \u00feinn.<a name=\"7\"><span class=\"versanumer\">7<\/span><\/a>Kanaan r\u00f6ng vog er \u00ed hendi hans, hann er gjarn \u00e1 a\u00f0 hafa af \u00f6\u00f0rum me\u00f0 svikum.<a name=\"8\"><span class=\"versanumer\">8<\/span><\/a>Og Efra\u00edm segir: \u00c9g er au\u00f0ugur or\u00f0inn, hefi afla\u00f0 m\u00e9r fj\u00e1r. Vi\u00f0 allan gr\u00f3\u00f0a minn geta menn ekki fundi\u00f0 neina misgj\u00f6r\u00f0, er s\u00e9 synd.<a name=\"9\"><span class=\"versanumer\">9<\/span><\/a>\u00c9g, Drottinn, er Gu\u00f0 \u00feinn fr\u00e1 \u00fev\u00ed \u00e1 Egyptalandi, enn get \u00e9g l\u00e1ti\u00f0 \u00feig b\u00faa \u00ed tj\u00f6ldum eins og \u00e1 h\u00e1t\u00ed\u00f0ard\u00f6gunum.<a name=\"10\"><span class=\"versanumer\">10<\/span><\/a>\u00c9g hefi tala\u00f0 til sp\u00e1mannanna, og \u00e9g hefi l\u00e1ti\u00f0 \u00fe\u00e1 sj\u00e1 margar s\u00fdnir og tala\u00f0 \u00ed l\u00edkingum fyrir munn sp\u00e1mannanna.<a name=\"11\"><span class=\"versanumer\">11<\/span><\/a>Ef G\u00edlea\u00f0 er \u00f3gu\u00f0legt, \u00fe\u00e1 skulu \u00feeir a\u00f0 engu ver\u00f0a. Af \u00fev\u00ed a\u00f0 \u00feeir f\u00f3rnu\u00f0u nautum \u00ed Gilgal, \u00fe\u00e1 skulu og \u00f6lturu \u00feeirra ver\u00f0a eins og steinhr\u00fagur hj\u00e1 pl\u00f3gf\u00f6rum \u00e1 akri.<a name=\"12\"><span class=\"versanumer\">12<\/span><\/a>\u00deegar Jakob fl\u00fd\u00f0i til Aramlands, \u00fe\u00e1 gj\u00f6r\u00f0ist \u00cdsrael \u00fej\u00f3nn vegna konu, og vegna konu g\u00e6tti hann hjar\u00f0ar.<a name=\"13\"><span class=\"versanumer\">13<\/span><\/a>Fyrir sp\u00e1mann leiddi Drottinn \u00cdsrael af Egyptalandi, og fyrir sp\u00e1mann var\u00f0veittist hann.<a name=\"14\"><span class=\"versanumer\">14<\/span><\/a>Efra\u00edm hefir valdi\u00f0 s\u00e1rri gremju, fyrir \u00fev\u00ed mun Drottinn hans l\u00e1ta bl\u00f3\u00f0skuld hans yfir hann koma og gjalda honum sv\u00edvir\u00f0ing hans.<\/p>\n<div class=\"footnote1981\"><b>12.1<\/b> Lygi og svik H\u00f3s 4.2; 7.1; 10.4,13; 12.2 \u2013 J\u00fada H\u00f3s 1.7+<br \/>\n<b>12.2<\/b> Vindur H\u00f3s 8.7; Pr\u00e9d 1.6 \u2013 austanstormurinn H\u00f3s 13.15 \u2013 \u00f3heilindi H\u00f3s 7.11+<br \/>\n<b>12.3<\/b> Drottinn s\u00e6kir m\u00e1l H\u00f3s 2.4+<br \/>\n<b>12.4<\/b> Blekkti 1M\u00f3s 25.26; 27.35-36<br \/>\n<b>12.5<\/b> Gl\u00edmdi vi\u00f0 Gu\u00f0 1M\u00f3s 32.25,29 \u2013 Jakob \u00ed Betel 1M\u00f3s 28.12-19 \u2013 Gu\u00f0 talar vi\u00f0 hann 1M\u00f3s 35.15<br \/>\n<b>12.7<\/b> Sn\u00faa s\u00e9r til Gu\u00f0s H\u00f3s 11.5+<br \/>\n<b>12.8<\/b> Prangari (Kanaan) verslar Sak 14.21; Okv 31.24<br \/>\n<b>12.9<\/b> Au\u00f0ugur Opb 3.17-18<br \/>\n<b>12.10<\/b> Drottinn, Gu\u00f0 \u00feinn H\u00f3s 13.4; 2M\u00f3s 20.2; 5M\u00f3s 5.6 \u2013 \u00ed tj\u00f6ldum a\u00f0 n\u00fdju sbr H\u00f3s 2.16; 13.5 \u2013 \u00e1 h\u00e1t\u00ed\u00f0ard\u00f6gum 2M\u00f3s 33.7<br \/>\n<b>12.11<\/b> Sp\u00e1menn, s\u00fdnir 4M\u00f3s 12.2-8; 5M\u00f3s 18.15,18-22; Slm 74.9; Hlj 2.9<br \/>\n<b>12.12<\/b> G\u00edlea\u00f0 H\u00f3s 6.8+ &#8211; Gilgal H\u00f3s 4.15+<br \/>\n<b>12.13<\/b> Til Aramsl\u00e9ttu 1M\u00f3s 29.1-30<br \/>\n<b>12.14<\/b> M\u00f3se sp\u00e1ma\u00f0ur 4M\u00f3s 12.6-8; 5M\u00f3s 18.15,18<\/div>\n","protected":false},"excerpt":{"rendered":"<p>1Efra\u00edm s\u00e6kist eftir vindi og eltir austangoluna. \u00c1 hverjum degi hr\u00faga \u00feeir upp lygum og ofbeldisverkum. \u00deeir gj\u00f6ra s\u00e1ttm\u00e1la vi\u00f0 Ass\u00fdr\u00edu, og ol\u00edfuol\u00eda er flutt til Egyptalands.2Drottinn mun ganga \u00ed d\u00f3m vi\u00f0 J\u00fada og hegna Jakob eftir breytni hans, endurgjalda honum eftir verkum hans.3\u00cd m\u00f3\u00f0urkvi\u00f0i l\u00e9k hann \u00e1 br\u00f3\u00f0ur sinn, og sem fullt\u00ed\u00f0a ma\u00f0ur gl\u00edmdi hann vi\u00f0 Gu\u00f0.4Hann gl\u00edmdi vi\u00f0 engil og bar h\u00e6rri hlut, hann gr\u00e9t og ba\u00f0 hann l\u00edknar. Hann fann hann \u00ed Betel og \u00fear tala\u00f0i hann vi\u00f0 hann.5Drottinn, Gu\u00f0 allsherjar, Drottinn er nafn hans.6En \u00fe\u00fa skalt hverfa aftur me\u00f0 hj\u00e1lp Gu\u00f0s \u00fe\u00edns. \u00c1stunda miskunnsemi og r\u00e9ttl\u00e6ti <a href=\"https:\/\/biblian.is\/1981\/hosea-12-kafli\/\"> [&#8230;]<\/a><\/p>\n","protected":false},"author":1,"featured_media":0,"parent":0,"menu_order":0,"comment_status":"open","ping_status":"open","template":"bibliukaflar.php","meta":{"footnotes":""},"class_list":["post-2221","page","type-page","status-publish","hentry"],"_links":{"self":[{"href":"https:\/\/biblian.is\/1981\/wp-json\/wp\/v2\/pages\/2221","targetHints":{"allow":["GET"]}}],"collection":[{"href":"https:\/\/biblian.is\/1981\/wp-json\/wp\/v2\/pages"}],"about":[{"href":"https:\/\/biblian.is\/1981\/wp-json\/wp\/v2\/types\/page"}],"author":[{"embeddable":true,"href":"https:\/\/biblian.is\/1981\/wp-json\/wp\/v2\/users\/1"}],"replies":[{"embeddable":true,"href":"https:\/\/biblian.is\/1981\/wp-json\/wp\/v2\/comments?post=2221"}],"version-history":[{"count":0,"href":"https:\/\/biblian.is\/1981\/wp-json\/wp\/v2\/pages\/2221\/revisions"}],"wp:attachment":[{"href":"https:\/\/biblian.is\/1981\/wp-json\/wp\/v2\/media?parent=2221"}],"curies":[{"name":"wp","href":"https:\/\/api.w.org\/{rel}","templated":true}]}}