{"id":2220,"date":"2017-11-18T20:20:46","date_gmt":"2017-11-18T20:20:46","guid":{"rendered":"http:\/\/biblian.is\/1981\/hosea-11-kafli\/"},"modified":"2017-11-18T20:20:46","modified_gmt":"2017-11-18T20:20:46","slug":"hosea-11-kafli","status":"publish","type":"page","link":"https:\/\/biblian.is\/1981\/hosea-11-kafli\/","title":{"rendered":"H\u00f3sea 11. kafli"},"content":{"rendered":"<p><a name=\"1\"><span class=\"versanumer\">1<\/span><\/a>\u00deegar \u00cdsrael var ungur, f\u00e9kk \u00e9g \u00e1st \u00e1 honum, og fr\u00e1 Egyptalandi kalla\u00f0i \u00e9g son minn.<a name=\"2\"><span class=\"versanumer\">2<\/span><\/a>\u00deegar \u00e9g kalla\u00f0i \u00e1 \u00fe\u00e1, f\u00f3ru \u00feeir burt fr\u00e1 m\u00e9r. \u00deeir f\u00e6r\u00f0u Ba\u00f6lunum sl\u00e1turf\u00f3rnir og skur\u00f0go\u00f0unum reykelsisf\u00f3rnir.<a name=\"3\"><span class=\"versanumer\">3<\/span><\/a>\u00c9g kenndi Efra\u00edm a\u00f0 ganga og t\u00f3k \u00fe\u00e1 \u00e1 arma m\u00e9r. En \u00feeir ur\u00f0u \u00feess ekki varir, a\u00f0 \u00e9g l\u00e6kna\u00f0i \u00fe\u00e1.<a name=\"4\"><span class=\"versanumer\">4<\/span><\/a>Me\u00f0 b\u00f6ndum, sl\u00edkum sem \u00feeim er menn nota, dr\u00f3 \u00e9g \u00fe\u00e1 a\u00f0 m\u00e9r, me\u00f0 taugum k\u00e6rleikans, og f\u00f3r a\u00f0 \u00feeim eins og s\u00e1 sem lyftir upp okinu \u00e1 kj\u00e1lkunum og r\u00e9tti \u00feeim f\u00e6\u00f0u.<a name=\"5\"><span class=\"versanumer\">5<\/span><\/a>\u00deeir skulu sn\u00faa aftur til Egyptalands, og Ass\u00fdringar munu drottna yfir \u00feeim, \u00fev\u00ed a\u00f0 \u00feeir vilja ekki taka sinnaskiptum.<a name=\"6\"><span class=\"versanumer\">6<\/span><\/a>\u00dev\u00ed skal og sver\u00f0i\u00f0 geisa \u00ed borgum \u00feeirra og ey\u00f0ileggja slagbranda \u00feeirra og ey\u00f0a virkjum \u00feeirra.<a name=\"7\"><span class=\"versanumer\">7<\/span><\/a>L\u00fd\u00f0ur minn hefir st\u00f6\u00f0uga tilhneiging til \u00feess a\u00f0 sn\u00faa vi\u00f0 m\u00e9r bakinu, og \u00fe\u00f3tt kalla\u00f0 s\u00e9 til \u00feeirra: Upp \u00e1 vi\u00f0! \u00fe\u00e1 hefur enginn sig upp.<a name=\"8\"><span class=\"versanumer\">8<\/span><\/a>Hvernig \u00e6tti \u00e9g a\u00f0 sleppa hendi af \u00fe\u00e9r, Efra\u00edm, ofurselja \u00feig, \u00cdsrael? \u00c6tti \u00e9g a\u00f0 fara me\u00f0 \u00feig eins og Adma, \u00fatleika \u00feig eins og Seb\u00f3\u00edm! Hjarta\u00f0 kemst vi\u00f0 \u00ed brj\u00f3sti m\u00e9r, \u00e9g kenni brennheitrar me\u00f0aumkunar.<a name=\"9\"><span class=\"versanumer\">9<\/span><\/a>\u00c9g vil ekki framkv\u00e6ma heiftarrei\u00f0i m\u00edna, ekki aftur ey\u00f0ileggja Efra\u00edm. \u00dev\u00ed a\u00f0 \u00e9g er Gu\u00f0, en ekki ma\u00f0ur. \u00c9g b\u00fd \u00e1 me\u00f0al y\u00f0ar sem heilagur Gu\u00f0 og kem ekki til y\u00f0ar \u00ed br\u00e6\u00f0i.<a name=\"10\"><span class=\"versanumer\">10<\/span><\/a>\u00deeir munu fylgja Drottni, sem \u00f6skra mun eins og lj\u00f3n. J\u00e1, hann mun \u00f6skra, og synir munu koma skj\u00e1lfandi \u00far vestri.<a name=\"11\"><span class=\"versanumer\">11<\/span><\/a>\u00deeir munu koma skj\u00e1lfandi fr\u00e1 Egyptalandi, eins og fuglar, og eins og d\u00fafur fr\u00e1 Ass\u00fdr\u00edu. \u00de\u00e1 vil \u00e9g l\u00e1ta \u00fe\u00e1 b\u00faa \u00ed h\u00fasum s\u00ednum segir Drottinn.<a name=\"12\"><span class=\"versanumer\">12<\/span><\/a>Efra\u00edm hefir umkringt mig me\u00f0 lygi og \u00cdsraels h\u00fas me\u00f0 svikum, og J\u00fada er enn reikull gagnvart Gu\u00f0i og gagnvart Hinum heilaga, sem aldrei breytist.<\/p>\n<div class=\"footnote1981\"><b>11.1<\/b> \u00cdsrael, sonur 2M\u00f3s 4.22; 5M\u00f3s 32.6; Jes 1.2; Jer 3.19; Mal 1.6; sbr Jes 63.16; Jer 31.9; H\u00f3s 11.10 \u2013 fr\u00e1 Egyptalandi Matt 2.15<br \/>\n<b>11.3<\/b> \u00c1 \u00f6rmum m\u00e9r 5M\u00f3s 1.31 \u2013 skildu ekki H\u00f3s 2.10; sbr 4.6; 7.9; 8.14; 13.6<br \/>\n<b>11.4<\/b> Drottinn gefur f\u00e6\u00f0una 2M\u00f3s 16.4,8,12; 4M\u00f3s 11.7-9; 5M\u00f3s 8.16<br \/>\n<b>11.5<\/b> Aftur til Egyptalands H\u00f3s 8.13+ &#8211; undir stj\u00f3rn Ass\u00fdringa H\u00f3s 9.3; 10.6 \u2013 hverfa aftur H\u00f3s 2.9; 5.4; 6.1; 7.10; 12.7; 14.2<br \/>\n<b>11.8<\/b> Adma og Seb\u00f3\u00edm 1M\u00f3s 10.19; 14.2,8<br \/>\n<b>11.9<\/b> Gu\u00f0 og ekki ma\u00f0ur 4M\u00f3s 23.19; sbr Mal 3.6; Job 9.32 \u2013 heilagur Gu\u00f0 Jes 5.16; 6.3; sbr 1.4; H\u00f3s 12.1<br \/>\n<b>11.10<\/b> Hinir dreif\u00f0u sn\u00faa aftur Jes 11.10-12; 43.5-7; Jer 31.8-9<\/div>\n","protected":false},"excerpt":{"rendered":"<p>1\u00deegar \u00cdsrael var ungur, f\u00e9kk \u00e9g \u00e1st \u00e1 honum, og fr\u00e1 Egyptalandi kalla\u00f0i \u00e9g son minn.2\u00deegar \u00e9g kalla\u00f0i \u00e1 \u00fe\u00e1, f\u00f3ru \u00feeir burt fr\u00e1 m\u00e9r. \u00deeir f\u00e6r\u00f0u Ba\u00f6lunum sl\u00e1turf\u00f3rnir og skur\u00f0go\u00f0unum reykelsisf\u00f3rnir.3\u00c9g kenndi Efra\u00edm a\u00f0 ganga og t\u00f3k \u00fe\u00e1 \u00e1 arma m\u00e9r. En \u00feeir ur\u00f0u \u00feess ekki varir, a\u00f0 \u00e9g l\u00e6kna\u00f0i \u00fe\u00e1.4Me\u00f0 b\u00f6ndum, sl\u00edkum sem \u00feeim er menn nota, dr\u00f3 \u00e9g \u00fe\u00e1 a\u00f0 m\u00e9r, me\u00f0 taugum k\u00e6rleikans, og f\u00f3r a\u00f0 \u00feeim eins og s\u00e1 sem lyftir upp okinu \u00e1 kj\u00e1lkunum og r\u00e9tti \u00feeim f\u00e6\u00f0u.5\u00deeir skulu sn\u00faa aftur til Egyptalands, og Ass\u00fdringar munu drottna yfir \u00feeim, \u00fev\u00ed a\u00f0 \u00feeir vilja ekki <a href=\"https:\/\/biblian.is\/1981\/hosea-11-kafli\/\"> [&#8230;]<\/a><\/p>\n","protected":false},"author":1,"featured_media":0,"parent":0,"menu_order":0,"comment_status":"open","ping_status":"open","template":"bibliukaflar.php","meta":{"footnotes":""},"class_list":["post-2220","page","type-page","status-publish","hentry"],"_links":{"self":[{"href":"https:\/\/biblian.is\/1981\/wp-json\/wp\/v2\/pages\/2220","targetHints":{"allow":["GET"]}}],"collection":[{"href":"https:\/\/biblian.is\/1981\/wp-json\/wp\/v2\/pages"}],"about":[{"href":"https:\/\/biblian.is\/1981\/wp-json\/wp\/v2\/types\/page"}],"author":[{"embeddable":true,"href":"https:\/\/biblian.is\/1981\/wp-json\/wp\/v2\/users\/1"}],"replies":[{"embeddable":true,"href":"https:\/\/biblian.is\/1981\/wp-json\/wp\/v2\/comments?post=2220"}],"version-history":[{"count":0,"href":"https:\/\/biblian.is\/1981\/wp-json\/wp\/v2\/pages\/2220\/revisions"}],"wp:attachment":[{"href":"https:\/\/biblian.is\/1981\/wp-json\/wp\/v2\/media?parent=2220"}],"curies":[{"name":"wp","href":"https:\/\/api.w.org\/{rel}","templated":true}]}}