{"id":2219,"date":"2017-11-18T20:20:46","date_gmt":"2017-11-18T20:20:46","guid":{"rendered":"http:\/\/biblian.is\/1981\/hosea-10-kafli\/"},"modified":"2017-11-18T20:20:46","modified_gmt":"2017-11-18T20:20:46","slug":"hosea-10-kafli","status":"publish","type":"page","link":"https:\/\/biblian.is\/1981\/hosea-10-kafli\/","title":{"rendered":"H\u00f3sea 10. kafli"},"content":{"rendered":"<p><a name=\"1\"><span class=\"versanumer\">1<\/span><\/a>\u00cdsrael var gr\u00f3skumikill v\u00ednvi\u00f0ur, sem bar \u00e1v\u00f6xt. \u00dev\u00ed meiri sem \u00e1vextir hans ur\u00f0u, \u00fev\u00ed fleiri \u00f6lturu reisti hann. A\u00f0 sama skapi sem velmegun landsins j\u00f3kst, pr\u00fdddu \u00feeir merkissteinana.<a name=\"2\"><span class=\"versanumer\">2<\/span><\/a>Hjarta \u00feeirra var \u00f3heilt, fyrir \u00fev\u00ed skulu \u00feeir n\u00fa gj\u00f6ld taka. Hann mun sj\u00e1lfur r\u00edfa ni\u00f0ur \u00f6lturu \u00feeirra, brj\u00f3ta sundur merkissteina \u00feeirra.<a name=\"3\"><span class=\"versanumer\">3<\/span><\/a>J\u00e1, \u00fe\u00e1 munu \u00feeir segja: V\u00e9r h\u00f6fum engan konung, \u00fev\u00ed a\u00f0 v\u00e9r h\u00f6fum ekki \u00f3ttast Drottin. Og konungurinn, hva\u00f0 getur hann gj\u00f6rt fyrir oss?<a name=\"4\"><span class=\"versanumer\">4<\/span><\/a>\u00deeir tala h\u00e9g\u00f3maor\u00f0, sverja meins\u00e6ri, gj\u00f6ra s\u00e1ttm\u00e1la, til \u00feess a\u00f0 r\u00e9tturinn vaxi eins og eiturjurt upp \u00far pl\u00f3gf\u00f6rum \u00e1 akri.<a name=\"5\"><span class=\"versanumer\">5<\/span><\/a>Samar\u00edub\u00faar munu ver\u00f0a skelfingu lostnir \u00fat af k\u00e1lfinum \u00ed Betaven, j\u00e1, l\u00fd\u00f0urinn mun dapur ver\u00f0a \u00fat af honum, enn fremur hofgo\u00f0arnir, sem hl\u00f6kku\u00f0u yfir honum, \u00fev\u00ed a\u00f0 d\u00fdr\u00f0 hans er horfin \u00fat \u00ed buskann.<a name=\"6\"><span class=\"versanumer\">6<\/span><\/a>Jafnvel sj\u00e1lfur hann mun fluttur ver\u00f0a til Ass\u00fdr\u00edu sem gj\u00f6f handa st\u00f3rkonunginum. Efra\u00edm mun hlj\u00f3ta sk\u00f6mm af og \u00cdsrael fyrirver\u00f0a sig fyrir r\u00e1\u00f0agj\u00f6r\u00f0 s\u00edna.<a name=\"7\"><span class=\"versanumer\">7<\/span><\/a>Samar\u00eda skal \u00ed ey\u00f0i l\u00f6g\u00f0 ver\u00f0a, konungur hennar skal ver\u00f0a sem tr\u00e9fl\u00eds \u00e1 vatni.<a name=\"8\"><span class=\"versanumer\">8<\/span><\/a>\u00d3heillah\u00e6\u00f0irnar skulu eyddar ver\u00f0a, \u00fear sem \u00cdsrael syndga\u00f0i, \u00feyrnar og \u00feistlar skulu upp vaxa \u00e1 \u00f6lturum \u00feeirra. Og \u00fe\u00e1 munu \u00feeir segja vi\u00f0 fj\u00f6llin: Hylji\u00f0 oss! og vi\u00f0 h\u00e1lsana: Hrynji\u00f0 yfir oss!<a name=\"9\"><span class=\"versanumer\">9<\/span><\/a>S\u00ed\u00f0an \u00e1 G\u00edbeu-d\u00f6gum hefir \u00fe\u00fa syndga\u00f0, \u00cdsrael! \u00dearna standa \u00feeir enn! Hvort mun str\u00ed\u00f0i\u00f0 gegn gl\u00e6pam\u00f6nnunum n\u00e1 \u00feeim \u00ed G\u00edbeu?<a name=\"10\"><span class=\"versanumer\">10<\/span><\/a>N\u00fa vil \u00e9g refsa \u00feeim eftir vild minni. \u00dej\u00f3\u00f0ir skulu saman safnast m\u00f3ti \u00feeim til \u00feess a\u00f0 refsa \u00feeim fyrir b\u00e1\u00f0ar misgj\u00f6r\u00f0ir \u00feeirra.<a name=\"11\"><span class=\"versanumer\">11<\/span><\/a>Efra\u00edm er eins og vanin kv\u00edga, sem lj\u00faft er a\u00f0 \u00fereskja. A\u00f0 v\u00edsu hefi \u00e9g enn hl\u00edft hinum fagra h\u00e1lsi hennar, en n\u00fa vil \u00e9g beita Efra\u00edm fyrir, J\u00fada skal pl\u00e6gja, Jakob herfa.<a name=\"12\"><span class=\"versanumer\">12<\/span><\/a>S\u00e1i\u00f0 ni\u00f0ur velgj\u00f6r\u00f0um, \u00fe\u00e1 munu\u00f0 \u00fe\u00e9r uppskera g\u00f3\u00f0leik. Taki\u00f0 y\u00f0ur n\u00fdtt land til yrkingar, \u00fear e\u00f0 t\u00edmi er kominn til a\u00f0 leita Drottins, til \u00feess a\u00f0 hann komi og l\u00e1ti r\u00e9ttl\u00e6ti\u00f0 rigna y\u00f0ur \u00ed skaut.<a name=\"13\"><span class=\"versanumer\">13<\/span><\/a>\u00de\u00e9r hafi\u00f0 pl\u00e6gt gu\u00f0leysi, uppskori\u00f0 rangl\u00e6ti, eti\u00f0 \u00e1v\u00f6xtu lyginnar. \u00de\u00fa reiddir \u00feig \u00e1 vagna \u00fe\u00edna og \u00e1 fj\u00f6lda kappa \u00feinna,<a name=\"14\"><span class=\"versanumer\">14<\/span><\/a>\u00fev\u00ed skal og hergn\u00fdr r\u00edsa gegn m\u00f6nnum \u00fe\u00ednum og virki \u00fe\u00edn skulu \u00f6ll eydd ver\u00f0a, eins og \u00feegar Salman eyddi Betarbel \u00e1 \u00f3fri\u00f0art\u00edma, \u00fe\u00e1 er m\u00e6\u00f0urnar voru rota\u00f0ar \u00e1samt b\u00f6rnunum.<a name=\"15\"><span class=\"versanumer\">15<\/span><\/a>Eins mun hann me\u00f0 y\u00f0ur fara, \u00cdsraelsmenn, s\u00f6kum y\u00f0ar miklu vonsku. \u00cd d\u00f6gun mun \u00cdsraelskonungur afm\u00e1\u00f0ur ver\u00f0a.<\/p>\n<div class=\"footnote1981\"><b>10.1<\/b> V\u00ednvi\u00f0ur Jes 5.1-7+ &#8211; \u00f6lturum fj\u00f6lgar H\u00f3s 8.11; 12.12<br \/>\n<b>10.4<\/b> R\u00e9tturinn eins og eitru\u00f0 jurt Am 5.7; 6.12<br \/>\n<b>10.5<\/b> Betaven H\u00f3s 4.15+ &#8211; k\u00e1lfur H\u00f3s 8.5+<br \/>\n<b>10.6<\/b> Til Ass\u00fdr\u00edu H\u00f3s 9.3; 11.5 \u2013 st\u00f3rkonungurinn H\u00f3s 5.13<br \/>\n<b>10.8<\/b> F\u00f3rnarh\u00e6\u00f0ir illskunnar H\u00f3s 4.13 \u2013 eyddar 2Kon 23.15-16 \u2013 \u00feyrnar og \u00feistlar 1M\u00f3s 3.18; Jes 5.6; 7.23,25; 32.13 \u2013 hylji\u00f0 okkur L\u00fak 23.30; Opb 6.16; sbr Jes 2.10,19,21<br \/>\n<b>10.9<\/b> Fr\u00e1 d\u00f6gum G\u00edbeu H\u00f3s 9.9; sbr D\u00f3m 19-21<br \/>\n<b>10.10<\/b> B\u00e1\u00f0ar syndir Jer 2.13<br \/>\n<b>10.12<\/b> Brj\u00f3ti\u00f0 land Jer 4.3 \u2013 leita Drottins H\u00f3s 5.15; 5M\u00f3s 4.29; Slm 14.2 o.\u00e1fr.; Jes 55.6; 65.1; Jer 29.13; Am 5.4; Sak 8.22; Post 17.27; sbr 1Kon 22.5; 2Kon 22.13; Jer 37.7 o.\u00e1fr. \u2013 r\u00e9ttl\u00e6ti\u00f0 Jes 42.1; Slm 85.11,14<br \/>\n<b>10.13<\/b> Uppskera gl\u00e6pi sbr H\u00f3s 8.7+ &#8211; eigin lei\u00f0ir Jes 31.1; M\u00edk 1.13<br \/>\n<b>10.14<\/b> M\u00f3\u00f0ir \u00e1samt b\u00f6rnum H\u00f3s 14.1; 2Kon 8.12; Jes 13.18; Nah 3.10; Slm 137.9<\/div>\n","protected":false},"excerpt":{"rendered":"<p>1\u00cdsrael var gr\u00f3skumikill v\u00ednvi\u00f0ur, sem bar \u00e1v\u00f6xt. \u00dev\u00ed meiri sem \u00e1vextir hans ur\u00f0u, \u00fev\u00ed fleiri \u00f6lturu reisti hann. A\u00f0 sama skapi sem velmegun landsins j\u00f3kst, pr\u00fdddu \u00feeir merkissteinana.2Hjarta \u00feeirra var \u00f3heilt, fyrir \u00fev\u00ed skulu \u00feeir n\u00fa gj\u00f6ld taka. Hann mun sj\u00e1lfur r\u00edfa ni\u00f0ur \u00f6lturu \u00feeirra, brj\u00f3ta sundur merkissteina \u00feeirra.3J\u00e1, \u00fe\u00e1 munu \u00feeir segja: V\u00e9r h\u00f6fum engan konung, \u00fev\u00ed a\u00f0 v\u00e9r h\u00f6fum ekki \u00f3ttast Drottin. Og konungurinn, hva\u00f0 getur hann gj\u00f6rt fyrir oss?4\u00deeir tala h\u00e9g\u00f3maor\u00f0, sverja meins\u00e6ri, gj\u00f6ra s\u00e1ttm\u00e1la, til \u00feess a\u00f0 r\u00e9tturinn vaxi eins og eiturjurt upp \u00far pl\u00f3gf\u00f6rum \u00e1 akri.5Samar\u00edub\u00faar munu ver\u00f0a skelfingu lostnir \u00fat af k\u00e1lfinum \u00ed Betaven, <a href=\"https:\/\/biblian.is\/1981\/hosea-10-kafli\/\"> [&#8230;]<\/a><\/p>\n","protected":false},"author":1,"featured_media":0,"parent":0,"menu_order":0,"comment_status":"open","ping_status":"open","template":"bibliukaflar.php","meta":{"footnotes":""},"class_list":["post-2219","page","type-page","status-publish","hentry"],"_links":{"self":[{"href":"https:\/\/biblian.is\/1981\/wp-json\/wp\/v2\/pages\/2219","targetHints":{"allow":["GET"]}}],"collection":[{"href":"https:\/\/biblian.is\/1981\/wp-json\/wp\/v2\/pages"}],"about":[{"href":"https:\/\/biblian.is\/1981\/wp-json\/wp\/v2\/types\/page"}],"author":[{"embeddable":true,"href":"https:\/\/biblian.is\/1981\/wp-json\/wp\/v2\/users\/1"}],"replies":[{"embeddable":true,"href":"https:\/\/biblian.is\/1981\/wp-json\/wp\/v2\/comments?post=2219"}],"version-history":[{"count":0,"href":"https:\/\/biblian.is\/1981\/wp-json\/wp\/v2\/pages\/2219\/revisions"}],"wp:attachment":[{"href":"https:\/\/biblian.is\/1981\/wp-json\/wp\/v2\/media?parent=2219"}],"curies":[{"name":"wp","href":"https:\/\/api.w.org\/{rel}","templated":true}]}}