{"id":2218,"date":"2017-11-18T20:20:46","date_gmt":"2017-11-18T20:20:46","guid":{"rendered":"http:\/\/biblian.is\/1981\/hosea-9-kafli\/"},"modified":"2017-11-18T20:20:46","modified_gmt":"2017-11-18T20:20:46","slug":"hosea-9-kafli","status":"publish","type":"page","link":"https:\/\/biblian.is\/1981\/hosea-9-kafli\/","title":{"rendered":"H\u00f3sea 9. kafli"},"content":{"rendered":"<p><a name=\"1\"><span class=\"versanumer\">1<\/span><\/a>Gle\u00f0 \u00feig ekki, \u00cdsrael, svo a\u00f0 \u00fe\u00fa r\u00e1\u00f0ir \u00fe\u00e9r ekki fyrir k\u00e6ti, eins og hei\u00f0nu \u00fej\u00f3\u00f0irnar, \u00fev\u00ed a\u00f0 \u00fe\u00fa hefir teki\u00f0 fram hj\u00e1 Gu\u00f0i \u00fe\u00ednum, \u00fe\u00fa hefir elska\u00f0 h\u00f3rgjald \u00e1 \u00f6llum kornl\u00e1fum.<a name=\"2\"><span class=\"versanumer\">2<\/span><\/a>En l\u00e1fi og v\u00ednlagar\u00fer\u00f3 munu ekki vilja vi\u00f0 \u00fe\u00e1 kannast, og v\u00ednberjal\u00f6gurinn mun breg\u00f0ast \u00feeim.<a name=\"3\"><span class=\"versanumer\">3<\/span><\/a>\u00deeir munu eigi b\u00faa kyrrir \u00ed landi Drottins, heldur mun Efra\u00edm ver\u00f0a a\u00f0 fara aftur til Egyptalands, og \u00feeir munu eta \u00f3hreina f\u00e6\u00f0u \u00ed Ass\u00fdr\u00edu.<a name=\"4\"><span class=\"versanumer\">4<\/span><\/a>\u00de\u00e1 munu \u00feeir eigi f\u00e6ra Drottni neitt v\u00edn a\u00f0 dreypif\u00f3rn og eigi bera fram fyrir hann sl\u00e1turf\u00f3rnir s\u00ednar. Brau\u00f0 \u00feeirra mun ver\u00f0a eins og sorgarbrau\u00f0. Allir sem eta \u00fea\u00f0, munu \u00f3hreinir ver\u00f0a. \u00dev\u00ed a\u00f0 brau\u00f0 \u00feeirra mun a\u00f0eins se\u00f0ja hungur \u00feeirra, en eigi koma \u00ed h\u00fas Drottins.<a name=\"5\"><span class=\"versanumer\">5<\/span><\/a>Hva\u00f0 vilji\u00f0 \u00fe\u00e9r gj\u00f6ra \u00e1 l\u00f6ghelgum og \u00e1 h\u00e1t\u00ed\u00f0ard\u00f6gum Drottins?<a name=\"6\"><span class=\"versanumer\">6<\/span><\/a>Sj\u00e1, \u00feegar \u00feeir eru komnir burt fr\u00e1 ey\u00f0ingunni, mun Egyptaland samansafna \u00feeim, Memfis veita \u00feeim legsta\u00f0. Silfurgersemar \u00feeirra munu \u00feistlarnir eignast, \u00feyrnar vaxa \u00ed tj\u00f6ldum \u00feeirra.<a name=\"7\"><span class=\"versanumer\">7<\/span><\/a>Hegningart\u00edminn kemur, endurgjaldst\u00edminn kemur. \u00cdsrael mun sj\u00e1, a\u00f0 sp\u00e1ma\u00f0urinn ver\u00f0ur af \u00fev\u00ed f\u00edfl og andans ma\u00f0ur \u00f3\u00f0ur, a\u00f0 misgj\u00f6r\u00f0 \u00fe\u00edn er svo mikil og ofs\u00f3knin svo mikil.<a name=\"8\"><span class=\"versanumer\">8<\/span><\/a>Efra\u00edm er \u00e1 ver\u00f0i gegn Gu\u00f0i m\u00ednum. Fyrir sp\u00e1manninn er l\u00f6g\u00f0 fuglarasnara \u00e1 \u00f6llum vegum hans, hersporar \u00ed h\u00fasi Gu\u00f0s hans.<a name=\"9\"><span class=\"versanumer\">9<\/span><\/a>\u00deeir hafa frami\u00f0 mikil \u00f3h\u00e6fuverk, eins og for\u00f0um \u00ed G\u00edbeu. Hann minnist misgj\u00f6r\u00f0ar \u00feeirra, hann vitjar synda \u00feeirra.<a name=\"10\"><span class=\"versanumer\">10<\/span><\/a>\u00c9g fann \u00cdsrael eins og v\u00ednber \u00e1 ey\u00f0im\u00f6rku, s\u00e1 fe\u00f0ur y\u00f0ar eins og frumf\u00edkju \u00e1 f\u00edkjutr\u00e9, \u00fe\u00e1 er \u00fea\u00f0 fyrst ber \u00e1v\u00f6xt. En er \u00feeir komu til Baal Pe\u00f3r, helgu\u00f0u \u00feeir sig sv\u00edvir\u00f0ingunni og ur\u00f0u andstyggilegir eins og go\u00f0i\u00f0 sem \u00feeir elsku\u00f0u.<a name=\"11\"><span class=\"versanumer\">11<\/span><\/a>F\u00f3lksfj\u00f6ldi Efra\u00edms mun burt flj\u00faga eins og fuglar, svo a\u00f0 konur skulu \u00fear ekki framar f\u00e6\u00f0a, ekki \u00feunga\u00f0ar vera og ekki getna\u00f0 f\u00e1.<a name=\"12\"><span class=\"versanumer\">12<\/span><\/a>Og \u00fe\u00f3tt \u00feeir ali upp b\u00f6rn s\u00edn, \u00fear til er \u00feau ver\u00f0a fullt\u00ed\u00f0a, \u00fe\u00e1 skal \u00e9g \u00fe\u00f3 gj\u00f6ra \u00fe\u00e1 barnlausa, svo a\u00f0 mannskortur ver\u00f0i. J\u00e1, vei og sj\u00e1lfum \u00feeim, \u00feegar \u00e9g v\u00edk fr\u00e1 \u00feeim.<a name=\"13\"><span class=\"versanumer\">13<\/span><\/a>Efra\u00edm er, eins og \u00e9g l\u00edt hann allt til T\u00fdrus, gr\u00f3\u00f0ursettur \u00e1 engi, og Efra\u00edm\u00edtar ver\u00f0a a\u00f0 framselja mor\u00f0ingjum sonu s\u00edna.<a name=\"14\"><span class=\"versanumer\">14<\/span><\/a>Gef \u00feeim, Drottinn, hva\u00f0 skaltu gefa? gef \u00feeim \u00f3frj\u00f3s\u00f6m m\u00f3\u00f0url\u00edf og mj\u00f3lkurlaus brj\u00f3st.<a name=\"15\"><span class=\"versanumer\">15<\/span><\/a>\u00d6ll vonska \u00feeirra kom fram \u00ed Gilgal. J\u00e1, \u00fear f\u00e9kk \u00e9g hatur \u00e1 \u00feeim. Vegna hins vonda ath\u00e6fis \u00feeirra vil \u00e9g reka \u00fe\u00e1 burt \u00far h\u00fasi m\u00ednu, \u00e9g vil eigi elska \u00fe\u00e1 lengur. Allir h\u00f6f\u00f0ingjar \u00feeirra eru \u00feverm\u00f3\u00f0skufullir.<a name=\"16\"><span class=\"versanumer\">16<\/span><\/a>Efra\u00edm mun lostinn ver\u00f0a, r\u00f3t \u00feeirra skr\u00e6lnar, \u00feeir munu engan \u00e1v\u00f6xt bera. \u00de\u00f3tt \u00feeir eignist sonu, mun \u00e9g dey\u00f0a hin elsku\u00f0u l\u00edfsafkv\u00e6mi \u00feeirra.<a name=\"17\"><span class=\"versanumer\">17<\/span><\/a>Gu\u00f0 minn mun hafna \u00feeim, \u00fev\u00ed a\u00f0 \u00feeir hafa ekki hl\u00fdtt honum, og \u00feeir munu fara landfl\u00f3tta me\u00f0al \u00fej\u00f3\u00f0anna.<\/p>\n<div class=\"footnote1981\"><b>9.1<\/b> H\u00f3r H\u00f3s 1.2+<br \/>\n<b>9.2<\/b> Nj\u00f3ta ekki \u00e1vaxtanna H\u00f3s 2.11; 8.7; sbr Jes 65.22; 5M\u00f3s 28.38-43<br \/>\n<b>9.3<\/b> Aftur til Egyptalands H\u00f3s 8.13+ &#8211; \u00ed Ass\u00fdr\u00edu H\u00f3s 10.6; 11.5<br \/>\n<b>9.5<\/b> H\u00e1t\u00ed\u00f0 2M\u00f3s 23.14-17<br \/>\n<b>9.8<\/b> V\u00f6r\u00f0ur Jer 6.17; Esk 3.17; 33.2-7 \u2013 ofs\u00f3ttur sp\u00e1ma\u00f0ur Am 7.10-17; Jer 20.1-6; 36.26; 37.15-16; 38.4-6; 2Kro 24.20-21; Matt 23.29-36; L\u00fak 11.51<br \/>\n<b>9.9<\/b> \u00c1 d\u00f6gum G\u00edbeu H\u00f3s 10.9 \u2013 Gu\u00f0 minnist H\u00f3s 7.2+<br \/>\n<b>9.10<\/b> \u00cd ey\u00f0im\u00f6rkinni H\u00f3s 2.16; 5M\u00f3s 32.10 \u2013 Baal (e\u00f0a Bet) Pe\u00f3r 5M\u00f3s 3.29; 4.46; 34.6<br \/>\n<b>9.12<\/b> Gj\u00f6ra barnlausa 5M\u00f3s 32.25<br \/>\n<b>9.14<\/b> M\u00f3\u00f0url\u00edf \u00f3byrju Job 3.11-12; L\u00fak 23.29<br \/>\n<b>9.15<\/b> Gilgal H\u00f3s 4.15+ &#8211; h\u00fas Drottins H\u00f3s 8.1+<\/div>\n","protected":false},"excerpt":{"rendered":"<p>1Gle\u00f0 \u00feig ekki, \u00cdsrael, svo a\u00f0 \u00fe\u00fa r\u00e1\u00f0ir \u00fe\u00e9r ekki fyrir k\u00e6ti, eins og hei\u00f0nu \u00fej\u00f3\u00f0irnar, \u00fev\u00ed a\u00f0 \u00fe\u00fa hefir teki\u00f0 fram hj\u00e1 Gu\u00f0i \u00fe\u00ednum, \u00fe\u00fa hefir elska\u00f0 h\u00f3rgjald \u00e1 \u00f6llum kornl\u00e1fum.2En l\u00e1fi og v\u00ednlagar\u00fer\u00f3 munu ekki vilja vi\u00f0 \u00fe\u00e1 kannast, og v\u00ednberjal\u00f6gurinn mun breg\u00f0ast \u00feeim.3\u00deeir munu eigi b\u00faa kyrrir \u00ed landi Drottins, heldur mun Efra\u00edm ver\u00f0a a\u00f0 fara aftur til Egyptalands, og \u00feeir munu eta \u00f3hreina f\u00e6\u00f0u \u00ed Ass\u00fdr\u00edu.4\u00de\u00e1 munu \u00feeir eigi f\u00e6ra Drottni neitt v\u00edn a\u00f0 dreypif\u00f3rn og eigi bera fram fyrir hann sl\u00e1turf\u00f3rnir s\u00ednar. Brau\u00f0 \u00feeirra mun ver\u00f0a eins og sorgarbrau\u00f0. Allir sem eta \u00fea\u00f0, munu \u00f3hreinir <a href=\"https:\/\/biblian.is\/1981\/hosea-9-kafli\/\"> [&#8230;]<\/a><\/p>\n","protected":false},"author":1,"featured_media":0,"parent":0,"menu_order":0,"comment_status":"open","ping_status":"open","template":"bibliukaflar.php","meta":{"footnotes":""},"class_list":["post-2218","page","type-page","status-publish","hentry"],"_links":{"self":[{"href":"https:\/\/biblian.is\/1981\/wp-json\/wp\/v2\/pages\/2218","targetHints":{"allow":["GET"]}}],"collection":[{"href":"https:\/\/biblian.is\/1981\/wp-json\/wp\/v2\/pages"}],"about":[{"href":"https:\/\/biblian.is\/1981\/wp-json\/wp\/v2\/types\/page"}],"author":[{"embeddable":true,"href":"https:\/\/biblian.is\/1981\/wp-json\/wp\/v2\/users\/1"}],"replies":[{"embeddable":true,"href":"https:\/\/biblian.is\/1981\/wp-json\/wp\/v2\/comments?post=2218"}],"version-history":[{"count":0,"href":"https:\/\/biblian.is\/1981\/wp-json\/wp\/v2\/pages\/2218\/revisions"}],"wp:attachment":[{"href":"https:\/\/biblian.is\/1981\/wp-json\/wp\/v2\/media?parent=2218"}],"curies":[{"name":"wp","href":"https:\/\/api.w.org\/{rel}","templated":true}]}}