{"id":2217,"date":"2017-11-18T20:20:46","date_gmt":"2017-11-18T20:20:46","guid":{"rendered":"http:\/\/biblian.is\/1981\/hosea-8-kafli\/"},"modified":"2017-11-18T20:20:46","modified_gmt":"2017-11-18T20:20:46","slug":"hosea-8-kafli","status":"publish","type":"page","link":"https:\/\/biblian.is\/1981\/hosea-8-kafli\/","title":{"rendered":"H\u00f3sea 8. kafli"},"content":{"rendered":"<p><a name=\"1\"><span class=\"versanumer\">1<\/span><\/a>Set l\u00fa\u00f0urinn \u00e1 munn \u00fe\u00e9r! Eins og \u00f6rn kemur hann yfir h\u00fas Drottins. \u00dev\u00ed a\u00f0 \u00feeir hafa rofi\u00f0 s\u00e1ttm\u00e1la minn og viki\u00f0 fr\u00e1 l\u00f6gm\u00e1li m\u00ednu.<a name=\"2\"><span class=\"versanumer\">2<\/span><\/a>\u00deeir hr\u00f3pa til m\u00edn: Gu\u00f0 minn! V\u00e9r \u00cdsraelsmenn \u00feekkjum \u00feig!<a name=\"3\"><span class=\"versanumer\">3<\/span><\/a>\u00cdsrael hefir hafna\u00f0 blessuninni, fyrir \u00fev\u00ed skulu \u00f3vinirnir elta hann.<a name=\"4\"><span class=\"versanumer\">4<\/span><\/a>\u00deeir hafa teki\u00f0 s\u00e9r konunga a\u00f0 m\u00e9r fornspur\u00f0um, hafa vali\u00f0 s\u00e9r h\u00f6f\u00f0ingja \u00e1n minnar vitundar. Af silfri s\u00ednu og gulli hafa \u00feeir gj\u00f6rt s\u00e9r go\u00f0al\u00edkneski, a\u00f0eins til \u00feess a\u00f0 \u00feeir tort\u00edmdust.<a name=\"5\"><span class=\"versanumer\">5<\/span><\/a>Andstyggilegur er k\u00e1lfur \u00feinn, Samar\u00eda. Rei\u00f0i m\u00edn er upptendru\u00f0 gegn \u00feeim. Hversu langt mun \u00feanga\u00f0 til \u00feeir ver\u00f0a hreinir?<a name=\"6\"><span class=\"versanumer\">6<\/span><\/a>\u00dev\u00ed a\u00f0 \u00far \u00cdsrael er hann, hagleiksma\u00f0ur hefir sm\u00ed\u00f0a\u00f0 hann, en gu\u00f0 er hann ekki. Nei, k\u00e1lfur Samar\u00edu skal klofinn \u00ed sp\u00f3n.<a name=\"7\"><span class=\"versanumer\">7<\/span><\/a>\u00deeir s\u00e1 vindi, og storm skulu \u00feeir uppskera, \u00fats\u00e6\u00f0i sem ekkert str\u00e1 sprettur upp af og ekkert korn f\u00e6st \u00far, og ef nokku\u00f0 fengist \u00far \u00fev\u00ed, mundu \u00fatlendingar gleypa \u00fea\u00f0.<a name=\"8\"><span class=\"versanumer\">8<\/span><\/a>\u00cdsrael mun gleyptur ver\u00f0a, hann er n\u00fa \u00feegar me\u00f0al \u00fej\u00f3\u00f0anna eins og ker, sem enginn skeytir um.<a name=\"9\"><span class=\"versanumer\">9<\/span><\/a>\u00dev\u00ed a\u00f0 \u00feeir hafa fari\u00f0 \u00e1 fund Ass\u00fdringa eins og villiasni, sem tekur sig \u00fat \u00far. Efra\u00edm falar \u00e1stir.<a name=\"10\"><span class=\"versanumer\">10<\/span><\/a>En \u00fe\u00f3tt \u00feeir fali \u00e1stir me\u00f0al \u00fej\u00f3\u00f0anna, \u00fe\u00e1 mun \u00e9g n\u00fa saman safna \u00feeim, til \u00feess a\u00f0 \u00feeir h\u00e6tti br\u00e1\u00f0lega a\u00f0 smyrja konunga og h\u00f6f\u00f0ingja.<a name=\"11\"><span class=\"versanumer\">11<\/span><\/a>J\u00e1, Efra\u00edm hefir reist m\u00f6rg \u00f6lturu, \u00f6lturun ur\u00f0u honum til syndar.<a name=\"12\"><span class=\"versanumer\">12<\/span><\/a>\u00de\u00f3tt \u00e9g riti honum l\u00f6gm\u00e1lssetningar \u00fe\u00fasundum saman, \u00fe\u00e1 eru \u00fe\u00e6r \u00e1litnar sem or\u00f0 \u00fatlendings.<a name=\"13\"><span class=\"versanumer\">13<\/span><\/a>\u00deeir f\u00f3rna sl\u00e1turf\u00f3rnum, kj\u00f6ti og eta \u00fea\u00f0, Drottinn hefir enga vel\u00fe\u00f3knun \u00e1 \u00feeim. N\u00fa mun hann minnast misgj\u00f6r\u00f0ar \u00feeirra og vitja synda \u00feeirra. \u00deeir skulu hverfa aftur til Egyptalands.<a name=\"14\"><span class=\"versanumer\">14<\/span><\/a>\u00cdsrael gleymdi skapara s\u00ednum og reisti s\u00e9r hallir, og J\u00fada bygg\u00f0i margar v\u00edggirtar borgir, en \u00e9g vil skj\u00f3ta eldi \u00ed borgir hans, og eldurinn skal ey\u00f0a skrauth\u00fdsum hans.<\/p>\n<div class=\"footnote1981\"><b>8.1<\/b> H\u00fas Drottins H\u00f3s 9.15; Jer 12.7; sbr Sak 9.1<br \/>\n<b>8.2<\/b> Rofinn s\u00e1ttm\u00e1li H\u00f3s 6.7+<br \/>\n<b>8.3<\/b> Telja sig \u00feekkja Gu\u00f0 H\u00f3s 6.3; sbr 4.1+<br \/>\n<b>8.4<\/b> A\u00f0 m\u00e9r forspur\u00f0um 2Kon 15.10,14,25<br \/>\n<b>8.5<\/b> K\u00e1lfur Samar\u00edu 2Kon 17.16; H\u00f3s 10.5-6; 13.2; sbr 2M\u00f3s 32.4,8; 5M\u00f3s 9.16; 1Kon 12.28,32; 2Kon 17.16; 2Kro 11.15; 13.8; Neh 9.18; Slm 106.19; Post 7.41<br \/>\n<b>8.7<\/b> \u00deeir s\u00e1\u00f0u vindi Job 4.8; Okv 22.8; Gal 6.7<br \/>\n<b>8.9<\/b> Til Ass\u00far H\u00f3s 5.13 \u2013 kaupa s\u00e9r vin\u00e1ttu H\u00f3s 2.7<br \/>\n<b>8.11<\/b> M\u00f6rg \u00f6lturu H\u00f3s 10.1; 12.12<br \/>\n<b>8.13<\/b> Drottni \u00fe\u00f3knast ekki H\u00f3s 6.6; Am 5.21-24+ &#8211; Drottinn minnist H\u00f3s 7.2+ &#8211; aftur til Egyptalands H\u00f3s 9.3; 11.5<br \/>\n<b>8.14<\/b> Skaparinn gleymdur 5M\u00f3s 32.15,18; Jes 1.2-3; 51.13; Jer 2.32; 3.21; Esk 22.12<\/div>\n","protected":false},"excerpt":{"rendered":"<p>1Set l\u00fa\u00f0urinn \u00e1 munn \u00fe\u00e9r! Eins og \u00f6rn kemur hann yfir h\u00fas Drottins. \u00dev\u00ed a\u00f0 \u00feeir hafa rofi\u00f0 s\u00e1ttm\u00e1la minn og viki\u00f0 fr\u00e1 l\u00f6gm\u00e1li m\u00ednu.2\u00deeir hr\u00f3pa til m\u00edn: Gu\u00f0 minn! V\u00e9r \u00cdsraelsmenn \u00feekkjum \u00feig!3\u00cdsrael hefir hafna\u00f0 blessuninni, fyrir \u00fev\u00ed skulu \u00f3vinirnir elta hann.4\u00deeir hafa teki\u00f0 s\u00e9r konunga a\u00f0 m\u00e9r fornspur\u00f0um, hafa vali\u00f0 s\u00e9r h\u00f6f\u00f0ingja \u00e1n minnar vitundar. Af silfri s\u00ednu og gulli hafa \u00feeir gj\u00f6rt s\u00e9r go\u00f0al\u00edkneski, a\u00f0eins til \u00feess a\u00f0 \u00feeir tort\u00edmdust.5Andstyggilegur er k\u00e1lfur \u00feinn, Samar\u00eda. Rei\u00f0i m\u00edn er upptendru\u00f0 gegn \u00feeim. Hversu langt mun \u00feanga\u00f0 til \u00feeir ver\u00f0a hreinir?6\u00dev\u00ed a\u00f0 \u00far \u00cdsrael er hann, hagleiksma\u00f0ur hefir sm\u00ed\u00f0a\u00f0 hann, <a href=\"https:\/\/biblian.is\/1981\/hosea-8-kafli\/\"> [&#8230;]<\/a><\/p>\n","protected":false},"author":1,"featured_media":0,"parent":0,"menu_order":0,"comment_status":"open","ping_status":"open","template":"bibliukaflar.php","meta":{"footnotes":""},"class_list":["post-2217","page","type-page","status-publish","hentry"],"_links":{"self":[{"href":"https:\/\/biblian.is\/1981\/wp-json\/wp\/v2\/pages\/2217","targetHints":{"allow":["GET"]}}],"collection":[{"href":"https:\/\/biblian.is\/1981\/wp-json\/wp\/v2\/pages"}],"about":[{"href":"https:\/\/biblian.is\/1981\/wp-json\/wp\/v2\/types\/page"}],"author":[{"embeddable":true,"href":"https:\/\/biblian.is\/1981\/wp-json\/wp\/v2\/users\/1"}],"replies":[{"embeddable":true,"href":"https:\/\/biblian.is\/1981\/wp-json\/wp\/v2\/comments?post=2217"}],"version-history":[{"count":0,"href":"https:\/\/biblian.is\/1981\/wp-json\/wp\/v2\/pages\/2217\/revisions"}],"wp:attachment":[{"href":"https:\/\/biblian.is\/1981\/wp-json\/wp\/v2\/media?parent=2217"}],"curies":[{"name":"wp","href":"https:\/\/api.w.org\/{rel}","templated":true}]}}