{"id":2216,"date":"2017-11-18T20:20:46","date_gmt":"2017-11-18T20:20:46","guid":{"rendered":"http:\/\/biblian.is\/1981\/hosea-7-kafli\/"},"modified":"2017-11-18T20:20:46","modified_gmt":"2017-11-18T20:20:46","slug":"hosea-7-kafli","status":"publish","type":"page","link":"https:\/\/biblian.is\/1981\/hosea-7-kafli\/","title":{"rendered":"H\u00f3sea 7. kafli"},"content":{"rendered":"<p><a name=\"1\"><span class=\"versanumer\">1<\/span><\/a>jafnskj\u00f3tt og \u00e9g \u00e6tla a\u00f0 l\u00e6kna \u00cdsrael, koma misgj\u00f6r\u00f0ir Efra\u00edms \u00ed lj\u00f3s og illverk Samar\u00edu, \u00fev\u00ed a\u00f0 \u00feeir fremja svik og \u00fej\u00f3far brj\u00f3tast inn \u00ed h\u00fasin og r\u00e6ningjasveitir r\u00e6na \u00fati fyrir.<a name=\"2\"><span class=\"versanumer\">2<\/span><\/a>Og \u00feeir hugsa ekki um \u00fea\u00f0, a\u00f0 \u00e9g man eftir allri illsku \u00feeirra. N\u00fa umkringja gj\u00f6r\u00f0ir \u00feeirra \u00fe\u00e1, eru komnar fyrir auglit mitt.<a name=\"3\"><span class=\"versanumer\">3<\/span><\/a>\u00deeir gamna konunginum me\u00f0 illsku sinni og h\u00f6f\u00f0ingjunum me\u00f0 lygum s\u00ednum.<a name=\"4\"><span class=\"versanumer\">4<\/span><\/a>\u00deeir eru allir h\u00f3rkarlar, \u00feeir eru eins og gl\u00f3andi ofn, sem bakarinn a\u00f0eins h\u00e6ttir a\u00f0 kynda fr\u00e1 \u00fev\u00ed hann hefir hno\u00f0a\u00f0 deigi\u00f0, uns \u00fea\u00f0 er gagns\u00fdrt.<a name=\"5\"><span class=\"versanumer\">5<\/span><\/a>\u00c1 h\u00e1t\u00ed\u00f0ardegi konungs vors drekka h\u00f6f\u00f0ingjarnir sig sj\u00faka \u00ed v\u00edni, menn leggja lag sitt vi\u00f0 g\u00e1runga.<a name=\"6\"><span class=\"versanumer\">6<\/span><\/a>\u00dev\u00ed a\u00f0 innan eru \u00feeir eins og ofn, hjarta \u00feeirra brennur \u00ed \u00feeim. Alla n\u00f3ttina sefur rei\u00f0i \u00feeirra, \u00e1 morgnana brennur h\u00fan eins og logandi eldur.<a name=\"7\"><span class=\"versanumer\">7<\/span><\/a>Allir eru \u00feeir gl\u00f3andi eins og ofn, svo a\u00f0 \u00feeir fyrirkoma yfirm\u00f6nnum s\u00ednum. Allir konungar \u00feeirra eru fallnir, enginn \u00e1kallar mig \u00e1 me\u00f0al \u00feeirra.<a name=\"8\"><span class=\"versanumer\">8<\/span><\/a>Efra\u00edm hefir blanda\u00f0 s\u00e9r saman vi\u00f0 \u00fej\u00f3\u00f0irnar, Efra\u00edm er or\u00f0inn eins og kaka, sem ekki hefir veri\u00f0 sn\u00fai\u00f0.<a name=\"9\"><span class=\"versanumer\">9<\/span><\/a>\u00datlendir menn hafa eytt krafti hans, \u00e1n \u00feess a\u00f0 hann viti af \u00fev\u00ed, j\u00e1, h\u00e6rur eru sprottnar \u00ed h\u00f6f\u00f0i honum, \u00e1n \u00feess a\u00f0 hann hafi veitt \u00fev\u00ed eftirtekt.<a name=\"10\"><span class=\"versanumer\">10<\/span><\/a>\u00der\u00e1tt fyrir \u00fea\u00f0, \u00fe\u00f3tt vegsemd \u00cdsraels hafi vitna\u00f0 \u00ed gegn \u00feeim, \u00fe\u00e1 hafa \u00feeir ekki sn\u00fai\u00f0 s\u00e9r til Drottins, Gu\u00f0s s\u00edns, og hafa ekki leita\u00f0 hans, \u00fer\u00e1tt fyrir allt \u00feetta.<a name=\"11\"><span class=\"versanumer\">11<\/span><\/a>En Efra\u00edm er or\u00f0inn eins og einf\u00f6ld, \u00f3skyns\u00f6m d\u00fafa: \u00deeir kalla \u00e1 Egypta, fara \u00e1 fund Ass\u00fdringa.<a name=\"12\"><span class=\"versanumer\">12<\/span><\/a>\u00deegar \u00feeir fara \u00feanga\u00f0, brei\u00f0i \u00e9g net mitt yfir \u00fe\u00e1, steypi \u00feeim ni\u00f0ur eins og fugli \u00ed loftinu, tyfta \u00fe\u00e1, eins og s\u00f6fnu\u00f0i \u00feeirra hefir bo\u00f0a\u00f0 veri\u00f0.<a name=\"13\"><span class=\"versanumer\">13<\/span><\/a>Vei \u00feeim, a\u00f0 \u00feeir reika langt \u00ed burt fr\u00e1 m\u00e9r! Ey\u00f0ing yfir \u00fe\u00e1, a\u00f0 \u00feeir hafa brug\u00f0i\u00f0 tr\u00fana\u00f0i vi\u00f0 mig! \u00c9g hefi leyst \u00fe\u00e1, og \u00feeir hafa tala\u00f0 lygar gegn m\u00e9r,<a name=\"14\"><span class=\"versanumer\">14<\/span><\/a>og hr\u00f3pu\u00f0u ekki til m\u00edn af hjarta, heldur kveinu\u00f0u \u00ed rekkjum s\u00ednum. Vegna korns og v\u00ednberjalagar ristu \u00feeir \u00e1 sig skinnsprettur, m\u00e9r fr\u00e1hverfir.<a name=\"15\"><span class=\"versanumer\">15<\/span><\/a>Og \u00fe\u00f3 er \u00fea\u00f0 \u00e9g, sem hefi fr\u00e6tt \u00fe\u00e1, sem hefi gj\u00f6rt armleggi \u00feeirra styrka. En gagnvart m\u00e9r hafa \u00feeir illt \u00ed hyggju.<a name=\"16\"><span class=\"versanumer\">16<\/span><\/a>\u00deeir sn\u00faa s\u00e9r, en ekki \u00ed h\u00e6\u00f0irnar. \u00deeir eru eins og svikull bogi. H\u00f6f\u00f0ingjar \u00feeirra munu falla fyrir sver\u00f0i vegna \u00f3sv\u00edfni tungu sinnar. Fyrir \u00fea\u00f0 munu menn h\u00e6\u00f0a \u00fe\u00e1 \u00e1 Egyptalandi.<\/p>\n<div class=\"footnote1981\"><b>7.2<\/b> Drottinn man 1Kon 17.18; Slm 10.11; Mal 3.16; sbr H\u00f3s 8.13; 9.9; Am 8.7 \u2013 umkringja \u00fe\u00e1 Jer 2.19; Okv 5.21-22<br \/>\n<b>7.7<\/b> Konungar fallnir 2Kon 15.10,14,25<br \/>\n<b>7.9<\/b> \u00c1n \u00feess a\u00f0 hann viti Jer 5.3; Opb 3.17<br \/>\n<b>7.10<\/b> Hverfa ekki aftur H\u00f3s 11.5; Jes 9.12; Am 4.6-11; sbr H\u00f3s 5.4; 9.3; 11.5<\/div>\n","protected":false},"excerpt":{"rendered":"<p>1jafnskj\u00f3tt og \u00e9g \u00e6tla a\u00f0 l\u00e6kna \u00cdsrael, koma misgj\u00f6r\u00f0ir Efra\u00edms \u00ed lj\u00f3s og illverk Samar\u00edu, \u00fev\u00ed a\u00f0 \u00feeir fremja svik og \u00fej\u00f3far brj\u00f3tast inn \u00ed h\u00fasin og r\u00e6ningjasveitir r\u00e6na \u00fati fyrir.2Og \u00feeir hugsa ekki um \u00fea\u00f0, a\u00f0 \u00e9g man eftir allri illsku \u00feeirra. N\u00fa umkringja gj\u00f6r\u00f0ir \u00feeirra \u00fe\u00e1, eru komnar fyrir auglit mitt.3\u00deeir gamna konunginum me\u00f0 illsku sinni og h\u00f6f\u00f0ingjunum me\u00f0 lygum s\u00ednum.4\u00deeir eru allir h\u00f3rkarlar, \u00feeir eru eins og gl\u00f3andi ofn, sem bakarinn a\u00f0eins h\u00e6ttir a\u00f0 kynda fr\u00e1 \u00fev\u00ed hann hefir hno\u00f0a\u00f0 deigi\u00f0, uns \u00fea\u00f0 er gagns\u00fdrt.5\u00c1 h\u00e1t\u00ed\u00f0ardegi konungs vors drekka h\u00f6f\u00f0ingjarnir sig sj\u00faka \u00ed v\u00edni, menn leggja lag <a href=\"https:\/\/biblian.is\/1981\/hosea-7-kafli\/\"> [&#8230;]<\/a><\/p>\n","protected":false},"author":1,"featured_media":0,"parent":0,"menu_order":0,"comment_status":"open","ping_status":"open","template":"bibliukaflar.php","meta":{"footnotes":""},"class_list":["post-2216","page","type-page","status-publish","hentry"],"_links":{"self":[{"href":"https:\/\/biblian.is\/1981\/wp-json\/wp\/v2\/pages\/2216","targetHints":{"allow":["GET"]}}],"collection":[{"href":"https:\/\/biblian.is\/1981\/wp-json\/wp\/v2\/pages"}],"about":[{"href":"https:\/\/biblian.is\/1981\/wp-json\/wp\/v2\/types\/page"}],"author":[{"embeddable":true,"href":"https:\/\/biblian.is\/1981\/wp-json\/wp\/v2\/users\/1"}],"replies":[{"embeddable":true,"href":"https:\/\/biblian.is\/1981\/wp-json\/wp\/v2\/comments?post=2216"}],"version-history":[{"count":0,"href":"https:\/\/biblian.is\/1981\/wp-json\/wp\/v2\/pages\/2216\/revisions"}],"wp:attachment":[{"href":"https:\/\/biblian.is\/1981\/wp-json\/wp\/v2\/media?parent=2216"}],"curies":[{"name":"wp","href":"https:\/\/api.w.org\/{rel}","templated":true}]}}