{"id":2215,"date":"2017-11-18T20:20:46","date_gmt":"2017-11-18T20:20:46","guid":{"rendered":"http:\/\/biblian.is\/1981\/hosea-6-kafli\/"},"modified":"2017-11-18T20:20:46","modified_gmt":"2017-11-18T20:20:46","slug":"hosea-6-kafli","status":"publish","type":"page","link":"https:\/\/biblian.is\/1981\/hosea-6-kafli\/","title":{"rendered":"H\u00f3sea 6. kafli"},"content":{"rendered":"<p><a name=\"1\"><span class=\"versanumer\">1<\/span><\/a>Komi\u00f0, v\u00e9r skulum hverfa aftur til Drottins, \u00fev\u00ed a\u00f0 hann hefir sundur rifi\u00f0 og mun l\u00e6kna oss, hann hefir losti\u00f0 og mun binda um s\u00e1r vor.<a name=\"2\"><span class=\"versanumer\">2<\/span><\/a>Hann mun l\u00edfga oss eftir tvo daga og reisa oss upp \u00e1 \u00feri\u00f0ja degi, til \u00feess a\u00f0 v\u00e9r lifum fyrir hans augliti.<a name=\"3\"><span class=\"versanumer\">3<\/span><\/a>V\u00e9r viljum og \u00feekkja, kosta kapps um a\u00f0 \u00feekkja Drottin hann mun eins \u00e1rei\u00f0anlega koma eins og morgunro\u00f0inn rennur upp svo a\u00f0 hann komi yfir oss eins og regnsk\u00far, eins og vorregn, sem v\u00f6kvar j\u00f6r\u00f0ina.<a name=\"4\"><span class=\"versanumer\">4<\/span><\/a>Hva\u00f0 skal \u00e9g vi\u00f0 \u00feig gj\u00f6ra, Efra\u00edm, hva\u00f0 skal \u00e9g vi\u00f0 \u00feig gj\u00f6ra, J\u00fada, \u00fear sem elska y\u00f0ar er eins hvikul og morgunsk\u00fd, eins og d\u00f6ggin, sem snemma hverfur?<a name=\"5\"><span class=\"versanumer\">5<\/span><\/a>Fyrir \u00fev\u00ed ver\u00f0 \u00e9g a\u00f0 vega a\u00f0 \u00feeim fyrir munn sp\u00e1mannanna, bana \u00feeim me\u00f0 or\u00f0i munns m\u00edns, og fyrir \u00fev\u00ed ver\u00f0ur d\u00f3mur minn a\u00f0 birtast eins \u00f3brig\u00f0ult og dagslj\u00f3si\u00f0 rennur upp.<a name=\"6\"><span class=\"versanumer\">6<\/span><\/a>\u00dev\u00ed a\u00f0 \u00e1 miskunnsemi hefi \u00e9g \u00fe\u00f3knun, en ekki \u00e1 sl\u00e1turf\u00f3rn, og \u00e1 gu\u00f0s\u00feekking fremur en \u00e1 brennif\u00f3rnum.<a name=\"7\"><span class=\"versanumer\">7<\/span><\/a>\u00deeir hafa rofi\u00f0 s\u00e1ttm\u00e1lann a\u00f0 manna h\u00e6tti, \u00fear hafa \u00feeir veri\u00f0 m\u00e9r \u00f3tr\u00fair.<a name=\"8\"><span class=\"versanumer\">8<\/span><\/a>G\u00edlea\u00f0 er gl\u00e6pamanna borg, full af bl\u00f3\u00f0ferlum,<a name=\"9\"><span class=\"versanumer\">9<\/span><\/a>og prestaflokkurinn er eins og r\u00e6ningjar, sem veita m\u00f6nnum fyrirs\u00e1t. \u00deeir myr\u00f0a \u00e1 veginum til S\u00edkem, j\u00e1, sv\u00edvir\u00f0ing hafa \u00feeir frami\u00f0.<a name=\"10\"><span class=\"versanumer\">10<\/span><\/a>\u00cd \u00cdsraelsr\u00edki hefi \u00e9g s\u00e9\u00f0 hryllilega hluti, \u00fear hefir Efra\u00edm dr\u00fdgt h\u00f3r, \u00cdsrael saurga\u00f0 sig.<a name=\"11\"><span class=\"versanumer\">11<\/span><\/a>Einnig \u00fe\u00e9r, J\u00fada, hefir hann b\u00fai\u00f0 uppskeru. \u00deegar \u00e9g sn\u00fd vi\u00f0 h\u00f6gum \u00fej\u00f3\u00f0ar minnar,<\/p>\n<div class=\"footnote1981\"><b>6.1<\/b> Hverfa aftur H\u00f3s 14.2; Hlj 3.40; 5.21<br \/>\n<b>6.2<\/b> Tvo &#8230; \u00e1 \u00feri\u00f0ja Am 1.3; M\u00edk 5.4; Okv 30.15,18,21 &#8230;; sbr L\u00fak 24.7; 1Kor 15.4 \u2013 fyrir augliti Drottins Slm 116.9; L\u00fak 1.75<br \/>\n<b>6.3<\/b> \u00deekkja Drottin H\u00f3s 4.1+ ; Fil 3.8 \u2013 regn 5M\u00f3s 11.14; Slm 72.6; sbr 1M\u00f3s 8.22; Jer 33.25; Jl 2.23<br \/>\n<b>6.4<\/b> Morgun\u00feoka, d\u00f6gg H\u00f3s 13.3; 14.6; M\u00edk 5.6; Okv 19.12<br \/>\n<b>6.5<\/b> Vega \u00fe\u00e1 Jes 49.2; Heb 4.12-13+ ; sbr Jes 11.4; Jer 5.14; 23.29<br \/>\n<b>6.6<\/b> Miskunnsemi H\u00f3s 4.1+ &#8211; fremur en f\u00f3rnir Jes 1.11-17; Am 5.22-24; Slm 40.7; 51.19; Okv 21.3; Matt 9.13; 12.7<br \/>\n<b>6.7<\/b> Rofinn s\u00e1ttm\u00e1li H\u00f3s 8.2; Jer 31.32; 34.15-18<br \/>\n<b>6.8<\/b> G\u00edlea\u00f0 H\u00f3s 12.12; sbr 2Kon 15.25<br \/>\n<b>6.11<\/b> H\u00f6gum sn\u00fai\u00f0 vi\u00f0 5M\u00f3s 30.3; Jer 29.14+ ; Esk 16.53; 29.14; 39.25; Am 9.14; Sef 2.7; 3.20; Hlj 2.14<\/div>\n","protected":false},"excerpt":{"rendered":"<p>1Komi\u00f0, v\u00e9r skulum hverfa aftur til Drottins, \u00fev\u00ed a\u00f0 hann hefir sundur rifi\u00f0 og mun l\u00e6kna oss, hann hefir losti\u00f0 og mun binda um s\u00e1r vor.2Hann mun l\u00edfga oss eftir tvo daga og reisa oss upp \u00e1 \u00feri\u00f0ja degi, til \u00feess a\u00f0 v\u00e9r lifum fyrir hans augliti.3V\u00e9r viljum og \u00feekkja, kosta kapps um a\u00f0 \u00feekkja Drottin hann mun eins \u00e1rei\u00f0anlega koma eins og morgunro\u00f0inn rennur upp svo a\u00f0 hann komi yfir oss eins og regnsk\u00far, eins og vorregn, sem v\u00f6kvar j\u00f6r\u00f0ina.4Hva\u00f0 skal \u00e9g vi\u00f0 \u00feig gj\u00f6ra, Efra\u00edm, hva\u00f0 skal \u00e9g vi\u00f0 \u00feig gj\u00f6ra, J\u00fada, \u00fear sem elska y\u00f0ar er eins <a href=\"https:\/\/biblian.is\/1981\/hosea-6-kafli\/\"> [&#8230;]<\/a><\/p>\n","protected":false},"author":1,"featured_media":0,"parent":0,"menu_order":0,"comment_status":"open","ping_status":"open","template":"bibliukaflar.php","meta":{"footnotes":""},"class_list":["post-2215","page","type-page","status-publish","hentry"],"_links":{"self":[{"href":"https:\/\/biblian.is\/1981\/wp-json\/wp\/v2\/pages\/2215","targetHints":{"allow":["GET"]}}],"collection":[{"href":"https:\/\/biblian.is\/1981\/wp-json\/wp\/v2\/pages"}],"about":[{"href":"https:\/\/biblian.is\/1981\/wp-json\/wp\/v2\/types\/page"}],"author":[{"embeddable":true,"href":"https:\/\/biblian.is\/1981\/wp-json\/wp\/v2\/users\/1"}],"replies":[{"embeddable":true,"href":"https:\/\/biblian.is\/1981\/wp-json\/wp\/v2\/comments?post=2215"}],"version-history":[{"count":0,"href":"https:\/\/biblian.is\/1981\/wp-json\/wp\/v2\/pages\/2215\/revisions"}],"wp:attachment":[{"href":"https:\/\/biblian.is\/1981\/wp-json\/wp\/v2\/media?parent=2215"}],"curies":[{"name":"wp","href":"https:\/\/api.w.org\/{rel}","templated":true}]}}