{"id":2214,"date":"2017-11-18T20:20:46","date_gmt":"2017-11-18T20:20:46","guid":{"rendered":"http:\/\/biblian.is\/1981\/hosea-5-kafli\/"},"modified":"2017-11-18T20:20:46","modified_gmt":"2017-11-18T20:20:46","slug":"hosea-5-kafli","status":"publish","type":"page","link":"https:\/\/biblian.is\/1981\/hosea-5-kafli\/","title":{"rendered":"H\u00f3sea 5. kafli"},"content":{"rendered":"<p><a name=\"1\"><span class=\"versanumer\">1<\/span><\/a>Heyri\u00f0 \u00feetta, \u00fe\u00e9r prestar! Taki\u00f0 eftir, \u00fe\u00e9r \u00cdsraelsmenn! Hl\u00fd\u00f0 \u00fe\u00fa \u00e1, konungs h\u00fas! \u00de\u00e9r \u00e1ttu\u00f0 a\u00f0 framfylgja r\u00e9ttl\u00e6ti, en eru\u00f0 or\u00f0nir snara fyrir Mispa og \u00fat\u00feani\u00f0 net \u00e1 Tabor.<a name=\"2\"><span class=\"versanumer\">2<\/span><\/a>\u00deeir gr\u00f3fu dj\u00fapa gr\u00f6f fr\u00e1hvarfsins, en \u00e9g mun refsa \u00feeim \u00f6llum.<a name=\"3\"><span class=\"versanumer\">3<\/span><\/a>\u00c9g \u00feekki Efra\u00edm, og \u00cdsrael getur ekki dulist fyrir m\u00e9r. J\u00e1, n\u00fa hefir \u00fe\u00fa dr\u00fdgt h\u00f3r, Efra\u00edm, \u00cdsrael saurga\u00f0 sig.<a name=\"4\"><span class=\"versanumer\">4<\/span><\/a>Verk \u00feeirra leyfa \u00feeim eigi a\u00f0 sn\u00faa aftur til Gu\u00f0s \u00feeirra, \u00fev\u00ed a\u00f0 h\u00f3rd\u00f3msandi b\u00fdr \u00ed \u00feeim, og Drottin \u00feekkja \u00feeir ekki.<a name=\"5\"><span class=\"versanumer\">5<\/span><\/a>En \u00cdsraels tign mun vitna \u00ed gegn \u00feeim, og \u00cdsrael og Efra\u00edm munu steypast vegna misgj\u00f6r\u00f0ar \u00feeirra. J\u00fada mun og steypast me\u00f0 \u00feeim.<a name=\"6\"><span class=\"versanumer\">6<\/span><\/a>\u00deegar \u00feeir \u00fe\u00e1 koma me\u00f0 sau\u00f0i s\u00edna og naut til \u00feess a\u00f0 leita Drottins, \u00fe\u00e1 munu \u00feeir ekki finna hann, hann hefir sagt sig lausan vi\u00f0 \u00fe\u00e1.<a name=\"7\"><span class=\"versanumer\">7<\/span><\/a>Drottni hafa \u00feeir veri\u00f0 \u00f3tr\u00fair, \u00fev\u00ed a\u00f0 \u00feeir hafa geti\u00f0 \u00f3skilgetin b\u00f6rn. N\u00fa skal tunglkoman ey\u00f0a \u00feeim og ekrum \u00feeirra.<a name=\"8\"><span class=\"versanumer\">8<\/span><\/a>\u00deeyti\u00f0 l\u00fa\u00f0urinn \u00ed G\u00edbeu og b\u00e1s\u00fanuna \u00ed Rama! \u00c6pi\u00f0 her\u00f3p \u00ed Betaven! \u00d3vinirnir \u00e1 h\u00e6lum \u00fe\u00e9r, Benjam\u00edn!<a name=\"9\"><span class=\"versanumer\">9<\/span><\/a>Efra\u00edm skal ver\u00f0a a\u00f0 au\u00f0n \u00e1 degi hirtingarinnar. \u00cdsraels \u00e6ttkv\u00edslum bo\u00f0a \u00e9g \u00e1rei\u00f0anlega hluti.<a name=\"10\"><span class=\"versanumer\">10<\/span><\/a>&#8222;H\u00f6f\u00f0ingjar J\u00fada eru l\u00edkir \u00feeim, sem f\u00e6ra landamerki \u00far sta\u00f0; yfir \u00fe\u00e1 vil \u00e9g \u00fathella rei\u00f0i minni eins og vatni.&#8220;<a name=\"11\"><span class=\"versanumer\">11<\/span><\/a>\u00cd Efra\u00edm er r\u00e9tturinn ofr\u00edki borinn og f\u00f3tum tro\u00f0inn, \u00fev\u00ed a\u00f0 honum \u00fe\u00f3kna\u00f0ist a\u00f0 elta f\u00e1n\u00fdt go\u00f0.<a name=\"12\"><span class=\"versanumer\">12<\/span><\/a>\u00dev\u00ed var\u00f0 \u00e9g sem m\u00f6lur Efra\u00edm og sem nagandi ormur J\u00fada h\u00fasi.<a name=\"13\"><span class=\"versanumer\">13<\/span><\/a>Er Efra\u00edm s\u00e1 sj\u00fakd\u00f3m sinn og J\u00fada mein sitt, \u00fe\u00e1 leita\u00f0i Efra\u00edm til Ass\u00fdr\u00edu og sendi til st\u00f3rkonungsins. En hann megnar ekki a\u00f0 l\u00e6kna y\u00f0ur n\u00e9 a\u00f0 gr\u00e6\u00f0a mein y\u00f0ar,<a name=\"14\"><span class=\"versanumer\">14<\/span><\/a>\u00fev\u00ed a\u00f0 \u00e9g mun ver\u00f0a eins og d\u00fdri\u00f0 \u00f3arga fyrir Efra\u00edm og eins og ungt lj\u00f3n J\u00fada h\u00fasi. \u00c9g, \u00e9g mun sundurr\u00edfa og fara burt, bera burt br\u00e1\u00f0ina, \u00e1n \u00feess a\u00f0 nokkur bjargi.<a name=\"15\"><span class=\"versanumer\">15<\/span><\/a>\u00c9g mun fara burt og hverfa aftur \u00e1 minn sta\u00f0, uns \u00feeir kannast vi\u00f0 afbrot s\u00edn og leita m\u00edns auglitis. \u00deegar a\u00f0 \u00feeim \u00ferengir, munu \u00feeir sn\u00faa s\u00e9r til m\u00edn.<\/p>\n<div class=\"footnote1981\"><b>5.1<\/b> \u00c1byrgjast r\u00e9ttin 5M\u00f3s 1.17; M\u00edk 3.1 \u2013 Mispa 1M\u00f3s 31.49; D\u00f3m 10.17; 11.11 \u2013 Taborfjall D\u00f3m 4.6<br \/>\n<b>5.2<\/b> \u00c9g refsa \u00f6llum Jes 24.2; sbr R\u00f3m 3.23<br \/>\n<b>5.4<\/b> Leyfa ekki Jer 13.23; Okv 27.22; sbr Matt 7.17 \u2013 h\u00f3r H\u00f3s 1.2+ ; sbr J\u00f3h 8.34 \u2013 \u00feekkja Drottin ekki H\u00f3s 4.1+ ; sbr Ef 4.18<br \/>\n<b>5.6<\/b> Leita Drottins \u00e1n \u00e1rangurs Am 8.11-12; J\u00f3h 7.34<br \/>\n<b>5.8<\/b> Her\u00f3p Jer 4.5; Jl 2.1<br \/>\n<b>5.10<\/b> J\u00fada H\u00f3s 1.7+ &#8211; landamerki 5M\u00f3s 19.14; 27.17<br \/>\n<b>5.13<\/b> Leita til Ass\u00fdr\u00edu 2Kon 15.19-20; H\u00f3s 7.11; 8.9; 12.2; sbr 14.4<br \/>\n<b>5.14<\/b> Enginn bjargar H\u00f3s 2.12+<br \/>\n<b>5.15<\/b> Sn\u00faa s\u00e9r til Gu\u00f0s Jer 29.13; Slm 78.34; sbr H\u00f3s 5.6; 10.12<\/div>\n","protected":false},"excerpt":{"rendered":"<p>1Heyri\u00f0 \u00feetta, \u00fe\u00e9r prestar! Taki\u00f0 eftir, \u00fe\u00e9r \u00cdsraelsmenn! Hl\u00fd\u00f0 \u00fe\u00fa \u00e1, konungs h\u00fas! \u00de\u00e9r \u00e1ttu\u00f0 a\u00f0 framfylgja r\u00e9ttl\u00e6ti, en eru\u00f0 or\u00f0nir snara fyrir Mispa og \u00fat\u00feani\u00f0 net \u00e1 Tabor.2\u00deeir gr\u00f3fu dj\u00fapa gr\u00f6f fr\u00e1hvarfsins, en \u00e9g mun refsa \u00feeim \u00f6llum.3\u00c9g \u00feekki Efra\u00edm, og \u00cdsrael getur ekki dulist fyrir m\u00e9r. J\u00e1, n\u00fa hefir \u00fe\u00fa dr\u00fdgt h\u00f3r, Efra\u00edm, \u00cdsrael saurga\u00f0 sig.4Verk \u00feeirra leyfa \u00feeim eigi a\u00f0 sn\u00faa aftur til Gu\u00f0s \u00feeirra, \u00fev\u00ed a\u00f0 h\u00f3rd\u00f3msandi b\u00fdr \u00ed \u00feeim, og Drottin \u00feekkja \u00feeir ekki.5En \u00cdsraels tign mun vitna \u00ed gegn \u00feeim, og \u00cdsrael og Efra\u00edm munu steypast vegna misgj\u00f6r\u00f0ar \u00feeirra. J\u00fada mun og steypast me\u00f0 <a href=\"https:\/\/biblian.is\/1981\/hosea-5-kafli\/\"> [&#8230;]<\/a><\/p>\n","protected":false},"author":1,"featured_media":0,"parent":0,"menu_order":0,"comment_status":"open","ping_status":"open","template":"bibliukaflar.php","meta":{"footnotes":""},"class_list":["post-2214","page","type-page","status-publish","hentry"],"_links":{"self":[{"href":"https:\/\/biblian.is\/1981\/wp-json\/wp\/v2\/pages\/2214","targetHints":{"allow":["GET"]}}],"collection":[{"href":"https:\/\/biblian.is\/1981\/wp-json\/wp\/v2\/pages"}],"about":[{"href":"https:\/\/biblian.is\/1981\/wp-json\/wp\/v2\/types\/page"}],"author":[{"embeddable":true,"href":"https:\/\/biblian.is\/1981\/wp-json\/wp\/v2\/users\/1"}],"replies":[{"embeddable":true,"href":"https:\/\/biblian.is\/1981\/wp-json\/wp\/v2\/comments?post=2214"}],"version-history":[{"count":0,"href":"https:\/\/biblian.is\/1981\/wp-json\/wp\/v2\/pages\/2214\/revisions"}],"wp:attachment":[{"href":"https:\/\/biblian.is\/1981\/wp-json\/wp\/v2\/media?parent=2214"}],"curies":[{"name":"wp","href":"https:\/\/api.w.org\/{rel}","templated":true}]}}