{"id":2212,"date":"2017-11-18T20:20:46","date_gmt":"2017-11-18T20:20:46","guid":{"rendered":"http:\/\/biblian.is\/1981\/hosea-3-kafli\/"},"modified":"2017-11-18T20:20:46","modified_gmt":"2017-11-18T20:20:46","slug":"hosea-3-kafli","status":"publish","type":"page","link":"https:\/\/biblian.is\/1981\/hosea-3-kafli\/","title":{"rendered":"H\u00f3sea 3. kafli"},"content":{"rendered":"<p><a name=\"1\"><span class=\"versanumer\">1<\/span><\/a>Drottinn sag\u00f0i vi\u00f0 mig: Far enn og elska konu, sem elskar annan mann og haft hefir fram hj\u00e1, eins og Drottinn elskar \u00cdsraelsmenn, \u00fe\u00f3tt \u00feeir hneigist a\u00f0 \u00f6\u00f0rum gu\u00f0um og \u00feyki r\u00fas\u00ednuk\u00f6kur g\u00f3\u00f0ar.<a name=\"2\"><span class=\"versanumer\">2<\/span><\/a>\u00de\u00e1 keypti \u00e9g m\u00e9r hana fyrir fimmt\u00e1n sikla silfurs og h\u00e1lfan annan k\u00f3mer byggs<a name=\"3\"><span class=\"versanumer\">3<\/span><\/a>og sag\u00f0i vi\u00f0 hana: Langan t\u00edma skalt \u00fe\u00fa sitja ein \u00e1n \u00feess a\u00f0 dr\u00fdgja h\u00f3r og \u00e1n \u00feess a\u00f0 heyra nokkrum manni til. Svo skal \u00e9g og vera gagnvart \u00fe\u00e9r.<a name=\"4\"><span class=\"versanumer\">4<\/span><\/a>\u00deannig munu \u00cdsraelsmenn langan t\u00edma sitja einir \u00e1n konungs og \u00e1n h\u00f6f\u00f0ingja, \u00e1n f\u00f3rnar og \u00e1n merkissteins, \u00e1n h\u00f6kuls og h\u00fasgu\u00f0a.<a name=\"5\"><span class=\"versanumer\">5<\/span><\/a>Eftir \u00fea\u00f0 munu \u00cdsraelsmenn sn\u00faa s\u00e9r og leita Drottins, Gu\u00f0s s\u00edns, og Dav\u00ed\u00f0s, konungs s\u00edns, og \u00feeir munu \u00e1 hinum s\u00ed\u00f0ustu d\u00f6gum fl\u00fdja til Drottins og til hans blessunar.<\/p>\n<div class=\"footnote1981\"><b>3.1<\/b> Halda framhj\u00e1 H\u00f3s 2.4 \u2013 me\u00f0 \u00f6\u00f0rum gu\u00f0um 2M\u00f3s 20.3; 5M\u00f3s 5.7; 6.4<br \/>\n<b>3.4<\/b> H\u00f6kull, h\u00fasgu\u00f0ir D\u00f3m 17.5; 18.14-17<br \/>\n<b>3.5<\/b> Drottinn &#8230; og Dav\u00ed\u00f0 Jer 30.9; Esk 37.24-25<\/div>\n","protected":false},"excerpt":{"rendered":"<p>1Drottinn sag\u00f0i vi\u00f0 mig: Far enn og elska konu, sem elskar annan mann og haft hefir fram hj\u00e1, eins og Drottinn elskar \u00cdsraelsmenn, \u00fe\u00f3tt \u00feeir hneigist a\u00f0 \u00f6\u00f0rum gu\u00f0um og \u00feyki r\u00fas\u00ednuk\u00f6kur g\u00f3\u00f0ar.2\u00de\u00e1 keypti \u00e9g m\u00e9r hana fyrir fimmt\u00e1n sikla silfurs og h\u00e1lfan annan k\u00f3mer byggs3og sag\u00f0i vi\u00f0 hana: Langan t\u00edma skalt \u00fe\u00fa sitja ein \u00e1n \u00feess a\u00f0 dr\u00fdgja h\u00f3r og \u00e1n \u00feess a\u00f0 heyra nokkrum manni til. Svo skal \u00e9g og vera gagnvart \u00fe\u00e9r.4\u00deannig munu \u00cdsraelsmenn langan t\u00edma sitja einir \u00e1n konungs og \u00e1n h\u00f6f\u00f0ingja, \u00e1n f\u00f3rnar og \u00e1n merkissteins, \u00e1n h\u00f6kuls og h\u00fasgu\u00f0a.5Eftir \u00fea\u00f0 munu \u00cdsraelsmenn sn\u00faa s\u00e9r <a href=\"https:\/\/biblian.is\/1981\/hosea-3-kafli\/\"> [&#8230;]<\/a><\/p>\n","protected":false},"author":1,"featured_media":0,"parent":0,"menu_order":0,"comment_status":"open","ping_status":"open","template":"bibliukaflar.php","meta":{"footnotes":""},"class_list":["post-2212","page","type-page","status-publish","hentry"],"_links":{"self":[{"href":"https:\/\/biblian.is\/1981\/wp-json\/wp\/v2\/pages\/2212","targetHints":{"allow":["GET"]}}],"collection":[{"href":"https:\/\/biblian.is\/1981\/wp-json\/wp\/v2\/pages"}],"about":[{"href":"https:\/\/biblian.is\/1981\/wp-json\/wp\/v2\/types\/page"}],"author":[{"embeddable":true,"href":"https:\/\/biblian.is\/1981\/wp-json\/wp\/v2\/users\/1"}],"replies":[{"embeddable":true,"href":"https:\/\/biblian.is\/1981\/wp-json\/wp\/v2\/comments?post=2212"}],"version-history":[{"count":0,"href":"https:\/\/biblian.is\/1981\/wp-json\/wp\/v2\/pages\/2212\/revisions"}],"wp:attachment":[{"href":"https:\/\/biblian.is\/1981\/wp-json\/wp\/v2\/media?parent=2212"}],"curies":[{"name":"wp","href":"https:\/\/api.w.org\/{rel}","templated":true}]}}