{"id":2209,"date":"2017-11-18T20:20:46","date_gmt":"2017-11-18T20:20:46","guid":{"rendered":"http:\/\/biblian.is\/1981\/daniel-12-kafli\/"},"modified":"2021-06-06T10:50:31","modified_gmt":"2021-06-06T10:50:31","slug":"daniel-12-kafli","status":"publish","type":"page","link":"https:\/\/biblian.is\/1981\/daniel-12-kafli\/","title":{"rendered":"Dan\u00edel 12. kafli"},"content":{"rendered":"<p><a name=\"1\"><span class=\"versanumer\">1<\/span><\/a>En \u00e1 \u00feeim t\u00edma mun M\u00edkael, hinn mikli verndarengill, s\u00e1 er verndar landa \u00fe\u00edna, fram ganga.Og \u00fea\u00f0 skal ver\u00f0a svo mikil h\u00f6rmungat\u00ed\u00f0, a\u00f0 sl\u00edk mun aldrei veri\u00f0 hafa, fr\u00e1 \u00fev\u00ed er menn ur\u00f0u fyrst til og allt til \u00feess t\u00edma. \u00c1 \u00feeim t\u00edma mun \u00fej\u00f3\u00f0 \u00fe\u00edn frelsu\u00f0 ver\u00f0a, allir \u00feeir sem skr\u00e1\u00f0ir finnast \u00ed b\u00f3kinni.<a name=\"2\"><span class=\"versanumer\">2<\/span><\/a>Og margir \u00feeirra, sem sofa \u00ed dufti jar\u00f0arinnar, munu upp vakna, sumir til eil\u00edfs l\u00edfs, sumir til sm\u00e1nar, til eil\u00edfrar andstygg\u00f0ar.<a name=\"3\"><span class=\"versanumer\">3<\/span><\/a>Og hinir vitru munu sk\u00edna eins og lj\u00f3mi himinhvelfingarinnar og \u00feeir, sem leitt hafa marga til r\u00e9ttl\u00e6tis, eins og stj\u00f6rnurnar um aldur og \u00e6vi.<a name=\"4\"><span class=\"versanumer\">4<\/span><\/a>En \u00fe\u00fa, Dan\u00edel, halt \u00fe\u00fa \u00feessum or\u00f0um leyndum og innsigla b\u00f3kina, \u00fear til er a\u00f0 endalokunum l\u00ed\u00f0ur. Margir munu rannsaka hana, og \u00feekkingin mun vaxa.<a name=\"5\"><span class=\"versanumer\">5<\/span><\/a>\u00c9g, Dan\u00edel, s\u00e1 og sj\u00e1, tveir a\u00f0rir englar st\u00f3\u00f0u \u00fear, \u00e1 s\u00ednum flj\u00f3tsbakkanum hvor.<a name=\"6\"><span class=\"versanumer\">6<\/span><\/a>Annar \u00feeirra sag\u00f0i vi\u00f0 manninn \u00ed l\u00ednkl\u00e6\u00f0unum, sem var uppi yfir flj\u00f3tsv\u00f6tnunum: Hversu langt mun til endisins \u00e1 \u00feessum undursamlegu hlutum?<a name=\"7\"><span class=\"versanumer\">7<\/span><\/a>\u00de\u00e1 heyr\u00f0i \u00e9g til mannsins \u00ed l\u00ednkl\u00e6\u00f0unum, sem var uppi yfir flj\u00f3tsv\u00f6tnunum. Hann f\u00f3rna\u00f0i h\u00e6gri og vinstri hendi til himins og s\u00f3r vi\u00f0 \u00feann, sem lifir eil\u00edflega, og sag\u00f0i: Eina t\u00ed\u00f0, tv\u00e6r t\u00ed\u00f0ir og h\u00e1lfa t\u00ed\u00f0. Og \u00feegar vald hans, sem ey\u00f0ir hina helgu \u00fej\u00f3\u00f0, er \u00e1 enda, mun allt \u00feetta fram koma.<a name=\"8\"><span class=\"versanumer\">8<\/span><\/a>\u00c9g heyr\u00f0i \u00feetta, en skildi \u00fea\u00f0 ekki, og sag\u00f0i \u00fev\u00ed: Herra minn, hver mun endir \u00e1 \u00feessu ver\u00f0a?<a name=\"9\"><span class=\"versanumer\">9<\/span><\/a>En hann sag\u00f0i: Far \u00fe\u00fa, Dan\u00edel, \u00fev\u00ed a\u00f0 or\u00f0unum er leyndum haldi\u00f0 og \u00feau innsiglu\u00f0, \u00fear til er endirinn kemur.<a name=\"10\"><span class=\"versanumer\">10<\/span><\/a>Margir munu ver\u00f0a kl\u00e1rir, hreinir og sk\u00edrir, en hinir \u00f3gu\u00f0legu munu breyta \u00f3gu\u00f0lega, og engir \u00f3gu\u00f0legir munu skilja \u00fea\u00f0, en hinir vitru munu skilja \u00fea\u00f0.<a name=\"11\"><span class=\"versanumer\">11<\/span><\/a>Og fr\u00e1 \u00feeim t\u00edma, er hin daglega f\u00f3rn ver\u00f0ur afnumin og vi\u00f0urstygg\u00f0 ey\u00f0ingarinnar upp reist, munu vera eitt \u00fe\u00fasund tv\u00f6 hundru\u00f0 og n\u00edut\u00edu dagar.<a name=\"12\"><span class=\"versanumer\">12<\/span><\/a>S\u00e6ll er s\u00e1, sem \u00feolugur \u00fereyr og n\u00e6r eitt \u00fe\u00fasund \u00ferj\u00fa hundru\u00f0 \u00ferj\u00e1t\u00edu og fimm d\u00f6gum.<a name=\"13\"><span class=\"versanumer\">13<\/span><\/a>En \u00fe\u00fa, gakk \u00e1fram til endalokanna, og \u00fe\u00fa munt hv\u00edlast og upp r\u00edsa til a\u00f0 taka \u00feitt hlutskipti vi\u00f0 endi daganna.<\/p>\n<div class=\"footnote1981\"><b>12.1<\/b> B\u00f3kin Slm 69.29; Opb 3.5<br \/>\n<b>12.2<\/b> Upprisa J\u00f3h 5.28-29<br \/>\n<b>12.3<\/b> Hinir vitru munu sk\u00edna SSal  3.7; Matt 13.43<br \/>\n<b>12.4<\/b> Halda leyndu Dan 8.26<br \/>\n<b>12.7<\/b> Hinn eil\u00edfi Opb 10.5-6<\/div>\n","protected":false},"excerpt":{"rendered":"<p>1En \u00e1 \u00feeim t\u00edma mun M\u00edkael, hinn mikli verndarengill, s\u00e1 er verndar landa \u00fe\u00edna, fram ganga.Og \u00fea\u00f0 skal ver\u00f0a svo mikil h\u00f6rmungat\u00ed\u00f0, a\u00f0 sl\u00edk mun aldrei veri\u00f0 hafa, fr\u00e1 \u00fev\u00ed er menn ur\u00f0u fyrst til og allt til \u00feess t\u00edma. \u00c1 \u00feeim t\u00edma mun \u00fej\u00f3\u00f0 \u00fe\u00edn frelsu\u00f0 ver\u00f0a, allir \u00feeir sem skr\u00e1\u00f0ir finnast \u00ed b\u00f3kinni.2Og margir \u00feeirra, sem sofa \u00ed dufti jar\u00f0arinnar, munu upp vakna, sumir til eil\u00edfs l\u00edfs, sumir til sm\u00e1nar, til eil\u00edfrar andstygg\u00f0ar.3Og hinir vitru munu sk\u00edna eins og lj\u00f3mi himinhvelfingarinnar og \u00feeir, sem leitt hafa marga til r\u00e9ttl\u00e6tis, eins og stj\u00f6rnurnar um aldur og \u00e6vi.4En \u00fe\u00fa, Dan\u00edel, <a href=\"https:\/\/biblian.is\/1981\/daniel-12-kafli\/\"> [&#8230;]<\/a><\/p>\n","protected":false},"author":1,"featured_media":0,"parent":0,"menu_order":0,"comment_status":"open","ping_status":"open","template":"bibliukaflar.php","meta":{"footnotes":""},"class_list":["post-2209","page","type-page","status-publish","hentry"],"_links":{"self":[{"href":"https:\/\/biblian.is\/1981\/wp-json\/wp\/v2\/pages\/2209","targetHints":{"allow":["GET"]}}],"collection":[{"href":"https:\/\/biblian.is\/1981\/wp-json\/wp\/v2\/pages"}],"about":[{"href":"https:\/\/biblian.is\/1981\/wp-json\/wp\/v2\/types\/page"}],"author":[{"embeddable":true,"href":"https:\/\/biblian.is\/1981\/wp-json\/wp\/v2\/users\/1"}],"replies":[{"embeddable":true,"href":"https:\/\/biblian.is\/1981\/wp-json\/wp\/v2\/comments?post=2209"}],"version-history":[{"count":0,"href":"https:\/\/biblian.is\/1981\/wp-json\/wp\/v2\/pages\/2209\/revisions"}],"wp:attachment":[{"href":"https:\/\/biblian.is\/1981\/wp-json\/wp\/v2\/media?parent=2209"}],"curies":[{"name":"wp","href":"https:\/\/api.w.org\/{rel}","templated":true}]}}