{"id":2206,"date":"2017-11-18T20:20:39","date_gmt":"2017-11-18T20:20:39","guid":{"rendered":"http:\/\/biblian.is\/1981\/daniel-9-kafli\/"},"modified":"2021-06-06T10:50:34","modified_gmt":"2021-06-06T10:50:34","slug":"daniel-9-kafli","status":"publish","type":"page","link":"https:\/\/biblian.is\/1981\/daniel-9-kafli\/","title":{"rendered":"Dan\u00edel 9. kafli"},"content":{"rendered":"<p><a name=\"1\"><span class=\"versanumer\">1<\/span><\/a>\u00c1 fyrsta r\u00edkis\u00e1ri Dar\u00edusar Ahasverussonar, sem var med\u00edskur a\u00f0 \u00e6tt og or\u00f0inn konungur yfir r\u00edki Kaldea,<a name=\"2\"><span class=\"versanumer\">2<\/span><\/a>\u00e1 fyrsta \u00e1ri r\u00edkisstj\u00f3rnar hans, hug\u00f0i \u00e9g, Dan\u00edel, \u00ed ritningunum a\u00f0 \u00e1rat\u00f6lu \u00feeirri, er Jer\u00fasalem \u00e1tti a\u00f0 liggja \u00ed r\u00fastum, samkv\u00e6mt or\u00f0i Drottins, \u00fev\u00ed er til Jerem\u00eda sp\u00e1manns haf\u00f0i komi\u00f0, sem s\u00e9 sj\u00f6t\u00edu \u00e1r.<a name=\"3\"><span class=\"versanumer\">3<\/span><\/a>\u00c9g sneri \u00fe\u00e1 \u00e1sj\u00f3nu minni til Drottins Gu\u00f0s til \u00feess a\u00f0 bera fram b\u00e6n m\u00edna og gr\u00e1tbei\u00f0ni me\u00f0 f\u00f6stu, \u00ed sekk og \u00f6sku.<a name=\"4\"><span class=\"versanumer\">4<\/span><\/a>\u00c9g ba\u00f0 til Drottins, Gu\u00f0s m\u00edns, gj\u00f6r\u00f0i j\u00e1tningu m\u00edna og sag\u00f0i: \u00c6, Drottinn, \u00fe\u00fa mikli og \u00f3gurlegi Gu\u00f0, sem heldur s\u00e1ttm\u00e1lann og miskunnsemina vi\u00f0 \u00fe\u00e1, sem elska hann og var\u00f0veita bo\u00f0or\u00f0 hans.<a name=\"5\"><span class=\"versanumer\">5<\/span><\/a>V\u00e9r h\u00f6fum syndga\u00f0 og illa gj\u00f6rt, v\u00e9r h\u00f6fum breytt \u00f3gu\u00f0lega og veri\u00f0 \u00fe\u00e9r m\u00f3tsn\u00fanir og viki\u00f0 fr\u00e1 bo\u00f0um \u00fe\u00ednum og setningum.<a name=\"6\"><span class=\"versanumer\">6<\/span><\/a>V\u00e9r h\u00f6fum ekki hl\u00fdtt \u00fej\u00f3num \u00fe\u00ednum, sp\u00e1m\u00f6nnunum, sem t\u00f6lu\u00f0u \u00ed \u00fe\u00ednu nafni til konunga vorra, h\u00f6f\u00f0ingja og fe\u00f0ra og til alls landsl\u00fd\u00f0sins.<a name=\"7\"><span class=\"versanumer\">7<\/span><\/a>\u00de\u00fa, Drottinn, ert r\u00e9ttl\u00e1tur, en v\u00e9r megum blyg\u00f0ast vor, sem v\u00e9r og gj\u00f6rum \u00ed dag, v\u00e9r J\u00fadamenn og Jer\u00fasalemb\u00faar og allur \u00cdsrael, b\u00e6\u00f0i \u00feeir sem n\u00e1l\u00e6gir eru og \u00feeir sem fjarl\u00e6gir eru \u00ed \u00f6llum \u00feeim l\u00f6ndum, \u00feanga\u00f0 sem \u00fe\u00fa hefir reki\u00f0 \u00fe\u00e1 fyrir trygg\u00f0rof \u00feeirra, er \u00feeir hafa \u00ed frammi vi\u00f0 \u00feig haft.<a name=\"8\"><span class=\"versanumer\">8<\/span><\/a>Drottinn, v\u00e9r megum blyg\u00f0ast vor, konungar vorir, h\u00f6f\u00f0ingjar vorir og fe\u00f0ur vorir, \u00fev\u00ed a\u00f0 v\u00e9r h\u00f6fum syndga\u00f0 m\u00f3ti \u00fe\u00e9r.<a name=\"9\"><span class=\"versanumer\">9<\/span><\/a>En hj\u00e1 Drottni, Gu\u00f0i vorum, er miskunnsemi og fyrirgefning, \u00fev\u00ed a\u00f0 v\u00e9r h\u00f6fum veri\u00f0 honum m\u00f3tsn\u00fanir<a name=\"10\"><span class=\"versanumer\">10<\/span><\/a>og ekki hl\u00fdtt raustu Drottins Gu\u00f0s vors, a\u00f0 breyta eftir bo\u00f0or\u00f0um hans, \u00feeim er hann fyrir oss lag\u00f0i fyrir munn \u00fej\u00f3na sinna, sp\u00e1mannanna.<a name=\"11\"><span class=\"versanumer\">11<\/span><\/a>J\u00e1, allur \u00cdsrael hefir broti\u00f0 l\u00f6gm\u00e1l \u00feitt, hefir viki\u00f0 fr\u00e1 \u00fe\u00e9r, svo a\u00f0 hann hl\u00fd\u00f0ir eigi framar raustu \u00feinni.\u00de\u00e1 var \u00feeirri ei\u00f0festu b\u00f6lvan \u00fathellt yfir oss, sem skrifu\u00f0 er \u00ed l\u00f6gm\u00e1li M\u00f3se, \u00fej\u00f3ns Gu\u00f0s, \u00fev\u00ed a\u00f0 v\u00e9r h\u00f6fum syndga\u00f0 m\u00f3ti honum.<a name=\"12\"><span class=\"versanumer\">12<\/span><\/a>Og hann efndi or\u00f0 s\u00edn, \u00feau er hann haf\u00f0i tala\u00f0 gegn oss og d\u00f3murum vorum, \u00feeim er yfirr\u00e1\u00f0 h\u00f6f\u00f0u yfir oss, a\u00f0 hann skyldi l\u00e1ta mikla \u00f3g\u00e6fu yfir oss koma, svo a\u00f0 hvergi \u00e1 jar\u00f0r\u00edki hefir sl\u00edk \u00f3g\u00e6fa or\u00f0i\u00f0 sem \u00ed Jer\u00fasalem.<a name=\"13\"><span class=\"versanumer\">13<\/span><\/a>Eins og skrifa\u00f0 er \u00ed l\u00f6gm\u00e1li M\u00f3se um alla \u00feessa \u00f3g\u00e6fu, svo er h\u00fan yfir oss komin. Og v\u00e9r h\u00f6fum ekki bl\u00ed\u00f0ka\u00f0 Drottin Gu\u00f0 vorn me\u00f0 \u00fev\u00ed a\u00f0 hverfa fr\u00e1 misgj\u00f6r\u00f0um vorum og gefa g\u00e6tur a\u00f0 tr\u00fafesti \u00feinni.<a name=\"14\"><span class=\"versanumer\">14<\/span><\/a>Og Drottinn vakti yfir \u00f3g\u00e6funni og l\u00e9t hana yfir oss koma, \u00fev\u00ed a\u00f0 Drottinn Gu\u00f0 vor er r\u00e9ttl\u00e1tur \u00ed \u00f6llum verkum s\u00ednum, \u00feeim er hann gj\u00f6rir, en v\u00e9r h\u00f6fum eigi hl\u00fdtt raustu hans.<a name=\"15\"><span class=\"versanumer\">15<\/span><\/a>Og n\u00fa, Drottinn Gu\u00f0 vor, \u00fe\u00fa sem \u00fatleiddir l\u00fd\u00f0 \u00feinn af Egyptalandi me\u00f0 sterkri hendi og afreka\u00f0ir \u00fe\u00e9r miki\u00f0 nafn fram \u00e1 \u00feennan dag, v\u00e9r h\u00f6fum syndga\u00f0, v\u00e9r h\u00f6fum breytt \u00f3gu\u00f0lega.<a name=\"16\"><span class=\"versanumer\">16<\/span><\/a>Drottinn, l\u00e1t \u00fe\u00fa samkv\u00e6mt r\u00e9ttl\u00e6ti \u00fev\u00ed, er \u00fe\u00fa \u00e1vallt hefir s\u00fdnt, gremi \u00fe\u00edna og heiftarrei\u00f0i \u00fe\u00edna hverfa fr\u00e1 borg \u00feinni Jer\u00fasalem, \u00fe\u00ednu heilaga fjalli, \u00fev\u00ed a\u00f0 fyrir syndir vorar og misgj\u00f6r\u00f0ir fe\u00f0ra vorra er Jer\u00fasalem og l\u00fd\u00f0ur \u00feinn or\u00f0inn a\u00f0 h\u00e1\u00f0ung hj\u00e1 \u00f6llum \u00feeim, sem umhverfis oss b\u00faa.<a name=\"17\"><span class=\"versanumer\">17<\/span><\/a>Heyr n\u00fa, Gu\u00f0 vor, b\u00e6n \u00fej\u00f3ns \u00fe\u00edns og gr\u00e1tbei\u00f0ni hans og l\u00e1t \u00e1sj\u00f3nu \u00fe\u00edna l\u00fdsa, fyrir sj\u00e1lfs \u00fe\u00edn sakir, Drottinn, yfir helgid\u00f3m \u00feinn, sem n\u00fa er \u00ed ey\u00f0i.<a name=\"18\"><span class=\"versanumer\">18<\/span><\/a>Hneig, Gu\u00f0 minn, eyra \u00feitt og heyr, lj\u00fak upp augum \u00fe\u00ednum og sj\u00e1 ey\u00f0ing vora og borgina, sem nefnd er eftir nafni \u00fe\u00ednu, \u00fev\u00ed a\u00f0 ekki framberum v\u00e9r au\u00f0mj\u00fakar b\u00e6nir fyrir \u00feig \u00ed trausti til vors eigin r\u00e9ttl\u00e6tis, heldur \u00ed trausti til \u00feinnar miklu miskunnsemi.<a name=\"19\"><span class=\"versanumer\">19<\/span><\/a>Drottinn, heyr! Drottinn, fyrirgef! Drottinn, hygg a\u00f0 og framkv\u00e6m! Tef eigi, fyrir sj\u00e1lfs \u00fe\u00edn sakir, Gu\u00f0 minn, \u00fev\u00ed a\u00f0 eftir \u00fe\u00ednu nafni er borg \u00fe\u00edn nefnd og l\u00fd\u00f0ur \u00feinn!<a name=\"20\"><span class=\"versanumer\">20<\/span><\/a>Me\u00f0an \u00e9g enn var a\u00f0 tala, ba\u00f0st fyrir og j\u00e1ta\u00f0i syndir m\u00ednar og syndir l\u00fd\u00f0s m\u00edns, \u00cdsraels, og frambar fyrir Drottin Gu\u00f0 minn au\u00f0mj\u00faka b\u00e6n fyrir hinu heilaga fjalli Gu\u00f0s m\u00edns,<a name=\"21\"><span class=\"versanumer\">21<\/span><\/a>j\u00e1, me\u00f0an \u00e9g enn var a\u00f0 tala \u00ed b\u00e6ninni, kom a\u00f0 m\u00e9r um \u00fea\u00f0 bil, er kveldf\u00f3rn er fram borin, ma\u00f0urinn Gabr\u00edel, sem \u00e9g haf\u00f0i \u00e1\u00f0ur s\u00e9\u00f0 \u00ed s\u00fdninni, \u00fe\u00e1 er \u00e9g hn\u00e9 \u00ed \u00f3megin.<a name=\"22\"><span class=\"versanumer\">22<\/span><\/a>Hann kom og tala\u00f0i vi\u00f0 mig og sag\u00f0i: Dan\u00edel, n\u00fa er \u00e9g \u00fat genginn til \u00feess a\u00f0 veita \u00fe\u00e9r gl\u00f6ggan skilning.<a name=\"23\"><span class=\"versanumer\">23<\/span><\/a>\u00deegar \u00fe\u00fa byrja\u00f0ir b\u00e6n \u00fe\u00edna, \u00fat gekk or\u00f0, og er \u00e9g hinga\u00f0 kominn til a\u00f0 kunngj\u00f6ra \u00fe\u00e9r \u00fea\u00f0, \u00fev\u00ed a\u00f0 \u00fe\u00fa ert \u00e1stm\u00f6gur Gu\u00f0s. Tak \u00fev\u00ed eftir or\u00f0inu og gef g\u00e6tur a\u00f0 vitraninni.<a name=\"24\"><span class=\"versanumer\">24<\/span><\/a>Sj\u00f6t\u00edu sj\u00f6undir eru \u00e1kve\u00f0nar l\u00fd\u00f0 \u00fe\u00ednum og \u00feinni heil\u00f6gu borg til \u00feess a\u00f0 dr\u00fdgja gl\u00e6pinn til fulls og fylla m\u00e6li syndanna og til \u00feess a\u00f0 fri\u00f0\u00fe\u00e6gja fyrir misgj\u00f6r\u00f0ina og lei\u00f0a fram eil\u00edft r\u00e9ttl\u00e6ti, til \u00feess a\u00f0 innsigla vitrun og sp\u00e1mann og v\u00edgja hi\u00f0 h\u00e1heilaga.<a name=\"25\"><span class=\"versanumer\">25<\/span><\/a>Vit \u00fev\u00ed og hygg a\u00f0: Fr\u00e1 \u00fev\u00ed, er or\u00f0i\u00f0 um endurreisn Jer\u00fasalem \u00fat gekk, til hins smur\u00f0a h\u00f6f\u00f0ingja, eru sj\u00f6 sj\u00f6undir, og \u00ed sext\u00edu og tv\u00e6r sj\u00f6undir skulu torg hennar og str\u00e6ti endurreist ver\u00f0a, \u00fe\u00f3 a\u00f0 \u00ferengingart\u00edmar s\u00e9u.<a name=\"26\"><span class=\"versanumer\">26<\/span><\/a>Og eftir \u00fe\u00e6r sext\u00edu og tv\u00e6r sj\u00f6undir mun hinn smur\u00f0i afm\u00e1\u00f0ur ver\u00f0a, og hann mun ekkert eiga, og borgina og helgid\u00f3minn mun ey\u00f0a \u00fej\u00f3\u00f0 h\u00f6f\u00f0ingja nokkurs, sem koma \u00e1, en hann mun farast \u00ed refsid\u00f3msfl\u00f3\u00f0inu, og allt til enda mun \u00f3fri\u00f0ur haldast vi\u00f0 og s\u00fa ey\u00f0ing, sem fastr\u00e1\u00f0in er.<a name=\"27\"><span class=\"versanumer\">27<\/span><\/a>Og hann mun gj\u00f6ra fastan s\u00e1ttm\u00e1la vi\u00f0 marga um eina sj\u00f6und, og um mi\u00f0ja sj\u00f6undina mun hann afnema sl\u00e1turf\u00f3rn og matf\u00f3rn, og \u00e1 v\u00e6ngjum vi\u00f0urstygg\u00f0arinnar mun ey\u00f0andinn koma, en eftir \u00fea\u00f0 mun gj\u00f6rey\u00f0ing, og h\u00fan fastr\u00e1\u00f0in, steypast yfir ey\u00f0andann.<\/p>\n<div class=\"footnote1981\"><b>9.6<\/b> Hafa ekki hl\u00fdtt Dan 9.10,14; Jer 7.26<br \/>\n<b>9.11<\/b> Brj\u00f3ta l\u00f6gm\u00e1li\u00f0 Jer 18.10; 42.13,18<\/div>\n","protected":false},"excerpt":{"rendered":"<p>1\u00c1 fyrsta r\u00edkis\u00e1ri Dar\u00edusar Ahasverussonar, sem var med\u00edskur a\u00f0 \u00e6tt og or\u00f0inn konungur yfir r\u00edki Kaldea,2\u00e1 fyrsta \u00e1ri r\u00edkisstj\u00f3rnar hans, hug\u00f0i \u00e9g, Dan\u00edel, \u00ed ritningunum a\u00f0 \u00e1rat\u00f6lu \u00feeirri, er Jer\u00fasalem \u00e1tti a\u00f0 liggja \u00ed r\u00fastum, samkv\u00e6mt or\u00f0i Drottins, \u00fev\u00ed er til Jerem\u00eda sp\u00e1manns haf\u00f0i komi\u00f0, sem s\u00e9 sj\u00f6t\u00edu \u00e1r.3\u00c9g sneri \u00fe\u00e1 \u00e1sj\u00f3nu minni til Drottins Gu\u00f0s til \u00feess a\u00f0 bera fram b\u00e6n m\u00edna og gr\u00e1tbei\u00f0ni me\u00f0 f\u00f6stu, \u00ed sekk og \u00f6sku.4\u00c9g ba\u00f0 til Drottins, Gu\u00f0s m\u00edns, gj\u00f6r\u00f0i j\u00e1tningu m\u00edna og sag\u00f0i: \u00c6, Drottinn, \u00fe\u00fa mikli og \u00f3gurlegi Gu\u00f0, sem heldur s\u00e1ttm\u00e1lann og miskunnsemina vi\u00f0 \u00fe\u00e1, sem elska hann og var\u00f0veita <a href=\"https:\/\/biblian.is\/1981\/daniel-9-kafli\/\"> [&#8230;]<\/a><\/p>\n","protected":false},"author":1,"featured_media":0,"parent":0,"menu_order":0,"comment_status":"open","ping_status":"open","template":"bibliukaflar.php","meta":{"footnotes":""},"class_list":["post-2206","page","type-page","status-publish","hentry"],"_links":{"self":[{"href":"https:\/\/biblian.is\/1981\/wp-json\/wp\/v2\/pages\/2206","targetHints":{"allow":["GET"]}}],"collection":[{"href":"https:\/\/biblian.is\/1981\/wp-json\/wp\/v2\/pages"}],"about":[{"href":"https:\/\/biblian.is\/1981\/wp-json\/wp\/v2\/types\/page"}],"author":[{"embeddable":true,"href":"https:\/\/biblian.is\/1981\/wp-json\/wp\/v2\/users\/1"}],"replies":[{"embeddable":true,"href":"https:\/\/biblian.is\/1981\/wp-json\/wp\/v2\/comments?post=2206"}],"version-history":[{"count":0,"href":"https:\/\/biblian.is\/1981\/wp-json\/wp\/v2\/pages\/2206\/revisions"}],"wp:attachment":[{"href":"https:\/\/biblian.is\/1981\/wp-json\/wp\/v2\/media?parent=2206"}],"curies":[{"name":"wp","href":"https:\/\/api.w.org\/{rel}","templated":true}]}}