{"id":2205,"date":"2017-11-18T20:20:39","date_gmt":"2017-11-18T20:20:39","guid":{"rendered":"http:\/\/biblian.is\/1981\/daniel-8-kafli\/"},"modified":"2021-06-06T10:50:33","modified_gmt":"2021-06-06T10:50:33","slug":"daniel-8-kafli","status":"publish","type":"page","link":"https:\/\/biblian.is\/1981\/daniel-8-kafli\/","title":{"rendered":"Dan\u00edel 8. kafli"},"content":{"rendered":"<p><a name=\"1\"><span class=\"versanumer\">1<\/span><\/a>\u00c1 \u00feri\u00f0ja r\u00edkis\u00e1ri Belsasars konungs birtist m\u00e9r, Dan\u00edel, s\u00fdn, eftir \u00fe\u00e1, sem \u00e1\u00f0ur haf\u00f0i birst m\u00e9r.<a name=\"2\"><span class=\"versanumer\">2<\/span><\/a>Og \u00e9g horf\u00f0i \u00ed s\u00fdninni, og var \u00fe\u00e1, er \u00e9g horf\u00f0i, sem \u00e9g v\u00e6ri \u00ed borginni S\u00fasa, sem er \u00ed Elamh\u00e9ra\u00f0i, og \u00e9g horf\u00f0i \u00ed s\u00fdninni og var \u00e9g staddur vi\u00f0 \u00dala\u00edflj\u00f3ti\u00f0.<a name=\"3\"><span class=\"versanumer\">3<\/span><\/a>\u00de\u00e1 h\u00f3f \u00e9g upp augu m\u00edn og leit hr\u00fat nokkurn standa fram vi\u00f0 flj\u00f3ti\u00f0.Hann var tv\u00edhyrndur, og h\u00e1 hornin, og \u00fe\u00f3 anna\u00f0 h\u00e6rra en hitt, og spratt h\u00e6rra horni\u00f0 s\u00ed\u00f0ar upp.<a name=\"4\"><span class=\"versanumer\">4<\/span><\/a>\u00c9g s\u00e1 hr\u00fatinn stanga hornum m\u00f3t vestri, nor\u00f0ri og su\u00f0ri, og engin d\u00fdr g\u00e1tu vi\u00f0 honum sta\u00f0ist, og enginn gat frelsa\u00f0 nokkurn undan valdi hans. Hann gj\u00f6r\u00f0i sem honum leist og framkv\u00e6mdi mikla hluti.<a name=\"5\"><span class=\"versanumer\">5<\/span><\/a>En er \u00e9g gaf n\u00e1kv\u00e6mlega g\u00e6tur a\u00f0, s\u00e1 \u00e9g a\u00f0 geithafur nokkur kom vestan. Lei\u00f0 hann yfir alla j\u00f6r\u00f0ina \u00e1n \u00feess a\u00f0 koma vi\u00f0 hana, og hafurinn haf\u00f0i afar st\u00f3rt horn milli augnanna.<a name=\"6\"><span class=\"versanumer\">6<\/span><\/a>Hann kom til tv\u00edhyrnda hr\u00fatsins, sem \u00e9g s\u00e1 standa fram vi\u00f0 flj\u00f3ti\u00f0, og rann \u00e1 hann \u00ed heiftar\u00e6\u00f0i.<a name=\"7\"><span class=\"versanumer\">7<\/span><\/a>Og \u00e9g s\u00e1 hann hitta hr\u00fatinn \u00e1 s\u00ed\u00f0una, og hann var\u00f0 mj\u00f6g illur vi\u00f0 hann og laust hr\u00fatinn og braut b\u00e6\u00f0i horn hans, svo a\u00f0 hr\u00faturinn haf\u00f0i ekki m\u00e1tt til a\u00f0 veita honum vi\u00f0n\u00e1m. Og hann fleyg\u00f0i honum til jar\u00f0ar og tr\u00f3\u00f0 hann undir, og m\u00e1tti enginn frelsa hr\u00fatinn undan valdi hans.<a name=\"8\"><span class=\"versanumer\">8<\/span><\/a>Og geithafurinn framkv\u00e6mdi mj\u00f6g mikla hluti, en er m\u00e1ttur hans var sem mestur, brotna\u00f0i horni\u00f0 mikla, og \u00ed \u00feess sta\u00f0 spruttu upp \u00f6nnur fj\u00f6gur, gegnt h\u00f6fu\u00f0\u00e1ttunum fj\u00f3rum.<a name=\"9\"><span class=\"versanumer\">9<\/span><\/a>Og \u00fat fr\u00e1 einu \u00feeirra spratt anna\u00f0 l\u00edti\u00f0 horn og \u00f3x mj\u00f6g til su\u00f0urs og austurs og m\u00f3t pr\u00fd\u00f0i landanna.<a name=\"10\"><span class=\"versanumer\">10<\/span><\/a>\u00dea\u00f0 \u00f3x og m\u00f3ti her himnanna og varpa\u00f0i til jar\u00f0ar nokkrum af hernum og af stj\u00f6rnunum, og tr\u00f3\u00f0 \u00fe\u00e1 undir.<a name=\"11\"><span class=\"versanumer\">11<\/span><\/a>J\u00e1, \u00fea\u00f0 \u00f3x m\u00f3ti h\u00f6f\u00f0ingja hersins, og \u00fea\u00f0 l\u00e9t afnema hina daglegu f\u00f3rn, og hans heilagi b\u00fasta\u00f0ur var ni\u00f0ur rifinn.<a name=\"12\"><span class=\"versanumer\">12<\/span><\/a>Og herinn var framseldur \u00e1samt hinni daglegu f\u00f3rn vegna misgj\u00f6r\u00f0arinnar, og horni\u00f0 varp sannleikanum til jar\u00f0ar, j\u00e1, sl\u00edkt gj\u00f6r\u00f0i \u00fea\u00f0 og var giftudrj\u00fagt.<a name=\"13\"><span class=\"versanumer\">13<\/span><\/a>\u00de\u00e1 heyr\u00f0i \u00e9g einn heilagan tala, og annar heilagur sag\u00f0i vi\u00f0 hinn, sem tala\u00f0i: Hva\u00f0 \u00e1 h\u00fan s\u00e9r langan aldur \u00feessi s\u00fdn um hina daglegu f\u00f3rn og um hinn hr\u00e6\u00f0ilega gl\u00e6p, fr\u00e1 \u00fev\u00ed er hann framselur helgid\u00f3minn og herinn, svo a\u00f0 hann ver\u00f0i ni\u00f0ur tro\u00f0inn?<a name=\"14\"><span class=\"versanumer\">14<\/span><\/a>Og hann sag\u00f0i vi\u00f0 hann: Tv\u00f6 \u00fe\u00fasund og \u00ferj\u00fa hundru\u00f0 kveld og morgnar, og \u00fe\u00e1 mun helgid\u00f3murinn aftur ver\u00f0a kominn \u00ed samt lag.<a name=\"15\"><span class=\"versanumer\">15<\/span><\/a>\u00deegar \u00e9g, Dan\u00edel, s\u00e1 \u00feessa s\u00fdn og leita\u00f0ist vi\u00f0 a\u00f0 skilja hana, \u00fe\u00e1 st\u00f3\u00f0 allt \u00ed einu einhver frammi fyrir m\u00e9r, l\u00edkur manni \u00e1s\u00fdndar.<a name=\"16\"><span class=\"versanumer\">16<\/span><\/a>Og \u00e9g heyr\u00f0i mannsraust milli \u00dala\u00ed-bakka, sem kalla\u00f0i og sag\u00f0i: Gabr\u00edel, \u00fatsk\u00fdr \u00fe\u00fa s\u00fdnina fyrir \u00feessum manni.<a name=\"17\"><span class=\"versanumer\">17<\/span><\/a>Og hann gekk til m\u00edn, \u00fear sem \u00e9g st\u00f3\u00f0, en er hann kom, var\u00f0 \u00e9g hr\u00e6ddur og f\u00e9ll fram \u00e1 \u00e1sj\u00f3nu m\u00edna. En hann sag\u00f0i vi\u00f0 mig: Gef g\u00e6tur a\u00f0, \u00fe\u00fa mannsson, \u00fev\u00ed a\u00f0 s\u00fdnin \u00e1 vi\u00f0 t\u00ed\u00f0 endalokanna.<a name=\"18\"><span class=\"versanumer\">18<\/span><\/a>Og me\u00f0an hann tala\u00f0i vi\u00f0 mig, lei\u00f0 \u00e9g \u00ed \u00f3megin til jar\u00f0ar fram \u00e1 \u00e1sj\u00f3nu m\u00edna, en hann snart mig og reisti mig aftur \u00e1 f\u00e6tur, \u00fear er \u00e9g haf\u00f0i sta\u00f0i\u00f0.<a name=\"19\"><span class=\"versanumer\">19<\/span><\/a>Og hann sag\u00f0i: Sj\u00e1, \u00e9g kunngj\u00f6ri \u00fe\u00e9r, hva\u00f0 ver\u00f0a muni, \u00fe\u00e1 er hin gu\u00f0lega rei\u00f0i tekur enda, \u00fev\u00ed a\u00f0 s\u00fdnin \u00e1 vi\u00f0 t\u00ed\u00f0 endalokanna.<a name=\"20\"><span class=\"versanumer\">20<\/span><\/a>Tv\u00edhyrndi hr\u00faturinn, sem \u00fe\u00fa s\u00e1st, merkir konungana \u00ed Med\u00edu og Pers\u00edu,<a name=\"21\"><span class=\"versanumer\">21<\/span><\/a>og hinn lo\u00f0ni geithafur merkir Grikklands konung, og horni\u00f0 mikla milli augna hans er fyrsti konungurinn.<a name=\"22\"><span class=\"versanumer\">22<\/span><\/a>Og a\u00f0 \u00fea\u00f0 brotna\u00f0i og fj\u00f6gur spruttu aftur upp \u00ed \u00feess sta\u00f0, \u00fea\u00f0 merkir, a\u00f0 fj\u00f6gur konungsr\u00edki munu hefjast af \u00fej\u00f3\u00f0inni, og \u00fe\u00f3 ekki jafnvoldug sem hann var.<a name=\"23\"><span class=\"versanumer\">23<\/span><\/a>En er r\u00edki \u00feeirra tekur enda, \u00fe\u00e1 er tr\u00farofarnir hafa fyllt m\u00e6linn, mun konungur nokkur upp r\u00edsa, b\u00e6\u00f0i ill\u00fa\u00f0legur og hrekkv\u00eds.<a name=\"24\"><span class=\"versanumer\">24<\/span><\/a>Vald hans mun miki\u00f0 ver\u00f0a, og \u00fe\u00f3 eigi fyrir \u00fer\u00f3tt sj\u00e1lfs hans. Hann mun gj\u00f6ra \u00f3tr\u00falega miki\u00f0 tj\u00f3n og ver\u00f0a giftudrj\u00fagur \u00ed \u00fev\u00ed, er hann tekur s\u00e9r fyrir hendur.Hann mun voldugum tj\u00f3n vinna og hugur hans beinast gegn hinum heil\u00f6gu.<a name=\"25\"><span class=\"versanumer\">25<\/span><\/a>V\u00e9lr\u00e6\u00f0um mun hann til vegar koma me\u00f0 hendi sinni og hyggja \u00e1 st\u00f3rr\u00e6\u00f0i og steypa m\u00f6rgum \u00ed gl\u00f6tun, er \u00feeir eiga s\u00e9r einskis ills von. J\u00e1, hann mun r\u00edsa gegn h\u00f6f\u00f0ingja h\u00f6f\u00f0ingjanna, en \u00fe\u00f3 sundur mulinn ver\u00f0a \u00e1n manna tilverkna\u00f0ar.<a name=\"26\"><span class=\"versanumer\">26<\/span><\/a>Og s\u00fdnin um kveld og morgun, sem um var tala\u00f0, h\u00fan er s\u00f6nn, en leyn \u00fe\u00fa \u00feeirri s\u00fdn, \u00fev\u00ed a\u00f0 h\u00fan \u00e1 s\u00e9r langan aldur.<a name=\"27\"><span class=\"versanumer\">27<\/span><\/a>En \u00e9g, Dan\u00edel, var\u00f0 sj\u00fakur um hr\u00ed\u00f0. \u00dev\u00ed n\u00e6st komst \u00e9g \u00e1 f\u00e6tur aftur og \u00fej\u00f3na\u00f0i a\u00f0 erindum konungs, og \u00e9g var mj\u00f6g undrandi yfir s\u00fdn \u00feessari, en skildi hana eigi.<\/p>\n<div class=\"footnote1981\"><b>8.3<\/b> Hr\u00fatur Esk 34.17<br \/>\n<b>8.10<\/b> Stj\u00f6rnur Dan 12.3; Jes 14.13-14; Opb 12.4<br \/>\n<b>8.16<\/b> Gabr\u00edel Dan 9.21; L\u00fak 1.19-26<br \/>\n<b>8.17<\/b> F\u00e9ll \u00e1 gr\u00fafu Esk 1.28; Opb 1.17 \u2013 s\u00ed\u00f0ustu t\u00edmar Dan 11.35; Esk 21.30; Am 8.2; 1Kor 15.24<br \/>\n<b>8.18<\/b> Dj\u00fapur svefn 1M\u00f3s 2.21; 15.12; J\u00f3n 1.5-6<\/div>\n","protected":false},"excerpt":{"rendered":"<p>1\u00c1 \u00feri\u00f0ja r\u00edkis\u00e1ri Belsasars konungs birtist m\u00e9r, Dan\u00edel, s\u00fdn, eftir \u00fe\u00e1, sem \u00e1\u00f0ur haf\u00f0i birst m\u00e9r.2Og \u00e9g horf\u00f0i \u00ed s\u00fdninni, og var \u00fe\u00e1, er \u00e9g horf\u00f0i, sem \u00e9g v\u00e6ri \u00ed borginni S\u00fasa, sem er \u00ed Elamh\u00e9ra\u00f0i, og \u00e9g horf\u00f0i \u00ed s\u00fdninni og var \u00e9g staddur vi\u00f0 \u00dala\u00edflj\u00f3ti\u00f0.3\u00de\u00e1 h\u00f3f \u00e9g upp augu m\u00edn og leit hr\u00fat nokkurn standa fram vi\u00f0 flj\u00f3ti\u00f0.Hann var tv\u00edhyrndur, og h\u00e1 hornin, og \u00fe\u00f3 anna\u00f0 h\u00e6rra en hitt, og spratt h\u00e6rra horni\u00f0 s\u00ed\u00f0ar upp.4\u00c9g s\u00e1 hr\u00fatinn stanga hornum m\u00f3t vestri, nor\u00f0ri og su\u00f0ri, og engin d\u00fdr g\u00e1tu vi\u00f0 honum sta\u00f0ist, og enginn gat frelsa\u00f0 nokkurn undan valdi <a href=\"https:\/\/biblian.is\/1981\/daniel-8-kafli\/\"> [&#8230;]<\/a><\/p>\n","protected":false},"author":1,"featured_media":0,"parent":0,"menu_order":0,"comment_status":"open","ping_status":"open","template":"bibliukaflar.php","meta":{"footnotes":""},"class_list":["post-2205","page","type-page","status-publish","hentry"],"_links":{"self":[{"href":"https:\/\/biblian.is\/1981\/wp-json\/wp\/v2\/pages\/2205","targetHints":{"allow":["GET"]}}],"collection":[{"href":"https:\/\/biblian.is\/1981\/wp-json\/wp\/v2\/pages"}],"about":[{"href":"https:\/\/biblian.is\/1981\/wp-json\/wp\/v2\/types\/page"}],"author":[{"embeddable":true,"href":"https:\/\/biblian.is\/1981\/wp-json\/wp\/v2\/users\/1"}],"replies":[{"embeddable":true,"href":"https:\/\/biblian.is\/1981\/wp-json\/wp\/v2\/comments?post=2205"}],"version-history":[{"count":0,"href":"https:\/\/biblian.is\/1981\/wp-json\/wp\/v2\/pages\/2205\/revisions"}],"wp:attachment":[{"href":"https:\/\/biblian.is\/1981\/wp-json\/wp\/v2\/media?parent=2205"}],"curies":[{"name":"wp","href":"https:\/\/api.w.org\/{rel}","templated":true}]}}