{"id":2204,"date":"2017-11-18T20:20:39","date_gmt":"2017-11-18T20:20:39","guid":{"rendered":"http:\/\/biblian.is\/1981\/daniel-7-kafli\/"},"modified":"2021-06-06T10:50:33","modified_gmt":"2021-06-06T10:50:33","slug":"daniel-7-kafli","status":"publish","type":"page","link":"https:\/\/biblian.is\/1981\/daniel-7-kafli\/","title":{"rendered":"Dan\u00edel 7. kafli"},"content":{"rendered":"<p><a name=\"1\"><span class=\"versanumer\">1<\/span><\/a>\u00c1 fyrsta r\u00edkis\u00e1ri Belsasars konungs \u00ed Bab\u00fdlon dreymdi Dan\u00edel draum, og s\u00fdnir bar fyrir hann \u00ed rekkju hans. S\u00ed\u00f0an skr\u00e1setti hann drauminn og sag\u00f0i fr\u00e1 a\u00f0alatri\u00f0unum.<a name=\"2\"><span class=\"versanumer\">2<\/span><\/a>Dan\u00edel h\u00f3f upp og sag\u00f0i: \u00c9g s\u00e1 \u00ed s\u00fdn minni \u00e1 n\u00e6tur\u00feeli, hversu \u00feeir fj\u00f3rir vindar himinsins r\u00f3tu\u00f0u upp hinu mikla hafi.<a name=\"3\"><span class=\"versanumer\">3<\/span><\/a>Og fj\u00f6gur st\u00f3r d\u00fdr stigu upp af hafinu, hvert \u00f6\u00f0ru \u00f3l\u00edkt.<a name=\"4\"><span class=\"versanumer\">4<\/span><\/a>Fyrsta d\u00fdri\u00f0 l\u00edktist lj\u00f3ni og haf\u00f0i arnarv\u00e6ngi. \u00c9g horf\u00f0i \u00e1 \u00fea\u00f0, \u00fear til er v\u00e6ngir \u00feess voru reyttir af \u00fev\u00ed, og \u00fev\u00ed var lyft upp fr\u00e1 j\u00f6r\u00f0inni og reist \u00e1 f\u00e6turna eins og ma\u00f0ur, og \u00fev\u00ed var fengi\u00f0 mannshjarta.<a name=\"5\"><span class=\"versanumer\">5<\/span><\/a>Og sj\u00e1, \u00fe\u00e1 kom anna\u00f0 d\u00fdr, hi\u00f0 anna\u00f0 \u00ed r\u00f6\u00f0inni. \u00dea\u00f0 var l\u00edkt bjarnd\u00fdri. \u00dea\u00f0 var risi\u00f0 upp \u00e1 a\u00f0ra hli\u00f0ina og haf\u00f0i \u00ferj\u00fa rif \u00ed munni s\u00e9r milli tannanna. Til \u00feess var m\u00e6lt: Statt upp og et miki\u00f0 kj\u00f6t.<a name=\"6\"><span class=\"versanumer\">6<\/span><\/a>Eftir \u00feetta s\u00e1 \u00e9g enn d\u00fdr, l\u00edkt pardusd\u00fdri, og haf\u00f0i \u00fea\u00f0 fj\u00f3ra fuglsv\u00e6ngi \u00e1 s\u00ed\u00f0unum. \u00deetta d\u00fdr haf\u00f0i fj\u00f6gur h\u00f6fu\u00f0, og \u00fev\u00ed var vald gefi\u00f0.<a name=\"7\"><span class=\"versanumer\">7<\/span><\/a>Eftir \u00feetta s\u00e1 \u00e9g \u00ed n\u00e6turs\u00fdnum fj\u00f3r\u00f0a d\u00fdri\u00f0. \u00dea\u00f0 var hr\u00e6\u00f0ilegt, \u00f3gurlegt og yfirtaks \u00f6flugt. \u00dea\u00f0 haf\u00f0i st\u00f3rar j\u00e1rntennur, \u00e1t og muldi sundur, og \u00fea\u00f0, sem eftir var\u00f0, tr\u00f3\u00f0 \u00fea\u00f0 sundur me\u00f0 f\u00f3tunum. \u00dea\u00f0 var \u00f3l\u00edkt \u00f6llum fyrri d\u00fdrunum og haf\u00f0i t\u00edu horn.<a name=\"8\"><span class=\"versanumer\">8<\/span><\/a>\u00c9g athuga\u00f0i hornin og s\u00e1 \u00fe\u00e1, hvar anna\u00f0 l\u00edti\u00f0 horn spratt upp milli \u00feeirra, og \u00ferj\u00fa af fyrri hornunum voru slitin upp fyrir \u00fea\u00f0. Og sj\u00e1, \u00feetta horn haf\u00f0i augu, eins og mannsaugu, og munn, sem tala\u00f0i g\u00edfuryr\u00f0i.<a name=\"9\"><span class=\"versanumer\">9<\/span><\/a>\u00c9g horf\u00f0i og horf\u00f0i, \u00fear til er st\u00f3lar voru settir fram og hinn aldra\u00f0i settist ni\u00f0ur. Kl\u00e6\u00f0i hans voru hv\u00edt sem snj\u00f3r og h\u00f6fu\u00f0h\u00e1r hans sem hrein ull. H\u00e1s\u00e6ti hans var eldslogar og hj\u00f3lin undir \u00fev\u00ed eldur brennandi.<a name=\"10\"><span class=\"versanumer\">10<\/span><\/a>Eldstraumur gekk \u00fat fr\u00e1 honum, \u00fe\u00fasundir \u00fe\u00fasunda \u00fej\u00f3nu\u00f0u honum og t\u00ed\u00fe\u00fasundir t\u00ed\u00fe\u00fasunda st\u00f3\u00f0u frammi fyrir honum. D\u00f3mendurnir settust ni\u00f0ur og b\u00f3kunum var flett upp.<a name=\"11\"><span class=\"versanumer\">11<\/span><\/a>\u00c9g horf\u00f0i og horf\u00f0i vegna hinna h\u00e1v\u00e6ru st\u00f3ryr\u00f0a, sem horni\u00f0 tala\u00f0i, \u00fear til er d\u00fdri\u00f0 var drepi\u00f0, l\u00edkami \u00feess ey\u00f0ilag\u00f0ur og honum kasta\u00f0 \u00ed eld til a\u00f0 brennast.<a name=\"12\"><span class=\"versanumer\">12<\/span><\/a>Vald hinna d\u00fdranna var og fr\u00e1 \u00feeim teki\u00f0 og \u00feeim afmarka\u00f0 l\u00edfskei\u00f0 til \u00e1kve\u00f0ins t\u00edma og stundar.<a name=\"13\"><span class=\"versanumer\">13<\/span><\/a>\u00c9g horf\u00f0i \u00ed n\u00e6turs\u00fdnunum, og sj\u00e1, einhver kom \u00ed sk\u00fdjum himins, sem mannssyni l\u00edktist. Hann kom \u00feanga\u00f0, er hinn aldra\u00f0i var fyrir, og var leiddur fyrir hann.<a name=\"14\"><span class=\"versanumer\">14<\/span><\/a>Og honum var gefi\u00f0 vald, hei\u00f0ur og r\u00edki, svo a\u00f0 honum skyldu \u00fej\u00f3na allir l\u00fd\u00f0ir, \u00fej\u00f3\u00f0ir og tungur. Hans vald er eil\u00edft vald, sem ekki skal undir lok l\u00ed\u00f0a, og r\u00edki hans skal aldrei \u00e1 grunn ganga.<a name=\"15\"><span class=\"versanumer\">15<\/span><\/a>\u00dat af \u00feessu var\u00f0 \u00e9g, Dan\u00edel, sturla\u00f0ur, og s\u00fdnirnar, sem fyrir mig bar, skelfdu mig.<a name=\"16\"><span class=\"versanumer\">16<\/span><\/a>\u00c9g gekk \u00fe\u00e1 til eins af \u00feeim, er \u00fear st\u00f3\u00f0u, og ba\u00f0 hann um \u00e1rei\u00f0anlega sk\u00fdring \u00e1 \u00f6llu \u00feessu. Hann tala\u00f0i til m\u00edn og sag\u00f0i m\u00e9r svofellda \u00fe\u00fd\u00f0ing alls \u00feessa:<a name=\"17\"><span class=\"versanumer\">17<\/span><\/a>\u00deessi st\u00f3ru d\u00fdr, fj\u00f6gur a\u00f0 t\u00f6lu, merkja \u00fea\u00f0, a\u00f0 fj\u00f3rir konungar munu hefjast \u00e1 j\u00f6r\u00f0inni,<a name=\"18\"><span class=\"versanumer\">18<\/span><\/a>en hinir heil\u00f6gu Hins h\u00e6sta munu eignast r\u00edki\u00f0, og \u00feeir munu halda r\u00edkinu \u00e6vinlega og um aldir alda.<a name=\"19\"><span class=\"versanumer\">19<\/span><\/a>\u00de\u00e1 vildi \u00e9g f\u00e1 \u00e1rei\u00f0anlega vitneskju um fj\u00f3r\u00f0a d\u00fdri\u00f0, sem var \u00f3l\u00edkt \u00f6llum hinum d\u00fdrunum, \u00f3gurlegt mj\u00f6g, me\u00f0 j\u00e1rnt\u00f6nnum og eirkl\u00f3m, sem \u00e1t, knosa\u00f0i og sundur tr\u00f3\u00f0 me\u00f0 f\u00f3tunum \u00fea\u00f0, sem \u00fea\u00f0 leif\u00f0i,<a name=\"20\"><span class=\"versanumer\">20<\/span><\/a>svo og um hornin t\u00edu, sem voru \u00e1 h\u00f6f\u00f0i \u00feess, og um hitt horni\u00f0, sem \u00fear spratt upp og \u00ferj\u00fa hornin f\u00e9llu fyrir, \u00feetta horn, sem haf\u00f0i augu og munn, er tala\u00f0i g\u00edfuryr\u00f0i og meira var \u00e1s\u00fdndum en hin.<a name=\"21\"><span class=\"versanumer\">21<\/span><\/a>\u00c9g horf\u00f0i \u00e1, hvernig horn \u00feetta h\u00e1\u00f0i str\u00ed\u00f0 vi\u00f0 hina heil\u00f6gu og haf\u00f0i sigur yfir \u00feeim,<a name=\"22\"><span class=\"versanumer\">22<\/span><\/a>\u00fear til er hinn aldra\u00f0i kom og hinir heil\u00f6gu Hins h\u00e6sta fengu n\u00e1\u00f0 r\u00e9tti s\u00ednum og s\u00e1 t\u00edmi kom, a\u00f0 hinir heil\u00f6gu settust a\u00f0 v\u00f6ldum.<a name=\"23\"><span class=\"versanumer\">23<\/span><\/a>Hann sag\u00f0i svo: Fj\u00f3r\u00f0a d\u00fdri\u00f0 merkir, a\u00f0 fj\u00f3r\u00f0a konungsr\u00edki\u00f0 mun r\u00edsa upp \u00e1 j\u00f6r\u00f0inni, sem \u00f3l\u00edkt mun ver\u00f0a \u00f6llum hinum konungsr\u00edkjunum, og \u00fea\u00f0 mun upp svelgja \u00f6ll l\u00f6nd, ni\u00f0ur tro\u00f0a \u00feau og sundur merja.<a name=\"24\"><span class=\"versanumer\">24<\/span><\/a>Og hornin t\u00edu merkja \u00fea\u00f0, a\u00f0 af \u00feessu r\u00edki munu upp koma t\u00edu konungar, og annar konungur mun upp r\u00edsa eftir \u00fe\u00e1, og hann mun ver\u00f0a \u00f3l\u00edkur hinum fyrri, og \u00feremur konungum mun hann steypa.<a name=\"25\"><span class=\"versanumer\">25<\/span><\/a>Hann mun or\u00f0 m\u00e6la gegn Hinum h\u00e6sta, k\u00faga hina heil\u00f6gu Hins h\u00e6sta og hafa \u00ed hyggju a\u00f0 umbreyta helgit\u00ed\u00f0um og l\u00f6gum, og \u00feeir munu honum \u00ed hendur seldir ver\u00f0a um eina t\u00ed\u00f0, tv\u00e6r t\u00ed\u00f0ir og h\u00e1lfa t\u00ed\u00f0.<a name=\"26\"><span class=\"versanumer\">26<\/span><\/a>En d\u00f3murinn mun settur ver\u00f0a og hann sviptur v\u00f6ldum til \u00feess a\u00f0 afm\u00e1 \u00feau me\u00f0 \u00f6llu og a\u00f0 engu gj\u00f6ra.<a name=\"27\"><span class=\"versanumer\">27<\/span><\/a>En r\u00edki, vald og m\u00e1ttur allra konungsr\u00edkja, sem undir himninum eru, mun gefi\u00f0 ver\u00f0a heil\u00f6gum l\u00fd\u00f0 Hins h\u00e6sta. R\u00edki hans mun ver\u00f0a eil\u00edft r\u00edki, og \u00f6ll veldi munu \u00fej\u00f3na \u00fev\u00ed og hl\u00fd\u00f0a.<a name=\"28\"><span class=\"versanumer\">28<\/span><\/a>H\u00e9r er \u00fea\u00f0 m\u00e1l \u00e1 enda. En mig, Dan\u00edel, skelfdu hugsanir m\u00ednar mj\u00f6g, svo a\u00f0 \u00e9g gj\u00f6r\u00f0ist litverpur, og \u00e9g geymdi \u00feetta \u00ed hjarta m\u00ednu.<\/p>\n<div class=\"footnote1981\"><b>7.9<\/b> H\u00e1s\u00e6ti Opb 20.4,11-12 \u2013 hinn aldni Opb 1.13-16; 5.11 \u2013 hv\u00edt kl\u00e6\u00f0i Matt 17.2; 28.3<br \/>\n<b>7.10<\/b> Eldur streymdi Slm 50.3 \u2013 b\u00f3kum flett upp Jer 17.1; Opb 13.8; 20.12<br \/>\n<b>7.11<\/b> D\u00fdri\u00f0 drepi\u00f0 Opb 19.19-21<br \/>\n<b>7.18<\/b> Hinir heil\u00f6gu Dan 8.24; Slm 34.10; Post 9.13<br \/>\n<b>7.22<\/b> D\u00f3mur Opb 20.4<\/div>\n","protected":false},"excerpt":{"rendered":"<p>1\u00c1 fyrsta r\u00edkis\u00e1ri Belsasars konungs \u00ed Bab\u00fdlon dreymdi Dan\u00edel draum, og s\u00fdnir bar fyrir hann \u00ed rekkju hans. S\u00ed\u00f0an skr\u00e1setti hann drauminn og sag\u00f0i fr\u00e1 a\u00f0alatri\u00f0unum.2Dan\u00edel h\u00f3f upp og sag\u00f0i: \u00c9g s\u00e1 \u00ed s\u00fdn minni \u00e1 n\u00e6tur\u00feeli, hversu \u00feeir fj\u00f3rir vindar himinsins r\u00f3tu\u00f0u upp hinu mikla hafi.3Og fj\u00f6gur st\u00f3r d\u00fdr stigu upp af hafinu, hvert \u00f6\u00f0ru \u00f3l\u00edkt.4Fyrsta d\u00fdri\u00f0 l\u00edktist lj\u00f3ni og haf\u00f0i arnarv\u00e6ngi. \u00c9g horf\u00f0i \u00e1 \u00fea\u00f0, \u00fear til er v\u00e6ngir \u00feess voru reyttir af \u00fev\u00ed, og \u00fev\u00ed var lyft upp fr\u00e1 j\u00f6r\u00f0inni og reist \u00e1 f\u00e6turna eins og ma\u00f0ur, og \u00fev\u00ed var fengi\u00f0 mannshjarta.5Og sj\u00e1, \u00fe\u00e1 kom anna\u00f0 d\u00fdr, <a href=\"https:\/\/biblian.is\/1981\/daniel-7-kafli\/\"> [&#8230;]<\/a><\/p>\n","protected":false},"author":1,"featured_media":0,"parent":0,"menu_order":0,"comment_status":"open","ping_status":"open","template":"bibliukaflar.php","meta":{"footnotes":""},"class_list":["post-2204","page","type-page","status-publish","hentry"],"_links":{"self":[{"href":"https:\/\/biblian.is\/1981\/wp-json\/wp\/v2\/pages\/2204","targetHints":{"allow":["GET"]}}],"collection":[{"href":"https:\/\/biblian.is\/1981\/wp-json\/wp\/v2\/pages"}],"about":[{"href":"https:\/\/biblian.is\/1981\/wp-json\/wp\/v2\/types\/page"}],"author":[{"embeddable":true,"href":"https:\/\/biblian.is\/1981\/wp-json\/wp\/v2\/users\/1"}],"replies":[{"embeddable":true,"href":"https:\/\/biblian.is\/1981\/wp-json\/wp\/v2\/comments?post=2204"}],"version-history":[{"count":0,"href":"https:\/\/biblian.is\/1981\/wp-json\/wp\/v2\/pages\/2204\/revisions"}],"wp:attachment":[{"href":"https:\/\/biblian.is\/1981\/wp-json\/wp\/v2\/media?parent=2204"}],"curies":[{"name":"wp","href":"https:\/\/api.w.org\/{rel}","templated":true}]}}