{"id":2203,"date":"2017-11-18T20:20:39","date_gmt":"2017-11-18T20:20:39","guid":{"rendered":"http:\/\/biblian.is\/1981\/daniel-6-kafli\/"},"modified":"2021-06-06T10:50:33","modified_gmt":"2021-06-06T10:50:33","slug":"daniel-6-kafli","status":"publish","type":"page","link":"https:\/\/biblian.is\/1981\/daniel-6-kafli\/","title":{"rendered":"Dan\u00edel 6. kafli"},"content":{"rendered":"<p><a name=\"1\"><span class=\"versanumer\">1<\/span><\/a>Dar\u00edusi \u00fe\u00f3kna\u00f0ist a\u00f0 setja yfir r\u00edki\u00f0 hundra\u00f0 og tuttugu jarla, er skipa\u00f0 skyldi ni\u00f0ur um allt r\u00edki\u00f0,<a name=\"2\"><span class=\"versanumer\">2<\/span><\/a>og yfir \u00fe\u00e1 \u00ferj\u00e1 yfirh\u00f6f\u00f0ingja, og var Dan\u00edel einn af \u00feeim. Skyldu jarlarnir gj\u00f6ra \u00feeim skilagrein, svo a\u00f0 konungur bi\u00f0i engan ska\u00f0a.<a name=\"3\"><span class=\"versanumer\">3<\/span><\/a>\u00de\u00e1 bar Dan\u00edel \u00feessi af yfirh\u00f6f\u00f0ingjunum og j\u00f6rlunum, s\u00f6kum \u00feess a\u00f0 hann haf\u00f0i fr\u00e1b\u00e6ran anda, og hug\u00f0i konungur a\u00f0 setja hann yfir allt r\u00edki\u00f0.<a name=\"4\"><span class=\"versanumer\">4<\/span><\/a>\u00de\u00e1 leitu\u00f0u yfirh\u00f6f\u00f0ingjarnir og jarlarnir a\u00f0 finna Dan\u00edel eitthva\u00f0 til saka vi\u00f0v\u00edkjandi r\u00edkisstj\u00f3rninni, en g\u00e1tu enga s\u00f6k e\u00f0a \u00e1vir\u00f0ing fundi\u00f0, \u00fev\u00ed a\u00f0 hann var tr\u00far, svo a\u00f0 ekkert t\u00f3ml\u00e6ti n\u00e9 \u00e1vir\u00f0ing fannst hj\u00e1 honum.<a name=\"5\"><span class=\"versanumer\">5<\/span><\/a>\u00de\u00e1 s\u00f6g\u00f0u \u00feessir menn: V\u00e9r munum ekkert fundi\u00f0 geta Dan\u00edel \u00feessum til saka, nema ef v\u00e9r finnum honum eitthva\u00f0 a\u00f0 s\u00f6k \u00ed \u00e1tr\u00fana\u00f0i hans.<a name=\"6\"><span class=\"versanumer\">6<\/span><\/a>\u00de\u00e1 \u00feustu \u00feessir yfirh\u00f6f\u00f0ingjar og jarlar til konungs og s\u00f6g\u00f0u svo vi\u00f0 hann: Dar\u00edus konungur lifi eil\u00edflega!<a name=\"7\"><span class=\"versanumer\">7<\/span><\/a>\u00d6llum yfirh\u00f6f\u00f0ingjum r\u00edkisins, landstj\u00f3rum, j\u00f6rlum, r\u00e1\u00f0gj\u00f6fum og landsh\u00f6f\u00f0ingjum hefir komi\u00f0 \u00e1samt um a\u00f0 gefa \u00fat \u00fe\u00e1 konungsskipun og sta\u00f0festa \u00fea\u00f0 forbo\u00f0, a\u00f0 hver sem \u00ed \u00ferj\u00e1t\u00edu daga gj\u00f6rir b\u00e6n s\u00edna til nokkurs gu\u00f0s e\u00f0a manns, nema til \u00fe\u00edn, konungur, honum skuli varpa \u00ed lj\u00f3nagryfju.<a name=\"8\"><span class=\"versanumer\">8<\/span><\/a>N\u00fa skalt \u00fe\u00fa, konungur, gefa \u00fat forbo\u00f0 \u00feetta og l\u00e1ta \u00fea\u00f0 skriflegt \u00fat ganga, svo a\u00f0 \u00fev\u00ed ver\u00f0i ekki breytt, eftir \u00f3rj\u00fafanlegu l\u00f6gm\u00e1li Meda og Persa.<a name=\"9\"><span class=\"versanumer\">9<\/span><\/a>Samkv\u00e6mt \u00feessu l\u00e9t konungur gefa skriflega \u00fat skipunina og banni\u00f0.<a name=\"10\"><span class=\"versanumer\">10<\/span><\/a>En er Dan\u00edel var\u00f0 \u00feess v\u00edsari, a\u00f0 \u00feessi skipun var \u00fat gefin, gekk hann inn \u00ed h\u00fas sitt. \u00dear haf\u00f0i hann uppi \u00ed loftstofu sinni opna glugga, er sneru m\u00f3ti Jer\u00fasalem, og \u00ferem sinnum \u00e1 dag kraup hann \u00e1 kn\u00e9, ba\u00f0 til Gu\u00f0s s\u00edns og vegsama\u00f0i hann, eins og hann haf\u00f0i \u00e1\u00f0ur veri\u00f0 vanur a\u00f0 gj\u00f6ra.<a name=\"11\"><span class=\"versanumer\">11<\/span><\/a>\u00de\u00e1 \u00feustu \u00feessir menn a\u00f0 og fundu Dan\u00edel, \u00fear sem hann var a\u00f0 bi\u00f0ja og \u00e1kalla Gu\u00f0 sinn.<a name=\"12\"><span class=\"versanumer\">12<\/span><\/a>S\u00ed\u00f0an gengu \u00feeir inn fyrir konung og spur\u00f0u hann vi\u00f0v\u00edkjandi konungsforbo\u00f0inu: Hefir \u00fe\u00fa eigi gefi\u00f0 \u00fat \u00fea\u00f0 forbo\u00f0, a\u00f0 hver s\u00e1 ma\u00f0ur, sem \u00ed \u00ferj\u00e1t\u00edu daga gj\u00f6rir b\u00e6n s\u00edna til nokkurs gu\u00f0s e\u00f0a manns, nema til \u00fe\u00edn, konungur, honum skuli varpa \u00ed lj\u00f3nagryfju? Konungur svara\u00f0i og sag\u00f0i: \u00dea\u00f0 stendur fast, eftir \u00f3rj\u00fafanlegu l\u00f6gm\u00e1li Meda og Persa.<a name=\"13\"><span class=\"versanumer\">13<\/span><\/a>\u00de\u00e1 sv\u00f6ru\u00f0u \u00feeir og s\u00f6g\u00f0u vi\u00f0 konung: Dan\u00edel, einn af hinum herleiddu Gy\u00f0ingum, skeytir hvorki um \u00feig, konungur, n\u00e9 um \u00fea\u00f0 forbo\u00f0, sem \u00fe\u00fa hefir \u00fat gefi\u00f0, heldur gj\u00f6rir b\u00e6n s\u00edna \u00ferem sinnum \u00e1 dag.<a name=\"14\"><span class=\"versanumer\">14<\/span><\/a>\u00deegar konungur heyr\u00f0i \u00feetta, f\u00e9ll honum \u00fea\u00f0 n\u00e6sta \u00feungt, og lag\u00f0i hann allan hug \u00e1 a\u00f0 frelsa Dan\u00edel, og allt til s\u00f3larlags leita\u00f0i hann alls vi\u00f0, a\u00f0 hann fengi borgi\u00f0 honum.<a name=\"15\"><span class=\"versanumer\">15<\/span><\/a>\u00de\u00e1 \u00feustu \u00feessir s\u00f6mu menn til konungs og s\u00f6g\u00f0u vi\u00f0 hann: \u00de\u00fa veist, konungur, a\u00f0 \u00fea\u00f0 eru l\u00f6g hj\u00e1 Medum og Persum, a\u00f0 ekki m\u00e1 raska \u00fev\u00ed banni e\u00f0a bo\u00f0i, sem konungur hefir \u00fat gefi\u00f0.<a name=\"16\"><span class=\"versanumer\">16<\/span><\/a>\u00de\u00e1 bau\u00f0 konungur a\u00f0 lei\u00f0a Dan\u00edel fram og kasta honum \u00ed lj\u00f3nagryfjuna. Og konungur t\u00f3k til m\u00e1ls og sag\u00f0i vi\u00f0 Dan\u00edel: Gu\u00f0 \u00feinn, sem \u00fe\u00fa d\u00fdrkar \u00e1n afl\u00e1ts, frelsi \u00feig!<a name=\"17\"><span class=\"versanumer\">17<\/span><\/a>S\u00ed\u00f0an var s\u00f3ttur steinn og lag\u00f0ur yfir gryfjumunnann, og innsigla\u00f0i konungur hann me\u00f0 innsiglishring s\u00ednum og me\u00f0 innsiglishringum st\u00f3rh\u00f6f\u00f0ingja sinna, til \u00feess a\u00f0 s\u00fa r\u00e1\u00f0st\u00f6fun, sem gj\u00f6r\u00f0 haf\u00f0i veri\u00f0 vi\u00f0 Dan\u00edel, skyldi eigi raskast.<a name=\"18\"><span class=\"versanumer\">18<\/span><\/a>Eftir \u00fea\u00f0 gekk konungur heim til hallar sinnar og var \u00fear um n\u00f3ttina fastandi. Frillur l\u00e9t hann eigi lei\u00f0a inn til s\u00edn, og eigi kom honum d\u00far \u00e1 auga.<a name=\"19\"><span class=\"versanumer\">19<\/span><\/a>S\u00ed\u00f0an reis konungur \u00e1 f\u00e6tur \u00ed d\u00f6gun, \u00fe\u00e1 er l\u00fdsa t\u00f3k, og skunda\u00f0i til lj\u00f3nagryfjunnar.<a name=\"20\"><span class=\"versanumer\">20<\/span><\/a>Og er hann kom a\u00f0 gryfjunni, kalla\u00f0i hann \u00e1 Dan\u00edel me\u00f0 sorgfullri raust. Konungur t\u00f3k til m\u00e1ls og sag\u00f0i vi\u00f0 Dan\u00edel: Dan\u00edel, \u00fe\u00fa \u00fej\u00f3nn hins lifanda Gu\u00f0s, hefir Gu\u00f0 \u00feinn, s\u00e1 er \u00fe\u00fa d\u00fdrkar \u00e1n afl\u00e1ts, megna\u00f0 a\u00f0 frelsa \u00feig fr\u00e1 lj\u00f3nunum?<a name=\"21\"><span class=\"versanumer\">21<\/span><\/a>\u00de\u00e1 sag\u00f0i Dan\u00edel vi\u00f0 konung: Konungurinn lifi eil\u00edflega!<a name=\"22\"><span class=\"versanumer\">22<\/span><\/a>Gu\u00f0 minn sendi engil sinn og hann loka\u00f0i munni lj\u00f3nanna, svo a\u00f0 \u00feau gj\u00f6r\u00f0u m\u00e9r ekkert mein, af \u00fev\u00ed a\u00f0 \u00e9g er saklaus fundinn frammi fyrir honum, og hefi ekki heldur frami\u00f0 neitt brot gagnvart \u00fe\u00e9r, konungur!<a name=\"23\"><span class=\"versanumer\">23<\/span><\/a>\u00de\u00e1 var\u00f0 konungur n\u00e6sta gla\u00f0ur og bau\u00f0 a\u00f0 draga Dan\u00edel upp \u00far gryfjunni. Var Dan\u00edel \u00fe\u00e1 dreginn upp \u00far gryfjunni, og fannst ekki a\u00f0 honum hef\u00f0i neitt a\u00f0 ska\u00f0a or\u00f0i\u00f0, \u00fev\u00ed a\u00f0 hann haf\u00f0i treyst Gu\u00f0i s\u00ednum.<a name=\"24\"><span class=\"versanumer\">24<\/span><\/a>En konungur bau\u00f0 a\u00f0 lei\u00f0a fram menn \u00fe\u00e1, er r\u00e6gt h\u00f6f\u00f0u Dan\u00edel, og kasta \u00feeim, b\u00f6rnum \u00feeirra og konum \u00ed lj\u00f3nagryfjuna. Og \u00e1\u00f0ur en \u00feeir komust til botns \u00ed gryfjunni, hremmdu lj\u00f3nin \u00fe\u00e1 og muldu sundur \u00f6ll bein \u00feeirra.<a name=\"25\"><span class=\"versanumer\">25<\/span><\/a>S\u00ed\u00f0an rita\u00f0i Dar\u00edus konungur \u00f6llum l\u00fd\u00f0um, \u00fej\u00f3\u00f0um og tungum, sem b\u00faa \u00e1 allri j\u00f6r\u00f0inni: Gangi y\u00f0ur allt til g\u00e6fu!<a name=\"26\"><span class=\"versanumer\">26<\/span><\/a>\u00c9g l\u00e6t \u00fe\u00e1 skipun \u00fat ganga, a\u00f0 \u00ed \u00f6llu veldi r\u00edkis m\u00edns skulu menn hr\u00e6\u00f0ast og \u00f3ttast Gu\u00f0 Dan\u00edels, \u00fev\u00ed a\u00f0 hann er hinn lifandi Gu\u00f0 og varir a\u00f0 eil\u00edfu. R\u00edki hans gengur ekki \u00e1 grunn og veldi hans varir allt til enda.<a name=\"27\"><span class=\"versanumer\">27<\/span><\/a>Hann frelsar og bjargar, hann gj\u00f6rir t\u00e1kn og fur\u00f0uverk \u00e1 himni og j\u00f6r\u00f0u, hann sem frelsa\u00f0i Dan\u00edel undan lj\u00f3nunum.<a name=\"28\"><span class=\"versanumer\">28<\/span><\/a>Og Dan\u00edel \u00feessi var \u00ed miklu gengi \u00e1 r\u00edkisstj\u00f3rnar\u00e1rum Dar\u00edusar og \u00e1 r\u00edkisstj\u00f3rnar\u00e1rum K\u00fdrusar hins persneska.<\/p>\n<div class=\"footnote1981\"><b>6.17<\/b> Lj\u00f3nagryfja VDan 2.31<br \/>\n<b>6.26<\/b> \u00dej\u00f3\u00f0ir, tungur Dan 3.4+<\/div>\n","protected":false},"excerpt":{"rendered":"<p>1Dar\u00edusi \u00fe\u00f3kna\u00f0ist a\u00f0 setja yfir r\u00edki\u00f0 hundra\u00f0 og tuttugu jarla, er skipa\u00f0 skyldi ni\u00f0ur um allt r\u00edki\u00f0,2og yfir \u00fe\u00e1 \u00ferj\u00e1 yfirh\u00f6f\u00f0ingja, og var Dan\u00edel einn af \u00feeim. Skyldu jarlarnir gj\u00f6ra \u00feeim skilagrein, svo a\u00f0 konungur bi\u00f0i engan ska\u00f0a.3\u00de\u00e1 bar Dan\u00edel \u00feessi af yfirh\u00f6f\u00f0ingjunum og j\u00f6rlunum, s\u00f6kum \u00feess a\u00f0 hann haf\u00f0i fr\u00e1b\u00e6ran anda, og hug\u00f0i konungur a\u00f0 setja hann yfir allt r\u00edki\u00f0.4\u00de\u00e1 leitu\u00f0u yfirh\u00f6f\u00f0ingjarnir og jarlarnir a\u00f0 finna Dan\u00edel eitthva\u00f0 til saka vi\u00f0v\u00edkjandi r\u00edkisstj\u00f3rninni, en g\u00e1tu enga s\u00f6k e\u00f0a \u00e1vir\u00f0ing fundi\u00f0, \u00fev\u00ed a\u00f0 hann var tr\u00far, svo a\u00f0 ekkert t\u00f3ml\u00e6ti n\u00e9 \u00e1vir\u00f0ing fannst hj\u00e1 honum.5\u00de\u00e1 s\u00f6g\u00f0u \u00feessir menn: V\u00e9r munum ekkert <a href=\"https:\/\/biblian.is\/1981\/daniel-6-kafli\/\"> [&#8230;]<\/a><\/p>\n","protected":false},"author":1,"featured_media":0,"parent":0,"menu_order":0,"comment_status":"open","ping_status":"open","template":"bibliukaflar.php","meta":{"footnotes":""},"class_list":["post-2203","page","type-page","status-publish","hentry"],"_links":{"self":[{"href":"https:\/\/biblian.is\/1981\/wp-json\/wp\/v2\/pages\/2203","targetHints":{"allow":["GET"]}}],"collection":[{"href":"https:\/\/biblian.is\/1981\/wp-json\/wp\/v2\/pages"}],"about":[{"href":"https:\/\/biblian.is\/1981\/wp-json\/wp\/v2\/types\/page"}],"author":[{"embeddable":true,"href":"https:\/\/biblian.is\/1981\/wp-json\/wp\/v2\/users\/1"}],"replies":[{"embeddable":true,"href":"https:\/\/biblian.is\/1981\/wp-json\/wp\/v2\/comments?post=2203"}],"version-history":[{"count":0,"href":"https:\/\/biblian.is\/1981\/wp-json\/wp\/v2\/pages\/2203\/revisions"}],"wp:attachment":[{"href":"https:\/\/biblian.is\/1981\/wp-json\/wp\/v2\/media?parent=2203"}],"curies":[{"name":"wp","href":"https:\/\/api.w.org\/{rel}","templated":true}]}}