{"id":2201,"date":"2017-11-18T20:20:39","date_gmt":"2017-11-18T20:20:39","guid":{"rendered":"http:\/\/biblian.is\/1981\/daniel-4-kafli\/"},"modified":"2021-06-06T10:50:32","modified_gmt":"2021-06-06T10:50:32","slug":"daniel-4-kafli","status":"publish","type":"page","link":"https:\/\/biblian.is\/1981\/daniel-4-kafli\/","title":{"rendered":"Dan\u00edel 4. kafli"},"content":{"rendered":"<p><a name=\"1\"><span class=\"versanumer\">1<\/span><\/a>Neb\u00fakadnesar konungur sendir kve\u00f0ju s\u00edna \u00f6llum m\u00f6nnum, sem \u00e1 j\u00f6r\u00f0inni b\u00faa, hverrar \u00fej\u00f3\u00f0ar, hva\u00f0a lands og hverrar tungu sem eru: Gangi y\u00f0ur allt til g\u00e6fu!<a name=\"2\"><span class=\"versanumer\">2<\/span><\/a>M\u00e9r hefir \u00fe\u00f3knast a\u00f0 kunngj\u00f6ra \u00feau t\u00e1kn og fur\u00f0uverk, sem hinn h\u00e6sti Gu\u00f0 hefir gj\u00f6rt vi\u00f0 mig.<a name=\"3\"><span class=\"versanumer\">3<\/span><\/a>Hversu mikil eru t\u00e1kn hans og hversu m\u00e1ttug eru fur\u00f0uverk hans! R\u00edki hans er eil\u00edft r\u00edki og m\u00e1ttarveldi hans varir fr\u00e1 kyni til kyns.<a name=\"4\"><span class=\"versanumer\">4<\/span><\/a>\u00c9g, Neb\u00fakadnesar, lif\u00f0i \u00e1hyggjulaus \u00ed h\u00fasi m\u00ednu og \u00e1tti g\u00f3\u00f0a daga \u00ed h\u00f6ll minni.<a name=\"5\"><span class=\"versanumer\">5<\/span><\/a>\u00de\u00e1 dreymdi mig draum, sem gj\u00f6r\u00f0i mig \u00f3ttasleginn, og hugsanirnar \u00ed rekkju minni og s\u00fdnirnar, sem fyrir mig bar, skelfdu mig.<a name=\"6\"><span class=\"versanumer\">6<\/span><\/a>\u00c9g l\u00e9t \u00fev\u00ed \u00fe\u00e1 skipun \u00fat ganga, a\u00f0 lei\u00f0a skyldi fyrir mig alla vitringa \u00ed Bab\u00fdlon til \u00feess a\u00f0 segja m\u00e9r \u00fe\u00fd\u00f0ing draumsins.<a name=\"7\"><span class=\"versanumer\">7<\/span><\/a>\u00de\u00e1 komu sp\u00e1sagnamennirnir, s\u00e6ringamennirnir, Kaldearnir og stj\u00f6rnuspekingarnir, og sag\u00f0i \u00e9g \u00feeim drauminn, en \u00feeir g\u00e1tu ekki sagt m\u00e9r \u00fe\u00fd\u00f0ing hans.<a name=\"8\"><span class=\"versanumer\">8<\/span><\/a>En loks kom Dan\u00edel til m\u00edn, sem kalla\u00f0ur er Beltsasar eftir nafni gu\u00f0s m\u00edns. \u00cd honum b\u00fdr andi hinna heil\u00f6gu gu\u00f0a, og \u00e9g sag\u00f0i honum drauminn:<a name=\"9\"><span class=\"versanumer\">9<\/span><\/a>Beltsasar, \u00fe\u00fa \u00e6\u00f0sti forstj\u00f3ri sp\u00e1sagnamannanna! \u00c9g veit a\u00f0 \u00ed \u00fe\u00e9r b\u00fdr andi hinna heil\u00f6gu gu\u00f0a og a\u00f0 enginn leyndard\u00f3mur er \u00fe\u00e9r ofvaxinn. Seg m\u00e9r s\u00fdnir draums m\u00edns, \u00fe\u00e6r er fyrir mig bar, og hva\u00f0 \u00fe\u00e6r \u00fe\u00fd\u00f0a.<a name=\"10\"><span class=\"versanumer\">10<\/span><\/a>S\u00fdnir \u00fe\u00e6r, er fyrir mig bar \u00ed rekkju minni, voru \u00feessar: \u00c9g horf\u00f0i, og sj\u00e1, tr\u00e9 nokkurt st\u00f3\u00f0 \u00e1 j\u00f6r\u00f0inni, og var \u00fea\u00f0 geysih\u00e1tt.<a name=\"11\"><span class=\"versanumer\">11<\/span><\/a>Tr\u00e9\u00f0 var miki\u00f0 og sterkt, og svo h\u00e1tt a\u00f0 upp t\u00f3k til himins, og m\u00e1tti sj\u00e1 \u00fea\u00f0 alla vega fr\u00e1 endim\u00f6rkum jar\u00f0arinnar.<a name=\"12\"><span class=\"versanumer\">12<\/span><\/a>Limar \u00feess voru fagrar og \u00e1v\u00f6xturinn mikill, og f\u00e6\u00f0sla handa \u00f6llum var \u00e1 \u00fev\u00ed. Sk\u00f3gard\u00fdrin l\u00e1gu \u00ed fors\u00e6lu undir \u00fev\u00ed, fuglar himinsins bjuggu \u00e1 greinum \u00feess, og allar skepnur n\u00e6r\u00f0ust af \u00fev\u00ed.<a name=\"13\"><span class=\"versanumer\">13<\/span><\/a>\u00c9g horf\u00f0i \u00e1 \u00ed s\u00fdnum \u00feeim, sem fyrir mig bar \u00ed rekkju minni, og s\u00e1 heilagan v\u00f6r\u00f0 st\u00edga ni\u00f0ur af himni.<a name=\"14\"><span class=\"versanumer\">14<\/span><\/a>Hann kalla\u00f0i h\u00e1rri r\u00f6ddu og m\u00e6lti svo: H\u00f6ggvi\u00f0 upp tr\u00e9\u00f0, sn\u00ed\u00f0i\u00f0 af greinarnar, sl\u00edti\u00f0 af \u00fev\u00ed limarnar og dreifi\u00f0 \u00e1v\u00f6xtunum v\u00ed\u00f0s vegar, svo a\u00f0 d\u00fdrin fl\u00fdi burt undan \u00fev\u00ed og fuglarnir af greinum \u00feess.<a name=\"15\"><span class=\"versanumer\">15<\/span><\/a>Samt skulu\u00f0 \u00fe\u00e9r l\u00e1ta stofninn me\u00f0 r\u00f3tum s\u00ednum vera kyrran eftir \u00ed j\u00f6r\u00f0inni, bundinn j\u00e1rn- og eirfj\u00f6trum, \u00ed gr\u00e6nu graslendi. Hann skal v\u00f6kna af d\u00f6gg himinsins og taka hlut me\u00f0 d\u00fdrunum \u00ed gr\u00f6sum jar\u00f0arinnar.<a name=\"16\"><span class=\"versanumer\">16<\/span><\/a>Hjarta hans skal umbreytast, svo a\u00f0 \u00ed honum skal ekki mannshjarta vera, heldur skal honum d\u00fdrshjarta fengi\u00f0 ver\u00f0a, og sj\u00f6 t\u00ed\u00f0ir skulu yfir hann l\u00ed\u00f0a.<a name=\"17\"><span class=\"versanumer\">17<\/span><\/a>Skipunin hv\u00edlir \u00e1 \u00e1lyktun var\u00f0anna, og \u00feetta eru fyrirm\u00e6li hinna heil\u00f6gu, til \u00feess a\u00f0 hinir lifandi vi\u00f0urkenni, a\u00f0 Hinn h\u00e6sti r\u00e6\u00f0ur yfir konungd\u00f3mi mannanna og gefur hann hverjum sem hann vill, og a\u00f0 hann getur upphafi\u00f0 hinn l\u00edtilm\u00f3tlegasta me\u00f0al mannanna til konungd\u00f3ms.<a name=\"18\"><span class=\"versanumer\">18<\/span><\/a>\u00deetta er draumurinn, sem mig, Neb\u00fakadnesar konung, dreymdi, en \u00fe\u00fa, Beltsasar, seg \u00fe\u00fd\u00f0ingu hans, fyrst enginn af vitringunum \u00ed r\u00edki m\u00ednu getur sagt m\u00e9r, hva\u00f0 hann \u00fe\u00fd\u00f0ir. En \u00fe\u00fa getur \u00fea\u00f0, \u00fev\u00ed a\u00f0 \u00ed \u00fe\u00e9r b\u00fdr andi hinna heil\u00f6gu gu\u00f0a.<a name=\"19\"><span class=\"versanumer\">19<\/span><\/a>\u00de\u00e1 st\u00f3\u00f0 Dan\u00edel, sem kalla\u00f0ur var Beltsasar, agndofa um stund, og hugsanir hans skelfdu hann. En konungur t\u00f3k til m\u00e1ls og sag\u00f0i: Beltsasar! L\u00e1t eigi drauminn n\u00e9 \u00fe\u00fd\u00f0ing hans skelfa \u00feig. Beltsasar svara\u00f0i og sag\u00f0i: \u00c9g vildi \u00f3ska, herra, a\u00f0 draumurinn r\u00e6ttist \u00e1 \u00f3vinum \u00fe\u00ednum og \u00fe\u00fd\u00f0ing hans \u00e1 m\u00f3tst\u00f6\u00f0um\u00f6nnum \u00fe\u00ednum.<a name=\"20\"><span class=\"versanumer\">20<\/span><\/a>Tr\u00e9\u00f0, sem \u00fe\u00fa s\u00e1st og b\u00e6\u00f0i var miki\u00f0 og sterkt og svo h\u00e1tt a\u00f0 upp t\u00f3k til himins og s\u00e9\u00f0 var\u00f0 um alla j\u00f6r\u00f0ina,<a name=\"21\"><span class=\"versanumer\">21<\/span><\/a>limar \u00feess fagrar og \u00e1v\u00f6xturinn mikill og f\u00e6\u00f0sla \u00e1 \u00fev\u00ed handa \u00f6llum, sk\u00f3gard\u00fdrin bjuggu undir \u00fev\u00ed og fuglar himinsins hrei\u00f0ru\u00f0u sig \u00ed greinum \u00feess,<a name=\"22\"><span class=\"versanumer\">22<\/span><\/a>\u00fea\u00f0 ert \u00fe\u00fa, konungur, sem ert or\u00f0inn mikill og voldugur og mikilleiki \u00feinn vaxinn svo mj\u00f6g, a\u00f0 hann n\u00e6r til himins og veldi \u00feitt til endimarka jar\u00f0ar.<a name=\"23\"><span class=\"versanumer\">23<\/span><\/a>En \u00fear er konungurinn s\u00e1 heilagan v\u00f6r\u00f0 st\u00edga ni\u00f0ur af himni og segja: H\u00f6ggvi\u00f0 upp tr\u00e9\u00f0 og ey\u00f0ileggi\u00f0 \u00fea\u00f0, en l\u00e1ti\u00f0 samt stofninn me\u00f0 r\u00f3tum s\u00ednum vera kyrran eftir \u00ed j\u00f6r\u00f0inni, bundinn j\u00e1rn- og eirfj\u00f6trum, \u00ed gr\u00e6nu graslendi, hann skal v\u00f6kna af d\u00f6gg himinsins og taka hlut me\u00f0 d\u00fdrum merkurinnar, uns sj\u00f6 t\u00ed\u00f0ir eru yfir hann li\u00f0nar,<a name=\"24\"><span class=\"versanumer\">24<\/span><\/a>\u00fe\u00e1 er \u00fe\u00fd\u00f0ingin \u00feessi, konungur, og r\u00e1\u00f0st\u00f6fun Hins h\u00e6sta er \u00fea\u00f0, sem komi\u00f0 er fram vi\u00f0 minn herra, konunginn:<a name=\"25\"><span class=\"versanumer\">25<\/span><\/a>\u00de\u00fa munt \u00fat rekinn ver\u00f0a \u00far mannaf\u00e9lagi og eiga bygg\u00f0 me\u00f0 d\u00fdrum merkurinnar. \u00de\u00e9r mun gefi\u00f0 ver\u00f0a gras a\u00f0 eta eins og uxum, og \u00fe\u00fa munt v\u00f6kna af d\u00f6gg himinsins, og sj\u00f6 t\u00ed\u00f0ir munu yfir \u00feig l\u00ed\u00f0a, uns \u00fe\u00fa vi\u00f0urkennir, a\u00f0 Hinn h\u00e6sti r\u00e6\u00f0ur yfir konungd\u00f3mi mannanna og getur gefi\u00f0 hann hverjum sem hann vill.<a name=\"26\"><span class=\"versanumer\">26<\/span><\/a>En \u00fear er sagt var, a\u00f0 stofn tr\u00e9sins me\u00f0 r\u00f3tum s\u00ednum skyldi eftir ver\u00f0a, \u00fea\u00f0 merkir, a\u00f0 \u00fe\u00fa skalt halda r\u00edki \u00fe\u00ednu, er \u00fe\u00fa kannast vi\u00f0, a\u00f0 allt valdi\u00f0 er \u00e1 himnum.<a name=\"27\"><span class=\"versanumer\">27<\/span><\/a>L\u00e1t \u00fe\u00e9r \u00fev\u00ed, konungur, ge\u00f0jast r\u00e1\u00f0 mitt: Losa \u00feig af syndum \u00fe\u00ednum me\u00f0 r\u00e9ttl\u00e6tisverkum og af misgj\u00f6r\u00f0um \u00fe\u00ednum me\u00f0 l\u00edknsemi vi\u00f0 aumingja, ef vera m\u00e6tti, a\u00f0 hamingja \u00fe\u00edn yr\u00f0i vi\u00f0 \u00fea\u00f0 lang\u00e6rri.<a name=\"28\"><span class=\"versanumer\">28<\/span><\/a>Allt \u00feetta kom fram vi\u00f0 Neb\u00fakadnesar konung.<a name=\"29\"><span class=\"versanumer\">29<\/span><\/a>\u00deegar konungur t\u00f3lf m\u00e1nu\u00f0um s\u00ed\u00f0ar einu sinni var \u00e1 gangi \u00ed konungsh\u00f6llinni \u00ed Bab\u00fdlon,<a name=\"30\"><span class=\"versanumer\">30<\/span><\/a>t\u00f3k hann til m\u00e1ls og sag\u00f0i: Er \u00feetta ekki s\u00fa hin mikla Bab\u00fdlon, sem \u00e9g hefi reist a\u00f0 konungssetri me\u00f0 veldisstyrk m\u00ednum og tign minni til fr\u00e6g\u00f0ar?<a name=\"31\"><span class=\"versanumer\">31<\/span><\/a>\u00c1\u00f0ur en \u00feessi or\u00f0 voru li\u00f0in af v\u00f6rum konungs, kom raust af himni: \u00de\u00e9r gj\u00f6rist h\u00e9r me\u00f0 vitanlegt, Neb\u00fakadnesar konungur, a\u00f0 konungd\u00f3murinn er vikinn fr\u00e1 \u00fe\u00e9r.<a name=\"32\"><span class=\"versanumer\">32<\/span><\/a>\u00de\u00fa munt \u00fat rekinn ver\u00f0a \u00far mannaf\u00e9lagi og eiga bygg\u00f0 me\u00f0 d\u00fdrum merkurinnar. \u00de\u00e9r mun gefi\u00f0 ver\u00f0a gras a\u00f0 eta eins og uxum, og sj\u00f6 t\u00ed\u00f0ir munu yfir \u00feig l\u00ed\u00f0a, uns \u00fe\u00fa vi\u00f0urkennir, a\u00f0 Hinn h\u00e6sti r\u00e6\u00f0ur yfir konungd\u00f3mi mannanna og getur gefi\u00f0 hann hverjum sem hann vill.<a name=\"33\"><span class=\"versanumer\">33<\/span><\/a>\u00deessi umm\u00e6li r\u00e6ttust samstundis \u00e1 Neb\u00fakadnesar. Hann var \u00fat rekinn \u00far mannaf\u00e9lagi og \u00e1t gras eins og uxar, og l\u00edkami hans v\u00f6kna\u00f0i af d\u00f6gg himinsins, og um s\u00ed\u00f0ir \u00f3x h\u00e1r hans sem arnarfja\u00f0rir og neglur hans sem fuglakl\u00e6r.<a name=\"34\"><span class=\"versanumer\">34<\/span><\/a>\u00c9g, Neb\u00fakadnesar, h\u00f3f a\u00f0 li\u00f0num \u00feessum t\u00edma augu m\u00edn til himins, og f\u00e9kk \u00e9g \u00fe\u00e1 vit mitt aftur. Og \u00e9g lofa\u00f0i Hinn h\u00e6sta og vegsama\u00f0i og tigna\u00f0i \u00feann, sem lifir eil\u00edflega, \u00fev\u00ed a\u00f0 veldi hans er eil\u00edft veldi, og r\u00edki hans varir fr\u00e1 kyni til kyns.<a name=\"35\"><span class=\"versanumer\">35<\/span><\/a>Allir \u00feeir, sem \u00e1 j\u00f6r\u00f0inni b\u00faa, eru sem ekkert hj\u00e1 honum, og hann fer me\u00f0 himnanna her og byggjendur jar\u00f0arinnar eins og hann sj\u00e1lfur vill, og enginn er s\u00e1, er f\u00e1i honum t\u00e1lmun gj\u00f6rt og vi\u00f0 hann sagt: Hva\u00f0 gj\u00f6rir \u00fe\u00fa?<a name=\"36\"><span class=\"versanumer\">36<\/span><\/a>Samstundis f\u00e9kk \u00e9g vit mitt aftur, og til hei\u00f0urs fyrir r\u00edki mitt komst \u00e9g aftur til tignar og vegsemdar. R\u00e1\u00f0gjafar m\u00ednir og st\u00f3rmenni leitu\u00f0u m\u00edn, og \u00e9g var aftur skipa\u00f0ur yfir r\u00edki mitt, og m\u00e9r var gefi\u00f0 enn meira veldi en \u00e1\u00f0ur.<a name=\"37\"><span class=\"versanumer\">37<\/span><\/a>N\u00fa vegsama \u00e9g, Neb\u00fakadnesar, g\u00f6fga og tigna konung himnanna, \u00fev\u00ed a\u00f0 allar gj\u00f6r\u00f0ir hans eru sannleikur, vegir hans r\u00e9ttl\u00e6ti og hann megnar a\u00f0 l\u00e6gja \u00fe\u00e1, sem fram ganga \u00ed drambl\u00e6ti.<\/p>\n<div class=\"footnote1981\"><b>4.7<\/b> Tr\u00e9 Jes 10.33-11.1; Esk 17.3-10,22-24<br \/>\n<b>4.14<\/b> Hinn \u00e6\u00f0sti Dan 3.26+<br \/>\n<b>4.23<\/b> Himinn 1Makk 3.18; 2Makk 9.4; L\u00fak 15.21<br \/>\n<b>4.27<\/b> Babel Opb 14.8; 16.19; 17.5; 18.2<br \/>\n<b>4.28<\/b> R\u00f6dd Mrk 1.11; 9.7; J\u00f3h 12.28; Opb 11.12<\/div>\n","protected":false},"excerpt":{"rendered":"<p>1Neb\u00fakadnesar konungur sendir kve\u00f0ju s\u00edna \u00f6llum m\u00f6nnum, sem \u00e1 j\u00f6r\u00f0inni b\u00faa, hverrar \u00fej\u00f3\u00f0ar, hva\u00f0a lands og hverrar tungu sem eru: Gangi y\u00f0ur allt til g\u00e6fu!2M\u00e9r hefir \u00fe\u00f3knast a\u00f0 kunngj\u00f6ra \u00feau t\u00e1kn og fur\u00f0uverk, sem hinn h\u00e6sti Gu\u00f0 hefir gj\u00f6rt vi\u00f0 mig.3Hversu mikil eru t\u00e1kn hans og hversu m\u00e1ttug eru fur\u00f0uverk hans! R\u00edki hans er eil\u00edft r\u00edki og m\u00e1ttarveldi hans varir fr\u00e1 kyni til kyns.4\u00c9g, Neb\u00fakadnesar, lif\u00f0i \u00e1hyggjulaus \u00ed h\u00fasi m\u00ednu og \u00e1tti g\u00f3\u00f0a daga \u00ed h\u00f6ll minni.5\u00de\u00e1 dreymdi mig draum, sem gj\u00f6r\u00f0i mig \u00f3ttasleginn, og hugsanirnar \u00ed rekkju minni og s\u00fdnirnar, sem fyrir mig bar, skelfdu mig.6\u00c9g l\u00e9t \u00fev\u00ed \u00fe\u00e1 <a href=\"https:\/\/biblian.is\/1981\/daniel-4-kafli\/\"> [&#8230;]<\/a><\/p>\n","protected":false},"author":1,"featured_media":0,"parent":0,"menu_order":0,"comment_status":"open","ping_status":"open","template":"bibliukaflar.php","meta":{"footnotes":""},"class_list":["post-2201","page","type-page","status-publish","hentry"],"_links":{"self":[{"href":"https:\/\/biblian.is\/1981\/wp-json\/wp\/v2\/pages\/2201","targetHints":{"allow":["GET"]}}],"collection":[{"href":"https:\/\/biblian.is\/1981\/wp-json\/wp\/v2\/pages"}],"about":[{"href":"https:\/\/biblian.is\/1981\/wp-json\/wp\/v2\/types\/page"}],"author":[{"embeddable":true,"href":"https:\/\/biblian.is\/1981\/wp-json\/wp\/v2\/users\/1"}],"replies":[{"embeddable":true,"href":"https:\/\/biblian.is\/1981\/wp-json\/wp\/v2\/comments?post=2201"}],"version-history":[{"count":0,"href":"https:\/\/biblian.is\/1981\/wp-json\/wp\/v2\/pages\/2201\/revisions"}],"wp:attachment":[{"href":"https:\/\/biblian.is\/1981\/wp-json\/wp\/v2\/media?parent=2201"}],"curies":[{"name":"wp","href":"https:\/\/api.w.org\/{rel}","templated":true}]}}