{"id":2200,"date":"2017-11-18T20:20:39","date_gmt":"2017-11-18T20:20:39","guid":{"rendered":"http:\/\/biblian.is\/1981\/daniel-3-kafli\/"},"modified":"2021-06-06T10:50:32","modified_gmt":"2021-06-06T10:50:32","slug":"daniel-3-kafli","status":"publish","type":"page","link":"https:\/\/biblian.is\/1981\/daniel-3-kafli\/","title":{"rendered":"Dan\u00edel 3. kafli"},"content":{"rendered":"<p><a name=\"1\"><span class=\"versanumer\">1<\/span><\/a>Neb\u00fakadnesar konungur l\u00e9t gj\u00f6ra l\u00edkneski af gulli, sext\u00edu \u00e1lna \u00e1 h\u00e6\u00f0 og sex \u00e1lna \u00e1 breidd. Hann l\u00e9t reisa \u00fea\u00f0 \u00ed D\u00faradal \u00ed Babel-h\u00e9ra\u00f0i.<a name=\"2\"><span class=\"versanumer\">2<\/span><\/a>Og Neb\u00fakadnesar konungur sendi \u00fat menn til \u00feess a\u00f0 stefna saman j\u00f6rlunum, landstj\u00f3runum, landsh\u00f6f\u00f0ingjunum, r\u00e1\u00f0herrunum, f\u00e9hir\u00f0unum, d\u00f3murunum, l\u00f6gm\u00f6nnunum og \u00f6llum emb\u00e6ttism\u00f6nnum \u00ed skattl\u00f6ndunum, a\u00f0 \u00feeir skyldu koma til v\u00edgslu l\u00edkneskisins, sem Neb\u00fakadnesar konungur haf\u00f0i reisa l\u00e1ti\u00f0.<a name=\"3\"><span class=\"versanumer\">3<\/span><\/a>\u00de\u00e1 s\u00f6fnu\u00f0ust saman jarlarnir, landstj\u00f3rarnir, landsh\u00f6f\u00f0ingjarnir, r\u00e1\u00f0herrarnir, f\u00e9hir\u00f0arnir, d\u00f3mararnir, l\u00f6gmennirnir og allir emb\u00e6ttismenn \u00ed skattl\u00f6ndunum til v\u00edgslu l\u00edkneskisins, sem Neb\u00fakadnesar konungur haf\u00f0i reisa l\u00e1ti\u00f0, og n\u00e1mu sta\u00f0ar frammi fyrir l\u00edkneskinu, er Neb\u00fakadnesar haf\u00f0i l\u00e1ti\u00f0 reisa.<a name=\"4\"><span class=\"versanumer\">4<\/span><\/a>\u00de\u00e1 kalla\u00f0i kallarinn h\u00e1rri r\u00f6ddu: Svo er y\u00f0ur \u00f6llum bo\u00f0i\u00f0, hverrar \u00fej\u00f3\u00f0ar og hva\u00f0a landsmenn sem \u00fe\u00e9r eru\u00f0 og \u00e1 hverja tungu sem \u00fe\u00e9r m\u00e6li\u00f0:<a name=\"5\"><span class=\"versanumer\">5<\/span><\/a>\u00deegar er \u00fe\u00e9r heyri\u00f0 hlj\u00f3\u00f0 hornanna, p\u00edpnanna, g\u00edgjanna, harpnanna, saltaranna, symf\u00f3nanna og alls konar hlj\u00f3\u00f0f\u00e6ra, \u00fe\u00e1 skulu\u00f0 \u00fe\u00e9r falla fram og tilbi\u00f0ja gull-l\u00edkneski\u00f0, sem Neb\u00fakadnesar konungur hefir reisa l\u00e1ti\u00f0.<a name=\"6\"><span class=\"versanumer\">6<\/span><\/a>En hver s\u00e1, er eigi fellur fram og tilbi\u00f0ur, honum skal \u00e1 samri stundu kasta\u00f0 ver\u00f0a inn \u00ed brennandi eldsofn.<a name=\"7\"><span class=\"versanumer\">7<\/span><\/a>\u00deess vegna, undireins og allt f\u00f3lki\u00f0 heyr\u00f0i hlj\u00f3\u00f0 hornanna, p\u00edpnanna, g\u00edgjanna, harpnanna, saltaranna og alls konar hlj\u00f3\u00f0f\u00e6ra, \u00fe\u00e1 f\u00e9llu allir fram, hverrar \u00fej\u00f3\u00f0ar, hvers lands og hverrar tungu sem voru, og tilb\u00e1\u00f0u gull-l\u00edkneski\u00f0, sem Neb\u00fakadnesar konungur haf\u00f0i reisa l\u00e1ti\u00f0.<a name=\"8\"><span class=\"versanumer\">8<\/span><\/a>Fyrir \u00fev\u00ed gengu og fram \u00e1 s\u00f6mu stundu kaldverskir menn og \u00e1k\u00e6r\u00f0u Gy\u00f0ingana.<a name=\"9\"><span class=\"versanumer\">9<\/span><\/a>\u00deeir t\u00f3ku svo til m\u00e1ls og s\u00f6g\u00f0u vi\u00f0 Neb\u00fakadnesar konung: Konungurinn lifi eil\u00edflega!<a name=\"10\"><span class=\"versanumer\">10<\/span><\/a>\u00de\u00fa hefir, konungur, skipa\u00f0 svo fyrir, a\u00f0 hver ma\u00f0ur skuli, \u00fe\u00e1 er hann heyrir hlj\u00f3\u00f0 hornanna, p\u00edpnanna, g\u00edgjanna, harpnanna, saltaranna, symf\u00f3nanna og alls konar hlj\u00f3\u00f0f\u00e6ra, falla fram og tilbi\u00f0ja gull-l\u00edkneski\u00f0,<a name=\"11\"><span class=\"versanumer\">11<\/span><\/a>og a\u00f0 hver s\u00e1, er eigi fellur fram og tilbi\u00f0ur, honum skuli kasta\u00f0 inn \u00ed brennandi eldsofn.<a name=\"12\"><span class=\"versanumer\">12<\/span><\/a>N\u00fa eru h\u00e9r nokkrir Gy\u00f0ingar, er \u00fe\u00fa hefir gj\u00f6rt a\u00f0 s\u00fdslum\u00f6nnum yfir Babel-h\u00e9ra\u00f0i, \u00feeir Sadrak, Mesak og Abed-Neg\u00f3. \u00deessir menn vir\u00f0a \u00feig a\u00f0 engu, konungur. \u00deeir d\u00fdrka ekki \u00fe\u00edna gu\u00f0i og tilbi\u00f0ja ekki gull-l\u00edkneski\u00f0, sem \u00fe\u00fa hefir reisa l\u00e1ti\u00f0.<a name=\"13\"><span class=\"versanumer\">13<\/span><\/a>\u00de\u00e1 fylltist Neb\u00fakadnesar rei\u00f0i og heift og bau\u00f0 a\u00f0 lei\u00f0a fram \u00fe\u00e1 Sadrak, Mesak og Abed-Neg\u00f3, og voru \u00feessir menn leiddir fyrir konunginn.<a name=\"14\"><span class=\"versanumer\">14<\/span><\/a>Neb\u00fakadnesar t\u00f3k til m\u00e1ls og sag\u00f0i vi\u00f0 \u00fe\u00e1: Er \u00fea\u00f0 af \u00e1settu r\u00e1\u00f0i, Sadrak, Mesak og Abed-Neg\u00f3, a\u00f0 \u00fe\u00e9r d\u00fdrki\u00f0 ekki minn gu\u00f0 og tilbi\u00f0ji\u00f0 ekki gull-l\u00edkneski\u00f0, sem \u00e9g hefi reisa l\u00e1ti\u00f0?<a name=\"15\"><span class=\"versanumer\">15<\/span><\/a>Ef \u00fe\u00e9r n\u00fa eru\u00f0 vi\u00f0b\u00fanir, jafnskj\u00f3tt og \u00fe\u00e9r heyri\u00f0 hlj\u00f3\u00f0 hornanna, p\u00edpnanna, g\u00edgjanna, harpnanna, saltaranna, symf\u00f3nanna og alls konar hlj\u00f3\u00f0f\u00e6ra, a\u00f0 falla fram og tilbi\u00f0ja l\u00edkneski \u00fea\u00f0, er \u00e9g hefi gj\u00f6ra l\u00e1ti\u00f0, \u00fe\u00e1 n\u00e6r \u00fea\u00f0 ekki lengra. En ef \u00fe\u00e9r tilbi\u00f0ji\u00f0 \u00fea\u00f0 ekki, \u00fe\u00e1 skal y\u00f0ur samstundis ver\u00f0a kasta\u00f0 inn \u00ed eldsofn brennandi, og hver er s\u00e1 gu\u00f0, er y\u00f0ur megi frelsa \u00far m\u00ednum h\u00f6ndum?<a name=\"16\"><span class=\"versanumer\">16<\/span><\/a>\u00de\u00e1 sv\u00f6ru\u00f0u \u00feeir Sadrak, Mesak og Abed-Neg\u00f3 og s\u00f6g\u00f0u vi\u00f0 Neb\u00fakadnesar konung: V\u00e9r \u00feurfum ekki a\u00f0 svara \u00fe\u00e9r einu or\u00f0i upp \u00e1 \u00feetta.<a name=\"17\"><span class=\"versanumer\">17<\/span><\/a>Ef Gu\u00f0 vor, sem v\u00e9r d\u00fdrkum, vill frelsa oss, \u00fe\u00e1 mun hann frelsa oss \u00far eldsofninum brennandi og af \u00feinni hendi, konungur.<a name=\"18\"><span class=\"versanumer\">18<\/span><\/a>En \u00fe\u00f3tt hann gj\u00f6ri \u00fea\u00f0 ekki, \u00fe\u00e1 skalt \u00fe\u00fa samt vita, konungur, a\u00f0 v\u00e9r munum ekki d\u00fdrka \u00fe\u00edna gu\u00f0i n\u00e9 tilbi\u00f0ja gull-l\u00edkneski\u00f0, sem \u00fe\u00fa hefir reisa l\u00e1ti\u00f0.<a name=\"19\"><span class=\"versanumer\">19<\/span><\/a>\u00de\u00e1 fylltist Neb\u00fakadnesar heiftarrei\u00f0i vi\u00f0 \u00fe\u00e1 Sadrak, Mesak og Abed-Neg\u00f3, svo a\u00f0 \u00e1sj\u00f3na hans afmynda\u00f0ist, og hann skipa\u00f0i a\u00f0 kynda ofninn sj\u00f6falt heitara en vanalegt var a\u00f0 kynda hann.<a name=\"20\"><span class=\"versanumer\">20<\/span><\/a>Og hann bau\u00f0 rammefldum m\u00f6nnum, sem voru \u00ed her hans, a\u00f0 binda \u00fe\u00e1 Sadrak, Mesak og Abed-Neg\u00f3 og kasta \u00feeim inn \u00ed brennandi eldsofninn.<a name=\"21\"><span class=\"versanumer\">21<\/span><\/a>S\u00ed\u00f0an voru \u00feessir menn bundnir \u00ed n\u00e6rf\u00f6tum s\u00ednum, kyrtlum, skikkjum og \u00f6\u00f0rum kl\u00e6\u00f0na\u00f0i s\u00ednum og \u00feeim kasta\u00f0 inn \u00ed hinn brennandi eldsofn.<a name=\"22\"><span class=\"versanumer\">22<\/span><\/a>Og s\u00f6kum \u00feess a\u00f0 skipun konungs var svo strengileg, en ofninn kyntur \u00e1kaflega, \u00fe\u00e1 var\u00f0 eldsloginn a\u00f0 bana m\u00f6nnunum, sem b\u00e1ru \u00fe\u00e1 Sadrak, Mesak og Abed-Neg\u00f3.<a name=\"23\"><span class=\"versanumer\">23<\/span><\/a>En \u00feeir \u00fer\u00edr menn, Sadrak, Mesak og Abed-Neg\u00f3, f\u00e9llu bundnir ni\u00f0ur \u00ed hinn brennandi eldsofn.<a name=\"24\"><span class=\"versanumer\">24<\/span><\/a>\u00de\u00e1 var\u00f0 Neb\u00fakadnesar konungur forvi\u00f0a og spratt upp skyndilega. Hann t\u00f3k til m\u00e1ls og sag\u00f0i vi\u00f0 r\u00e1\u00f0gjafa s\u00edna: H\u00f6fum v\u00e9r ekki kasta\u00f0 \u00feremur m\u00f6nnum fj\u00f6tru\u00f0um inn \u00ed eldinn? \u00deeir sv\u00f6ru\u00f0u konunginum og s\u00f6g\u00f0u: J\u00fa, vissulega, konungur!<a name=\"25\"><span class=\"versanumer\">25<\/span><\/a>Hann svara\u00f0i og sag\u00f0i: \u00c9g s\u00e9 \u00fe\u00f3 fj\u00f3ra menn ganga lausa inni \u00ed eldinum, \u00e1n \u00feess a\u00f0 nokku\u00f0 hafi or\u00f0i\u00f0 \u00feeim a\u00f0 grandi, og er \u00e1s\u00fdnd hins fj\u00f3r\u00f0a \u00fev\u00ed l\u00edkust sem hann s\u00e9 sonur gu\u00f0anna.<a name=\"26\"><span class=\"versanumer\">26<\/span><\/a>\u00de\u00e1 gekk Neb\u00fakadnesar a\u00f0 dyrum hins brennandi eldsofns, t\u00f3k til m\u00e1ls og sag\u00f0i: Sadrak, Mesak og Abed-Neg\u00f3, \u00fej\u00f3nar hins h\u00e6sta Gu\u00f0s, gangi\u00f0 \u00fat og komi\u00f0 hinga\u00f0! \u00de\u00e1 gengu \u00feeir Sadrak, Mesak og Abed-Neg\u00f3 \u00fat \u00far eldinum.<a name=\"27\"><span class=\"versanumer\">27<\/span><\/a>Og jarlarnir, landstj\u00f3rarnir, landsh\u00f6f\u00f0ingjarnir og r\u00e1\u00f0gjafar konungs s\u00f6fnu\u00f0ust saman og s\u00e1u, a\u00f0 eldurinn haf\u00f0i ekki unni\u00f0 \u00e1 l\u00edkama \u00feessara manna og a\u00f0 h\u00e1ri\u00f0 \u00e1 h\u00f6f\u00f0i \u00feeirra var ekki svi\u00f0na\u00f0, a\u00f0 ekkert s\u00e1 \u00e1 n\u00e6rf\u00f6tum \u00feeirra og enginn eldseimur fannst af \u00feeim.<a name=\"28\"><span class=\"versanumer\">28<\/span><\/a>\u00de\u00e1 t\u00f3k Neb\u00fakadnesar til m\u00e1ls og sag\u00f0i: Lofa\u00f0ur s\u00e9 Gu\u00f0 \u00feeirra Sadraks, Mesaks og Abed-Neg\u00f3s, sem sendi engil sinn og frelsa\u00f0i \u00fej\u00f3na s\u00edna, er treystu honum og \u00f3hl\u00fd\u00f0nu\u00f0ust bo\u00f0i konungsins, en l\u00f6g\u00f0u l\u00edkami s\u00edna \u00ed s\u00f6lurnar, til \u00feess a\u00f0 \u00feeir \u00feyrftu ekki a\u00f0 d\u00fdrka n\u00e9 tilbi\u00f0ja neinn annan gu\u00f0 en sinn Gu\u00f0.<a name=\"29\"><span class=\"versanumer\">29<\/span><\/a>N\u00fa gef \u00e9g \u00fat \u00fe\u00e1 skipun, a\u00f0 hver s\u00e1, hverrar \u00fej\u00f3\u00f0ar, hvers lands og hverrar tungu sem er, er m\u00e6lir lastm\u00e6li gegn Gu\u00f0i \u00feeirra Sadraks, Mesaks og Abed-Neg\u00f3s, s\u00e1 skal h\u00f6ggvinn ver\u00f0a sundur og h\u00fas hans gj\u00f6rt a\u00f0 sorphaug, \u00fev\u00ed a\u00f0 enginn annar gu\u00f0 er til, sem eins getur frelsa\u00f0 og hann.<a name=\"30\"><span class=\"versanumer\">30<\/span><\/a>S\u00ed\u00f0an h\u00f3f konungur \u00fe\u00e1 Sadrak, Mesak og Abed-Neg\u00f3 til st\u00f3rra mannvir\u00f0inga \u00ed Babel-h\u00e9ra\u00f0i.<\/p>\n<div class=\"footnote1981\"><b>3.4<\/b> \u00dej\u00f3\u00f0ir, l\u00f6nd Dan 5.19; 6.26; 7.14; Jes 66.18; Opb 5.9<br \/>\n<b>3.6<\/b> Tilbi\u00f0ja ekki 2M\u00f3s 20.3-5; J\u00fadt 3.8 \u2013 eldsofn Jer 29.21-22<br \/>\n<b>3.26<\/b> Hinn \u00e6\u00f0sti Gu\u00f0 Dan 5.18,21; 1M\u00f3s 14.18; Slm 47.3<br \/>\n<b>3.31<\/b> \u00dej\u00f3\u00f0ir, l\u00f6nd Dan 3.4+<\/div>\n","protected":false},"excerpt":{"rendered":"<p>1Neb\u00fakadnesar konungur l\u00e9t gj\u00f6ra l\u00edkneski af gulli, sext\u00edu \u00e1lna \u00e1 h\u00e6\u00f0 og sex \u00e1lna \u00e1 breidd. Hann l\u00e9t reisa \u00fea\u00f0 \u00ed D\u00faradal \u00ed Babel-h\u00e9ra\u00f0i.2Og Neb\u00fakadnesar konungur sendi \u00fat menn til \u00feess a\u00f0 stefna saman j\u00f6rlunum, landstj\u00f3runum, landsh\u00f6f\u00f0ingjunum, r\u00e1\u00f0herrunum, f\u00e9hir\u00f0unum, d\u00f3murunum, l\u00f6gm\u00f6nnunum og \u00f6llum emb\u00e6ttism\u00f6nnum \u00ed skattl\u00f6ndunum, a\u00f0 \u00feeir skyldu koma til v\u00edgslu l\u00edkneskisins, sem Neb\u00fakadnesar konungur haf\u00f0i reisa l\u00e1ti\u00f0.3\u00de\u00e1 s\u00f6fnu\u00f0ust saman jarlarnir, landstj\u00f3rarnir, landsh\u00f6f\u00f0ingjarnir, r\u00e1\u00f0herrarnir, f\u00e9hir\u00f0arnir, d\u00f3mararnir, l\u00f6gmennirnir og allir emb\u00e6ttismenn \u00ed skattl\u00f6ndunum til v\u00edgslu l\u00edkneskisins, sem Neb\u00fakadnesar konungur haf\u00f0i reisa l\u00e1ti\u00f0, og n\u00e1mu sta\u00f0ar frammi fyrir l\u00edkneskinu, er Neb\u00fakadnesar haf\u00f0i l\u00e1ti\u00f0 reisa.4\u00de\u00e1 kalla\u00f0i kallarinn h\u00e1rri r\u00f6ddu: Svo er y\u00f0ur <a href=\"https:\/\/biblian.is\/1981\/daniel-3-kafli\/\"> [&#8230;]<\/a><\/p>\n","protected":false},"author":1,"featured_media":0,"parent":0,"menu_order":0,"comment_status":"open","ping_status":"open","template":"bibliukaflar.php","meta":{"footnotes":""},"class_list":["post-2200","page","type-page","status-publish","hentry"],"_links":{"self":[{"href":"https:\/\/biblian.is\/1981\/wp-json\/wp\/v2\/pages\/2200","targetHints":{"allow":["GET"]}}],"collection":[{"href":"https:\/\/biblian.is\/1981\/wp-json\/wp\/v2\/pages"}],"about":[{"href":"https:\/\/biblian.is\/1981\/wp-json\/wp\/v2\/types\/page"}],"author":[{"embeddable":true,"href":"https:\/\/biblian.is\/1981\/wp-json\/wp\/v2\/users\/1"}],"replies":[{"embeddable":true,"href":"https:\/\/biblian.is\/1981\/wp-json\/wp\/v2\/comments?post=2200"}],"version-history":[{"count":0,"href":"https:\/\/biblian.is\/1981\/wp-json\/wp\/v2\/pages\/2200\/revisions"}],"wp:attachment":[{"href":"https:\/\/biblian.is\/1981\/wp-json\/wp\/v2\/media?parent=2200"}],"curies":[{"name":"wp","href":"https:\/\/api.w.org\/{rel}","templated":true}]}}