{"id":2199,"date":"2017-11-18T20:20:39","date_gmt":"2017-11-18T20:20:39","guid":{"rendered":"http:\/\/biblian.is\/1981\/daniel-2-kafli\/"},"modified":"2021-06-06T10:50:31","modified_gmt":"2021-06-06T10:50:31","slug":"daniel-2-kafli","status":"publish","type":"page","link":"https:\/\/biblian.is\/1981\/daniel-2-kafli\/","title":{"rendered":"Dan\u00edel 2. kafli"},"content":{"rendered":"<p><a name=\"1\"><span class=\"versanumer\">1<\/span><\/a>\u00c1 \u00f6\u00f0ru r\u00edkis\u00e1ri Neb\u00fakadnesars dreymdi Neb\u00fakadnesar draum, og var\u00f0 honum \u00f3r\u00f3tt \u00ed skapi og m\u00e1tti eigi sofa.<a name=\"2\"><span class=\"versanumer\">2<\/span><\/a>\u00de\u00e1 bau\u00f0 konungur a\u00f0 kalla til s\u00edn sp\u00e1sagnamenn og s\u00e6ringamenn og galdramenn og Kaldea, a\u00f0 \u00feeir seg\u00f0u konungi, hva\u00f0 hann hef\u00f0i dreymt, og \u00feeir komu og gengu fyrir konung.<a name=\"3\"><span class=\"versanumer\">3<\/span><\/a>\u00de\u00e1 sag\u00f0i konungur vi\u00f0 \u00fe\u00e1: Mig hefir dreymt draum og m\u00e9r er \u00f3r\u00f3tt \u00ed skapi, uns \u00e9g f\u00e6 a\u00f0 vita drauminn.<a name=\"4\"><span class=\"versanumer\">4<\/span><\/a>\u00de\u00e1 s\u00f6g\u00f0u Kaldearnir vi\u00f0 konunginn \u00e1 arame\u00edsku: Konungurinn lifi eil\u00edflega! Seg \u00fej\u00f3num \u00fe\u00ednum drauminn, og munum v\u00e9r \u00fe\u00e1 segja \u00fe\u00fd\u00f0ing hans.<a name=\"5\"><span class=\"versanumer\">5<\/span><\/a>Konungur svara\u00f0i og sag\u00f0i vi\u00f0 Kaldea: \u00c1setningur minn er \u00f3hagganlegur: Ef \u00fe\u00e9r segi\u00f0 m\u00e9r ekki drauminn og \u00fe\u00fd\u00f0ing hans, skulu\u00f0 \u00fe\u00e9r ver\u00f0a h\u00f6ggnir sundur og h\u00fas y\u00f0ar gj\u00f6r\u00f0 a\u00f0 sorphaug.<a name=\"6\"><span class=\"versanumer\">6<\/span><\/a>En ef \u00fe\u00e9r segi\u00f0 m\u00e9r drauminn og \u00fe\u00fd\u00f0ing hans, munu\u00f0 \u00fe\u00e9r af m\u00e9r \u00feiggja margs konar gjafir og mikla s\u00e6md. Segi\u00f0 m\u00e9r \u00fev\u00ed drauminn og \u00fe\u00fd\u00f0ing hans!<a name=\"7\"><span class=\"versanumer\">7<\/span><\/a>\u00de\u00e1 sv\u00f6ru\u00f0u \u00feeir aftur og s\u00f6g\u00f0u: Konungurinn segi \u00fej\u00f3num s\u00ednum drauminn, og \u00fe\u00e1 skulum v\u00e9r segja, hva\u00f0 hann \u00fe\u00fd\u00f0ir.<a name=\"8\"><span class=\"versanumer\">8<\/span><\/a>Konungur svara\u00f0i og sag\u00f0i: \u00c9g veit me\u00f0 vissu, a\u00f0 \u00fe\u00e9r \u00e6tli\u00f0 a\u00f0 leita y\u00f0ur frests, \u00fear e\u00f0 \u00fe\u00e9r sj\u00e1i\u00f0 a\u00f0 \u00e1setningur minn er \u00f3hagganlegur.<a name=\"9\"><span class=\"versanumer\">9<\/span><\/a>En ef \u00fe\u00e9r segi\u00f0 m\u00e9r ekki drauminn, \u00fe\u00e1 b\u00ed\u00f0ur y\u00f0ar d\u00f3mur, sem ekki ver\u00f0ur nema \u00e1 einn veg. \u00de\u00e9r hafi\u00f0 komi\u00f0 y\u00f0ur saman um a\u00f0 fara me\u00f0 lygatal og ska\u00f0semdar frammi fyrir m\u00e9r, \u00fear til er t\u00edmarnir breytast. Segi\u00f0 m\u00e9r \u00fev\u00ed drauminn, svo a\u00f0 \u00e9g f\u00e1i skili\u00f0, a\u00f0 \u00fe\u00e9r megi\u00f0 einnig segja m\u00e9r \u00fe\u00fd\u00f0ing hans.<a name=\"10\"><span class=\"versanumer\">10<\/span><\/a>Kaldearnir sv\u00f6ru\u00f0u konungi og s\u00f6g\u00f0u: Enginn er s\u00e1 ma\u00f0ur \u00ed heimi, er sagt geti \u00fea\u00f0, er konungurinn m\u00e6list til, n\u00e9 heldur hefir nokkur mikill og voldugur konungur krafist sl\u00edks af nokkrum sp\u00e1sagnamanni, s\u00e6ringamanni e\u00f0a Kaldea.<a name=\"11\"><span class=\"versanumer\">11<\/span><\/a>\u00dev\u00ed a\u00f0 \u00fea\u00f0 er torvelt, sem konungurinn heimtar, og enginn getur kunngj\u00f6rt konunginum \u00fea\u00f0 nema gu\u00f0irnir einir, en b\u00fasta\u00f0ur \u00feeirra er ekki hj\u00e1 dau\u00f0legum m\u00f6nnum.<a name=\"12\"><span class=\"versanumer\">12<\/span><\/a>Af \u00feessu var\u00f0 konungur gramur og mj\u00f6g rei\u00f0ur og bau\u00f0 a\u00f0 taka af l\u00edfi alla vitringa \u00ed Bab\u00fdlon.<a name=\"13\"><span class=\"versanumer\">13<\/span><\/a>Gekk \u00fe\u00e1 s\u00fa skipun \u00fat, a\u00f0 l\u00edfl\u00e1ta skyldi vitringana, og var leita\u00f0 a\u00f0 \u00feeim Dan\u00edel og f\u00e9l\u00f6gum hans til a\u00f0 l\u00edfl\u00e1ta \u00fe\u00e1.<a name=\"14\"><span class=\"versanumer\">14<\/span><\/a>\u00de\u00e1 sneri Dan\u00edel s\u00e9r me\u00f0 viturleik og skynsemd til Arj\u00f3ks, l\u00edfvar\u00f0arforingja konungs, sem \u00fat var genginn til \u00feess a\u00f0 l\u00edfl\u00e1ta vitringana \u00ed Bab\u00fdlon.<a name=\"15\"><span class=\"versanumer\">15<\/span><\/a>Hann t\u00f3k til m\u00e1ls og sag\u00f0i vi\u00f0 Arj\u00f3k valdsmann konungs: Hv\u00ed er skipun konungs svo h\u00f6r\u00f0? Arj\u00f3k sk\u00fdr\u00f0i \u00fe\u00e1 Dan\u00edel fr\u00e1 m\u00e1lav\u00f6xtum.<a name=\"16\"><span class=\"versanumer\">16<\/span><\/a>Og Dan\u00edel gekk upp til konungs og ba\u00f0 hann gefa s\u00e9r frest, a\u00f0 hann m\u00e6tti kunngj\u00f6ra konungi \u00fe\u00fd\u00f0inguna.<a name=\"17\"><span class=\"versanumer\">17<\/span><\/a>\u00de\u00e1 gekk Dan\u00edel heim til h\u00fass s\u00edns til \u00feess a\u00f0 segja \u00feeim Hananja, M\u00edsael og Asarja, f\u00e9l\u00f6gum s\u00ednum, fr\u00e1 \u00feessu,<a name=\"18\"><span class=\"versanumer\">18<\/span><\/a>og til \u00feess a\u00f0 bi\u00f0ja Gu\u00f0 himinsins l\u00edknar um leyndard\u00f3m \u00feennan, svo a\u00f0 Dan\u00edel og f\u00e9lagar hans yr\u00f0u ekki l\u00edfl\u00e1tnir me\u00f0 hinum vitringunum \u00ed Bab\u00fdlon.<a name=\"19\"><span class=\"versanumer\">19<\/span><\/a>\u00de\u00e1 var leyndard\u00f3murinn opinbera\u00f0ur Dan\u00edel \u00ed n\u00e6turs\u00fdn. \u00de\u00e1 lofa\u00f0i Dan\u00edel Gu\u00f0 himnanna.<a name=\"20\"><span class=\"versanumer\">20<\/span><\/a>Dan\u00edel t\u00f3k til m\u00e1ls og sag\u00f0i: Lofa\u00f0 veri nafn Gu\u00f0s fr\u00e1 eil\u00edf\u00f0 til eil\u00edf\u00f0ar, \u00fev\u00ed a\u00f0 hans er viskan og m\u00e1tturinn.<a name=\"21\"><span class=\"versanumer\">21<\/span><\/a>Hann breytir t\u00edmum og t\u00ed\u00f0um, hann rekur konunga fr\u00e1 v\u00f6ldum og hann setur konunga til valda, hann gefur spekingunum speki og hinum hyggnu hyggindi.<a name=\"22\"><span class=\"versanumer\">22<\/span><\/a>Hann opinberar hina d\u00fdpstu og huldustu leyndard\u00f3ma, hann veit, hva\u00f0 \u00ed myrkrinu gj\u00f6rist, og lj\u00f3si\u00f0 b\u00fdr hj\u00e1 honum.<a name=\"23\"><span class=\"versanumer\">23<\/span><\/a>\u00c9g \u00feakka \u00fe\u00e9r, Gu\u00f0 fe\u00f0ra minna, og vegsama \u00feig fyrir \u00fea\u00f0, a\u00f0 \u00fe\u00fa hefir gefi\u00f0 m\u00e9r visku og m\u00e1tt og n\u00fa l\u00e1ti\u00f0 mig vita \u00fea\u00f0, er v\u00e9r b\u00e1\u00f0um \u00feig um, \u00fev\u00ed a\u00f0 \u00fe\u00fa hefir opinbera\u00f0 oss \u00fea\u00f0, er konungur vildi vita.<a name=\"24\"><span class=\"versanumer\">24<\/span><\/a>Dan\u00edel f\u00f3r n\u00fa til Arj\u00f3ks, sem konungur haf\u00f0i fali\u00f0 a\u00f0 l\u00edfl\u00e1ta vitringana \u00ed Bab\u00fdlon. Hann f\u00f3r og m\u00e6lti til hans \u00e1 \u00feessa lei\u00f0: Ekki skalt \u00fe\u00fa l\u00edfl\u00e1ta vitringana \u00ed Bab\u00fdlon. Lei\u00f0 mig inn fyrir konung, og mun \u00e9g segja konungi \u00fe\u00fd\u00f0inguna.<a name=\"25\"><span class=\"versanumer\">25<\/span><\/a>S\u00ed\u00f0an leiddi Arj\u00f3k Dan\u00edel \u00ed skyndi inn fyrir konung og m\u00e6lti svo til hans: \u00c9g hefi fundi\u00f0 mann me\u00f0al hinna herleiddu fr\u00e1 J\u00fada, sem \u00e6tlar a\u00f0 segja konunginum \u00fe\u00fd\u00f0ing draumsins.<a name=\"26\"><span class=\"versanumer\">26<\/span><\/a>Konungur svara\u00f0i og sag\u00f0i vi\u00f0 Dan\u00edel, sem kalla\u00f0ur var Beltsasar: Getur \u00fe\u00fa sagt m\u00e9r drauminn, sem mig dreymdi, og \u00fe\u00fd\u00f0ing hans?<a name=\"27\"><span class=\"versanumer\">27<\/span><\/a>Dan\u00edel svara\u00f0i konungi og sag\u00f0i: Leyndard\u00f3m \u00feann, sem konungurinn spyr um, geta hvorki vitringar, s\u00e6ringamenn, sp\u00e1sagnamenn n\u00e9 stj\u00f6rnuspekingar sagt konunginum.<a name=\"28\"><span class=\"versanumer\">28<\/span><\/a>En s\u00e1 Gu\u00f0 er \u00e1 himnum, sem opinberar leynda hluti, og hann hefir kunngj\u00f6rt Neb\u00fakadnesar konungi \u00fea\u00f0, er ver\u00f0a mun \u00e1 hinum s\u00ed\u00f0ustu d\u00f6gum. Draumur \u00feinn og vitranir \u00fe\u00e6r, er fyrir \u00feig bar \u00ed rekkju \u00feinni, voru \u00feessar:<a name=\"29\"><span class=\"versanumer\">29<\/span><\/a>\u00de\u00e1 er \u00fe\u00fa hv\u00edldir \u00ed rekkju \u00feinni, konungur, stigu upp hugsanir hj\u00e1 \u00fe\u00e9r um, hva\u00f0 ver\u00f0a mundi eftir \u00feetta, og hann, sem opinberar leynda hluti, hefir kunngj\u00f6rt \u00fe\u00e9r, hva\u00f0 ver\u00f0a muni.<a name=\"30\"><span class=\"versanumer\">30<\/span><\/a>En hva\u00f0 mig snertir, \u00fe\u00e1 er \u00fea\u00f0 ekki fyrir nokkurrar visku sakir, sem \u00e9g hafi til a\u00f0 bera umfram alla menn a\u00f0ra, \u00fe\u00e1 er n\u00fa eru uppi, a\u00f0 \u00feessi leyndard\u00f3mur er m\u00e9r opinber or\u00f0inn, heldur til \u00feess a\u00f0 \u00fe\u00fd\u00f0ingin yr\u00f0i kunngj\u00f6r\u00f0 konunginum og \u00fe\u00fa fengir a\u00f0 vita hugsanir hjarta \u00fe\u00edns.<a name=\"31\"><span class=\"versanumer\">31<\/span><\/a>\u00de\u00fa horf\u00f0ir fram fyrir \u00feig, konungur, og st\u00f3\u00f0 \u00fear l\u00edkneski miki\u00f0. L\u00edkneski \u00feetta var st\u00f3rt og yfirtaks-lj\u00f3mandi. \u00dea\u00f0 st\u00f3\u00f0 frammi fyrir \u00fe\u00e9r og var \u00f3gurlegt \u00e1s\u00fdndum.<a name=\"32\"><span class=\"versanumer\">32<\/span><\/a>H\u00f6fu\u00f0 l\u00edkneskis \u00feessa var af sk\u00edru gulli, brj\u00f3sti\u00f0 og armleggirnir af silfri, kvi\u00f0urinn og lendarnar af eiri,<a name=\"33\"><span class=\"versanumer\">33<\/span><\/a>leggirnir af j\u00e1rni, f\u00e6turnir sums kostar af j\u00e1rni, sums kostar af leir.<a name=\"34\"><span class=\"versanumer\">34<\/span><\/a>\u00de\u00fa horf\u00f0ir \u00e1 \u00fea\u00f0, \u00fear til er steinn nokkur losna\u00f0i, \u00e1n \u00feess a\u00f0 nokkur mannsh\u00f6nd k\u00e6mi vi\u00f0 hann. Hann lenti \u00e1 f\u00f3tum l\u00edkneskisins, sem voru af j\u00e1rni og leir, og mola\u00f0i \u00fe\u00e1.<a name=\"35\"><span class=\"versanumer\">35<\/span><\/a>\u00de\u00e1 muldist sundur \u00ed sama bili j\u00e1rni\u00f0, leirinn, eirinn, silfri\u00f0 og gulli\u00f0, og var\u00f0 eins og s\u00e1\u00f0ir \u00e1 sumarl\u00e1fa, vindurinn feykti \u00fev\u00ed burt, svo a\u00f0 \u00feess s\u00e1 engan sta\u00f0. En steinninn, sem lenti \u00e1 l\u00edkneskinu, var\u00f0 a\u00f0 st\u00f3ru fjalli og t\u00f3k yfir alla j\u00f6r\u00f0ina.<a name=\"36\"><span class=\"versanumer\">36<\/span><\/a>\u00deetta er draumurinn, og n\u00fa viljum v\u00e9r segja konunginum \u00fe\u00fd\u00f0ing hans.<a name=\"37\"><span class=\"versanumer\">37<\/span><\/a>\u00de\u00fa, konungur, yfirkonungur konunganna, sem Gu\u00f0 himnanna hefir gefi\u00f0 r\u00edki\u00f0, valdi\u00f0, m\u00e1ttinn og tignina,<a name=\"38\"><span class=\"versanumer\">38<\/span><\/a>\u00fe\u00fa, sem hann hefir mennina \u00e1 vald selt, hvar svo sem \u00feeir b\u00faa, d\u00fdr merkurinnar og fugla himinsins, og sett \u00feig drottnara yfir \u00fev\u00ed \u00f6llu, \u00fe\u00fa ert gullh\u00f6fu\u00f0i\u00f0.<a name=\"39\"><span class=\"versanumer\">39<\/span><\/a>En eftir \u00feig mun hefjast anna\u00f0 konungsr\u00edki, minni h\u00e1ttar en \u00feitt er, og \u00fev\u00ed n\u00e6st hi\u00f0 \u00feri\u00f0ja r\u00edki af eiri, sem drottna mun yfir allri ver\u00f6ldu.<a name=\"40\"><span class=\"versanumer\">40<\/span><\/a>\u00de\u00e1 mun hefjast fj\u00f3r\u00f0a r\u00edki\u00f0, sterkt sem j\u00e1rn, \u00fev\u00ed a\u00f0 j\u00e1rni\u00f0 sundurbr\u00fdtur og m\u00f6lvar allt, og eins og j\u00e1rni\u00f0 molar sundur, eins mun \u00fea\u00f0 sundurbrj\u00f3ta og mola \u00f6ll hin r\u00edkin.<a name=\"41\"><span class=\"versanumer\">41<\/span><\/a>En \u00fear er \u00fe\u00fa s\u00e1st f\u00e6turna og t\u00e6rnar, a\u00f0 sumt var af pottaraleir, sumt af j\u00e1rni, \u00fea\u00f0 merkir a\u00f0 r\u00edki\u00f0 mun ver\u00f0a skipt. \u00de\u00f3 mun \u00fea\u00f0 nokkru \u00ed s\u00e9r halda af h\u00f6rku j\u00e1rnsins, \u00fear sem \u00fe\u00fa s\u00e1st j\u00e1rni\u00f0 blanda\u00f0 saman vi\u00f0 deigulm\u00f3inn.<a name=\"42\"><span class=\"versanumer\">42<\/span><\/a>En \u00fear er t\u00e6rnar \u00e1 f\u00f3tunum voru sums kostar af j\u00e1rni og sums kostar af leir, \u00fe\u00e1 mun \u00fea\u00f0 r\u00edki a\u00f0 nokkru leyti ver\u00f0a \u00f6flugt og a\u00f0 nokkru leyti veikt.<a name=\"43\"><span class=\"versanumer\">43<\/span><\/a>Og \u00fear er \u00fe\u00fa s\u00e1st j\u00e1rni\u00f0 blanda\u00f0 saman vi\u00f0 deigulm\u00f3inn, \u00fe\u00e1 munu \u00feeir me\u00f0 kvonf\u00f6ngum saman blandast, og \u00fe\u00f3 ekki sam\u00fe\u00fd\u00f0ast hvorir \u00f6\u00f0rum, eins og j\u00e1rni\u00f0 samlagar sig ekki vi\u00f0 leirinn.<a name=\"44\"><span class=\"versanumer\">44<\/span><\/a>En \u00e1 d\u00f6gum \u00feessara konunga mun Gu\u00f0 himnanna hefja r\u00edki, sem aldrei skal \u00e1 grunn ganga, og \u00fea\u00f0 r\u00edki skal engri annarri \u00fej\u00f3\u00f0 \u00ed hendur fengi\u00f0 ver\u00f0a. \u00dea\u00f0 mun knosa og a\u00f0 engu gj\u00f6ra \u00f6ll \u00feessi r\u00edki, en sj\u00e1lft mun \u00fea\u00f0 standa a\u00f0 eil\u00edfu,<a name=\"45\"><span class=\"versanumer\">45<\/span><\/a>\u00fear sem \u00fe\u00fa s\u00e1st a\u00f0 steinn nokkur losna\u00f0i \u00far fjallinu, \u00e1n \u00feess a\u00f0 nokkur mannsh\u00f6nd k\u00e6mi vi\u00f0 hann, og m\u00f6lva\u00f0i j\u00e1rni\u00f0, eirinn, leirinn, silfri\u00f0 og gulli\u00f0. Mikill Gu\u00f0 hefir kunngj\u00f6rt konunginum hva\u00f0 h\u00e9r eftir muni ver\u00f0a. Draumurinn er sannur og \u00fe\u00fd\u00f0ing hans \u00e1rei\u00f0anleg.<a name=\"46\"><span class=\"versanumer\">46<\/span><\/a>\u00de\u00e1 f\u00e9ll Neb\u00fakadnesar konungur fram \u00e1 \u00e1sj\u00f3nu s\u00edna og laut Dan\u00edel og bau\u00f0 a\u00f0 f\u00f3rna honum matf\u00f3rn og reykelsi.<a name=\"47\"><span class=\"versanumer\">47<\/span><\/a>Konungur m\u00e6lti til Dan\u00edels og sag\u00f0i: \u00cd sannleika er y\u00f0ar Gu\u00f0 yfirgu\u00f0 gu\u00f0anna og herra konunganna og opinberari leyndra hluta, me\u00f0 \u00fev\u00ed a\u00f0 \u00fe\u00fa m\u00e1ttir \u00feennan leyndard\u00f3m augl\u00fdsa.<a name=\"48\"><span class=\"versanumer\">48<\/span><\/a>Eftir \u00fea\u00f0 h\u00f3f konungur Dan\u00edel til mikilla mannvir\u00f0inga og gaf honum miklar og margar gjafir, setti hann h\u00f6f\u00f0ingja yfir allt Babel-h\u00e9ra\u00f0 og gj\u00f6r\u00f0i hann a\u00f0 \u00e6\u00f0sta forstj\u00f3ra yfir \u00f6llum vitringum \u00ed Bab\u00fdlon.<a name=\"49\"><span class=\"versanumer\">49<\/span><\/a>Og fyrir tilm\u00e6li Dan\u00edels gj\u00f6r\u00f0i konungur \u00fe\u00e1 Sadrak, Mesak og Abed-Neg\u00f3 a\u00f0 s\u00fdslum\u00f6nnum yfir Babel-h\u00e9ra\u00f0i, en sj\u00e1lfur var Dan\u00edel vi\u00f0 hir\u00f0 konungs.<\/p>\n<div class=\"footnote1981\"><b>2.1<\/b> Olli \u00e1hyggjum 1M\u00f3s 41.8 \u2013 svefnleysi Dan 6.19<br \/>\n<b>2.18<\/b> Gu\u00f0 himnanna Dan 2.37,44; 1M\u00f3s 24.7; J\u00fadt 5.8<br \/>\n<b>2.19<\/b> N\u00e6turs\u00fdn Dan 7.7; 1M\u00f3s 46.2<br \/>\n<b>2.21<\/b> T\u00edmar og t\u00ed\u00f0ir Dan 7.12; Post 1.7; 1\u00deess 5.1<\/div>\n","protected":false},"excerpt":{"rendered":"<p>1\u00c1 \u00f6\u00f0ru r\u00edkis\u00e1ri Neb\u00fakadnesars dreymdi Neb\u00fakadnesar draum, og var\u00f0 honum \u00f3r\u00f3tt \u00ed skapi og m\u00e1tti eigi sofa.2\u00de\u00e1 bau\u00f0 konungur a\u00f0 kalla til s\u00edn sp\u00e1sagnamenn og s\u00e6ringamenn og galdramenn og Kaldea, a\u00f0 \u00feeir seg\u00f0u konungi, hva\u00f0 hann hef\u00f0i dreymt, og \u00feeir komu og gengu fyrir konung.3\u00de\u00e1 sag\u00f0i konungur vi\u00f0 \u00fe\u00e1: Mig hefir dreymt draum og m\u00e9r er \u00f3r\u00f3tt \u00ed skapi, uns \u00e9g f\u00e6 a\u00f0 vita drauminn.4\u00de\u00e1 s\u00f6g\u00f0u Kaldearnir vi\u00f0 konunginn \u00e1 arame\u00edsku: Konungurinn lifi eil\u00edflega! Seg \u00fej\u00f3num \u00fe\u00ednum drauminn, og munum v\u00e9r \u00fe\u00e1 segja \u00fe\u00fd\u00f0ing hans.5Konungur svara\u00f0i og sag\u00f0i vi\u00f0 Kaldea: \u00c1setningur minn er \u00f3hagganlegur: Ef \u00fe\u00e9r segi\u00f0 m\u00e9r ekki drauminn <a href=\"https:\/\/biblian.is\/1981\/daniel-2-kafli\/\"> [&#8230;]<\/a><\/p>\n","protected":false},"author":1,"featured_media":0,"parent":0,"menu_order":0,"comment_status":"open","ping_status":"open","template":"bibliukaflar.php","meta":{"footnotes":""},"class_list":["post-2199","page","type-page","status-publish","hentry"],"_links":{"self":[{"href":"https:\/\/biblian.is\/1981\/wp-json\/wp\/v2\/pages\/2199","targetHints":{"allow":["GET"]}}],"collection":[{"href":"https:\/\/biblian.is\/1981\/wp-json\/wp\/v2\/pages"}],"about":[{"href":"https:\/\/biblian.is\/1981\/wp-json\/wp\/v2\/types\/page"}],"author":[{"embeddable":true,"href":"https:\/\/biblian.is\/1981\/wp-json\/wp\/v2\/users\/1"}],"replies":[{"embeddable":true,"href":"https:\/\/biblian.is\/1981\/wp-json\/wp\/v2\/comments?post=2199"}],"version-history":[{"count":0,"href":"https:\/\/biblian.is\/1981\/wp-json\/wp\/v2\/pages\/2199\/revisions"}],"wp:attachment":[{"href":"https:\/\/biblian.is\/1981\/wp-json\/wp\/v2\/media?parent=2199"}],"curies":[{"name":"wp","href":"https:\/\/api.w.org\/{rel}","templated":true}]}}