{"id":2198,"date":"2017-11-18T20:20:39","date_gmt":"2017-11-18T20:20:39","guid":{"rendered":"http:\/\/biblian.is\/1981\/daniel-1-kafli\/"},"modified":"2021-06-06T10:50:30","modified_gmt":"2021-06-06T10:50:30","slug":"daniel-1-kafli","status":"publish","type":"page","link":"https:\/\/biblian.is\/1981\/daniel-1-kafli\/","title":{"rendered":"Dan\u00edel 1. kafli"},"content":{"rendered":"<p><a name=\"1\"><span class=\"versanumer\">1<\/span><\/a>\u00c1 \u00feri\u00f0ja r\u00edkis\u00e1ri J\u00f3jak\u00edms konungs \u00ed J\u00fada kom Neb\u00fakadnesar konungur \u00ed Bab\u00fdlon til Jer\u00fasalem og settist um hana.<a name=\"2\"><span class=\"versanumer\">2<\/span><\/a>Og Drottinn gaf J\u00f3jak\u00edm J\u00fadakonung \u00e1 vald hans og nokku\u00f0 af \u00e1h\u00f6ldum Gu\u00f0s h\u00fass, og hann flutti \u00feau til S\u00ednearlands \u00ed musteri gu\u00f0s s\u00edns, og \u00e1h\u00f6ldin flutti hann \u00ed fj\u00e1rhirslu gu\u00f0s s\u00edns.<a name=\"3\"><span class=\"versanumer\">3<\/span><\/a>Og konungur bau\u00f0 Aspenasi hir\u00f0stj\u00f3ra a\u00f0 velja me\u00f0al \u00cdsraelsmanna, b\u00e6\u00f0i af konungs\u00e6ttinni og af h\u00f6f\u00f0ingjunum,<a name=\"4\"><span class=\"versanumer\">4<\/span><\/a>sveina nokkra, er engin l\u00edkamsl\u00fdti hef\u00f0u og v\u00e6ru fr\u00ed\u00f0ir s\u00fdnum, vel a\u00f0 s\u00e9r \u00ed hvers konar v\u00edsindum, fr\u00f3\u00f0ir og vel viti bornir og h\u00e6fir til a\u00f0 \u00fej\u00f3na \u00ed konungsh\u00f6llinni, og kenna \u00feeim b\u00f3kmenntir og tungu Kaldea.<a name=\"5\"><span class=\"versanumer\">5<\/span><\/a>Og konungur \u00e1kva\u00f0 \u00feeim daglegan skammt fr\u00e1 konungsbor\u00f0i og af v\u00edni \u00fev\u00ed, er hann sj\u00e1lfur drakk, og bau\u00f0 a\u00f0 uppala \u00fe\u00e1 \u00ed \u00ferj\u00fa \u00e1r, og a\u00f0 \u00feeim li\u00f0num skyldu \u00feeir \u00fej\u00f3na frammi fyrir konunginum.<a name=\"6\"><span class=\"versanumer\">6<\/span><\/a>Og me\u00f0al \u00feeirra voru af J\u00fadam\u00f6nnum \u00feeir Dan\u00edel, Hananja, M\u00edsael og Asarja.<a name=\"7\"><span class=\"versanumer\">7<\/span><\/a>En hir\u00f0stj\u00f3rinn breytti n\u00f6fnum \u00feeirra og kalla\u00f0i Dan\u00edel Beltsasar, Hananja Sadrak, M\u00edsael Mesak og Asarja Abed-Neg\u00f3.<a name=\"8\"><span class=\"versanumer\">8<\/span><\/a>En Dan\u00edel einsetti s\u00e9r a\u00f0 saurga sig ekki \u00e1 matnum fr\u00e1 konungsbor\u00f0i n\u00e9 \u00e1 v\u00edni \u00fev\u00ed, er konungur drakk, og beiddist \u00feess af hir\u00f0stj\u00f3ra, a\u00f0 hann \u00feyrfti ekki a\u00f0 saurga sig.<a name=\"9\"><span class=\"versanumer\">9<\/span><\/a>Og Gu\u00f0 l\u00e9t Dan\u00edel ver\u00f0a n\u00e1\u00f0ar og l\u00edknar au\u00f0i\u00f0 hj\u00e1 hir\u00f0stj\u00f3ranum.<a name=\"10\"><span class=\"versanumer\">10<\/span><\/a>En hir\u00f0stj\u00f3rinn sag\u00f0i vi\u00f0 Dan\u00edel: \u00c9g er hr\u00e6ddur um a\u00f0 minn herra konungurinn, sem tilteki\u00f0 hefir mat y\u00f0ar og drykk, sj\u00e1i y\u00f0ur f\u00f6lari \u00ed brag\u00f0i en a\u00f0ra sveina \u00e1 y\u00f0ar aldri, og ver\u00f0i\u00f0 \u00fe\u00e9r svo \u00feess valdandi, a\u00f0 \u00e9g fyrirgj\u00f6ri l\u00edfi m\u00ednu vi\u00f0 konunginn.<a name=\"11\"><span class=\"versanumer\">11<\/span><\/a>\u00de\u00e1 sag\u00f0i Dan\u00edel vi\u00f0 tilsj\u00f3narmanninn, er hir\u00f0stj\u00f3rinn haf\u00f0i sett yfir \u00fe\u00e1 Dan\u00edel, Hananja, M\u00edsael og Asarja:<a name=\"12\"><span class=\"versanumer\">12<\/span><\/a>Gj\u00f6r tilraun vi\u00f0 oss \u00fej\u00f3na \u00fe\u00edna \u00ed t\u00edu daga og l\u00e1t gefa oss k\u00e1lmeti a\u00f0 eta og vatn a\u00f0 drekka.<a name=\"13\"><span class=\"versanumer\">13<\/span><\/a>Sko\u00f0a s\u00ed\u00f0an yfirbrag\u00f0 vort og yfirbrag\u00f0 sveina \u00feeirra, er eta vi\u00f0 konungsbor\u00f0, og gj\u00f6r \u00fev\u00ed n\u00e6st vi\u00f0 oss eftir \u00fev\u00ed, sem \u00fe\u00e9r \u00fe\u00e1 l\u00edst \u00e1 oss.<a name=\"14\"><span class=\"versanumer\">14<\/span><\/a>Og hann veitti \u00feeim b\u00f3n \u00feessa og gj\u00f6r\u00f0i tilraun vi\u00f0 \u00fe\u00e1 \u00ed t\u00edu daga.<a name=\"15\"><span class=\"versanumer\">15<\/span><\/a>Og a\u00f0 t\u00edu d\u00f6gum li\u00f0num reyndust \u00feeir fegurri \u00e1s\u00fdndum og feitari \u00e1 hold en allir sveinarnir, sem \u00e1tu vi\u00f0 konungsbor\u00f0.<a name=\"16\"><span class=\"versanumer\">16<\/span><\/a>Eftir \u00fea\u00f0 l\u00e9t tilsj\u00f3narma\u00f0urinn bera burt matinn og v\u00edni\u00f0, sem \u00feeim haf\u00f0i veri\u00f0 \u00e6tla\u00f0, og gaf \u00feeim k\u00e1lmeti.<a name=\"17\"><span class=\"versanumer\">17<\/span><\/a>Og \u00feessum fj\u00f3rum sveinum gaf Gu\u00f0 kunn\u00e1ttu og skilning \u00e1 alls konar rit og v\u00edsindi, en Dan\u00edel kunni og skyn \u00e1 alls konar vitrunum og draumum.<a name=\"18\"><span class=\"versanumer\">18<\/span><\/a>Og er li\u00f0inn var s\u00e1 t\u00edmi, er konungur haf\u00f0i tilteki\u00f0, a\u00f0 \u00fe\u00e1 skyldi lei\u00f0a \u00e1 sinn fund, \u00fe\u00e1 leiddi hir\u00f0stj\u00f3rinn \u00fe\u00e1 fyrir Neb\u00fakadnesar.<a name=\"19\"><span class=\"versanumer\">19<\/span><\/a>Og konungur \u00e1tti tal vi\u00f0 \u00fe\u00e1, en eigi fannst neinn af \u00feeim \u00f6llum sl\u00edkur sem \u00feeir Dan\u00edel, Hananja, M\u00edsael og Asarja, og gengu \u00feeir \u00ed \u00fej\u00f3nustu konungs.<a name=\"20\"><span class=\"versanumer\">20<\/span><\/a>Og \u00ed \u00f6llum hlutum, sem viturleik og skilning \u00feurfti vi\u00f0 a\u00f0 hafa og konungur spur\u00f0i \u00fe\u00e1 um, reyndust \u00feeir t\u00edu sinnum fremri en allir sp\u00e1sagnamenn og s\u00e6ringamenn \u00ed \u00f6llu r\u00edki hans.<a name=\"21\"><span class=\"versanumer\">21<\/span><\/a>Og Dan\u00edel dvaldist \u00fear allt til fyrsta \u00e1rs K\u00fdrusar konungs.<\/p>\n<div class=\"footnote1981\"><b>1.12<\/b> \u00dej\u00f3narnir reyndir \u00ed t\u00edu daga Opb 2.10<\/div>\n","protected":false},"excerpt":{"rendered":"<p>1\u00c1 \u00feri\u00f0ja r\u00edkis\u00e1ri J\u00f3jak\u00edms konungs \u00ed J\u00fada kom Neb\u00fakadnesar konungur \u00ed Bab\u00fdlon til Jer\u00fasalem og settist um hana.2Og Drottinn gaf J\u00f3jak\u00edm J\u00fadakonung \u00e1 vald hans og nokku\u00f0 af \u00e1h\u00f6ldum Gu\u00f0s h\u00fass, og hann flutti \u00feau til S\u00ednearlands \u00ed musteri gu\u00f0s s\u00edns, og \u00e1h\u00f6ldin flutti hann \u00ed fj\u00e1rhirslu gu\u00f0s s\u00edns.3Og konungur bau\u00f0 Aspenasi hir\u00f0stj\u00f3ra a\u00f0 velja me\u00f0al \u00cdsraelsmanna, b\u00e6\u00f0i af konungs\u00e6ttinni og af h\u00f6f\u00f0ingjunum,4sveina nokkra, er engin l\u00edkamsl\u00fdti hef\u00f0u og v\u00e6ru fr\u00ed\u00f0ir s\u00fdnum, vel a\u00f0 s\u00e9r \u00ed hvers konar v\u00edsindum, fr\u00f3\u00f0ir og vel viti bornir og h\u00e6fir til a\u00f0 \u00fej\u00f3na \u00ed konungsh\u00f6llinni, og kenna \u00feeim b\u00f3kmenntir og tungu Kaldea.5Og konungur \u00e1kva\u00f0 <a href=\"https:\/\/biblian.is\/1981\/daniel-1-kafli\/\"> [&#8230;]<\/a><\/p>\n","protected":false},"author":1,"featured_media":0,"parent":0,"menu_order":0,"comment_status":"open","ping_status":"open","template":"bibliukaflar.php","meta":{"footnotes":""},"class_list":["post-2198","page","type-page","status-publish","hentry"],"_links":{"self":[{"href":"https:\/\/biblian.is\/1981\/wp-json\/wp\/v2\/pages\/2198","targetHints":{"allow":["GET"]}}],"collection":[{"href":"https:\/\/biblian.is\/1981\/wp-json\/wp\/v2\/pages"}],"about":[{"href":"https:\/\/biblian.is\/1981\/wp-json\/wp\/v2\/types\/page"}],"author":[{"embeddable":true,"href":"https:\/\/biblian.is\/1981\/wp-json\/wp\/v2\/users\/1"}],"replies":[{"embeddable":true,"href":"https:\/\/biblian.is\/1981\/wp-json\/wp\/v2\/comments?post=2198"}],"version-history":[{"count":0,"href":"https:\/\/biblian.is\/1981\/wp-json\/wp\/v2\/pages\/2198\/revisions"}],"wp:attachment":[{"href":"https:\/\/biblian.is\/1981\/wp-json\/wp\/v2\/media?parent=2198"}],"curies":[{"name":"wp","href":"https:\/\/api.w.org\/{rel}","templated":true}]}}