{"id":2197,"date":"2017-11-18T20:20:39","date_gmt":"2017-11-18T20:20:39","guid":{"rendered":"http:\/\/biblian.is\/1981\/esekiel-48-kafli\/"},"modified":"2021-06-06T10:50:58","modified_gmt":"2021-06-06T10:50:58","slug":"esekiel-48-kafli","status":"publish","type":"page","link":"https:\/\/biblian.is\/1981\/esekiel-48-kafli\/","title":{"rendered":"Esek\u00edel 48. kafli"},"content":{"rendered":"<p><a name=\"1\"><span class=\"versanumer\">1<\/span><\/a>Og \u00feetta eru n\u00f6fn \u00e6ttkv\u00edslanna: Yst \u00ed nor\u00f0ri, fr\u00e1 hafinu \u00ed \u00e1ttina til Hetl\u00f3n \u00feanga\u00f0 a\u00f0, er lei\u00f0 liggur til Hamat, og \u00fea\u00f0an til Hasar En\u00f3n, _ er \u00fe\u00e1 Damaskusland fyrir nor\u00f0an, fram me\u00f0 Hamat _, og f\u00e6r hver land fr\u00e1 austri til vesturs: Dan, einn landshluti.<a name=\"2\"><span class=\"versanumer\">2<\/span><\/a>Og me\u00f0fram Dans landi, fr\u00e1 austri til vesturs: Asser, einn landshluti.<a name=\"3\"><span class=\"versanumer\">3<\/span><\/a>Og me\u00f0fram Assers landi, fr\u00e1 austri til vesturs: Naftal\u00ed, einn landshluti.<a name=\"4\"><span class=\"versanumer\">4<\/span><\/a>Og me\u00f0fram Naftal\u00ed landi, fr\u00e1 austri til vesturs: Manasse, einn landshluti.<a name=\"5\"><span class=\"versanumer\">5<\/span><\/a>Og me\u00f0fram Manasse landi, fr\u00e1 austri til vesturs: Efra\u00edm, einn landshluti.<a name=\"6\"><span class=\"versanumer\">6<\/span><\/a>Og me\u00f0fram Efra\u00edms landi, fr\u00e1 austri til vesturs: R\u00faben, einn landshluti.<a name=\"7\"><span class=\"versanumer\">7<\/span><\/a>Og me\u00f0fram R\u00fabens landi, fr\u00e1 austri til vesturs: J\u00fada, einn landshluti.<a name=\"8\"><span class=\"versanumer\">8<\/span><\/a>Me\u00f0fram J\u00fada landi, fr\u00e1 austri til vesturs, skal landi\u00f0, er \u00fe\u00e9r f\u00e6ri\u00f0 a\u00f0 f\u00f3rnargj\u00f6f, sem \u00fe\u00e9r skulu\u00f0 l\u00e1ta af hendi, liggja, 25.000 \u00e1lnir \u00e1 breidd og jafnt a\u00f0 lengd hlutum \u00e6ttkv\u00edslanna, fr\u00e1 austri til vesturs, og helgid\u00f3murinn skal vera \u00ed \u00fev\u00ed mi\u00f0ju.<a name=\"9\"><span class=\"versanumer\">9<\/span><\/a>En landi\u00f0, er \u00fe\u00e9r skulu\u00f0 helga Drottni, er 25.000 \u00e1lnir \u00e1 lengd og 20.000 \u00e1lnir \u00e1 breidd.<a name=\"10\"><span class=\"versanumer\">10<\/span><\/a>Og \u00feeim, sem n\u00fa skal greina, skal hin heilaga f\u00f3rnargj\u00f6f tilheyra: prestunum landspilda 25.000 \u00e1lna a\u00f0 nor\u00f0anver\u00f0u, 10.000 \u00e1lna a\u00f0 vestanver\u00f0u, 10.000 \u00e1lna a\u00f0 austanver\u00f0u og 25.000 \u00e1lna a\u00f0 sunnanver\u00f0u. Og helgid\u00f3mur Drottins skal vera \u00e1 henni mi\u00f0ri.<a name=\"11\"><span class=\"versanumer\">11<\/span><\/a>V\u00edg\u00f0u prestunum, ni\u00f0jum Sad\u00f3ks, \u00feeim er g\u00e6tt hafa \u00fej\u00f3nustu minnar, sem eigi gengu aflei\u00f0is, \u00fe\u00e1 er a\u00f0rir \u00cdsraelsmenn gengu aflei\u00f0is, svo sem og lev\u00edtarnir hafa gengi\u00f0 aflei\u00f0is,<a name=\"12\"><span class=\"versanumer\">12<\/span><\/a>\u00feeim skal \u00fea\u00f0 tilheyra sem hluti af f\u00f3rnargj\u00f6f landsins, sem h\u00e1heilagt land, vi\u00f0 hli\u00f0ina \u00e1 landi lev\u00edtanna,<a name=\"13\"><span class=\"versanumer\">13<\/span><\/a>en lev\u00edtunum skal tilheyra jafn st\u00f3rt land og prestanna: 25.000 \u00e1lnir \u00e1 lengd og 10.000 \u00e1lnir \u00e1 breidd, alls 25.000 \u00e1lnir \u00e1 lengd og 20.000 \u00e1lnir \u00e1 breidd.<a name=\"14\"><span class=\"versanumer\">14<\/span><\/a>Af \u00fev\u00ed mega \u00feeir ekkert selja og ekki farga neinu af \u00fev\u00ed \u00ed skiptum, n\u00e9 heldur m\u00e1 \u00feessi \u00e1g\u00e6tasti hluti landsins ganga yfir \u00ed annarra eigu, \u00fev\u00ed a\u00f0 hann er helga\u00f0ur Drottni.<a name=\"15\"><span class=\"versanumer\">15<\/span><\/a>En \u00fe\u00e6r 5.000 \u00e1lnir, sem eftir eru af breiddinni me\u00f0fram 25.000 \u00e1lnunum, eru \u00f3heilagt land handa borginni til \u00e1b\u00fa\u00f0ar og beitilands, en borgin skal standa \u00ed \u00feeim reit mi\u00f0jum.<a name=\"16\"><span class=\"versanumer\">16<\/span><\/a>Og \u00feetta er m\u00e1l hennar: Nor\u00f0urhli\u00f0in 4.500 \u00e1lnir og su\u00f0urhli\u00f0in 4.500 \u00e1lnir og austurhli\u00f0in 4.500 \u00e1lnir og vesturhli\u00f0in 4.500 \u00e1lnir.<a name=\"17\"><span class=\"versanumer\">17<\/span><\/a>Og \u00fatj\u00f6r\u00f0 borgarinnar skal vera 250 \u00e1lnir til nor\u00f0urs, 250 til su\u00f0urs, 250 til austurs og 250 til vesturs.<a name=\"18\"><span class=\"versanumer\">18<\/span><\/a>Og \u00fea\u00f0 sem eftir er af lengdinni me\u00f0fram hinni helgu f\u00f3rnargj\u00f6f, 10.000 \u00e1lnir til austurs og 10.000 \u00e1lnir til vesturs, afur\u00f0ir \u00feess skulu vera \u00edb\u00faum borgarinnar til f\u00e6\u00f0slu.<a name=\"19\"><span class=\"versanumer\">19<\/span><\/a>Og hva\u00f0 \u00edb\u00faa borgarinnar snertir, \u00fe\u00e1 skulu byggja hana menn af \u00f6llum \u00e6ttkv\u00edslum \u00cdsraels.<a name=\"20\"><span class=\"versanumer\">20<\/span><\/a>Alls skulu\u00f0 \u00fe\u00e9r l\u00e1ta af hendi sem f\u00f3rnargj\u00f6f 25.000 \u00e1lnir \u00ed ferhyrning: hina heil\u00f6gu f\u00f3rnargj\u00f6f \u00e1samt landeign borgarinnar.<a name=\"21\"><span class=\"versanumer\">21<\/span><\/a>\u00dea\u00f0, sem eftir er, skal tilheyra landsh\u00f6f\u00f0ingjanum, beggja vegna vi\u00f0 hina heil\u00f6gu f\u00f3rnargj\u00f6f og landeign borgarinnar, austur \u00e1 b\u00f3ginn me\u00f0fram 25.000 \u00e1lnunum a\u00f0 austurtakm\u00f6rkunum og vestur \u00e1 b\u00f3ginn me\u00f0fram 25.000 \u00e1lnunum a\u00f0 vesturtakm\u00f6rkunum, samsvarandi hlutum \u00e6ttkv\u00edslanna. \u00dea\u00f0 tilheyrir landsh\u00f6f\u00f0ingjanum, og hin heilaga f\u00f3rnargj\u00f6f og helgid\u00f3mur musterisins skal vera \u00ed \u00fev\u00ed mi\u00f0ju.<a name=\"22\"><span class=\"versanumer\">22<\/span><\/a>Og eignarland lev\u00edtanna og eignarland borgarinnar skal liggja mitt inni \u00ed \u00fev\u00ed, sem landsh\u00f6f\u00f0ingjanum tilheyrir. Milli J\u00fada lands og Benjam\u00edns lands skal \u00fea\u00f0 land liggja, er landsh\u00f6f\u00f0ingjanum tilheyrir.<a name=\"23\"><span class=\"versanumer\">23<\/span><\/a>En hinar \u00e6ttkv\u00edslirnar eru, fr\u00e1 austri til vesturs: Benjam\u00edn, einn landshluti.<a name=\"24\"><span class=\"versanumer\">24<\/span><\/a>Og me\u00f0fram Benjam\u00ednslandi, fr\u00e1 austri til vesturs: S\u00edmeon, einn landshluti.<a name=\"25\"><span class=\"versanumer\">25<\/span><\/a>Og me\u00f0fram S\u00edmeons landi, fr\u00e1 austri til vesturs: \u00cdssakar, einn landshluti.<a name=\"26\"><span class=\"versanumer\">26<\/span><\/a>Og me\u00f0fram \u00cdssakars landi, fr\u00e1 austri til vesturs: Seb\u00falon, einn landshluti.<a name=\"27\"><span class=\"versanumer\">27<\/span><\/a>Og me\u00f0fram Seb\u00falons landi, fr\u00e1 austri til vesturs: Ga\u00f0, einn landshluti.<a name=\"28\"><span class=\"versanumer\">28<\/span><\/a>En me\u00f0fram Ga\u00f0s landi, a\u00f0 sunnanver\u00f0u, gegnt h\u00e1degissta\u00f0, skulu takm\u00f6rkin liggja fr\u00e1 Tamar yfir Mer\u00edba-v\u00f6tn vi\u00f0 Kades til Egyptalands\u00e1r og \u00fea\u00f0an til hafsins mikla.<a name=\"29\"><span class=\"versanumer\">29<\/span><\/a>\u00deetta er landi\u00f0, sem \u00fe\u00e9r skulu\u00f0 \u00fathluta \u00e6ttkv\u00edslum \u00cdsraels til arfleif\u00f0ar, og \u00feetta eru hlutir \u00feeirra _ segir Drottinn Gu\u00f0.<a name=\"30\"><span class=\"versanumer\">30<\/span><\/a>Og \u00feessi eru \u00fatg\u00f6nguhli\u00f0 borgarinnar, og eru hli\u00f0 borgarinnar nefnd eftir \u00e6ttkv\u00edslum \u00cdsraels: \u00c1 nor\u00f0urhli\u00f0inni, sem er 4.500 \u00e1lnir a\u00f0 m\u00e1li,<a name=\"31\"><span class=\"versanumer\">31<\/span><\/a>eru \u00ferj\u00fa hli\u00f0: R\u00fabenshli\u00f0 eitt, J\u00fadahli\u00f0 eitt, Lev\u00edhli\u00f0 eitt.<a name=\"32\"><span class=\"versanumer\">32<\/span><\/a>\u00c1 austurhli\u00f0inni, sem er 4.500 \u00e1lnir, eru \u00ferj\u00fa hli\u00f0: J\u00f3sefshli\u00f0 eitt, Benjam\u00ednshli\u00f0 eitt, Danshli\u00f0 eitt.<a name=\"33\"><span class=\"versanumer\">33<\/span><\/a>\u00c1 su\u00f0urhli\u00f0inni, sem er 4.500 \u00e1lnir a\u00f0 m\u00e1li, eru \u00ferj\u00fa hli\u00f0: S\u00edmeonshli\u00f0 eitt, \u00cdssakarshli\u00f0 eitt, Seb\u00falonshli\u00f0 eitt.<a name=\"34\"><span class=\"versanumer\">34<\/span><\/a>Og \u00e1 vesturhli\u00f0inni, sem er 4.500 \u00e1lnir, eru \u00ferj\u00fa hli\u00f0: Ga\u00f0shli\u00f0 eitt, Assershli\u00f0 eitt, Naftal\u00edhli\u00f0 eitt.<a name=\"35\"><span class=\"versanumer\">35<\/span><\/a>Umm\u00e1li\u00f0 er 18.000 \u00e1lnir. Og borgin mun upp fr\u00e1 \u00fev\u00ed heita: Drottinn er h\u00e9r.<\/p>\n<div class=\"footnote1981\"><b>48.8<\/b> Hlutur helgid\u00f3msins Esk 45.1-4<br \/>\n<b>48.11<\/b> Ni\u00f0jar Sad\u00f3ks Esk 40.46+<br \/>\n<b>48.13<\/b> Hlutur lev\u00edtanna Esk 45.5<br \/>\n<b>48.15<\/b> Hlutur borgarinnar Esk 45.6<br \/>\n<b>48.16<\/b> St\u00e6r\u00f0 borgarinnar sbr Opb 21.15-17<br \/>\n<b>48.21<\/b> Hlutur landsh\u00f6f\u00f0ingjans Esk 45.7-8<br \/>\n<b>48.31<\/b> Hli\u00f0 borgarinnar Opb 21.12-13<br \/>\n<b>48.35<\/b> Nafn borgarinnar Jes 1.26; Sak 8.3<\/div>\n","protected":false},"excerpt":{"rendered":"<p>1Og \u00feetta eru n\u00f6fn \u00e6ttkv\u00edslanna: Yst \u00ed nor\u00f0ri, fr\u00e1 hafinu \u00ed \u00e1ttina til Hetl\u00f3n \u00feanga\u00f0 a\u00f0, er lei\u00f0 liggur til Hamat, og \u00fea\u00f0an til Hasar En\u00f3n, _ er \u00fe\u00e1 Damaskusland fyrir nor\u00f0an, fram me\u00f0 Hamat _, og f\u00e6r hver land fr\u00e1 austri til vesturs: Dan, einn landshluti.2Og me\u00f0fram Dans landi, fr\u00e1 austri til vesturs: Asser, einn landshluti.3Og me\u00f0fram Assers landi, fr\u00e1 austri til vesturs: Naftal\u00ed, einn landshluti.4Og me\u00f0fram Naftal\u00ed landi, fr\u00e1 austri til vesturs: Manasse, einn landshluti.5Og me\u00f0fram Manasse landi, fr\u00e1 austri til vesturs: Efra\u00edm, einn landshluti.6Og me\u00f0fram Efra\u00edms landi, fr\u00e1 austri til vesturs: R\u00faben, einn landshluti.7Og me\u00f0fram R\u00fabens landi, <a href=\"https:\/\/biblian.is\/1981\/esekiel-48-kafli\/\"> [&#8230;]<\/a><\/p>\n","protected":false},"author":1,"featured_media":0,"parent":0,"menu_order":0,"comment_status":"open","ping_status":"open","template":"bibliukaflar.php","meta":{"footnotes":""},"class_list":["post-2197","page","type-page","status-publish","hentry"],"_links":{"self":[{"href":"https:\/\/biblian.is\/1981\/wp-json\/wp\/v2\/pages\/2197","targetHints":{"allow":["GET"]}}],"collection":[{"href":"https:\/\/biblian.is\/1981\/wp-json\/wp\/v2\/pages"}],"about":[{"href":"https:\/\/biblian.is\/1981\/wp-json\/wp\/v2\/types\/page"}],"author":[{"embeddable":true,"href":"https:\/\/biblian.is\/1981\/wp-json\/wp\/v2\/users\/1"}],"replies":[{"embeddable":true,"href":"https:\/\/biblian.is\/1981\/wp-json\/wp\/v2\/comments?post=2197"}],"version-history":[{"count":0,"href":"https:\/\/biblian.is\/1981\/wp-json\/wp\/v2\/pages\/2197\/revisions"}],"wp:attachment":[{"href":"https:\/\/biblian.is\/1981\/wp-json\/wp\/v2\/media?parent=2197"}],"curies":[{"name":"wp","href":"https:\/\/api.w.org\/{rel}","templated":true}]}}