{"id":2196,"date":"2017-11-18T20:20:39","date_gmt":"2017-11-18T20:20:39","guid":{"rendered":"http:\/\/biblian.is\/1981\/esekiel-47-kafli\/"},"modified":"2021-06-06T10:50:57","modified_gmt":"2021-06-06T10:50:57","slug":"esekiel-47-kafli","status":"publish","type":"page","link":"https:\/\/biblian.is\/1981\/esekiel-47-kafli\/","title":{"rendered":"Esek\u00edel 47. kafli"},"content":{"rendered":"<p><a name=\"1\"><span class=\"versanumer\">1<\/span><\/a>N\u00fa leiddi hann mig aftur a\u00f0 musterisdyrunum. \u00de\u00e1 s\u00e1 \u00e9g a\u00f0 vatn spratt upp undan \u00fer\u00f6skuldi h\u00fassins m\u00f3t austri, \u00fev\u00ed a\u00f0 framhli\u00f0 musterisins vissi til austurs. Og vatni\u00f0 rann ni\u00f0ur undan su\u00f0urhli\u00f0 musterisins, sunnanvert vi\u00f0 altari\u00f0.<a name=\"2\"><span class=\"versanumer\">2<\/span><\/a>S\u00ed\u00f0an leiddi hann mig \u00fat um nor\u00f0urhli\u00f0i\u00f0 og f\u00f3r me\u00f0 mig \u00ed kring a\u00f0 utanver\u00f0u a\u00f0 ytra hli\u00f0inu, sem sn\u00fdr \u00ed austur\u00e1tt. \u00de\u00e1 s\u00e1 \u00e9g a\u00f0 vatn vall upp undan su\u00f0urhli\u00f0inni.<a name=\"3\"><span class=\"versanumer\">3<\/span><\/a>Ma\u00f0urinn gekk n\u00fa \u00ed austur me\u00f0 m\u00e6liva\u00f0 \u00ed hendi s\u00e9r og m\u00e6ldi \u00fe\u00fasund \u00e1lnir. Og hann l\u00e9t mig va\u00f0a yfir um vatni\u00f0, og t\u00f3k \u00fea\u00f0 m\u00e9r \u00ed \u00f6kkla.<a name=\"4\"><span class=\"versanumer\">4<\/span><\/a>\u00deessu n\u00e6st m\u00e6ldi hann \u00fe\u00fasund \u00e1lnir og l\u00e9t mig va\u00f0a yfir um vatni\u00f0, t\u00f3k vatni\u00f0 m\u00e9r \u00fe\u00e1 til kn\u00e9s. \u00de\u00e1 m\u00e6ldi hann enn \u00fe\u00fasund \u00e1lnir og l\u00e9t mig va\u00f0a yfir um, t\u00f3k vatni\u00f0 m\u00e9r \u00fe\u00e1 \u00ed mj\u00f6\u00f0m.<a name=\"5\"><span class=\"versanumer\">5<\/span><\/a>\u00de\u00e1 m\u00e6ldi hann enn \u00fe\u00fasund \u00e1lnir. Var \u00fe\u00e1 vatni\u00f0 or\u00f0i\u00f0 a\u00f0 flj\u00f3ti, svo a\u00f0 \u00e9g m\u00e1tti ekki yfir \u00fea\u00f0 komast, \u00fev\u00ed a\u00f0 vatni\u00f0 var of dj\u00fapt, var or\u00f0i\u00f0 sundvatn, \u00f3v\u00e6tt flj\u00f3t.<a name=\"6\"><span class=\"versanumer\">6<\/span><\/a>Hann sag\u00f0i \u00fe\u00e1 vi\u00f0 mig: Hefir \u00fe\u00fa s\u00e9\u00f0 \u00feetta, mannsson? Og hann leiddi mig aftur upp \u00e1 flj\u00f3tsbakkann.<a name=\"7\"><span class=\"versanumer\">7<\/span><\/a>Og er \u00e9g kom \u00feanga\u00f0 aftur, s\u00e1 \u00e9g mj\u00f6g m\u00f6rg tr\u00e9 \u00e1 flj\u00f3tsb\u00f6kkunum beggja vegna.<a name=\"8\"><span class=\"versanumer\">8<\/span><\/a>\u00de\u00e1 sag\u00f0i hann vi\u00f0 mig: \u00deetta vatn rennur \u00fat \u00e1 austurh\u00e9ra\u00f0i\u00f0 og \u00fea\u00f0an ofan \u00e1 sl\u00e9ttlendi\u00f0, og \u00feegar \u00fea\u00f0 fellur \u00ed Dau\u00f0ahafi\u00f0, \u00ed salt vatni\u00f0, ver\u00f0ur vatni\u00f0 \u00ed \u00fev\u00ed heiln\u00e6mt.<a name=\"9\"><span class=\"versanumer\">9<\/span><\/a>Og allar lifandi skepnur, allt sem hr\u00e6rist, f\u00e6r n\u00fdtt fj\u00f6r alls sta\u00f0ar \u00fear sem flj\u00f3ti\u00f0 kemur, og fiskurinn mun ver\u00f0a mj\u00f6g mikill, \u00fev\u00ed a\u00f0 \u00feegar \u00feetta vatn kemur \u00feanga\u00f0, ver\u00f0ur vatni\u00f0 \u00ed \u00fev\u00ed heiln\u00e6mt, og allt lifnar vi\u00f0, \u00fear sem flj\u00f3ti\u00f0 kemur.<a name=\"10\"><span class=\"versanumer\">10<\/span><\/a>Og fiskimenn munu standa vi\u00f0 \u00fea\u00f0 fr\u00e1 En Ged\u00ed alla lei\u00f0 til En Egla\u00edm, og v\u00f6tn \u00feess munu ver\u00f0a vei\u00f0ist\u00f6\u00f0var, \u00fear sem net ver\u00f0a l\u00f6g\u00f0. Og fiskurinn \u00ed \u00fev\u00ed mun ver\u00f0a mj\u00f6g mikill, eins og \u00ed hafinu mikla.<a name=\"11\"><span class=\"versanumer\">11<\/span><\/a>En pyttirnir og s\u00edkin \u00fear hj\u00e1 munu ekki vera heiln\u00e6m, \u00feau eru \u00e6tlu\u00f0 til saltfengjar.<a name=\"12\"><span class=\"versanumer\">12<\/span><\/a>En me\u00f0fram flj\u00f3tinu, \u00e1 b\u00f6kkunum beggja vegna, munu upp renna alls konar aldintr\u00e9. Laufbl\u00f6\u00f0 \u00feeirra munu ekki visna og \u00e1vextir \u00feeirra ekki dv\u00edna. \u00c1 hverjum m\u00e1nu\u00f0i munu \u00feau bera n\u00fdja \u00e1v\u00f6xtu, af \u00fev\u00ed a\u00f0 v\u00f6tnin, sem \u00feau lifa vi\u00f0, koma fr\u00e1 helgid\u00f3minum. Og \u00e1vextir \u00feeirra munu haf\u00f0ir ver\u00f0a til matar og laufbl\u00f6\u00f0 \u00feeirra til lyfja.<a name=\"13\"><span class=\"versanumer\">13<\/span><\/a>Svo segir Drottinn Gu\u00f0: \u00deetta eru takm\u00f6rkin, og innan \u00feeirra skulu\u00f0 \u00fe\u00e9r skipta y\u00f0ur ni\u00f0ur \u00e1 landi\u00f0 eftir t\u00f3lf \u00e6ttkv\u00edslum \u00cdsraels, \u00fe\u00f3 skal J\u00f3sef f\u00e1 tvo hluti.<a name=\"14\"><span class=\"versanumer\">14<\/span><\/a>\u00de\u00e9r skulu\u00f0 f\u00e1 landi\u00f0 til eignar, einn jafnt sem annar, me\u00f0 \u00fev\u00ed a\u00f0 \u00e9g h\u00e9t eitt sinn me\u00f0 ei\u00f0i a\u00f0 gefa fe\u00f0rum y\u00f0ar \u00fea\u00f0, og \u00fev\u00ed skal land \u00feetta falla y\u00f0ur til erf\u00f0a.<a name=\"15\"><span class=\"versanumer\">15<\/span><\/a>\u00deetta skulu vera takm\u00f6rk landsins a\u00f0 nor\u00f0anver\u00f0u: Fr\u00e1 hafinu mikla \u00ed \u00e1ttina til Hetl\u00f3n, \u00feanga\u00f0 er lei\u00f0 liggur til Hamat,<a name=\"16\"><span class=\"versanumer\">16<\/span><\/a>Sedad, Ber\u00f3ta, Sibra\u00edm, sem liggur \u00e1 milli Damaskuslands og Hamatlands, til Hasar En\u00f3n, sem liggur \u00e1 landam\u00e6rum Havrans.<a name=\"17\"><span class=\"versanumer\">17<\/span><\/a>Takm\u00f6rkin skulu \u00feannig liggja fr\u00e1 hafinu til Hasar En\u00f3n, en Damaskusland liggur lengra til nor\u00f0urs. \u00deetta er nor\u00f0urhli\u00f0in.<a name=\"18\"><span class=\"versanumer\">18<\/span><\/a>Og austurhli\u00f0in: Fr\u00e1 Hasar En\u00f3n, sem liggur milli Havran og Damaskus, allt a\u00f0 eystra hafinu, er J\u00f3rdan takmarkal\u00edna milli G\u00edlea\u00f0s og \u00cdsraelslands, allt til Tamar. \u00deetta er austurhli\u00f0in.<a name=\"19\"><span class=\"versanumer\">19<\/span><\/a>Og su\u00f0urhli\u00f0in gegnt h\u00e1degissta\u00f0: Fr\u00e1 Tamar alla lei\u00f0 til Mer\u00edb\u00f3tvatna vi\u00f0 Kades, a\u00f0 Egyptalands\u00e1 og \u00fea\u00f0an til hafsins mikla. \u00deetta er su\u00f0urhli\u00f0in gegnt h\u00e1degissta\u00f0.<a name=\"20\"><span class=\"versanumer\">20<\/span><\/a>Og vesturhli\u00f0in: Hafi\u00f0 mikla r\u00e6\u00f0ur \u00fear takm\u00f6rkum allt \u00feanga\u00f0 til komi\u00f0 er \u00fear gegnt, er lei\u00f0 liggur til Hamat. \u00deetta er vesturhli\u00f0in.<a name=\"21\"><span class=\"versanumer\">21<\/span><\/a>\u00de\u00e9r skulu\u00f0 skipta \u00feessu landi me\u00f0al y\u00f0ar eftir \u00e6ttkv\u00edslum \u00cdsraels.<a name=\"22\"><span class=\"versanumer\">22<\/span><\/a>Skulu\u00f0 \u00fe\u00e9r skipta \u00fev\u00ed me\u00f0 hlutkesti til arfleif\u00f0ar me\u00f0al y\u00f0ar og \u00feeirra \u00fatlendra manna, er b\u00faa me\u00f0al y\u00f0ar og geti\u00f0 hafa sonu me\u00f0al y\u00f0ar. \u00de\u00e1 skulu\u00f0 \u00fe\u00e9r \u00e1l\u00edta innborna \u00cdsraelsmenn, me\u00f0 y\u00f0ur skulu \u00feeir varpa hlutum um arfleif\u00f0 me\u00f0al \u00e6ttkv\u00edsla \u00cdsraels.<a name=\"23\"><span class=\"versanumer\">23<\/span><\/a>\u00de\u00e9r skulu\u00f0 f\u00e1 hverjum \u00fatlendum manni arfleif\u00f0 \u00ed \u00feeirri \u00e6ttkv\u00edsl, \u00fear sem hann b\u00fdr _ segir Drottinn Gu\u00f0.<\/p>\n<div class=\"footnote1981\"><b>47.1<\/b> Vatn fr\u00e1 musterinu Jl 4.18; Sak 13.1; 14.17,18; Opb 22.1-2; 1M\u00f3s 2.10; Slm 46.5; J\u00f3h 4.14; 7.37-39; 19.34<br \/>\n<b>47.9<\/b> Heiln\u00e6mt vatn 2M\u00f3s 15.25; 2Kon 2.21<br \/>\n<b>47.12<\/b> Tr\u00e9 Jes 44.4; Jer 17.8; Slm 1.3 \u2013 \u00e1vextir m\u00e1na\u00f0arlega Opb 22.2<br \/>\n<b>47.13<\/b> Landam\u00e6rin 4M\u00f3s 34.1-12; J\u00f3s 1.1-14; D\u00f3m 20.1<br \/>\n<b>47.22<\/b> Me\u00f0 hlutkesti 4M\u00f3s 26.55; 33.54; J\u00f3s 14.2<\/div>\n","protected":false},"excerpt":{"rendered":"<p>1N\u00fa leiddi hann mig aftur a\u00f0 musterisdyrunum. \u00de\u00e1 s\u00e1 \u00e9g a\u00f0 vatn spratt upp undan \u00fer\u00f6skuldi h\u00fassins m\u00f3t austri, \u00fev\u00ed a\u00f0 framhli\u00f0 musterisins vissi til austurs. Og vatni\u00f0 rann ni\u00f0ur undan su\u00f0urhli\u00f0 musterisins, sunnanvert vi\u00f0 altari\u00f0.2S\u00ed\u00f0an leiddi hann mig \u00fat um nor\u00f0urhli\u00f0i\u00f0 og f\u00f3r me\u00f0 mig \u00ed kring a\u00f0 utanver\u00f0u a\u00f0 ytra hli\u00f0inu, sem sn\u00fdr \u00ed austur\u00e1tt. \u00de\u00e1 s\u00e1 \u00e9g a\u00f0 vatn vall upp undan su\u00f0urhli\u00f0inni.3Ma\u00f0urinn gekk n\u00fa \u00ed austur me\u00f0 m\u00e6liva\u00f0 \u00ed hendi s\u00e9r og m\u00e6ldi \u00fe\u00fasund \u00e1lnir. Og hann l\u00e9t mig va\u00f0a yfir um vatni\u00f0, og t\u00f3k \u00fea\u00f0 m\u00e9r \u00ed \u00f6kkla.4\u00deessu n\u00e6st m\u00e6ldi hann \u00fe\u00fasund \u00e1lnir og l\u00e9t <a href=\"https:\/\/biblian.is\/1981\/esekiel-47-kafli\/\"> [&#8230;]<\/a><\/p>\n","protected":false},"author":1,"featured_media":0,"parent":0,"menu_order":0,"comment_status":"open","ping_status":"open","template":"bibliukaflar.php","meta":{"footnotes":""},"class_list":["post-2196","page","type-page","status-publish","hentry"],"_links":{"self":[{"href":"https:\/\/biblian.is\/1981\/wp-json\/wp\/v2\/pages\/2196","targetHints":{"allow":["GET"]}}],"collection":[{"href":"https:\/\/biblian.is\/1981\/wp-json\/wp\/v2\/pages"}],"about":[{"href":"https:\/\/biblian.is\/1981\/wp-json\/wp\/v2\/types\/page"}],"author":[{"embeddable":true,"href":"https:\/\/biblian.is\/1981\/wp-json\/wp\/v2\/users\/1"}],"replies":[{"embeddable":true,"href":"https:\/\/biblian.is\/1981\/wp-json\/wp\/v2\/comments?post=2196"}],"version-history":[{"count":0,"href":"https:\/\/biblian.is\/1981\/wp-json\/wp\/v2\/pages\/2196\/revisions"}],"wp:attachment":[{"href":"https:\/\/biblian.is\/1981\/wp-json\/wp\/v2\/media?parent=2196"}],"curies":[{"name":"wp","href":"https:\/\/api.w.org\/{rel}","templated":true}]}}